{"id":9230,"date":"2025-01-28T21:12:15","date_gmt":"2025-01-28T18:12:15","guid":{"rendered":"https:\/\/estenbulhealth.com\/?page_id=9230"},"modified":"2025-01-28T21:18:50","modified_gmt":"2025-01-28T18:18:50","slug":"tesekkurler","status":"publish","type":"page","link":"https:\/\/estenbulhealth.com\/tr\/tesekkurler\/","title":{"rendered":"Te\u015fekk\u00fcrler!"},"content":{"rendered":"\t\t<div data-elementor-type=\"wp-page\" data-elementor-id=\"9230\" class=\"elementor elementor-9230\">\n\t\t\t\t\t\t<section class=\"wd-negative-gap elementor-section elementor-top-section elementor-element elementor-element-59322eb4 elementor-section-boxed elementor-section-height-default elementor-section-height-default\" data-id=\"59322eb4\" data-element_type=\"section\" data-e-type=\"section\">\n\t\t\t\t\t\t<div class=\"elementor-container elementor-column-gap-default\">\n\t\t\t\t\t<div class=\"elementor-column elementor-col-100 elementor-top-column elementor-element elementor-element-ef8dbb9\" data-id=\"ef8dbb9\" data-element_type=\"column\" data-e-type=\"column\">\n\t\t\t<div class=\"elementor-widget-wrap elementor-element-populated\">\n\t\t\t\t\t\t<div class=\"elementor-element elementor-element-4c59ea5d color-scheme-inherit text-left elementor-widget elementor-widget-text-editor\" data-id=\"4c59ea5d\" data-element_type=\"widget\" data-e-type=\"widget\" data-widget_type=\"text-editor.default\">\n\t\t\t\t\t\t\t\t\t<h2 style=\"text-align: center;\">Te\u015fekk\u00fcrler!<\/h2><h2 style=\"text-align: center;\"><br \/>Formunuz bize ula\u015ft\u0131. En k\u0131sa s\u00fcrede whatsapp, arama veya mail ile d\u00f6n\u00fc\u015f sa\u011flayaca\u011f\u0131z.<\/h2><h2 style=\"text-align: center;\"><br \/>\u0130lginiz i\u00e7in te\u015fekk\u00fcr ederiz.<\/h2>\t\t\t\t\t\t\t\t<\/div>\n\t\t\t\t\t<\/div>\n\t\t<\/div>\n\t\t\t\t\t<\/div>\n\t\t<\/section>\n\t\t\t\t<section class=\"wd-negative-gap elementor-section elementor-top-section elementor-element elementor-element-ee1af23 elementor-section-boxed elementor-section-height-default elementor-section-height-default\" data-id=\"ee1af23\" data-element_type=\"section\" data-e-type=\"section\">\n\t\t\t\t\t\t<div class=\"elementor-container elementor-column-gap-default\">\n\t\t\t\t\t<div class=\"elementor-column elementor-col-50 elementor-top-column elementor-element elementor-element-d4b3716\" data-id=\"d4b3716\" data-element_type=\"column\" data-e-type=\"column\">\n\t\t\t<div class=\"elementor-widget-wrap elementor-element-populated\">\n\t\t\t\t\t\t<div class=\"elementor-element elementor-element-777eb34 elementor-widget elementor-widget-image\" data-id=\"777eb34\" data-element_type=\"widget\" data-e-type=\"widget\" data-widget_type=\"image.default\">\n\t\t\t\t\t\t\t\t\t\t\t\t\t\t\t\t<a href=\"https:\/\/web.whatsapp.com\/send?phone=905423341865&#038;text=Merhaba,%20Sa%C3%A7%20Ekimi%20ile%20ilgili%20bilgi%20almak%20istiyorum.\" target=\"_blank\" rel=\"noopener\">\n\t\t\t\t\t\t\t<img loading=\"lazy\" decoding=\"async\" width=\"150\" height=\"150\" src=\"https:\/\/estenbulhealth.com\/wp-content\/uploads\/2021\/07\/whatsapp-icon-150x150.png\" class=\"attachment-thumbnail size-thumbnail wp-image-15126\" alt=\"Whatsapp Icon\" srcset=\"https:\/\/estenbulhealth.com\/wp-content\/uploads\/2021\/07\/whatsapp-icon-150x150.png 150w, https:\/\/estenbulhealth.com\/wp-content\/uploads\/2021\/07\/whatsapp-icon-300x300.png 300w, https:\/\/estenbulhealth.com\/wp-content\/uploads\/2021\/07\/whatsapp-icon-66x66.png 66w, https:\/\/estenbulhealth.com\/wp-content\/uploads\/2021\/07\/whatsapp-icon-200x200.png 200w, https:\/\/estenbulhealth.com\/wp-content\/uploads\/2021\/07\/whatsapp-icon-400x400.png 400w, https:\/\/estenbulhealth.com\/wp-content\/uploads\/2021\/07\/whatsapp-icon.png 512w\" sizes=\"auto, (max-width: 150px) 100vw, 150px\" title=\"\">\t\t\t\t\t\t\t\t<\/a>\n\t\t\t\t\t\t\t\t\t\t\t\t\t\t\t<\/div>\n\t\t\t\t\t<\/div>\n\t\t<\/div>\n\t\t\t\t<div class=\"elementor-column elementor-col-50 elementor-top-column elementor-element elementor-element-059d4a7\" data-id=\"059d4a7\" data-element_type=\"column\" data-e-type=\"column\">\n\t\t\t<div class=\"elementor-widget-wrap elementor-element-populated\">\n\t\t\t\t\t\t<div class=\"elementor-element elementor-element-4275825 color-scheme-inherit text-left elementor-widget elementor-widget-text-editor\" data-id=\"4275825\" data-element_type=\"widget\" data-e-type=\"widget\" data-widget_type=\"text-editor.default\">\n\t\t\t\t\t\t\t\t\t<p><strong>Daha h\u0131zl\u0131 ileti\u015fim kurmak i\u00e7in hemen yandaki\u00a0 whatsapp resmine t\u0131klayarak whatsapp \u00fczerinden bizimle ileti\u015fime ge\u00e7ebilirsiniz.<\/strong><\/p>\t\t\t\t\t\t\t\t<\/div>\n\t\t\t\t\t<\/div>\n\t\t<\/div>\n\t\t\t\t\t<\/div>\n\t\t<\/section>\n\t\t\t\t<\/div>\n\t\t","protected":false},"excerpt":{"rendered":"<p>Te\u015fekk\u00fcrler! Formunuz bize ula\u015ft\u0131. En k\u0131sa s\u00fcrede whatsapp, arama veya mail ile d\u00f6n\u00fc\u015f sa\u011flayaca\u011f\u0131z. \u0130lginiz i\u00e7in te\u015fekk\u00fcr ederiz. Daha h\u0131zl\u0131<\/p>\n","protected":false},"author":24,"featured_media":0,"parent":0,"menu_order":0,"comment_status":"closed","ping_status":"closed","template":"","meta":{"content-type":"","footnotes":""},"class_list":["post-9230","page","type-page","status-publish","hentry"],"_links":{"self":[{"href":"https:\/\/estenbulhealth.com\/tr\/wp-json\/wp\/v2\/pages\/9230","targetHints":{"allow":["GET"]}}],"collection":[{"href":"https:\/\/estenbulhealth.com\/tr\/wp-json\/wp\/v2\/pages"}],"about":[{"href":"https:\/\/estenbulhealth.com\/tr\/wp-json\/wp\/v2\/types\/page"}],"author":[{"embeddable":true,"href":"https:\/\/estenbulhealth.com\/tr\/wp-json\/wp\/v2\/users\/24"}],"replies":[{"embeddable":true,"href":"https:\/\/estenbulhealth.com\/tr\/wp-json\/wp\/v2\/comments?post=9230"}],"version-history":[{"count":1,"href":"https:\/\/estenbulhealth.com\/tr\/wp-json\/wp\/v2\/pages\/9230\/revisions"}],"predecessor-version":[{"id":42192,"href":"https:\/\/estenbulhealth.com\/tr\/wp-json\/wp\/v2\/pages\/9230\/revisions\/42192"}],"wp:attachment":[{"href":"https:\/\/estenbulhealth.com\/tr\/wp-json\/wp\/v2\/media?parent=9230"}],"curies":[{"name":"wp","href":"https:\/\/api.w.org\/{rel}","templated":true}]}}