{"id":13546,"date":"2025-01-28T21:11:17","date_gmt":"2025-01-28T18:11:17","guid":{"rendered":"https:\/\/estenbulhealth.com\/implant-tedavisi\/"},"modified":"2025-01-28T21:18:20","modified_gmt":"2025-01-28T18:18:20","slug":"implant-tedavisi","status":"publish","type":"page","link":"https:\/\/estenbulhealth.com\/tr\/implant-tedavisi\/","title":{"rendered":"\u0130mplant Tedavisi"},"content":{"rendered":"\t\t<div data-elementor-type=\"wp-page\" data-elementor-id=\"13546\" class=\"elementor elementor-13546\">\n\t\t\t\t\t\t<section class=\"wd-negative-gap elementor-section elementor-top-section elementor-element elementor-element-36c2e56e elementor-section-boxed elementor-section-height-default elementor-section-height-default\" data-id=\"36c2e56e\" data-element_type=\"section\" data-e-type=\"section\">\n\t\t\t\t\t\t<div class=\"elementor-container elementor-column-gap-default\">\n\t\t\t\t\t<div class=\"elementor-column elementor-col-100 elementor-top-column elementor-element elementor-element-52d9e6a8\" data-id=\"52d9e6a8\" data-element_type=\"column\" data-e-type=\"column\">\n\t\t\t<div class=\"elementor-widget-wrap elementor-element-populated\">\n\t\t\t\t\t\t<div class=\"elementor-element elementor-element-5a304024 elementor-widget-divider--view-line_icon elementor-view-default elementor-widget-divider--element-align-center elementor-widget elementor-widget-divider\" data-id=\"5a304024\" data-element_type=\"widget\" data-e-type=\"widget\" data-widget_type=\"divider.default\">\n\t\t\t\t\t\t\t<div class=\"elementor-divider\">\n\t\t\t<span class=\"elementor-divider-separator\">\n\t\t\t\t\t\t\t<div class=\"elementor-icon elementor-divider__element\">\n\t\t\t\t\t<svg aria-hidden=\"true\" class=\"e-font-icon-svg e-fas-teeth\" viewBox=\"0 0 640 512\" xmlns=\"http:\/\/www.w3.org\/2000\/svg\"><path d=\"M544 0H96C42.98 0 0 42.98 0 96v320c0 53.02 42.98 96 96 96h448c53.02 0 96-42.98 96-96V96c0-53.02-42.98-96-96-96zM160 368c0 26.51-21.49 48-48 48s-48-21.49-48-48v-64c0-8.84 7.16-16 16-16h64c8.84 0 16 7.16 16 16v64zm0-128c0 8.84-7.16 16-16 16H80c-8.84 0-16-7.16-16-16v-64c0-26.51 21.49-48 48-48s48 21.49 48 48v64zm144 120c0 30.93-25.07 56-56 56s-56-25.07-56-56v-56c0-8.84 7.16-16 16-16h80c8.84 0 16 7.16 16 16v56zm0-120c0 8.84-7.16 16-16 16h-80c-8.84 0-16-7.16-16-16v-88c0-30.93 25.07-56 56-56s56 25.07 56 56v88zm144 120c0 30.93-25.07 56-56 56s-56-25.07-56-56v-56c0-8.84 7.16-16 16-16h80c8.84 0 16 7.16 16 16v56zm0-120c0 8.84-7.16 16-16 16h-80c-8.84 0-16-7.16-16-16v-88c0-30.93 25.07-56 56-56s56 25.07 56 56v88zm128 128c0 26.51-21.49 48-48 48s-48-21.49-48-48v-64c0-8.84 7.16-16 16-16h64c8.84 0 16 7.16 16 16v64zm0-128c0 8.84-7.16 16-16 16h-64c-8.84 0-16-7.16-16-16v-64c0-26.51 21.49-48 48-48s48 21.49 48 48v64z\"><\/path><\/svg><\/div>\n\t\t\t\t\t\t<\/span>\n\t\t<\/div>\n\t\t\t\t\t\t<\/div>\n\t\t\t\t\t<\/div>\n\t\t<\/div>\n\t\t\t\t\t<\/div>\n\t\t<\/section>\n\t\t\t\t<section class=\"wd-negative-gap elementor-section elementor-top-section elementor-element elementor-element-3c460485 elementor-section-boxed elementor-section-height-default elementor-section-height-default\" data-id=\"3c460485\" data-element_type=\"section\" data-e-type=\"section\">\n\t\t\t\t\t\t<div class=\"elementor-container elementor-column-gap-default\">\n\t\t\t\t\t<div class=\"elementor-column elementor-col-100 elementor-top-column elementor-element elementor-element-771ca4b1\" data-id=\"771ca4b1\" data-element_type=\"column\" data-e-type=\"column\">\n\t\t\t<div class=\"elementor-widget-wrap elementor-element-populated\">\n\t\t\t\t\t\t<div class=\"elementor-element elementor-element-1206e7d color-scheme-inherit text-left elementor-widget elementor-widget-text-editor\" data-id=\"1206e7d\" data-element_type=\"widget\" data-e-type=\"widget\" data-widget_type=\"text-editor.default\">\n\t\t\t\t\t\t\t\t\t<h3>\u0130mplant Nedir?<\/h3>\n<p>\u0130mplant \u00e7e\u015fitli nedenlerle ya\u015fanm\u0131\u015f olan di\u015f kay\u0131plar\u0131nda, eksik di\u015fin bulundu\u011fu noktada, \u00fczerine protez di\u015f yap\u0131lmas\u0131 i\u00e7in \u00e7ene kemi\u011fine yerle\u015ftirilen yapay di\u015f k\u00f6k\u00fcd\u00fcr. \u0130nsan sa\u011fl\u0131\u011f\u0131na t\u00fcm\u00fcyle uygun bir malzeme olan titanyumdan yap\u0131lan bu yapay di\u015f k\u00f6k\u00fc, \u00f6zellikle tek di\u015f kay\u0131plar\u0131nda kom\u015fu sa\u011flam di\u015flere dokunulmadan eksik di\u015fi tamamlama imkan\u0131 vermektedir. \u00c7oklu di\u015f kay\u0131plar\u0131nda ise implant sayesinde hareketli protezler yerine sabit protezler kullan\u0131labilmekte, b\u00f6ylece olduk\u00e7a konforlu ve estetik, do\u011fal g\u00f6r\u00fcnen ve her \u015feyden \u00f6nemlisi kendi di\u015fleri kadar uzun \u00f6m\u00fcrl\u00fc ve sa\u011flam di\u015flere kavu\u015fmaktad\u0131r.<\/p>\n<h3>\u0130mplant Nas\u0131l Uygulan\u0131r?<\/p>\n<\/h3>\n<p>\u0130mplant tedavisini lokal anestezi alt\u0131nda, ilgili b\u00f6lgeyi tamamen uyu\u015fturarak ger\u00e7ekle\u015ftiriyoruz. Bu sayede hi\u00e7 ac\u0131 hissetmiyorsunuz. Uygulama sonras\u0131nda hafif bir a\u011fr\u0131 ve \u015fi\u015flik meydana geliyor. Ancak doktorlar\u0131m\u0131z taraf\u0131ndan \u00f6nerilen a\u011fr\u0131 kesiciler ve ilk 24 saat yapaca\u011f\u0131n\u0131z so\u011fuk tampon uygulamas\u0131 sayesinde bu s\u00fcreci konforlu bir \u015fekilde ge\u00e7iriyorsunuz. Yap\u0131lan implant\u0131n kemikle tam olarak b\u00fct\u00fcnle\u015fmesi 2 ila 4 ay s\u00fcr\u00fcyor. Bu ilk ba\u015fta kula\u011fa uzun bir s\u00fcre gibi gelebilir. Ancak bu y\u00f6ntem sonucunda olduk\u00e7a estetik, do\u011fal, uzun \u00f6m\u00fcrl\u00fc ve sa\u011fl\u0131kl\u0131 sonu\u00e7lar elde ediyoruz. \u0130mplant uygulamas\u0131 \u00f6ncesinde re\u00e7ete edilen ila\u00e7lar\u0131 eksiksiz alman\u0131z, sonras\u0131nda ise antiseptik gargaralar\u0131 kullanarak a\u011f\u0131z bak\u0131m\u0131n\u0131za dikkat etmeniz, sa\u011fl\u0131kl\u0131 sonu\u00e7lar alman\u0131z a\u00e7\u0131s\u0131ndan b\u00fcy\u00fck \u00f6nem ta\u015f\u0131yor. \u0130mplantlar\u0131n \u00e7ene kemi\u011fiyle b\u00fct\u00fcnle\u015fmesinin ard\u0131ndan \u00fczerine porselen kaplamalar\u0131n\u0131 yaparak tedaviyi tamaml\u0131yoruz.<\/p>\n\t\t\t\t\t\t\t\t<\/div>\n\t\t\t\t\t<\/div>\n\t\t<\/div>\n\t\t\t\t\t<\/div>\n\t\t<\/section>\n\t\t\t\t<section class=\"wd-negative-gap elementor-section elementor-top-section elementor-element elementor-element-1697404 elementor-section-boxed elementor-section-height-default elementor-section-height-default\" data-id=\"1697404\" data-element_type=\"section\" data-e-type=\"section\">\n\t\t\t\t\t\t<div class=\"elementor-container elementor-column-gap-default\">\n\t\t\t\t\t<div class=\"elementor-column elementor-col-100 elementor-top-column elementor-element elementor-element-b8daf0e\" data-id=\"b8daf0e\" data-element_type=\"column\" data-e-type=\"column\">\n\t\t\t<div class=\"elementor-widget-wrap elementor-element-populated\">\n\t\t\t\t\t\t<div class=\"elementor-element elementor-element-7f36272 elementor-widget-divider--view-line_icon elementor-view-default elementor-widget-divider--element-align-center elementor-widget elementor-widget-divider\" data-id=\"7f36272\" data-element_type=\"widget\" data-e-type=\"widget\" data-widget_type=\"divider.default\">\n\t\t\t\t\t\t\t<div class=\"elementor-divider\">\n\t\t\t<span class=\"elementor-divider-separator\">\n\t\t\t\t\t\t\t<div class=\"elementor-icon elementor-divider__element\">\n\t\t\t\t\t<svg aria-hidden=\"true\" class=\"e-font-icon-svg e-fas-teeth\" viewBox=\"0 0 640 512\" xmlns=\"http:\/\/www.w3.org\/2000\/svg\"><path d=\"M544 0H96C42.98 0 0 42.98 0 96v320c0 53.02 42.98 96 96 96h448c53.02 0 96-42.98 96-96V96c0-53.02-42.98-96-96-96zM160 368c0 26.51-21.49 48-48 48s-48-21.49-48-48v-64c0-8.84 7.16-16 16-16h64c8.84 0 16 7.16 16 16v64zm0-128c0 8.84-7.16 16-16 16H80c-8.84 0-16-7.16-16-16v-64c0-26.51 21.49-48 48-48s48 21.49 48 48v64zm144 120c0 30.93-25.07 56-56 56s-56-25.07-56-56v-56c0-8.84 7.16-16 16-16h80c8.84 0 16 7.16 16 16v56zm0-120c0 8.84-7.16 16-16 16h-80c-8.84 0-16-7.16-16-16v-88c0-30.93 25.07-56 56-56s56 25.07 56 56v88zm144 120c0 30.93-25.07 56-56 56s-56-25.07-56-56v-56c0-8.84 7.16-16 16-16h80c8.84 0 16 7.16 16 16v56zm0-120c0 8.84-7.16 16-16 16h-80c-8.84 0-16-7.16-16-16v-88c0-30.93 25.07-56 56-56s56 25.07 56 56v88zm128 128c0 26.51-21.49 48-48 48s-48-21.49-48-48v-64c0-8.84 7.16-16 16-16h64c8.84 0 16 7.16 16 16v64zm0-128c0 8.84-7.16 16-16 16h-64c-8.84 0-16-7.16-16-16v-64c0-26.51 21.49-48 48-48s48 21.49 48 48v64z\"><\/path><\/svg><\/div>\n\t\t\t\t\t\t<\/span>\n\t\t<\/div>\n\t\t\t\t\t\t<\/div>\n\t\t\t\t\t<\/div>\n\t\t<\/div>\n\t\t\t\t\t<\/div>\n\t\t<\/section>\n\t\t\t\t<section class=\"wd-negative-gap elementor-section elementor-top-section elementor-element elementor-element-7aaa167 elementor-section-boxed elementor-section-height-default elementor-section-height-default\" data-id=\"7aaa167\" data-element_type=\"section\" data-e-type=\"section\">\n\t\t\t\t\t\t<div class=\"elementor-container elementor-column-gap-default\">\n\t\t\t\t\t<div class=\"elementor-column elementor-col-33 elementor-top-column elementor-element elementor-element-ec209e8\" data-id=\"ec209e8\" data-element_type=\"column\" data-e-type=\"column\" data-settings=\"{&quot;background_background&quot;:&quot;gradient&quot;}\">\n\t\t\t<div class=\"elementor-widget-wrap elementor-element-populated\">\n\t\t\t\t\t\t\t<\/div>\n\t\t<\/div>\n\t\t\t\t<div class=\"elementor-column elementor-col-66 elementor-top-column elementor-element elementor-element-420531a\" data-id=\"420531a\" data-element_type=\"column\" data-e-type=\"column\">\n\t\t\t<div class=\"elementor-widget-wrap elementor-element-populated\">\n\t\t\t\t\t\t<div class=\"elementor-element elementor-element-54ec02e1 elementor-widget elementor-widget-heading\" data-id=\"54ec02e1\" data-element_type=\"widget\" data-e-type=\"widget\" data-widget_type=\"heading.default\">\n\t\t\t\t\t<h2 class=\"elementor-heading-title elementor-size-default\">\u0130leti\u015fim!<\/h2>\t\t\t\t<\/div>\n\t\t\t\t<div class=\"elementor-element elementor-element-c814475 color-scheme-inherit text-left elementor-widget elementor-widget-text-editor\" data-id=\"c814475\" data-element_type=\"widget\" data-e-type=\"widget\" data-widget_type=\"text-editor.default\">\n\t\t\t\t\t\t\t\t\t<p><strong>Y\u00f6netim Ofisi:<\/strong> Cihannuma Mah. Akdo\u011fan Sok, No: 45\/2 Be\u015fikta\u015f, \u0130stanbul, T\u00fcrkiye<\/p><p><strong>Hastane:<\/strong>\u00a0Levent Mah. Yeni S\u00fcl\u00fcn Sok. No:13, 34353 Be\u015fikta\u015f\/\u0130stanbul<br \/><strong>Telefon:<\/strong> +90 (542) 334 1865<br \/><strong>Whatsapp :<\/strong> +90 (541) 304 1865<br \/><strong>Email:\u00a0<\/strong>info@estenbulhealth.com<\/p>\t\t\t\t\t\t\t\t<\/div>\n\t\t\t\t\t<\/div>\n\t\t<\/div>\n\t\t\t\t\t<\/div>\n\t\t<\/section>\n\t\t\t\t<\/div>\n\t\t","protected":false},"excerpt":{"rendered":"<p>\u0130mplant Nedir? \u0130mplant \u00e7e\u015fitli nedenlerle ya\u015fanm\u0131\u015f olan di\u015f kay\u0131plar\u0131nda, eksik di\u015fin bulundu\u011fu noktada, \u00fczerine protez di\u015f yap\u0131lmas\u0131 i\u00e7in \u00e7ene kemi\u011fine<\/p>\n","protected":false},"author":24,"featured_media":0,"parent":0,"menu_order":0,"comment_status":"closed","ping_status":"closed","template":"","meta":{"content-type":"","footnotes":""},"class_list":["post-13546","page","type-page","status-publish","hentry"],"_links":{"self":[{"href":"https:\/\/estenbulhealth.com\/tr\/wp-json\/wp\/v2\/pages\/13546","targetHints":{"allow":["GET"]}}],"collection":[{"href":"https:\/\/estenbulhealth.com\/tr\/wp-json\/wp\/v2\/pages"}],"about":[{"href":"https:\/\/estenbulhealth.com\/tr\/wp-json\/wp\/v2\/types\/page"}],"author":[{"embeddable":true,"href":"https:\/\/estenbulhealth.com\/tr\/wp-json\/wp\/v2\/users\/24"}],"replies":[{"embeddable":true,"href":"https:\/\/estenbulhealth.com\/tr\/wp-json\/wp\/v2\/comments?post=13546"}],"version-history":[{"count":1,"href":"https:\/\/estenbulhealth.com\/tr\/wp-json\/wp\/v2\/pages\/13546\/revisions"}],"predecessor-version":[{"id":42177,"href":"https:\/\/estenbulhealth.com\/tr\/wp-json\/wp\/v2\/pages\/13546\/revisions\/42177"}],"wp:attachment":[{"href":"https:\/\/estenbulhealth.com\/tr\/wp-json\/wp\/v2\/media?parent=13546"}],"curies":[{"name":"wp","href":"https:\/\/api.w.org\/{rel}","templated":true}]}}