{"id":13489,"date":"2025-01-28T21:11:58","date_gmt":"2025-01-28T18:11:58","guid":{"rendered":"https:\/\/estenbulhealth.com\/servislerimiz\/"},"modified":"2025-01-28T21:18:47","modified_gmt":"2025-01-28T18:18:47","slug":"goz-tedavileri","status":"publish","type":"page","link":"https:\/\/estenbulhealth.com\/tr\/servislerimiz\/goz-tedavileri\/","title":{"rendered":"T\u00fcrkiye&#8217;de G\u00f6z Tedavileri"},"content":{"rendered":"\t\t<div data-elementor-type=\"wp-page\" data-elementor-id=\"13489\" class=\"elementor elementor-13489\">\n\t\t\t\t\t\t<section class=\"wd-negative-gap elementor-section elementor-top-section elementor-element elementor-element-da87c2c elementor-section-boxed elementor-section-height-default elementor-section-height-default\" data-id=\"da87c2c\" data-element_type=\"section\" data-e-type=\"section\">\n\t\t\t\t\t\t<div class=\"elementor-container elementor-column-gap-default\">\n\t\t\t\t\t<div class=\"elementor-column elementor-col-100 elementor-top-column elementor-element elementor-element-b6bff1a\" data-id=\"b6bff1a\" data-element_type=\"column\" data-e-type=\"column\">\n\t\t\t<div class=\"elementor-widget-wrap elementor-element-populated\">\n\t\t\t\t\t\t<div class=\"elementor-element elementor-element-0e62278 wd-width-100 elementor-widget elementor-widget-wd_title\" data-id=\"0e62278\" data-element_type=\"widget\" data-e-type=\"widget\" data-widget_type=\"wd_title.default\">\n\t\t\t\t<div class=\"elementor-widget-container\">\n\t\t\t\t\t\t\t<div class=\"title-wrapper wd-set-mb reset-last-child wd-title-color-default wd-title-style-default wd-title-size-default text-left\">\n\n\t\t\t\n\t\t\t<div class=\"liner-continer\">\n\t\t\t\t<h4 class=\"woodmart-title-container title wd-fontsize-l\">T\u00fcrkiye'de G\u00f6z Tedavileri Nelerdir?<\/h4> \n\t\t\t\t\t\t\t<\/div>\n\n\t\t\t\t\t\t\t<div class=\"title-after_title reset-last-child wd-fontsize-xs\">\n\t\t\t\t\t<p>Sa\u011fl\u0131k hizmetlerinde \u00f6n s\u0131ralarda olan T\u00fcrkiye, g\u00f6z tedavilerinde de ba\u015far\u0131l\u0131 operasyonlara imza atm\u0131\u015ft\u0131r. G\u00f6rme bozuklu\u011fu ya\u015fayan ki\u015filerin en \u00e7ok ara\u015ft\u0131rma yapt\u0131\u011f\u0131 konudur G\u00f6z Tedavileri. G\u00f6z tedavilerinde en yeni teknolojileri kullan\u0131yor, hastalar\u0131m\u0131za en iyi hizmeti veriyoruz. Sizinde g\u00f6z\u00fcn\u00fcz de g\u00f6rme bozuklu\u011fu vs. varsa hemen bizimle ileti\u015fime ge\u00e7ebilirsiniz.<\/p>\t\t\t\t<\/div>\n\t\t\t\t\t<\/div>\n\t\t\t\t\t\t<\/div>\n\t\t\t\t<\/div>\n\t\t\t\t\t<\/div>\n\t\t<\/div>\n\t\t\t\t\t<\/div>\n\t\t<\/section>\n\t\t\t\t<section class=\"wd-negative-gap elementor-section elementor-top-section elementor-element elementor-element-275a6676 elementor-section-content-middle elementor-reverse-tablet elementor-reverse-mobile elementor-section-boxed elementor-section-height-default elementor-section-height-default\" data-id=\"275a6676\" data-element_type=\"section\" data-e-type=\"section\">\n\t\t\t\t\t\t<div class=\"elementor-container elementor-column-gap-default\">\n\t\t\t\t\t<div class=\"elementor-column elementor-col-40 elementor-top-column elementor-element elementor-element-2217838f wd_scroll_x_0 wd_scroll_y_-25 wd_scroll_z_0 wd-parallax-on-scroll wd_scroll_smoothness_30\" data-id=\"2217838f\" data-element_type=\"column\" data-e-type=\"column\">\n\t\t\t<div class=\"elementor-widget-wrap elementor-element-populated\">\n\t\t\t\t\t\t<div class=\"elementor-element elementor-element-2d95a582 wd-width-100 elementor-widget elementor-widget-wd_title\" data-id=\"2d95a582\" data-element_type=\"widget\" data-e-type=\"widget\" data-widget_type=\"wd_title.default\">\n\t\t\t\t<div class=\"elementor-widget-container\">\n\t\t\t\t\t\t\t<div class=\"title-wrapper wd-set-mb reset-last-child wd-title-color-default wd-title-style-default wd-title-size-large text-left\">\n\n\t\t\t\n\t\t\t<div class=\"liner-continer\">\n\t\t\t\t<h4 class=\"woodmart-title-container title wd-fontsize-xxl wd-underline-bordered\"><u><strong>Lazer<\/strong><\/u> G\u00f6z Ameliyat\u0131<\/h4> \n\t\t\t\t\t\t\t<\/div>\n\n\t\t\t\t\t<\/div>\n\t\t\t\t\t\t<\/div>\n\t\t\t\t<\/div>\n\t\t\t\t<div class=\"elementor-element elementor-element-24b7f969 elementor-widget elementor-widget-wd_text_block\" data-id=\"24b7f969\" data-element_type=\"widget\" data-e-type=\"widget\" data-widget_type=\"wd_text_block.default\">\n\t\t\t\t<div class=\"elementor-widget-container\">\n\t\t\t\t\t\t\t<div class=\"wd-text-block reset-last-child text-left\">\n\t\t\t\n\t\t\t<p>Lazer g\u00f6z ameliyat\u0131, g\u00f6rme bozukluklar\u0131n\u0131 tedavi etmek i\u00e7in bir eksimer kullan\u0131larak ger\u00e7ekle\u015ftirilir. Lazer g\u00f6z cerrahisi miyopi, hipermetropi ve astigmatizma tedavisinde d\u00fcnya \u00e7ap\u0131nda en \u00e7ok tercih edilen ve uygulanan tekniktir.<\/p>\n\t\t\t\t\t<\/div>\n\t\t\t\t\t\t<\/div>\n\t\t\t\t<\/div>\n\t\t\t\t<div class=\"elementor-element elementor-element-1acbe6fc elementor-widget__width-auto elementor-widget elementor-widget-wd_button\" data-id=\"1acbe6fc\" data-element_type=\"widget\" data-e-type=\"widget\" data-widget_type=\"wd_button.default\">\n\t\t\t\t<div class=\"elementor-widget-container\">\n\t\t\t\t\t\t\t<div class=\"wd-button-wrapper text-center\" >\n\t\t\t<a class=\"btn btn-style-default btn-shape-rectangle btn-size-default btn-color-primary btn-icon-pos-right\"  href=\"https:\/\/estenbulhealth.com\/tr\/lazer-goz-tedavisi\/\">\n\t\t\t\t<span class=\"wd-btn-text\" data-elementor-setting-key=\"text\">\n\t\t\t\t\tDetayl\u0131 Bilgi\t\t\t\t<\/span>\n\n\t\t\t\t\t\t\t<\/a>\n\t\t<\/div>\n\t\t\t\t\t\t<\/div>\n\t\t\t\t<\/div>\n\t\t\t\t\t<\/div>\n\t\t<\/div>\n\t\t\t\t<div class=\"elementor-column elementor-col-60 elementor-top-column elementor-element elementor-element-56448b7b\" data-id=\"56448b7b\" data-element_type=\"column\" data-e-type=\"column\">\n\t\t\t<div class=\"elementor-widget-wrap elementor-element-populated\">\n\t\t\t\t\t\t<section class=\"wd-negative-gap elementor-section elementor-inner-section elementor-element elementor-element-55f3613b elementor-section-boxed elementor-section-height-default elementor-section-height-default\" data-id=\"55f3613b\" data-element_type=\"section\" data-e-type=\"section\">\n\t\t\t\t\t\t<div class=\"elementor-container elementor-column-gap-default\">\n\t\t\t\t\t<div class=\"elementor-column elementor-col-50 elementor-inner-column elementor-element elementor-element-96ad27b wd-parallax-on-scroll wd_scroll_y_35 wd_scroll_smoothness_30\" data-id=\"96ad27b\" data-element_type=\"column\" data-e-type=\"column\">\n\t\t\t<div class=\"elementor-widget-wrap elementor-element-populated\">\n\t\t\t\t\t\t<div class=\"elementor-element elementor-element-4a8d6cab elementor-widget elementor-widget-wd_image_or_svg\" data-id=\"4a8d6cab\" data-element_type=\"widget\" data-e-type=\"widget\" data-widget_type=\"wd_image_or_svg.default\">\n\t\t\t\t<div class=\"elementor-widget-container\">\n\t\t\t\t\t\n\t\t<div class=\"wd-image text-center\">\n\t\t\t\t\t\t\t\t<img loading=\"lazy\" decoding=\"async\" width=\"376\" height=\"559\" src=\"https:\/\/estenbulhealth.com\/wp-content\/uploads\/2022\/10\/laser-eye-surgery-in-turkey.png\" class=\"attachment-full size-full\" alt=\"Laser Eye Surgery in Turkey\" srcset=\"https:\/\/estenbulhealth.com\/wp-content\/uploads\/2022\/10\/laser-eye-surgery-in-turkey.png 376w, https:\/\/estenbulhealth.com\/wp-content\/uploads\/2022\/10\/laser-eye-surgery-in-turkey-202x300.png 202w\" sizes=\"auto, (max-width: 376px) 100vw, 376px\" title=\"\">\t\t\t\t\t<\/div>\n\n\t\t\t\t\t\t<\/div>\n\t\t\t\t<\/div>\n\t\t\t\t\t<\/div>\n\t\t<\/div>\n\t\t\t\t<div class=\"elementor-column elementor-col-50 elementor-top-column elementor-element elementor-element-30dd28bb elementor-hidden-phone wd-parallax-on-scroll wd_scroll_y_25 wd_scroll_smoothness_30\" data-id=\"30dd28bb\" data-element_type=\"column\" data-e-type=\"column\">\n\t\t\t<div class=\"elementor-widget-wrap elementor-element-populated\">\n\t\t\t\t\t\t<div class=\"elementor-element elementor-element-6a134695 elementor-widget elementor-widget-wd_image_or_svg\" data-id=\"6a134695\" data-element_type=\"widget\" data-e-type=\"widget\" data-widget_type=\"wd_image_or_svg.default\">\n\t\t\t\t<div class=\"elementor-widget-container\">\n\t\t\t\t\t\n\t\t<div class=\"wd-image text-center\">\n\t\t\t\t\t\t\t\t<img loading=\"lazy\" decoding=\"async\" width=\"376\" height=\"559\" src=\"https:\/\/estenbulhealth.com\/wp-content\/uploads\/2022\/10\/laser-eye-surgery-cost-in-turkey.png\" class=\"attachment-full size-full\" alt=\"Laser Eye Surgery Cost in Turkey\" srcset=\"https:\/\/estenbulhealth.com\/wp-content\/uploads\/2022\/10\/laser-eye-surgery-cost-in-turkey.png 376w, https:\/\/estenbulhealth.com\/wp-content\/uploads\/2022\/10\/laser-eye-surgery-cost-in-turkey-202x300.png 202w\" sizes=\"auto, (max-width: 376px) 100vw, 376px\" title=\"\">\t\t\t\t\t<\/div>\n\n\t\t\t\t\t\t<\/div>\n\t\t\t\t<\/div>\n\t\t\t\t\t<\/div>\n\t\t<\/div>\n\t\t\t\t\t<\/div>\n\t\t<\/section>\n\t\t\t\t\t<\/div>\n\t\t<\/div>\n\t\t\t\t\t<\/div>\n\t\t<\/section>\n\t\t\t\t<section class=\"wd-negative-gap elementor-section elementor-top-section elementor-element elementor-element-1c4d08c elementor-section-content-middle elementor-reverse-tablet elementor-reverse-mobile elementor-section-boxed elementor-section-height-default elementor-section-height-default\" data-id=\"1c4d08c\" data-element_type=\"section\" data-e-type=\"section\">\n\t\t\t\t\t\t<div class=\"elementor-container elementor-column-gap-default\">\n\t\t\t\t\t<div class=\"elementor-column elementor-col-60 elementor-top-column elementor-element elementor-element-a992423\" data-id=\"a992423\" data-element_type=\"column\" data-e-type=\"column\">\n\t\t\t<div class=\"elementor-widget-wrap elementor-element-populated\">\n\t\t\t\t\t\t<section class=\"wd-negative-gap elementor-section elementor-inner-section elementor-element elementor-element-9e818e2 elementor-section-boxed elementor-section-height-default elementor-section-height-default\" data-id=\"9e818e2\" data-element_type=\"section\" data-e-type=\"section\">\n\t\t\t\t\t\t<div class=\"elementor-container elementor-column-gap-default\">\n\t\t\t\t\t<div class=\"elementor-column elementor-col-50 elementor-inner-column elementor-element elementor-element-bd600b1 wd-parallax-on-scroll wd_scroll_y_35 wd_scroll_smoothness_30\" data-id=\"bd600b1\" data-element_type=\"column\" data-e-type=\"column\">\n\t\t\t<div class=\"elementor-widget-wrap elementor-element-populated\">\n\t\t\t\t\t\t<div class=\"elementor-element elementor-element-746496a elementor-widget elementor-widget-wd_image_or_svg\" data-id=\"746496a\" data-element_type=\"widget\" data-e-type=\"widget\" data-widget_type=\"wd_image_or_svg.default\">\n\t\t\t\t<div class=\"elementor-widget-container\">\n\t\t\t\t\t\n\t\t<div class=\"wd-image text-center\">\n\t\t\t\t\t\t\t\t<img loading=\"lazy\" decoding=\"async\" width=\"376\" height=\"559\" src=\"https:\/\/estenbulhealth.com\/wp-content\/uploads\/2022\/10\/cataract-surgery-in-turkey.png\" class=\"attachment-full size-full\" alt=\"Cataract Surgery in Turkey\" srcset=\"https:\/\/estenbulhealth.com\/wp-content\/uploads\/2022\/10\/cataract-surgery-in-turkey.png 376w, https:\/\/estenbulhealth.com\/wp-content\/uploads\/2022\/10\/cataract-surgery-in-turkey-202x300.png 202w\" sizes=\"auto, (max-width: 376px) 100vw, 376px\" title=\"\">\t\t\t\t\t<\/div>\n\n\t\t\t\t\t\t<\/div>\n\t\t\t\t<\/div>\n\t\t\t\t\t<\/div>\n\t\t<\/div>\n\t\t\t\t<div class=\"elementor-column elementor-col-50 elementor-top-column elementor-element elementor-element-d7d57c3 elementor-hidden-phone wd-parallax-on-scroll wd_scroll_y_25 wd_scroll_smoothness_30\" data-id=\"d7d57c3\" data-element_type=\"column\" data-e-type=\"column\">\n\t\t\t<div class=\"elementor-widget-wrap elementor-element-populated\">\n\t\t\t\t\t\t<div class=\"elementor-element elementor-element-8318cc4 elementor-widget elementor-widget-wd_image_or_svg\" data-id=\"8318cc4\" data-element_type=\"widget\" data-e-type=\"widget\" data-widget_type=\"wd_image_or_svg.default\">\n\t\t\t\t<div class=\"elementor-widget-container\">\n\t\t\t\t\t\n\t\t<div class=\"wd-image text-center\">\n\t\t\t\t\t\t\t\t<img loading=\"lazy\" decoding=\"async\" width=\"376\" height=\"559\" src=\"https:\/\/estenbulhealth.com\/wp-content\/uploads\/2022\/10\/cataract-surgery-cost-in-turkey.png\" class=\"attachment-full size-full\" alt=\"Cataract Surgery Cost in Turkey\" srcset=\"https:\/\/estenbulhealth.com\/wp-content\/uploads\/2022\/10\/cataract-surgery-cost-in-turkey.png 376w, https:\/\/estenbulhealth.com\/wp-content\/uploads\/2022\/10\/cataract-surgery-cost-in-turkey-202x300.png 202w\" sizes=\"auto, (max-width: 376px) 100vw, 376px\" title=\"\">\t\t\t\t\t<\/div>\n\n\t\t\t\t\t\t<\/div>\n\t\t\t\t<\/div>\n\t\t\t\t\t<\/div>\n\t\t<\/div>\n\t\t\t\t\t<\/div>\n\t\t<\/section>\n\t\t\t\t\t<\/div>\n\t\t<\/div>\n\t\t\t\t<div class=\"elementor-column elementor-col-40 elementor-top-column elementor-element elementor-element-89d3152 wd_scroll_x_0 wd_scroll_y_-25 wd_scroll_z_0 wd-parallax-on-scroll wd_scroll_smoothness_30\" data-id=\"89d3152\" data-element_type=\"column\" data-e-type=\"column\">\n\t\t\t<div class=\"elementor-widget-wrap elementor-element-populated\">\n\t\t\t\t\t\t<div class=\"elementor-element elementor-element-a674766 wd-width-100 elementor-widget elementor-widget-wd_title\" data-id=\"a674766\" data-element_type=\"widget\" data-e-type=\"widget\" data-widget_type=\"wd_title.default\">\n\t\t\t\t<div class=\"elementor-widget-container\">\n\t\t\t\t\t\t\t<div class=\"title-wrapper wd-set-mb reset-last-child wd-title-color-default wd-title-style-default wd-title-size-large text-left\">\n\n\t\t\t\n\t\t\t<div class=\"liner-continer\">\n\t\t\t\t<h4 class=\"woodmart-title-container title wd-fontsize-xxl wd-underline-bordered\"><u><strong>Katarakt <\/strong><\/u> Cerrahisi<\/h4> \n\t\t\t\t\t\t\t<\/div>\n\n\t\t\t\t\t<\/div>\n\t\t\t\t\t\t<\/div>\n\t\t\t\t<\/div>\n\t\t\t\t<div class=\"elementor-element elementor-element-94a8137 elementor-widget elementor-widget-wd_text_block\" data-id=\"94a8137\" data-element_type=\"widget\" data-e-type=\"widget\" data-widget_type=\"wd_text_block.default\">\n\t\t\t\t<div class=\"elementor-widget-container\">\n\t\t\t\t\t\t\t<div class=\"wd-text-block reset-last-child text-left\">\n\t\t\t\n\t\t\t<p>G\u00f6z\u00fcn renkli k\u0131sm\u0131n\u0131n hemen arkas\u0131ndaki lens, g\u00f6ze gelen \u0131\u015f\u0131nlar\u0131 sinir tabakas\u0131na d\u00fc\u015f\u00fcrerek net g\u00f6r\u00fcnt\u00fc olu\u015fmas\u0131n\u0131 sa\u011flamaktad\u0131r. I\u015f\u0131\u011f\u0131n sinir tabakas\u0131na ula\u015fabilmesi i\u00e7in lensin berrak olmas\u0131 \u015fartt\u0131r. Saydam lens \u00e7e\u015fitli nedenlerle bulan\u0131kla\u015f\u0131rsa bu duruma katarakt ad\u0131 verilmektedir.<\/p>\n\t\t\t\t\t<\/div>\n\t\t\t\t\t\t<\/div>\n\t\t\t\t<\/div>\n\t\t\t\t<div class=\"elementor-element elementor-element-2537ae2 elementor-widget__width-auto elementor-widget elementor-widget-wd_button\" data-id=\"2537ae2\" data-element_type=\"widget\" data-e-type=\"widget\" data-widget_type=\"wd_button.default\">\n\t\t\t\t<div class=\"elementor-widget-container\">\n\t\t\t\t\t\t\t<div class=\"wd-button-wrapper text-center\" >\n\t\t\t<a class=\"btn btn-style-default btn-shape-rectangle btn-size-default btn-color-primary btn-icon-pos-right\"  href=\"https:\/\/estenbulhealth.com\/tr\/katarakt-cerrahisi\/\">\n\t\t\t\t<span class=\"wd-btn-text\" data-elementor-setting-key=\"text\">\n\t\t\t\t\tDetayl\u0131 Bilgi\t\t\t\t<\/span>\n\n\t\t\t\t\t\t\t<\/a>\n\t\t<\/div>\n\t\t\t\t\t\t<\/div>\n\t\t\t\t<\/div>\n\t\t\t\t\t<\/div>\n\t\t<\/div>\n\t\t\t\t\t<\/div>\n\t\t<\/section>\n\t\t\t\t<\/div>\n\t\t","protected":false},"excerpt":{"rendered":"<p>T\u00fcrkiye&#8217;de G\u00f6z Tedavileri Nelerdir? Sa\u011fl\u0131k hizmetlerinde \u00f6n s\u0131ralarda olan T\u00fcrkiye, g\u00f6z tedavilerinde de ba\u015far\u0131l\u0131 operasyonlara imza atm\u0131\u015ft\u0131r. G\u00f6rme bozuklu\u011fu ya\u015fayan<\/p>\n","protected":false},"author":24,"featured_media":0,"parent":13437,"menu_order":0,"comment_status":"closed","ping_status":"closed","template":"","meta":{"content-type":"","footnotes":""},"class_list":["post-13489","page","type-page","status-publish","hentry"],"_links":{"self":[{"href":"https:\/\/estenbulhealth.com\/tr\/wp-json\/wp\/v2\/pages\/13489","targetHints":{"allow":["GET"]}}],"collection":[{"href":"https:\/\/estenbulhealth.com\/tr\/wp-json\/wp\/v2\/pages"}],"about":[{"href":"https:\/\/estenbulhealth.com\/tr\/wp-json\/wp\/v2\/types\/page"}],"author":[{"embeddable":true,"href":"https:\/\/estenbulhealth.com\/tr\/wp-json\/wp\/v2\/users\/24"}],"replies":[{"embeddable":true,"href":"https:\/\/estenbulhealth.com\/tr\/wp-json\/wp\/v2\/comments?post=13489"}],"version-history":[{"count":10,"href":"https:\/\/estenbulhealth.com\/tr\/wp-json\/wp\/v2\/pages\/13489\/revisions"}],"predecessor-version":[{"id":36263,"href":"https:\/\/estenbulhealth.com\/tr\/wp-json\/wp\/v2\/pages\/13489\/revisions\/36263"}],"up":[{"embeddable":true,"href":"https:\/\/estenbulhealth.com\/tr\/wp-json\/wp\/v2\/pages\/13437"}],"wp:attachment":[{"href":"https:\/\/estenbulhealth.com\/tr\/wp-json\/wp\/v2\/media?parent=13489"}],"curies":[{"name":"wp","href":"https:\/\/api.w.org\/{rel}","templated":true}]}}