{"id":13471,"date":"2025-01-28T21:12:00","date_gmt":"2025-01-28T18:12:00","guid":{"rendered":"https:\/\/estenbulhealth.com\/sac-ekimi\/"},"modified":"2025-01-28T21:18:44","modified_gmt":"2025-01-28T18:18:44","slug":"sac-ekimi","status":"publish","type":"page","link":"https:\/\/estenbulhealth.com\/tr\/servislerimiz\/sac-ekimi\/","title":{"rendered":"Sa\u00e7 Ekimi Hizmetleri"},"content":{"rendered":"\t\t<div data-elementor-type=\"wp-page\" data-elementor-id=\"13471\" class=\"elementor elementor-13471\">\n\t\t\t\t\t\t<section class=\"wd-negative-gap elementor-section elementor-top-section elementor-element elementor-element-18ff1ce elementor-section-boxed elementor-section-height-default elementor-section-height-default\" data-id=\"18ff1ce\" data-element_type=\"section\" data-e-type=\"section\">\n\t\t\t\t\t\t<div class=\"elementor-container elementor-column-gap-default\">\n\t\t\t\t\t<div class=\"elementor-column elementor-col-33 elementor-top-column elementor-element elementor-element-d358c7a\" data-id=\"d358c7a\" data-element_type=\"column\" data-e-type=\"column\">\n\t\t\t<div class=\"elementor-widget-wrap elementor-element-populated\">\n\t\t\t\t\t\t<div class=\"elementor-element elementor-element-08c64bf elementor-position-top elementor-widget elementor-widget-image-box\" data-id=\"08c64bf\" data-element_type=\"widget\" data-e-type=\"widget\" data-widget_type=\"image-box.default\">\n\t\t\t\t\t<div class=\"elementor-image-box-wrapper\"><figure class=\"elementor-image-box-img\"><a href=\"https:\/\/estenbulhealth.com\/tr\/fue-safir-kalem-teknigi\/\" tabindex=\"-1\"><img loading=\"lazy\" decoding=\"async\" width=\"1024\" height=\"919\" src=\"https:\/\/estenbulhealth.com\/wp-content\/uploads\/2021\/05\/FUE-Sapphire-Pen-Technique-turkey-istanbul.jpg\" class=\"attachment-full size-full wp-image-11474\" alt=\"Fue Sapphire Pen Technic | Hair Transplant\" title=\"\" srcset=\"https:\/\/estenbulhealth.com\/wp-content\/uploads\/2021\/05\/FUE-Sapphire-Pen-Technique-turkey-istanbul.jpg 1024w, https:\/\/estenbulhealth.com\/wp-content\/uploads\/2021\/05\/FUE-Sapphire-Pen-Technique-turkey-istanbul-300x269.jpg 300w, https:\/\/estenbulhealth.com\/wp-content\/uploads\/2021\/05\/FUE-Sapphire-Pen-Technique-turkey-istanbul-768x689.jpg 768w, https:\/\/estenbulhealth.com\/wp-content\/uploads\/2021\/05\/FUE-Sapphire-Pen-Technique-turkey-istanbul-200x179.jpg 200w, https:\/\/estenbulhealth.com\/wp-content\/uploads\/2021\/05\/FUE-Sapphire-Pen-Technique-turkey-istanbul-400x359.jpg 400w, https:\/\/estenbulhealth.com\/wp-content\/uploads\/2021\/05\/FUE-Sapphire-Pen-Technique-turkey-istanbul-600x538.jpg 600w, https:\/\/estenbulhealth.com\/wp-content\/uploads\/2021\/05\/FUE-Sapphire-Pen-Technique-turkey-istanbul-800x718.jpg 800w\" sizes=\"auto, (max-width: 1024px) 100vw, 1024px\" \/><\/a><\/figure><div class=\"elementor-image-box-content\"><h3 class=\"elementor-image-box-title\"><a href=\"https:\/\/estenbulhealth.com\/tr\/fue-safir-kalem-teknigi\/\">FUE Safir Kalem Tekni\u011fi<\/a><\/h3><p class=\"elementor-image-box-description\">FUE Safir Tekni\u011fi'nde son teknoloji \u00fcr\u00fcn\u00fc safir u\u00e7, bug\u00fcne kadar kulland\u0131\u011f\u0131m\u0131z elmas u\u00e7lara g\u00f6re \u00e7ok daha sa\u011fl\u0131kl\u0131 ve estetik sonu\u00e7lar elde etmemizi sa\u011fl\u0131yor.<\/p><\/div><\/div>\t\t\t\t<\/div>\n\t\t\t\t<div class=\"elementor-element elementor-element-4925b63 elementor-align-center elementor-widget elementor-widget-button\" data-id=\"4925b63\" data-element_type=\"widget\" data-e-type=\"widget\" data-widget_type=\"button.default\">\n\t\t\t\t\t\t\t\t\t\t<a class=\"elementor-button elementor-button-link elementor-size-md\" href=\"https:\/\/estenbulhealth.com\/tr\/fue-safir-kalem-teknigi\/\">\n\t\t\t\t\t\t<span class=\"elementor-button-content-wrapper\">\n\t\t\t\t\t\t\t\t\t<span class=\"elementor-button-text\">Daha Fazla Oku<\/span>\n\t\t\t\t\t<\/span>\n\t\t\t\t\t<\/a>\n\t\t\t\t\t\t\t\t<\/div>\n\t\t\t\t\t<\/div>\n\t\t<\/div>\n\t\t\t\t<div class=\"elementor-column elementor-col-33 elementor-top-column elementor-element elementor-element-b3ef42f\" data-id=\"b3ef42f\" data-element_type=\"column\" data-e-type=\"column\">\n\t\t\t<div class=\"elementor-widget-wrap elementor-element-populated\">\n\t\t\t\t\t\t<div class=\"elementor-element elementor-element-a71abd7 elementor-position-top elementor-widget elementor-widget-image-box\" data-id=\"a71abd7\" data-element_type=\"widget\" data-e-type=\"widget\" data-widget_type=\"image-box.default\">\n\t\t\t\t\t<div class=\"elementor-image-box-wrapper\"><figure class=\"elementor-image-box-img\"><a href=\"https:\/\/estenbulhealth.com\/tr\/fue-sac-ekimi\/\" tabindex=\"-1\"><img loading=\"lazy\" decoding=\"async\" width=\"1024\" height=\"919\" src=\"https:\/\/estenbulhealth.com\/wp-content\/uploads\/2021\/05\/FUE-Hair-Transplant-turkey-istanbul-1.jpg\" class=\"attachment-full size-full wp-image-11489\" alt=\"FUE Hair Trabsplant | Turkey \u0130stanbul\" title=\"\" srcset=\"https:\/\/estenbulhealth.com\/wp-content\/uploads\/2021\/05\/FUE-Hair-Transplant-turkey-istanbul-1.jpg 1024w, https:\/\/estenbulhealth.com\/wp-content\/uploads\/2021\/05\/FUE-Hair-Transplant-turkey-istanbul-1-300x269.jpg 300w, https:\/\/estenbulhealth.com\/wp-content\/uploads\/2021\/05\/FUE-Hair-Transplant-turkey-istanbul-1-768x689.jpg 768w, https:\/\/estenbulhealth.com\/wp-content\/uploads\/2021\/05\/FUE-Hair-Transplant-turkey-istanbul-1-200x179.jpg 200w, https:\/\/estenbulhealth.com\/wp-content\/uploads\/2021\/05\/FUE-Hair-Transplant-turkey-istanbul-1-400x359.jpg 400w, https:\/\/estenbulhealth.com\/wp-content\/uploads\/2021\/05\/FUE-Hair-Transplant-turkey-istanbul-1-600x538.jpg 600w, https:\/\/estenbulhealth.com\/wp-content\/uploads\/2021\/05\/FUE-Hair-Transplant-turkey-istanbul-1-800x718.jpg 800w\" sizes=\"auto, (max-width: 1024px) 100vw, 1024px\" \/><\/a><\/figure><div class=\"elementor-image-box-content\"><h3 class=\"elementor-image-box-title\"><a href=\"https:\/\/estenbulhealth.com\/tr\/fue-sac-ekimi\/\">FUE Sa\u00e7 Ekimi<\/a><\/h3><p class=\"elementor-image-box-description\">FUE Slit Tekni\u011fi, elmas u\u00e7larla greftlerin yerle\u015ftirilece\u011fi mikro kanallar\u0131 a\u00e7ar. FUE Yar\u0131k Tekni\u011finde greftler di\u011fer ekim tekniklerinde oldu\u011fu gibi FUE Tekni\u011fi kullan\u0131larak al\u0131n\u0131r.<\/p><\/div><\/div>\t\t\t\t<\/div>\n\t\t\t\t<div class=\"elementor-element elementor-element-9f5f209 elementor-align-center elementor-widget elementor-widget-button\" data-id=\"9f5f209\" data-element_type=\"widget\" data-e-type=\"widget\" data-widget_type=\"button.default\">\n\t\t\t\t\t\t\t\t\t\t<a class=\"elementor-button elementor-button-link elementor-size-md\" href=\"https:\/\/estenbulhealth.com\/tr\/fue-sac-ekimi\/\">\n\t\t\t\t\t\t<span class=\"elementor-button-content-wrapper\">\n\t\t\t\t\t\t\t\t\t<span class=\"elementor-button-text\">Daha Fazla Oku<\/span>\n\t\t\t\t\t<\/span>\n\t\t\t\t\t<\/a>\n\t\t\t\t\t\t\t\t<\/div>\n\t\t\t\t\t<\/div>\n\t\t<\/div>\n\t\t\t\t<div class=\"elementor-column elementor-col-33 elementor-top-column elementor-element elementor-element-41ec8c4\" data-id=\"41ec8c4\" data-element_type=\"column\" data-e-type=\"column\">\n\t\t\t<div class=\"elementor-widget-wrap elementor-element-populated\">\n\t\t\t\t\t\t<div class=\"elementor-element elementor-element-9530b4e elementor-position-top elementor-widget elementor-widget-image-box\" data-id=\"9530b4e\" data-element_type=\"widget\" data-e-type=\"widget\" data-widget_type=\"image-box.default\">\n\t\t\t\t\t<div class=\"elementor-image-box-wrapper\"><figure class=\"elementor-image-box-img\"><a href=\"https:\/\/estenbulhealth.com\/tr\/dhi-sac-ekimi\/\" tabindex=\"-1\"><img loading=\"lazy\" decoding=\"async\" width=\"1024\" height=\"919\" src=\"https:\/\/estenbulhealth.com\/wp-content\/uploads\/2021\/05\/dhi-hair-transplant.jpg\" class=\"attachment-full size-full wp-image-11497\" alt=\"DHI Hair Transplant | Turkey Istanbul\" title=\"\" srcset=\"https:\/\/estenbulhealth.com\/wp-content\/uploads\/2021\/05\/dhi-hair-transplant.jpg 1024w, https:\/\/estenbulhealth.com\/wp-content\/uploads\/2021\/05\/dhi-hair-transplant-300x269.jpg 300w, https:\/\/estenbulhealth.com\/wp-content\/uploads\/2021\/05\/dhi-hair-transplant-768x689.jpg 768w, https:\/\/estenbulhealth.com\/wp-content\/uploads\/2021\/05\/dhi-hair-transplant-200x179.jpg 200w, https:\/\/estenbulhealth.com\/wp-content\/uploads\/2021\/05\/dhi-hair-transplant-400x359.jpg 400w, https:\/\/estenbulhealth.com\/wp-content\/uploads\/2021\/05\/dhi-hair-transplant-600x538.jpg 600w, https:\/\/estenbulhealth.com\/wp-content\/uploads\/2021\/05\/dhi-hair-transplant-800x718.jpg 800w\" sizes=\"auto, (max-width: 1024px) 100vw, 1024px\" \/><\/a><\/figure><div class=\"elementor-image-box-content\"><h3 class=\"elementor-image-box-title\"><a href=\"https:\/\/estenbulhealth.com\/tr\/dhi-sac-ekimi\/\">DHI Sa\u00e7 Ekimi<\/a><\/h3><p class=\"elementor-image-box-description\">\u00c7ok ince, silindirik ve keskin u\u00e7lu \u00f6zel implanter kaleme greftler yerle\u015ftirilir ve kalemin itici \u00f6zelli\u011fi sayesinde tek ad\u0131mda ekim i\u015flemi ger\u00e7ekle\u015ftirilir.\u200b<\/p><\/div><\/div>\t\t\t\t<\/div>\n\t\t\t\t<div class=\"elementor-element elementor-element-cde2be4 elementor-align-center elementor-widget elementor-widget-button\" data-id=\"cde2be4\" data-element_type=\"widget\" data-e-type=\"widget\" data-widget_type=\"button.default\">\n\t\t\t\t\t\t\t\t\t\t<a class=\"elementor-button elementor-button-link elementor-size-md\" href=\"https:\/\/estenbulhealth.com\/tr\/dhi-sac-ekimi\/\">\n\t\t\t\t\t\t<span class=\"elementor-button-content-wrapper\">\n\t\t\t\t\t\t\t\t\t<span class=\"elementor-button-text\">Daha Fazla Oku<\/span>\n\t\t\t\t\t<\/span>\n\t\t\t\t\t<\/a>\n\t\t\t\t\t\t\t\t<\/div>\n\t\t\t\t\t<\/div>\n\t\t<\/div>\n\t\t\t\t\t<\/div>\n\t\t<\/section>\n\t\t\t\t<\/div>\n\t\t","protected":false},"excerpt":{"rendered":"<p>FUE Safir Kalem Tekni\u011fi FUE Safir Tekni\u011fi&#8217;nde son teknoloji \u00fcr\u00fcn\u00fc safir u\u00e7, bug\u00fcne kadar kulland\u0131\u011f\u0131m\u0131z elmas u\u00e7lara g\u00f6re \u00e7ok daha<\/p>\n","protected":false},"author":24,"featured_media":0,"parent":13437,"menu_order":0,"comment_status":"closed","ping_status":"closed","template":"","meta":{"content-type":"","footnotes":""},"class_list":["post-13471","page","type-page","status-publish","hentry"],"_links":{"self":[{"href":"https:\/\/estenbulhealth.com\/tr\/wp-json\/wp\/v2\/pages\/13471","targetHints":{"allow":["GET"]}}],"collection":[{"href":"https:\/\/estenbulhealth.com\/tr\/wp-json\/wp\/v2\/pages"}],"about":[{"href":"https:\/\/estenbulhealth.com\/tr\/wp-json\/wp\/v2\/types\/page"}],"author":[{"embeddable":true,"href":"https:\/\/estenbulhealth.com\/tr\/wp-json\/wp\/v2\/users\/24"}],"replies":[{"embeddable":true,"href":"https:\/\/estenbulhealth.com\/tr\/wp-json\/wp\/v2\/comments?post=13471"}],"version-history":[{"count":1,"href":"https:\/\/estenbulhealth.com\/tr\/wp-json\/wp\/v2\/pages\/13471\/revisions"}],"predecessor-version":[{"id":42189,"href":"https:\/\/estenbulhealth.com\/tr\/wp-json\/wp\/v2\/pages\/13471\/revisions\/42189"}],"up":[{"embeddable":true,"href":"https:\/\/estenbulhealth.com\/tr\/wp-json\/wp\/v2\/pages\/13437"}],"wp:attachment":[{"href":"https:\/\/estenbulhealth.com\/tr\/wp-json\/wp\/v2\/media?parent=13471"}],"curies":[{"name":"wp","href":"https:\/\/api.w.org\/{rel}","templated":true}]}}