{"id":13453,"date":"2025-01-28T21:12:13","date_gmt":"2025-01-28T18:12:13","guid":{"rendered":"https:\/\/estenbulhealth.com\/dis-beyazlatma\/"},"modified":"2025-01-28T21:18:03","modified_gmt":"2025-01-28T18:18:03","slug":"dis-beyazlatma","status":"publish","type":"page","link":"https:\/\/estenbulhealth.com\/tr\/dis-beyazlatma\/","title":{"rendered":"Di\u015f Beyazlatma"},"content":{"rendered":"\t\t<div data-elementor-type=\"wp-page\" data-elementor-id=\"13453\" class=\"elementor elementor-13453\">\n\t\t\t\t\t\t<section class=\"wd-negative-gap elementor-section elementor-top-section elementor-element elementor-element-54b6b94 elementor-section-boxed elementor-section-height-default elementor-section-height-default\" data-id=\"54b6b94\" data-element_type=\"section\" data-e-type=\"section\">\n\t\t\t\t\t\t<div class=\"elementor-container elementor-column-gap-default\">\n\t\t\t\t\t<div class=\"elementor-column elementor-col-50 elementor-top-column elementor-element elementor-element-e62c009\" data-id=\"e62c009\" data-element_type=\"column\" data-e-type=\"column\">\n\t\t\t<div class=\"elementor-widget-wrap elementor-element-populated\">\n\t\t\t\t\t\t<div class=\"elementor-element elementor-element-0c5a125 color-scheme-inherit text-left elementor-widget elementor-widget-text-editor\" data-id=\"0c5a125\" data-element_type=\"widget\" data-e-type=\"widget\" data-widget_type=\"text-editor.default\">\n\t\t\t\t\t\t\t\t\t<h2>Di\u015f beyazlatma nedir?<\/h2><p>Di\u015f beyazlatma; do\u011fu\u015ftan sar\u0131 olan veya sonradan \u00e7ay-kahve, sigara, antibiyotik, kanal tedavisi veya kaza vb. nedenlerle renklenmi\u015f, lekelenmi\u015f ve beyazl\u0131\u011f\u0131n\u0131 kaybetmi\u015f olan di\u015flerin peroksitli maddeler kullan\u0131larak lazer y\u00f6ntemiyle do\u011fal beyazl\u0131\u011f\u0131na kavu\u015fturulmas\u0131d\u0131r. Di\u015flerinin renginden rahats\u0131zl\u0131k duyan ve \u0131\u015f\u0131lt\u0131l\u0131 bir g\u00fcl\u00fcmsemeye kavu\u015fmak isteyen ki\u015filerin tercih etti\u011fi di\u015f beyazlatma y\u00f6nteminde ba\u015far\u0131 oran\u0131 %96\u2019d\u0131r. Elde edilen beyazl\u0131\u011f\u0131n derecesi ve etki s\u00fcresi ki\u015fiden ki\u015fiye de\u011fi\u015fkenlik g\u00f6stermektedir.<\/p>\t\t\t\t\t\t\t\t<\/div>\n\t\t\t\t\t<\/div>\n\t\t<\/div>\n\t\t\t\t<div class=\"elementor-column elementor-col-50 elementor-top-column elementor-element elementor-element-c6fbe6e\" data-id=\"c6fbe6e\" data-element_type=\"column\" data-e-type=\"column\">\n\t\t\t<div class=\"elementor-widget-wrap elementor-element-populated\">\n\t\t\t\t\t\t<div class=\"elementor-element elementor-element-4113c91 elementor-widget elementor-widget-image\" data-id=\"4113c91\" data-element_type=\"widget\" data-e-type=\"widget\" data-widget_type=\"image.default\">\n\t\t\t\t\t\t\t\t\t\t\t\t\t\t\t<img loading=\"lazy\" decoding=\"async\" width=\"1024\" height=\"683\" src=\"https:\/\/estenbulhealth.com\/wp-content\/uploads\/2021\/08\/teeth-whitening-in-turkey-1024x683.jpeg\" class=\"attachment-large size-large wp-image-15965\" alt=\"teeth whitening in turkey\" srcset=\"https:\/\/estenbulhealth.com\/wp-content\/uploads\/2021\/08\/teeth-whitening-in-turkey-1024x683.jpeg 1024w, https:\/\/estenbulhealth.com\/wp-content\/uploads\/2021\/08\/teeth-whitening-in-turkey-300x200.jpeg 300w, https:\/\/estenbulhealth.com\/wp-content\/uploads\/2021\/08\/teeth-whitening-in-turkey-768x512.jpeg 768w, https:\/\/estenbulhealth.com\/wp-content\/uploads\/2021\/08\/teeth-whitening-in-turkey-1536x1024.jpeg 1536w, https:\/\/estenbulhealth.com\/wp-content\/uploads\/2021\/08\/teeth-whitening-in-turkey-200x133.jpeg 200w, https:\/\/estenbulhealth.com\/wp-content\/uploads\/2021\/08\/teeth-whitening-in-turkey-400x267.jpeg 400w, https:\/\/estenbulhealth.com\/wp-content\/uploads\/2021\/08\/teeth-whitening-in-turkey-600x400.jpeg 600w, https:\/\/estenbulhealth.com\/wp-content\/uploads\/2021\/08\/teeth-whitening-in-turkey-800x533.jpeg 800w, https:\/\/estenbulhealth.com\/wp-content\/uploads\/2021\/08\/teeth-whitening-in-turkey-1200x800.jpeg 1200w, https:\/\/estenbulhealth.com\/wp-content\/uploads\/2021\/08\/teeth-whitening-in-turkey.jpeg 1800w\" sizes=\"auto, (max-width: 1024px) 100vw, 1024px\" title=\"\">\t\t\t\t\t\t\t\t\t\t\t\t\t\t\t<\/div>\n\t\t\t\t\t<\/div>\n\t\t<\/div>\n\t\t\t\t\t<\/div>\n\t\t<\/section>\n\t\t\t\t<section class=\"wd-negative-gap elementor-section elementor-top-section elementor-element elementor-element-5dfe197f elementor-section-boxed elementor-section-height-default elementor-section-height-default\" data-id=\"5dfe197f\" data-element_type=\"section\" data-e-type=\"section\">\n\t\t\t\t\t\t<div class=\"elementor-container elementor-column-gap-default\">\n\t\t\t\t\t<div class=\"elementor-column elementor-col-100 elementor-top-column elementor-element elementor-element-17316330\" data-id=\"17316330\" data-element_type=\"column\" data-e-type=\"column\">\n\t\t\t<div class=\"elementor-widget-wrap elementor-element-populated\">\n\t\t\t\t\t\t<div class=\"elementor-element elementor-element-1a0a8ff7 color-scheme-inherit text-left elementor-widget elementor-widget-text-editor\" data-id=\"1a0a8ff7\" data-element_type=\"widget\" data-e-type=\"widget\" data-widget_type=\"text-editor.default\">\n\t\t\t\t\t\t\t\t\t<h3>Di\u015f beyazlatma uygulamas\u0131 nas\u0131l yap\u0131l\u0131r?<\/h3><p>Di\u015f beyazlatma uygulamas\u0131nda uzmanlar\u0131m\u0131z \u00f6ncelikle di\u015flerinizi temizleyerek do\u011fal rengini sapt\u0131yor. Ard\u0131ndan beyazlatmay\u0131 sa\u011flayan peroksitli etken madde di\u015flere s\u00fcr\u00fclerek 15 dakika boyunca lazer y\u00f6ntemiyle sertle\u015ftiriliyor. Bu i\u015flem \u00fc\u00e7 kez tekrarlan\u0131yor. Beyazlatma i\u015flemi uygulanan di\u015fler, ki\u015finin g\u00fcnl\u00fck al\u0131\u015fkanl\u0131klar\u0131na (sigara, \u00e7ay-kahve ba\u011f\u0131ml\u0131l\u0131\u011f\u0131 vs.) ba\u011fl\u0131 olarak genelde 3 ay ila 4 y\u0131l boyunca beyazl\u0131\u011f\u0131n\u0131 koruyor. Beyazlatma uygulamas\u0131 ki\u015finin iste\u011fi do\u011frultusunda 6 ayda veya y\u0131lda bir tekrarlanabiliyor. Beyazlatma i\u015fleminin bu s\u00fcreler i\u00e7inde, di\u015fler eski rengine d\u00f6nmeden tekrarlanmas\u0131 elde edilen beyazl\u0131\u011f\u0131n daha uzun \u00f6m\u00fcrl\u00fc olmas\u0131n\u0131 sa\u011fl\u0131yor.<\/p>\t\t\t\t\t\t\t\t<\/div>\n\t\t\t\t\t<\/div>\n\t\t<\/div>\n\t\t\t\t\t<\/div>\n\t\t<\/section>\n\t\t\t\t<section class=\"wd-negative-gap elementor-section elementor-top-section elementor-element elementor-element-e71bc08 elementor-section-boxed elementor-section-height-default elementor-section-height-default\" data-id=\"e71bc08\" data-element_type=\"section\" data-e-type=\"section\">\n\t\t\t\t\t\t<div class=\"elementor-container elementor-column-gap-default\">\n\t\t\t\t\t<div class=\"elementor-column elementor-col-100 elementor-top-column elementor-element elementor-element-3fade381\" data-id=\"3fade381\" data-element_type=\"column\" data-e-type=\"column\">\n\t\t\t<div class=\"elementor-widget-wrap elementor-element-populated\">\n\t\t\t\t\t\t<div class=\"elementor-element elementor-element-2819822d elementor-widget-divider--view-line_icon elementor-view-default elementor-widget-divider--element-align-center elementor-widget elementor-widget-divider\" data-id=\"2819822d\" data-element_type=\"widget\" data-e-type=\"widget\" data-widget_type=\"divider.default\">\n\t\t\t\t\t\t\t<div class=\"elementor-divider\">\n\t\t\t<span class=\"elementor-divider-separator\">\n\t\t\t\t\t\t\t<div class=\"elementor-icon elementor-divider__element\">\n\t\t\t\t\t<svg aria-hidden=\"true\" class=\"e-font-icon-svg e-fas-teeth\" viewBox=\"0 0 640 512\" xmlns=\"http:\/\/www.w3.org\/2000\/svg\"><path d=\"M544 0H96C42.98 0 0 42.98 0 96v320c0 53.02 42.98 96 96 96h448c53.02 0 96-42.98 96-96V96c0-53.02-42.98-96-96-96zM160 368c0 26.51-21.49 48-48 48s-48-21.49-48-48v-64c0-8.84 7.16-16 16-16h64c8.84 0 16 7.16 16 16v64zm0-128c0 8.84-7.16 16-16 16H80c-8.84 0-16-7.16-16-16v-64c0-26.51 21.49-48 48-48s48 21.49 48 48v64zm144 120c0 30.93-25.07 56-56 56s-56-25.07-56-56v-56c0-8.84 7.16-16 16-16h80c8.84 0 16 7.16 16 16v56zm0-120c0 8.84-7.16 16-16 16h-80c-8.84 0-16-7.16-16-16v-88c0-30.93 25.07-56 56-56s56 25.07 56 56v88zm144 120c0 30.93-25.07 56-56 56s-56-25.07-56-56v-56c0-8.84 7.16-16 16-16h80c8.84 0 16 7.16 16 16v56zm0-120c0 8.84-7.16 16-16 16h-80c-8.84 0-16-7.16-16-16v-88c0-30.93 25.07-56 56-56s56 25.07 56 56v88zm128 128c0 26.51-21.49 48-48 48s-48-21.49-48-48v-64c0-8.84 7.16-16 16-16h64c8.84 0 16 7.16 16 16v64zm0-128c0 8.84-7.16 16-16 16h-64c-8.84 0-16-7.16-16-16v-64c0-26.51 21.49-48 48-48s48 21.49 48 48v64z\"><\/path><\/svg><\/div>\n\t\t\t\t\t\t<\/span>\n\t\t<\/div>\n\t\t\t\t\t\t<\/div>\n\t\t\t\t\t<\/div>\n\t\t<\/div>\n\t\t\t\t\t<\/div>\n\t\t<\/section>\n\t\t\t\t<section class=\"wd-negative-gap elementor-section elementor-top-section elementor-element elementor-element-3956c337 elementor-section-boxed elementor-section-height-default elementor-section-height-default\" data-id=\"3956c337\" data-element_type=\"section\" data-e-type=\"section\">\n\t\t\t\t\t\t<div class=\"elementor-container elementor-column-gap-default\">\n\t\t\t\t\t<div class=\"elementor-column elementor-col-50 elementor-top-column elementor-element elementor-element-2f9f3d18\" data-id=\"2f9f3d18\" data-element_type=\"column\" data-e-type=\"column\" data-settings=\"{&quot;background_background&quot;:&quot;gradient&quot;}\">\n\t\t\t<div class=\"elementor-widget-wrap elementor-element-populated\">\n\t\t\t\t\t\t\t<\/div>\n\t\t<\/div>\n\t\t\t\t<div class=\"elementor-column elementor-col-50 elementor-top-column elementor-element elementor-element-2503609d\" data-id=\"2503609d\" data-element_type=\"column\" data-e-type=\"column\">\n\t\t\t<div class=\"elementor-widget-wrap elementor-element-populated\">\n\t\t\t\t\t\t<div class=\"elementor-element elementor-element-7dedcd99 elementor-widget elementor-widget-heading\" data-id=\"7dedcd99\" data-element_type=\"widget\" data-e-type=\"widget\" data-widget_type=\"heading.default\">\n\t\t\t\t\t<h2 class=\"elementor-heading-title elementor-size-default\">Bizimle ileti\u015fime ge\u00e7in!<\/h2>\t\t\t\t<\/div>\n\t\t\t\t<div class=\"elementor-element elementor-element-7758dbf5 color-scheme-inherit text-left elementor-widget elementor-widget-text-editor\" data-id=\"7758dbf5\" data-element_type=\"widget\" data-e-type=\"widget\" data-widget_type=\"text-editor.default\">\n\t\t\t\t\t\t\t\t\t<p><strong>Y\u00f6netim Ofisi:<\/strong> Cihannuma Mah. Akdo\u011fan Sok, No: 45\/2 Be\u015fikta\u015f, Istanbul, T\u00fcrkiye<\/p>\n<p><strong>Hastane:<\/strong> Levent Mah. Yeni S\u00fcl\u00fcn Sok. No:13, 34353 Be\u015fikta\u015f\/\u0130stanbul<\/p>\n<p><strong>Telefon:<\/strong>\u00a0+90 (543) 337 1865<br \/>\n<strong>Whatsapp :<\/strong>\u00a0+90 (543) 337 1865<br \/>\n<strong>Email:\u00a0<\/strong>info@estenbulhealth.com<\/p>\n\t\t\t\t\t\t\t\t<\/div>\n\t\t\t\t\t<\/div>\n\t\t<\/div>\n\t\t\t\t\t<\/div>\n\t\t<\/section>\n\t\t\t\t<\/div>\n\t\t","protected":false},"excerpt":{"rendered":"<p>Di\u015f beyazlatma nedir? Di\u015f beyazlatma; do\u011fu\u015ftan sar\u0131 olan veya sonradan \u00e7ay-kahve, sigara, antibiyotik, kanal tedavisi veya kaza vb. nedenlerle renklenmi\u015f,<\/p>\n","protected":false},"author":24,"featured_media":0,"parent":0,"menu_order":0,"comment_status":"closed","ping_status":"closed","template":"","meta":{"content-type":"","footnotes":""},"class_list":["post-13453","page","type-page","status-publish","hentry"],"_links":{"self":[{"href":"https:\/\/estenbulhealth.com\/tr\/wp-json\/wp\/v2\/pages\/13453","targetHints":{"allow":["GET"]}}],"collection":[{"href":"https:\/\/estenbulhealth.com\/tr\/wp-json\/wp\/v2\/pages"}],"about":[{"href":"https:\/\/estenbulhealth.com\/tr\/wp-json\/wp\/v2\/types\/page"}],"author":[{"embeddable":true,"href":"https:\/\/estenbulhealth.com\/tr\/wp-json\/wp\/v2\/users\/24"}],"replies":[{"embeddable":true,"href":"https:\/\/estenbulhealth.com\/tr\/wp-json\/wp\/v2\/comments?post=13453"}],"version-history":[{"count":1,"href":"https:\/\/estenbulhealth.com\/tr\/wp-json\/wp\/v2\/pages\/13453\/revisions"}],"predecessor-version":[{"id":42167,"href":"https:\/\/estenbulhealth.com\/tr\/wp-json\/wp\/v2\/pages\/13453\/revisions\/42167"}],"wp:attachment":[{"href":"https:\/\/estenbulhealth.com\/tr\/wp-json\/wp\/v2\/media?parent=13453"}],"curies":[{"name":"wp","href":"https:\/\/api.w.org\/{rel}","templated":true}]}}