{"id":13431,"date":"2025-01-28T21:12:03","date_gmt":"2025-01-28T18:12:03","guid":{"rendered":"https:\/\/estenbulhealth.com\/porselen-kaplama\/"},"modified":"2025-01-28T21:18:35","modified_gmt":"2025-01-28T18:18:35","slug":"porselen-kaplama","status":"publish","type":"page","link":"https:\/\/estenbulhealth.com\/tr\/porselen-kaplama\/","title":{"rendered":"Porselen Kaplama"},"content":{"rendered":"\t\t<div data-elementor-type=\"wp-page\" data-elementor-id=\"13431\" class=\"elementor elementor-13431\">\n\t\t\t\t\t\t<section class=\"wd-negative-gap elementor-section elementor-top-section elementor-element elementor-element-3a49a04 elementor-section-boxed elementor-section-height-default elementor-section-height-default\" data-id=\"3a49a04\" data-element_type=\"section\" data-e-type=\"section\">\n\t\t\t\t\t\t<div class=\"elementor-container elementor-column-gap-default\">\n\t\t\t\t\t<div class=\"elementor-column elementor-col-100 elementor-top-column elementor-element elementor-element-3f5cd41e\" data-id=\"3f5cd41e\" data-element_type=\"column\" data-e-type=\"column\">\n\t\t\t<div class=\"elementor-widget-wrap elementor-element-populated\">\n\t\t\t\t\t\t<div class=\"elementor-element elementor-element-595166c7 color-scheme-inherit text-left elementor-widget elementor-widget-text-editor\" data-id=\"595166c7\" data-element_type=\"widget\" data-e-type=\"widget\" data-widget_type=\"text-editor.default\">\n\t\t\t\t\t\t\t\t\t<h2>Porselen Kaplama Nedir?<\/h2><p>Porselen kaplama; do\u011fu\u015ftan e\u011fri ve kusurlu veya sonradan kaza, yaralanma, sigara, \u00e7ay-kahve gibi nedenlerle rengini ve formunu kaybetmi\u015f olan di\u015flerin, kendi do\u011fal g\u00f6r\u00fcn\u00fcm ve rengine en yak\u0131n malzeme olan, metal destekli porselenle kaplanmas\u0131 i\u015flemidir. Bu y\u00f6ntem ayr\u0131ca tam di\u015f kay\u0131plar\u0131nda implant tedavisini tamamlamak \u00fczere, yeterli di\u015f deste\u011fi olmayan durumlarda b\u00fcy\u00fck bir dolguyu restore etmek i\u00e7in veya zay\u0131f di\u015flerin k\u0131r\u0131lmas\u0131n\u0131 \u00f6nlemek amac\u0131yla da uygulanmaktad\u0131r. Di\u015flerinin g\u00f6r\u00fcn\u00fcm\u00fcnden rahats\u0131z olan, inci gibi bembeyaz di\u015flere ve ayd\u0131nl\u0131k bir g\u00fcl\u00fc\u015fe kavu\u015fmak isteyen ki\u015filerin tercih etti\u011fi porselen kaplama y\u00f6ntemi ile olduk\u00e7a sa\u011fl\u0131kl\u0131, do\u011fal g\u00f6r\u00fcn\u00fcml\u00fc, uzun \u00f6m\u00fcrl\u00fc (10 y\u0131la kadar dayanabilir) ve estetik sonu\u00e7lar elde edilmektedir. Metal destekli porselen, kusursuz bir g\u00fcl\u00fc\u015f tasar\u0131m\u0131 i\u00e7in di\u015f hekimlerinin en \u00e7ok tercih etti\u011fi malzemelerin ba\u015f\u0131nda gelmektedir.<\/p><h3>Porselen Kaplama Nas\u0131l Yap\u0131l\u0131r?<\/h3><p>Bu uygulamada kaplama yap\u0131lacak olan di\u015fin \u00fcst tabakas\u0131n\u0131 1 mm kadar inceltiyor ve ard\u0131ndan di\u015flerinizin kal\u0131b\u0131n\u0131 al\u0131yoruz. Metal destekli porselen kaplama haz\u0131rlanana kadar di\u015flerinizin \u00fczerini insan sa\u011fl\u0131\u011f\u0131na t\u00fcm\u00fcyle uygun, ge\u00e7ici porselen malzemeyle kapl\u0131yoruz. A\u011f\u0131z, \u00e7ene ve di\u015f yap\u0131n\u0131za \u00f6zel olarak \u00fcretilen metal destekli porselen kaplaman\u0131z k\u0131sa s\u00fcre i\u00e7inde haz\u0131r oluyor. Sonras\u0131nda ge\u00e7ici kaplamay\u0131 \u00e7\u0131kararak di\u015flerinizi; size \u00f6zel haz\u0131rlanm\u0131\u015f olan, a\u011f\u0131z dokusuyla tamamen uyumlu, antialerjik porselen malzemeyle kapl\u0131yoruz. T\u00fcm bu i\u015flemler lokal anestezi alt\u0131nda ger\u00e7ekle\u015ftirildi\u011finden hi\u00e7 ac\u0131 hissetmiyorsunuz. Yapt\u0131\u011f\u0131m\u0131z kaplaman\u0131n \u00f6zellikle di\u015fle di\u015f etinin birle\u015fti\u011fi b\u00f6lgeye bask\u0131 yapmamas\u0131na; kendi di\u015flerinizle ayn\u0131 renkte, uyum i\u00e7inde olmas\u0131na ve olabildi\u011fince do\u011fal g\u00f6r\u00fcnmesine \u00f6zen g\u00f6steriyoruz. Metal destekli porselen kaplama uygulamas\u0131nda t\u00fcm i\u015flemler \u00fc\u00e7 g\u00fcn i\u00e7inde tamamlan\u0131yor.<\/p>\t\t\t\t\t\t\t\t<\/div>\n\t\t\t\t\t<\/div>\n\t\t<\/div>\n\t\t\t\t\t<\/div>\n\t\t<\/section>\n\t\t\t\t<section class=\"wd-negative-gap elementor-section elementor-top-section elementor-element elementor-element-1b88c52a elementor-section-boxed elementor-section-height-default elementor-section-height-default\" data-id=\"1b88c52a\" data-element_type=\"section\" data-e-type=\"section\">\n\t\t\t\t\t\t<div class=\"elementor-container elementor-column-gap-default\">\n\t\t\t\t\t<div class=\"elementor-column elementor-col-100 elementor-top-column elementor-element elementor-element-748cdc90\" data-id=\"748cdc90\" data-element_type=\"column\" data-e-type=\"column\">\n\t\t\t<div class=\"elementor-widget-wrap elementor-element-populated\">\n\t\t\t\t\t\t<div class=\"elementor-element elementor-element-551688e8 elementor-widget-divider--view-line_icon elementor-view-default elementor-widget-divider--element-align-center elementor-widget elementor-widget-divider\" data-id=\"551688e8\" data-element_type=\"widget\" data-e-type=\"widget\" data-widget_type=\"divider.default\">\n\t\t\t\t\t\t\t<div class=\"elementor-divider\">\n\t\t\t<span class=\"elementor-divider-separator\">\n\t\t\t\t\t\t\t<div class=\"elementor-icon elementor-divider__element\">\n\t\t\t\t\t<svg aria-hidden=\"true\" class=\"e-font-icon-svg e-fas-teeth\" viewBox=\"0 0 640 512\" xmlns=\"http:\/\/www.w3.org\/2000\/svg\"><path d=\"M544 0H96C42.98 0 0 42.98 0 96v320c0 53.02 42.98 96 96 96h448c53.02 0 96-42.98 96-96V96c0-53.02-42.98-96-96-96zM160 368c0 26.51-21.49 48-48 48s-48-21.49-48-48v-64c0-8.84 7.16-16 16-16h64c8.84 0 16 7.16 16 16v64zm0-128c0 8.84-7.16 16-16 16H80c-8.84 0-16-7.16-16-16v-64c0-26.51 21.49-48 48-48s48 21.49 48 48v64zm144 120c0 30.93-25.07 56-56 56s-56-25.07-56-56v-56c0-8.84 7.16-16 16-16h80c8.84 0 16 7.16 16 16v56zm0-120c0 8.84-7.16 16-16 16h-80c-8.84 0-16-7.16-16-16v-88c0-30.93 25.07-56 56-56s56 25.07 56 56v88zm144 120c0 30.93-25.07 56-56 56s-56-25.07-56-56v-56c0-8.84 7.16-16 16-16h80c8.84 0 16 7.16 16 16v56zm0-120c0 8.84-7.16 16-16 16h-80c-8.84 0-16-7.16-16-16v-88c0-30.93 25.07-56 56-56s56 25.07 56 56v88zm128 128c0 26.51-21.49 48-48 48s-48-21.49-48-48v-64c0-8.84 7.16-16 16-16h64c8.84 0 16 7.16 16 16v64zm0-128c0 8.84-7.16 16-16 16h-64c-8.84 0-16-7.16-16-16v-64c0-26.51 21.49-48 48-48s48 21.49 48 48v64z\"><\/path><\/svg><\/div>\n\t\t\t\t\t\t<\/span>\n\t\t<\/div>\n\t\t\t\t\t\t<\/div>\n\t\t\t\t\t<\/div>\n\t\t<\/div>\n\t\t\t\t\t<\/div>\n\t\t<\/section>\n\t\t\t\t<section class=\"wd-negative-gap elementor-section elementor-top-section elementor-element elementor-element-7d52b185 elementor-section-boxed elementor-section-height-default elementor-section-height-default\" data-id=\"7d52b185\" data-element_type=\"section\" data-e-type=\"section\">\n\t\t\t\t\t\t<div class=\"elementor-container elementor-column-gap-default\">\n\t\t\t\t\t<div class=\"elementor-column elementor-col-50 elementor-top-column elementor-element elementor-element-72df29e5\" data-id=\"72df29e5\" data-element_type=\"column\" data-e-type=\"column\" data-settings=\"{&quot;background_background&quot;:&quot;gradient&quot;}\">\n\t\t\t<div class=\"elementor-widget-wrap elementor-element-populated\">\n\t\t\t\t\t\t\t<\/div>\n\t\t<\/div>\n\t\t\t\t<div class=\"elementor-column elementor-col-50 elementor-top-column elementor-element elementor-element-2083e697\" data-id=\"2083e697\" data-element_type=\"column\" data-e-type=\"column\">\n\t\t\t<div class=\"elementor-widget-wrap elementor-element-populated\">\n\t\t\t\t\t\t<div class=\"elementor-element elementor-element-64e468f2 elementor-widget elementor-widget-heading\" data-id=\"64e468f2\" data-element_type=\"widget\" data-e-type=\"widget\" data-widget_type=\"heading.default\">\n\t\t\t\t\t<h2 class=\"elementor-heading-title elementor-size-default\">\u0130leti\u015fim!<\/h2>\t\t\t\t<\/div>\n\t\t\t\t<div class=\"elementor-element elementor-element-4f78398b color-scheme-inherit text-left elementor-widget elementor-widget-text-editor\" data-id=\"4f78398b\" data-element_type=\"widget\" data-e-type=\"widget\" data-widget_type=\"text-editor.default\">\n\t\t\t\t\t\t\t\t\t<p><strong>Y\u00f6netim Ofisi:<\/strong> Cihannuma Mah. Akdo\u011fan Sok, No: 45\/2 Be\u015fikta\u015f, \u0130stanbul, T\u00fcrkiye<\/p>\n<p><strong>Hastane:<\/strong>\u00a0Levent Mah. Yeni S\u00fcl\u00fcn Sok. No:13, 34353 Be\u015fikta\u015f\/\u0130stanbul<br \/>\n<strong>Telefon:<\/strong>\u00a0+90 (543) 337 1865<br \/>\n<strong>Whatsapp :<\/strong>\u00a0+90 (543) 337 1865<br \/>\n<strong>Email:\u00a0<\/strong>info@estenbulhealth.com<\/p>\n\t\t\t\t\t\t\t\t<\/div>\n\t\t\t\t\t<\/div>\n\t\t<\/div>\n\t\t\t\t\t<\/div>\n\t\t<\/section>\n\t\t\t\t<\/div>\n\t\t","protected":false},"excerpt":{"rendered":"<p>Porselen Kaplama Nedir? Porselen kaplama; do\u011fu\u015ftan e\u011fri ve kusurlu veya sonradan kaza, yaralanma, sigara, \u00e7ay-kahve gibi nedenlerle rengini ve formunu<\/p>\n","protected":false},"author":24,"featured_media":0,"parent":0,"menu_order":0,"comment_status":"closed","ping_status":"closed","template":"","meta":{"content-type":"","footnotes":""},"class_list":["post-13431","page","type-page","status-publish","hentry"],"_links":{"self":[{"href":"https:\/\/estenbulhealth.com\/tr\/wp-json\/wp\/v2\/pages\/13431","targetHints":{"allow":["GET"]}}],"collection":[{"href":"https:\/\/estenbulhealth.com\/tr\/wp-json\/wp\/v2\/pages"}],"about":[{"href":"https:\/\/estenbulhealth.com\/tr\/wp-json\/wp\/v2\/types\/page"}],"author":[{"embeddable":true,"href":"https:\/\/estenbulhealth.com\/tr\/wp-json\/wp\/v2\/users\/24"}],"replies":[{"embeddable":true,"href":"https:\/\/estenbulhealth.com\/tr\/wp-json\/wp\/v2\/comments?post=13431"}],"version-history":[{"count":1,"href":"https:\/\/estenbulhealth.com\/tr\/wp-json\/wp\/v2\/pages\/13431\/revisions"}],"predecessor-version":[{"id":42187,"href":"https:\/\/estenbulhealth.com\/tr\/wp-json\/wp\/v2\/pages\/13431\/revisions\/42187"}],"wp:attachment":[{"href":"https:\/\/estenbulhealth.com\/tr\/wp-json\/wp\/v2\/media?parent=13431"}],"curies":[{"name":"wp","href":"https:\/\/api.w.org\/{rel}","templated":true}]}}