{"id":13419,"date":"2025-01-28T21:11:50","date_gmt":"2025-01-28T18:11:50","guid":{"rendered":"https:\/\/estenbulhealth.com\/lazer-goz-tedavisi\/"},"modified":"2025-01-28T21:18:29","modified_gmt":"2025-01-28T18:18:29","slug":"lazer-goz-tedavisi","status":"publish","type":"page","link":"https:\/\/estenbulhealth.com\/tr\/lazer-goz-tedavisi\/","title":{"rendered":"Lazer G\u00f6z Tedavisi"},"content":{"rendered":"\t\t<div data-elementor-type=\"wp-page\" data-elementor-id=\"13419\" class=\"elementor elementor-13419\">\n\t\t\t\t\t\t<section class=\"wd-negative-gap elementor-section elementor-top-section elementor-element elementor-element-b67ffb9 elementor-section-boxed elementor-section-height-default elementor-section-height-default\" data-id=\"b67ffb9\" data-element_type=\"section\" data-e-type=\"section\">\n\t\t\t\t\t\t<div class=\"elementor-container elementor-column-gap-default\">\n\t\t\t\t\t<div class=\"elementor-column elementor-col-100 elementor-top-column elementor-element elementor-element-97b5b43\" data-id=\"97b5b43\" data-element_type=\"column\" data-e-type=\"column\">\n\t\t\t<div class=\"elementor-widget-wrap elementor-element-populated\">\n\t\t\t\t\t\t<div class=\"elementor-element elementor-element-1f9cca7 elementor-widget-divider--view-line_icon elementor-view-default elementor-widget-divider--element-align-center elementor-widget elementor-widget-divider\" data-id=\"1f9cca7\" data-element_type=\"widget\" data-e-type=\"widget\" data-widget_type=\"divider.default\">\n\t\t\t\t\t\t\t<div class=\"elementor-divider\">\n\t\t\t<span class=\"elementor-divider-separator\">\n\t\t\t\t\t\t\t<div class=\"elementor-icon elementor-divider__element\">\n\t\t\t\t\t<svg aria-hidden=\"true\" class=\"e-font-icon-svg e-far-eye\" viewBox=\"0 0 576 512\" xmlns=\"http:\/\/www.w3.org\/2000\/svg\"><path d=\"M288 144a110.94 110.94 0 0 0-31.24 5 55.4 55.4 0 0 1 7.24 27 56 56 0 0 1-56 56 55.4 55.4 0 0 1-27-7.24A111.71 111.71 0 1 0 288 144zm284.52 97.4C518.29 135.59 410.93 64 288 64S57.68 135.64 3.48 241.41a32.35 32.35 0 0 0 0 29.19C57.71 376.41 165.07 448 288 448s230.32-71.64 284.52-177.41a32.35 32.35 0 0 0 0-29.19zM288 400c-98.65 0-189.09-55-237.93-144C98.91 167 189.34 112 288 112s189.09 55 237.93 144C477.1 345 386.66 400 288 400z\"><\/path><\/svg><\/div>\n\t\t\t\t\t\t<\/span>\n\t\t<\/div>\n\t\t\t\t\t\t<\/div>\n\t\t\t\t\t<\/div>\n\t\t<\/div>\n\t\t\t\t\t<\/div>\n\t\t<\/section>\n\t\t\t\t<section class=\"wd-negative-gap elementor-section elementor-top-section elementor-element elementor-element-0ad63d9 elementor-section-boxed elementor-section-height-default elementor-section-height-default\" data-id=\"0ad63d9\" data-element_type=\"section\" data-e-type=\"section\">\n\t\t\t\t\t\t<div class=\"elementor-container elementor-column-gap-default\">\n\t\t\t\t\t<div class=\"elementor-column elementor-col-50 elementor-top-column elementor-element elementor-element-9661458\" data-id=\"9661458\" data-element_type=\"column\" data-e-type=\"column\">\n\t\t\t<div class=\"elementor-widget-wrap elementor-element-populated\">\n\t\t\t\t\t\t<div class=\"elementor-element elementor-element-f577f06 color-scheme-inherit text-left elementor-widget elementor-widget-text-editor\" data-id=\"f577f06\" data-element_type=\"widget\" data-e-type=\"widget\" data-widget_type=\"text-editor.default\">\n\t\t\t\t\t\t\t\t\t<h2>Lazer G\u00f6z Tedavisi Nedir?<\/h2><p>Lazer g\u00f6z ameliyat\u0131, g\u00f6rme bozukluklar\u0131n\u0131 tedavi etmek i\u00e7in bir excimer kullan\u0131larak yap\u0131l\u0131r. Lazer g\u00f6z ameliyat\u0131 miyopi, hipermetropi ve astigmatizman\u0131n tedavisinde d\u00fcnya \u00e7ap\u0131nda en \u00e7ok tercih edilen ve uygulanan tekniktir. Lazer g\u00f6z ameliyat\u0131 yak\u0131n g\u00f6r\u00fc\u015fl\u00fcl\u00fc\u011f\u00fc (miyopi), uzak g\u00f6r\u00fc\u015fl\u00fcl\u00fc\u011f\u00fc (hipermetropi) ve astigmatizmay\u0131 tedavi etmek i\u00e7in kullan\u0131l\u0131r.<\/p>\t\t\t\t\t\t\t\t<\/div>\n\t\t\t\t\t<\/div>\n\t\t<\/div>\n\t\t\t\t<div class=\"elementor-column elementor-col-50 elementor-top-column elementor-element elementor-element-5966898\" data-id=\"5966898\" data-element_type=\"column\" data-e-type=\"column\">\n\t\t\t<div class=\"elementor-widget-wrap elementor-element-populated\">\n\t\t\t\t\t\t<div class=\"elementor-element elementor-element-2c67f22 elementor-widget elementor-widget-image\" data-id=\"2c67f22\" data-element_type=\"widget\" data-e-type=\"widget\" data-widget_type=\"image.default\">\n\t\t\t\t\t\t\t\t\t\t\t\t\t\t\t<img decoding=\"async\" src=\"https:\/\/estenbulhealth.com\/wp-content\/uploads\/2021\/05\/Laser-Eye-Surgery-in-turkey-istanbul-1-700x441.jpg\" title=\"Laser-Eye-Surgery-in-turkey-istanbul\" alt=\"Laser Eye Surgey in Turkey Istanbul\" loading=\"lazy\" \/>\t\t\t\t\t\t\t\t\t\t\t\t\t\t\t<\/div>\n\t\t\t\t\t<\/div>\n\t\t<\/div>\n\t\t\t\t\t<\/div>\n\t\t<\/section>\n\t\t\t\t<section class=\"wd-negative-gap elementor-section elementor-top-section elementor-element elementor-element-4176918 elementor-section-boxed elementor-section-height-default elementor-section-height-default\" data-id=\"4176918\" data-element_type=\"section\" data-e-type=\"section\">\n\t\t\t\t\t\t<div class=\"elementor-container elementor-column-gap-default\">\n\t\t\t\t\t<div class=\"elementor-column elementor-col-100 elementor-top-column elementor-element elementor-element-fb183e2\" data-id=\"fb183e2\" data-element_type=\"column\" data-e-type=\"column\">\n\t\t\t<div class=\"elementor-widget-wrap elementor-element-populated\">\n\t\t\t\t\t\t<div class=\"elementor-element elementor-element-befeb18 color-scheme-inherit text-left elementor-widget elementor-widget-text-editor\" data-id=\"befeb18\" data-element_type=\"widget\" data-e-type=\"widget\" data-widget_type=\"text-editor.default\">\n\t\t\t\t\t\t\t\t\t<p>G\u00f6zl\u00fck ve lens takabilen 18 ya\u015f\u0131n \u00fczerindeki herkes bu tedaviyi alabilir.<\/p><ul><li>Dioptri de\u011feri sabittir.<\/li><li>Miyopi -10 diyoptriden azd\u0131r.<\/li><li>Astigmatizma -6 diyoptriden daha azd\u0131r.<\/li><li>Hipermetrop +4 diyoptriden daha azd\u0131r.<\/li><li>Kornea dokusu yeterince kal\u0131nd\u0131r.<\/li><li>Diyabet veya romatizma gibi kronik bir hastal\u0131k yoktur.<\/li><li>Keratokonus, ok\u00fcler hipertansiyon vb. Ba\u015fka g\u00f6z hastal\u0131\u011f\u0131 yoktur.<\/li><\/ul><h3>Lazer G\u00f6z Tedavisi Hakk\u0131nda Bilinmesi Gerekenler<\/h3><p>Lazer g\u00f6z ameliyat\u0131 korneay\u0131 yeniden \u015fekillendirmeyi i\u00e7erir. \u0130\u015flemi ger\u00e7ekle\u015ftirmek i\u00e7in, kornean\u0131n y\u00fczey tabakas\u0131, diyopter de\u011ferlerini bir excimer lazerle d\u00fczeltmek i\u00e7in bir kenara kayd\u0131r\u0131l\u0131r. Daha sonra y\u00fczey katman\u0131 d\u00fczg\u00fcn bir \u015fekilde d\u00f6\u015fenir. Lazer g\u00f6z ameliyat\u0131 i\u00e7in yayg\u0131n olarak kullan\u0131lan iki teknik vard\u0131r: LASIK ve No Touch.<\/p><h3>Lazer G\u00f6z Ameliyat\u0131<\/h3><p>Lazer g\u00f6z ameliyat\u0131 i\u00e7in kullan\u0131lacak teknik g\u00f6z\u00fcn\u00fcz\u00fcn ko\u015fullar\u0131na ba\u011fl\u0131d\u0131r. Estenbul Sa\u011fl\u0131k, sizin i\u00e7in en iyi teknik ve en iyi fiyat\u0131 sa\u011flayacakt\u0131r.<\/p><p>Lazer g\u00f6z ameliyat\u0131 uzunlu\u011fu: Lazer g\u00f6z ameliyat\u0131 genellikle yakla\u015f\u0131k 20-30 dakika s\u00fcrer. Lazer g\u00f6z ameliyat\u0131 genellikle ayaktan tedavi edilir ve lokal anestezi alt\u0131nda yap\u0131l\u0131r.<\/p><h3>\u00c7al\u0131\u015ft\u0131rma \u00d6ncesi Talimatlar<\/h3><p>Lazer g\u00f6z ameliyat\u0131ndan \u00f6nce, \u00f6nceki g\u00f6z ameliyat\u0131n\u0131z\u0131 doktorlar\u0131m\u0131zla payla\u015fman\u0131z gerekir. Lazer g\u00f6z ameliyat\u0131n\u0131z\u0131n yap\u0131ld\u0131\u011f\u0131 g\u00fcn, makyaj veya di\u011fer kremler, losyonlar ve piercingler kullanmaman\u0131z gerekir.<\/p><h3>Ameliyat Sonras\u0131 Talimatlar<\/h3><ul><li style=\"list-style-type: none;\"><ul><li>Uzman lazer g\u00f6z doktorumuz g\u00f6z damlas\u0131 \u00f6nerebilir; dikkatlice kullanmal\u0131s\u0131n\u0131z.<\/li><li>Ameliyattan sonra yan\u0131n\u0131zda birisinin olmas\u0131 sizin i\u00e7in iyidir. G\u00f6zlerinizi en az 2 hafta boyunca \u00e7ok iyi korumal\u0131s\u0131n\u0131z.<\/li><li>G\u00f6zlerinizi ovalamaktan ka\u00e7\u0131n\u0131n.<\/li><li>Lazer g\u00f6z ameliyat\u0131 sonras\u0131 ilk 5 g\u00fcn du\u015f almamal\u0131s\u0131n\u0131z.<\/li><\/ul><p>Ameliyat sonras\u0131 talimatlar her hastaya g\u00f6re de\u011fi\u015febilir. G\u00f6z doktorumuz ameliyattan sonra size tavsiyelerde bulunacakt\u0131r.<\/p><\/li><\/ul>\t\t\t\t\t\t\t\t<\/div>\n\t\t\t\t\t<\/div>\n\t\t<\/div>\n\t\t\t\t\t<\/div>\n\t\t<\/section>\n\t\t\t\t<section class=\"wd-negative-gap elementor-section elementor-top-section elementor-element elementor-element-4e61d69 elementor-section-boxed elementor-section-height-default elementor-section-height-default\" data-id=\"4e61d69\" data-element_type=\"section\" data-e-type=\"section\">\n\t\t\t\t\t\t<div class=\"elementor-container elementor-column-gap-default\">\n\t\t\t\t\t<div class=\"elementor-column elementor-col-100 elementor-top-column elementor-element elementor-element-d6cdb2a\" data-id=\"d6cdb2a\" data-element_type=\"column\" data-e-type=\"column\">\n\t\t\t<div class=\"elementor-widget-wrap elementor-element-populated\">\n\t\t\t\t\t\t<div class=\"elementor-element elementor-element-a33bf0a elementor-widget-divider--view-line_icon elementor-view-default elementor-widget-divider--element-align-center elementor-widget elementor-widget-divider\" data-id=\"a33bf0a\" data-element_type=\"widget\" data-e-type=\"widget\" data-widget_type=\"divider.default\">\n\t\t\t\t\t\t\t<div class=\"elementor-divider\">\n\t\t\t<span class=\"elementor-divider-separator\">\n\t\t\t\t\t\t\t<div class=\"elementor-icon elementor-divider__element\">\n\t\t\t\t\t<svg aria-hidden=\"true\" class=\"e-font-icon-svg e-far-eye\" viewBox=\"0 0 576 512\" xmlns=\"http:\/\/www.w3.org\/2000\/svg\"><path d=\"M288 144a110.94 110.94 0 0 0-31.24 5 55.4 55.4 0 0 1 7.24 27 56 56 0 0 1-56 56 55.4 55.4 0 0 1-27-7.24A111.71 111.71 0 1 0 288 144zm284.52 97.4C518.29 135.59 410.93 64 288 64S57.68 135.64 3.48 241.41a32.35 32.35 0 0 0 0 29.19C57.71 376.41 165.07 448 288 448s230.32-71.64 284.52-177.41a32.35 32.35 0 0 0 0-29.19zM288 400c-98.65 0-189.09-55-237.93-144C98.91 167 189.34 112 288 112s189.09 55 237.93 144C477.1 345 386.66 400 288 400z\"><\/path><\/svg><\/div>\n\t\t\t\t\t\t<\/span>\n\t\t<\/div>\n\t\t\t\t\t\t<\/div>\n\t\t\t\t\t<\/div>\n\t\t<\/div>\n\t\t\t\t\t<\/div>\n\t\t<\/section>\n\t\t\t\t<section class=\"wd-negative-gap elementor-section elementor-top-section elementor-element elementor-element-7d4b9d5 elementor-section-boxed elementor-section-height-default elementor-section-height-default\" data-id=\"7d4b9d5\" data-element_type=\"section\" data-e-type=\"section\">\n\t\t\t\t\t\t<div class=\"elementor-container elementor-column-gap-default\">\n\t\t\t\t\t<div class=\"elementor-column elementor-col-33 elementor-top-column elementor-element elementor-element-16b9cbe\" data-id=\"16b9cbe\" data-element_type=\"column\" data-e-type=\"column\" data-settings=\"{&quot;background_background&quot;:&quot;gradient&quot;}\">\n\t\t\t<div class=\"elementor-widget-wrap elementor-element-populated\">\n\t\t\t\t\t\t\t<\/div>\n\t\t<\/div>\n\t\t\t\t<div class=\"elementor-column elementor-col-66 elementor-top-column elementor-element elementor-element-c89ee94\" data-id=\"c89ee94\" data-element_type=\"column\" data-e-type=\"column\">\n\t\t\t<div class=\"elementor-widget-wrap elementor-element-populated\">\n\t\t\t\t\t\t<div class=\"elementor-element elementor-element-50503f7d elementor-widget elementor-widget-heading\" data-id=\"50503f7d\" data-element_type=\"widget\" data-e-type=\"widget\" data-widget_type=\"heading.default\">\n\t\t\t\t\t<h2 class=\"elementor-heading-title elementor-size-default\">\u0130leti\u015fim!<\/h2>\t\t\t\t<\/div>\n\t\t\t\t<div class=\"elementor-element elementor-element-b8b3023 color-scheme-inherit text-left elementor-widget elementor-widget-text-editor\" data-id=\"b8b3023\" data-element_type=\"widget\" data-e-type=\"widget\" data-widget_type=\"text-editor.default\">\n\t\t\t\t\t\t\t\t\t<div class=\"elementor-element elementor-element-b9e7ae4 elementor-widget elementor-widget-text-editor\" data-id=\"b9e7ae4\" data-element_type=\"widget\" data-widget_type=\"text-editor.default\"><div class=\"elementor-widget-container\"><p>Bizimle ileti\u015fim kurabilir veya \u00fccretsiz kons\u00fcltasyon i\u00e7in form doldurabilirsiniz.<\/p><\/div><\/div><p><strong>Y\u00f6netim Ofisi:<\/strong> Cihannuma Mah. Akdo\u011fan Sok, No: 45\/2 Be\u015fikta\u015f, \u0130stanbul, T\u00fcrkiye<\/p><p><strong>Hastane:<\/strong>\u00a0Levent Mah. Yeni S\u00fcl\u00fcn Sok. No:13, 34353 Be\u015fikta\u015f\/\u0130stanbul<br \/><strong>Telefon:<\/strong> +90 (542) 334 1865<br \/><strong>Whatsapp :<\/strong> +90 (541) 304 1865<br \/><strong>Email:\u00a0<\/strong>info@estenbulhealth.com<\/p>\t\t\t\t\t\t\t\t<\/div>\n\t\t\t\t\t<\/div>\n\t\t<\/div>\n\t\t\t\t\t<\/div>\n\t\t<\/section>\n\t\t\t\t<\/div>\n\t\t","protected":false},"excerpt":{"rendered":"<p>Lazer G\u00f6z Tedavisi Nedir? Lazer g\u00f6z ameliyat\u0131, g\u00f6rme bozukluklar\u0131n\u0131 tedavi etmek i\u00e7in bir excimer kullan\u0131larak yap\u0131l\u0131r. Lazer g\u00f6z ameliyat\u0131 miyopi,<\/p>\n","protected":false},"author":24,"featured_media":0,"parent":0,"menu_order":0,"comment_status":"closed","ping_status":"closed","template":"","meta":{"content-type":"","footnotes":""},"class_list":["post-13419","page","type-page","status-publish","hentry"],"_links":{"self":[{"href":"https:\/\/estenbulhealth.com\/tr\/wp-json\/wp\/v2\/pages\/13419","targetHints":{"allow":["GET"]}}],"collection":[{"href":"https:\/\/estenbulhealth.com\/tr\/wp-json\/wp\/v2\/pages"}],"about":[{"href":"https:\/\/estenbulhealth.com\/tr\/wp-json\/wp\/v2\/types\/page"}],"author":[{"embeddable":true,"href":"https:\/\/estenbulhealth.com\/tr\/wp-json\/wp\/v2\/users\/24"}],"replies":[{"embeddable":true,"href":"https:\/\/estenbulhealth.com\/tr\/wp-json\/wp\/v2\/comments?post=13419"}],"version-history":[{"count":1,"href":"https:\/\/estenbulhealth.com\/tr\/wp-json\/wp\/v2\/pages\/13419\/revisions"}],"predecessor-version":[{"id":42183,"href":"https:\/\/estenbulhealth.com\/tr\/wp-json\/wp\/v2\/pages\/13419\/revisions\/42183"}],"wp:attachment":[{"href":"https:\/\/estenbulhealth.com\/tr\/wp-json\/wp\/v2\/media?parent=13419"}],"curies":[{"name":"wp","href":"https:\/\/api.w.org\/{rel}","templated":true}]}}