{"id":13403,"date":"2025-01-28T21:11:47","date_gmt":"2025-01-28T18:11:47","guid":{"rendered":"https:\/\/estenbulhealth.com\/sac-ekimi-oncesi-sonrasi\/"},"modified":"2025-01-28T21:18:37","modified_gmt":"2025-01-28T18:18:37","slug":"sac-ekimi-oncesi-sonrasi","status":"publish","type":"page","link":"https:\/\/estenbulhealth.com\/tr\/sac-ekimi-oncesi-sonrasi\/","title":{"rendered":"Sa\u00e7 Ekimi \u00d6ncesi Sonras\u0131"},"content":{"rendered":"\t\t<div data-elementor-type=\"wp-page\" data-elementor-id=\"13403\" class=\"elementor elementor-13403\">\n\t\t\t\t\t\t<section class=\"wd-negative-gap elementor-section elementor-top-section elementor-element elementor-element-4b8995c elementor-section-boxed elementor-section-height-default elementor-section-height-default\" data-id=\"4b8995c\" data-element_type=\"section\" data-e-type=\"section\">\n\t\t\t\t\t\t<div class=\"elementor-container elementor-column-gap-default\">\n\t\t\t\t\t<div class=\"elementor-column elementor-col-33 elementor-top-column elementor-element elementor-element-bec7c64\" data-id=\"bec7c64\" data-element_type=\"column\" data-e-type=\"column\">\n\t\t\t<div class=\"elementor-widget-wrap elementor-element-populated\">\n\t\t\t\t\t\t<div class=\"elementor-element elementor-element-e835279 elementor-widget elementor-widget-wd_image_or_svg\" data-id=\"e835279\" data-element_type=\"widget\" data-e-type=\"widget\" data-widget_type=\"wd_image_or_svg.default\">\n\t\t\t\t<div class=\"elementor-widget-container\">\n\t\t\t\t\t\n\t\t<div class=\"wd-image text-left\">\n\t\t\t\t\t\t\t\t<img loading=\"lazy\" decoding=\"async\" width=\"1080\" height=\"1080\" src=\"https:\/\/estenbulhealth.com\/wp-content\/uploads\/2022\/11\/hair-transplant-turkey-before-and-after-290.jpg\" class=\"attachment-full size-full\" alt=\"Hair Transplant Turkey Before and After Result\" srcset=\"https:\/\/estenbulhealth.com\/wp-content\/uploads\/2022\/11\/hair-transplant-turkey-before-and-after-290.jpg 1080w, https:\/\/estenbulhealth.com\/wp-content\/uploads\/2022\/11\/hair-transplant-turkey-before-and-after-290-300x300.jpg 300w, https:\/\/estenbulhealth.com\/wp-content\/uploads\/2022\/11\/hair-transplant-turkey-before-and-after-290-1024x1024.jpg 1024w, https:\/\/estenbulhealth.com\/wp-content\/uploads\/2022\/11\/hair-transplant-turkey-before-and-after-290-150x150.jpg 150w, https:\/\/estenbulhealth.com\/wp-content\/uploads\/2022\/11\/hair-transplant-turkey-before-and-after-290-768x768.jpg 768w\" sizes=\"auto, (max-width: 1080px) 100vw, 1080px\" title=\"\">\t\t\t\t\t<\/div>\n\n\t\t\t\t\t\t<\/div>\n\t\t\t\t<\/div>\n\t\t\t\t\t<\/div>\n\t\t<\/div>\n\t\t\t\t<div class=\"elementor-column elementor-col-33 elementor-top-column elementor-element elementor-element-3d8261c\" data-id=\"3d8261c\" data-element_type=\"column\" data-e-type=\"column\">\n\t\t\t<div class=\"elementor-widget-wrap elementor-element-populated\">\n\t\t\t\t\t\t<div class=\"elementor-element elementor-element-139d08a elementor-widget elementor-widget-wd_image_or_svg\" data-id=\"139d08a\" data-element_type=\"widget\" data-e-type=\"widget\" data-widget_type=\"wd_image_or_svg.default\">\n\t\t\t\t<div class=\"elementor-widget-container\">\n\t\t\t\t\t\n\t\t<div class=\"wd-image text-left\">\n\t\t\t\t\t\t\t\t<img loading=\"lazy\" decoding=\"async\" width=\"1080\" height=\"1080\" src=\"https:\/\/estenbulhealth.com\/wp-content\/uploads\/2022\/09\/greffe-de-cheveux-avant-apres-4.jpg\" class=\"attachment-full size-full\" alt=\"Greffe de Cheveux Avant Apres\" srcset=\"https:\/\/estenbulhealth.com\/wp-content\/uploads\/2022\/09\/greffe-de-cheveux-avant-apres-4.jpg 1080w, https:\/\/estenbulhealth.com\/wp-content\/uploads\/2022\/09\/greffe-de-cheveux-avant-apres-4-300x300.jpg 300w, https:\/\/estenbulhealth.com\/wp-content\/uploads\/2022\/09\/greffe-de-cheveux-avant-apres-4-1024x1024.jpg 1024w, https:\/\/estenbulhealth.com\/wp-content\/uploads\/2022\/09\/greffe-de-cheveux-avant-apres-4-150x150.jpg 150w, https:\/\/estenbulhealth.com\/wp-content\/uploads\/2022\/09\/greffe-de-cheveux-avant-apres-4-768x768.jpg 768w, https:\/\/estenbulhealth.com\/wp-content\/uploads\/2022\/09\/greffe-de-cheveux-avant-apres-4-66x66.jpg 66w, https:\/\/estenbulhealth.com\/wp-content\/uploads\/2022\/09\/greffe-de-cheveux-avant-apres-4-200x200.jpg 200w, https:\/\/estenbulhealth.com\/wp-content\/uploads\/2022\/09\/greffe-de-cheveux-avant-apres-4-400x400.jpg 400w, https:\/\/estenbulhealth.com\/wp-content\/uploads\/2022\/09\/greffe-de-cheveux-avant-apres-4-600x600.jpg 600w, https:\/\/estenbulhealth.com\/wp-content\/uploads\/2022\/09\/greffe-de-cheveux-avant-apres-4-800x800.jpg 800w\" sizes=\"auto, (max-width: 1080px) 100vw, 1080px\" title=\"\">\t\t\t\t\t<\/div>\n\n\t\t\t\t\t\t<\/div>\n\t\t\t\t<\/div>\n\t\t\t\t\t<\/div>\n\t\t<\/div>\n\t\t\t\t<div class=\"elementor-column elementor-col-33 elementor-top-column elementor-element elementor-element-a7cd1d4\" data-id=\"a7cd1d4\" data-element_type=\"column\" data-e-type=\"column\">\n\t\t\t<div class=\"elementor-widget-wrap elementor-element-populated\">\n\t\t\t\t\t\t<div class=\"elementor-element elementor-element-04fa583 elementor-widget elementor-widget-wd_image_or_svg\" data-id=\"04fa583\" data-element_type=\"widget\" data-e-type=\"widget\" data-widget_type=\"wd_image_or_svg.default\">\n\t\t\t\t<div class=\"elementor-widget-container\">\n\t\t\t\t\t\n\t\t<div class=\"wd-image text-left\">\n\t\t\t\t\t\t\t\t<img loading=\"lazy\" decoding=\"async\" width=\"1080\" height=\"1080\" src=\"https:\/\/estenbulhealth.com\/wp-content\/uploads\/2023\/08\/hair-transplant-before-and-after-690.webp\" class=\"attachment-full size-full\" alt=\"Hair Transplant Before and After\" srcset=\"https:\/\/estenbulhealth.com\/wp-content\/uploads\/2023\/08\/hair-transplant-before-and-after-690.webp 1080w, https:\/\/estenbulhealth.com\/wp-content\/uploads\/2023\/08\/hair-transplant-before-and-after-690-300x300.webp 300w, https:\/\/estenbulhealth.com\/wp-content\/uploads\/2023\/08\/hair-transplant-before-and-after-690-1024x1024.webp 1024w, https:\/\/estenbulhealth.com\/wp-content\/uploads\/2023\/08\/hair-transplant-before-and-after-690-150x150.webp 150w, https:\/\/estenbulhealth.com\/wp-content\/uploads\/2023\/08\/hair-transplant-before-and-after-690-768x768.webp 768w\" sizes=\"auto, (max-width: 1080px) 100vw, 1080px\" title=\"\">\t\t\t\t\t<\/div>\n\n\t\t\t\t\t\t<\/div>\n\t\t\t\t<\/div>\n\t\t\t\t\t<\/div>\n\t\t<\/div>\n\t\t\t\t\t<\/div>\n\t\t<\/section>\n\t\t\t\t<section class=\"wd-negative-gap elementor-section elementor-top-section elementor-element elementor-element-f025d29 elementor-section-boxed elementor-section-height-default elementor-section-height-default\" data-id=\"f025d29\" data-element_type=\"section\" data-e-type=\"section\">\n\t\t\t\t\t\t<div class=\"elementor-container elementor-column-gap-default\">\n\t\t\t\t\t<div class=\"elementor-column elementor-col-33 elementor-top-column elementor-element elementor-element-f56fc40\" data-id=\"f56fc40\" data-element_type=\"column\" data-e-type=\"column\">\n\t\t\t<div class=\"elementor-widget-wrap elementor-element-populated\">\n\t\t\t\t\t\t<div class=\"elementor-element elementor-element-0f4c5c1 elementor-widget elementor-widget-wd_image_or_svg\" data-id=\"0f4c5c1\" data-element_type=\"widget\" data-e-type=\"widget\" data-widget_type=\"wd_image_or_svg.default\">\n\t\t\t\t<div class=\"elementor-widget-container\">\n\t\t\t\t\t\n\t\t<div class=\"wd-image text-left\">\n\t\t\t\t\t\t\t\t<img loading=\"lazy\" decoding=\"async\" width=\"1080\" height=\"1080\" src=\"https:\/\/estenbulhealth.com\/wp-content\/uploads\/2022\/09\/greffe-de-cheveux-avant-apres-44.jpg\" class=\"attachment-full size-full\" alt=\"Greffe de Cheveux Avant Apres\" srcset=\"https:\/\/estenbulhealth.com\/wp-content\/uploads\/2022\/09\/greffe-de-cheveux-avant-apres-44.jpg 1080w, https:\/\/estenbulhealth.com\/wp-content\/uploads\/2022\/09\/greffe-de-cheveux-avant-apres-44-300x300.jpg 300w, https:\/\/estenbulhealth.com\/wp-content\/uploads\/2022\/09\/greffe-de-cheveux-avant-apres-44-1024x1024.jpg 1024w, https:\/\/estenbulhealth.com\/wp-content\/uploads\/2022\/09\/greffe-de-cheveux-avant-apres-44-150x150.jpg 150w, https:\/\/estenbulhealth.com\/wp-content\/uploads\/2022\/09\/greffe-de-cheveux-avant-apres-44-768x768.jpg 768w, https:\/\/estenbulhealth.com\/wp-content\/uploads\/2022\/09\/greffe-de-cheveux-avant-apres-44-66x66.jpg 66w, https:\/\/estenbulhealth.com\/wp-content\/uploads\/2022\/09\/greffe-de-cheveux-avant-apres-44-200x200.jpg 200w, https:\/\/estenbulhealth.com\/wp-content\/uploads\/2022\/09\/greffe-de-cheveux-avant-apres-44-400x400.jpg 400w, https:\/\/estenbulhealth.com\/wp-content\/uploads\/2022\/09\/greffe-de-cheveux-avant-apres-44-600x600.jpg 600w, https:\/\/estenbulhealth.com\/wp-content\/uploads\/2022\/09\/greffe-de-cheveux-avant-apres-44-800x800.jpg 800w\" sizes=\"auto, (max-width: 1080px) 100vw, 1080px\" title=\"\">\t\t\t\t\t<\/div>\n\n\t\t\t\t\t\t<\/div>\n\t\t\t\t<\/div>\n\t\t\t\t\t<\/div>\n\t\t<\/div>\n\t\t\t\t<div class=\"elementor-column elementor-col-33 elementor-top-column elementor-element elementor-element-4ad5276\" data-id=\"4ad5276\" data-element_type=\"column\" data-e-type=\"column\">\n\t\t\t<div class=\"elementor-widget-wrap elementor-element-populated\">\n\t\t\t\t\t\t<div class=\"elementor-element elementor-element-a6959dc elementor-widget elementor-widget-wd_image_or_svg\" data-id=\"a6959dc\" data-element_type=\"widget\" data-e-type=\"widget\" data-widget_type=\"wd_image_or_svg.default\">\n\t\t\t\t<div class=\"elementor-widget-container\">\n\t\t\t\t\t\n\t\t<div class=\"wd-image text-left\">\n\t\t\t\t\t\t\t\t<img loading=\"lazy\" decoding=\"async\" width=\"1080\" height=\"1080\" src=\"https:\/\/estenbulhealth.com\/wp-content\/uploads\/2022\/09\/hair-transplant-turkey-before-and-after-15.jpg\" class=\"attachment-full size-full\" alt=\"Hair Transplant Turkey Before and After\" srcset=\"https:\/\/estenbulhealth.com\/wp-content\/uploads\/2022\/09\/hair-transplant-turkey-before-and-after-15.jpg 1080w, https:\/\/estenbulhealth.com\/wp-content\/uploads\/2022\/09\/hair-transplant-turkey-before-and-after-15-300x300.jpg 300w, https:\/\/estenbulhealth.com\/wp-content\/uploads\/2022\/09\/hair-transplant-turkey-before-and-after-15-1024x1024.jpg 1024w, https:\/\/estenbulhealth.com\/wp-content\/uploads\/2022\/09\/hair-transplant-turkey-before-and-after-15-150x150.jpg 150w, https:\/\/estenbulhealth.com\/wp-content\/uploads\/2022\/09\/hair-transplant-turkey-before-and-after-15-768x768.jpg 768w, https:\/\/estenbulhealth.com\/wp-content\/uploads\/2022\/09\/hair-transplant-turkey-before-and-after-15-66x66.jpg 66w, https:\/\/estenbulhealth.com\/wp-content\/uploads\/2022\/09\/hair-transplant-turkey-before-and-after-15-200x200.jpg 200w, https:\/\/estenbulhealth.com\/wp-content\/uploads\/2022\/09\/hair-transplant-turkey-before-and-after-15-400x400.jpg 400w, https:\/\/estenbulhealth.com\/wp-content\/uploads\/2022\/09\/hair-transplant-turkey-before-and-after-15-600x600.jpg 600w, https:\/\/estenbulhealth.com\/wp-content\/uploads\/2022\/09\/hair-transplant-turkey-before-and-after-15-800x800.jpg 800w\" sizes=\"auto, (max-width: 1080px) 100vw, 1080px\" title=\"\">\t\t\t\t\t<\/div>\n\n\t\t\t\t\t\t<\/div>\n\t\t\t\t<\/div>\n\t\t\t\t\t<\/div>\n\t\t<\/div>\n\t\t\t\t<div class=\"elementor-column elementor-col-33 elementor-top-column elementor-element elementor-element-a452d29\" data-id=\"a452d29\" data-element_type=\"column\" data-e-type=\"column\">\n\t\t\t<div class=\"elementor-widget-wrap elementor-element-populated\">\n\t\t\t\t\t\t<div class=\"elementor-element elementor-element-9dbac93 elementor-widget elementor-widget-wd_image_or_svg\" data-id=\"9dbac93\" data-element_type=\"widget\" data-e-type=\"widget\" data-widget_type=\"wd_image_or_svg.default\">\n\t\t\t\t<div class=\"elementor-widget-container\">\n\t\t\t\t\t\n\t\t<div class=\"wd-image text-left\">\n\t\t\t\t\t\t\t\t<img loading=\"lazy\" decoding=\"async\" width=\"1080\" height=\"1080\" src=\"https:\/\/estenbulhealth.com\/wp-content\/uploads\/2023\/02\/hair-transplant-before-and-after-169.png\" class=\"attachment-full size-full\" alt=\"Hair Transplant Before and After\" srcset=\"https:\/\/estenbulhealth.com\/wp-content\/uploads\/2023\/02\/hair-transplant-before-and-after-169.png 1080w, https:\/\/estenbulhealth.com\/wp-content\/uploads\/2023\/02\/hair-transplant-before-and-after-169-300x300.png 300w, https:\/\/estenbulhealth.com\/wp-content\/uploads\/2023\/02\/hair-transplant-before-and-after-169-1024x1024.png 1024w, https:\/\/estenbulhealth.com\/wp-content\/uploads\/2023\/02\/hair-transplant-before-and-after-169-150x150.png 150w, https:\/\/estenbulhealth.com\/wp-content\/uploads\/2023\/02\/hair-transplant-before-and-after-169-768x768.png 768w\" sizes=\"auto, (max-width: 1080px) 100vw, 1080px\" title=\"\">\t\t\t\t\t<\/div>\n\n\t\t\t\t\t\t<\/div>\n\t\t\t\t<\/div>\n\t\t\t\t\t<\/div>\n\t\t<\/div>\n\t\t\t\t\t<\/div>\n\t\t<\/section>\n\t\t\t\t<\/div>\n\t\t","protected":false},"excerpt":{"rendered":"","protected":false},"author":24,"featured_media":26045,"parent":0,"menu_order":0,"comment_status":"closed","ping_status":"closed","template":"","meta":{"content-type":"","footnotes":""},"class_list":["post-13403","page","type-page","status-publish","has-post-thumbnail","hentry"],"_links":{"self":[{"href":"https:\/\/estenbulhealth.com\/tr\/wp-json\/wp\/v2\/pages\/13403","targetHints":{"allow":["GET"]}}],"collection":[{"href":"https:\/\/estenbulhealth.com\/tr\/wp-json\/wp\/v2\/pages"}],"about":[{"href":"https:\/\/estenbulhealth.com\/tr\/wp-json\/wp\/v2\/types\/page"}],"author":[{"embeddable":true,"href":"https:\/\/estenbulhealth.com\/tr\/wp-json\/wp\/v2\/users\/24"}],"replies":[{"embeddable":true,"href":"https:\/\/estenbulhealth.com\/tr\/wp-json\/wp\/v2\/comments?post=13403"}],"version-history":[{"count":7,"href":"https:\/\/estenbulhealth.com\/tr\/wp-json\/wp\/v2\/pages\/13403\/revisions"}],"predecessor-version":[{"id":37702,"href":"https:\/\/estenbulhealth.com\/tr\/wp-json\/wp\/v2\/pages\/13403\/revisions\/37702"}],"wp:featuredmedia":[{"embeddable":true,"href":"https:\/\/estenbulhealth.com\/tr\/wp-json\/wp\/v2\/media\/26045"}],"wp:attachment":[{"href":"https:\/\/estenbulhealth.com\/tr\/wp-json\/wp\/v2\/media?parent=13403"}],"curies":[{"name":"wp","href":"https:\/\/api.w.org\/{rel}","templated":true}]}}