{"id":13397,"date":"2025-01-28T21:11:37","date_gmt":"2025-01-28T18:11:37","guid":{"rendered":"https:\/\/estenbulhealth.com\/fut-sac-ekim-teknigi\/"},"modified":"2025-01-28T21:18:15","modified_gmt":"2025-01-28T18:18:15","slug":"fut-sac-ekim-teknigi","status":"publish","type":"page","link":"https:\/\/estenbulhealth.com\/tr\/fut-sac-ekim-teknigi\/","title":{"rendered":"FUT Sa\u00e7 Ekim Tekni\u011fi"},"content":{"rendered":"\t\t<div data-elementor-type=\"wp-page\" data-elementor-id=\"13397\" class=\"elementor elementor-13397\">\n\t\t\t\t\t\t<section class=\"wd-negative-gap elementor-section elementor-top-section elementor-element elementor-element-dc11ea5 elementor-section-boxed elementor-section-height-default elementor-section-height-default\" data-id=\"dc11ea5\" data-element_type=\"section\" data-e-type=\"section\">\n\t\t\t\t\t\t<div class=\"elementor-container elementor-column-gap-default\">\n\t\t\t\t\t<div class=\"elementor-column elementor-col-50 elementor-top-column elementor-element elementor-element-72502aa\" data-id=\"72502aa\" data-element_type=\"column\" data-e-type=\"column\">\n\t\t\t<div class=\"elementor-widget-wrap elementor-element-populated\">\n\t\t\t\t\t\t<div class=\"elementor-element elementor-element-0e23e15 color-scheme-inherit text-left elementor-widget elementor-widget-text-editor\" data-id=\"0e23e15\" data-element_type=\"widget\" data-e-type=\"widget\" data-widget_type=\"text-editor.default\">\n\t\t\t\t\t\t\t\t\t<h2>FUT Tekni\u011fi Nedir?<\/h2><p>FUT (Follicular Unit Transplantation), sa\u00e7 ekimi teknolojisinin geli\u015fmesiyle birlikte uzmanlar taraf\u0131ndan rafa kald\u0131r\u0131lm\u0131\u015f, dezavantajlar\u0131 nedeniyle Estenbul Health olarak bizim de uygulamad\u0131\u011f\u0131m\u0131z bir tekniktir. Bu teknikte sa\u00e7lar\u0131n en g\u00fcr ve dayan\u0131kl\u0131 oldu\u011fu noktadan yani ensede, iki kulak aras\u0131ndaki b\u00f6lgeden, ihtiya\u00e7 duyulan greft say\u0131s\u0131na g\u00f6re \u015ferit halinde sa\u00e7l\u0131 deri par\u00e7as\u0131 al\u0131n\u0131r. Ard\u0131ndan bu sa\u00e7l\u0131 deri par\u00e7as\u0131n\u0131n \u00fczerinde bulunan greftler (sa\u00e7 k\u00f6kleri) ayr\u0131\u015ft\u0131r\u0131larak ekim i\u00e7in haz\u0131rlan\u0131r. Bu arada ense b\u00f6lgesinde, derinin al\u0131nd\u0131\u011f\u0131 alandaki a\u00e7\u0131kl\u0131k estetik diki\u015f at\u0131larak kapat\u0131l\u0131r. FUT Tekni\u011fi\u2019nde direkt olarak deri \u00fczerinde kesi i\u015flemi yap\u0131ld\u0131\u011f\u0131 ve diki\u015f at\u0131ld\u0131\u011f\u0131 i\u00e7in iyile\u015fme s\u00fcresi de olduk\u00e7a uzundur. Uygulama sonras\u0131nda ise derinin al\u0131nd\u0131\u011f\u0131 alanda yatay bir diki\u015f izi kal\u0131r. FUT tekni\u011finin en b\u00fcy\u00fck dezavantaj\u0131, operasyon sonras\u0131nda tamam\u0131yla iyile\u015fmeyen ve \u00f6zellikle k\u0131sa sa\u00e7 kesimlerinde net bir \u015fekilde belli olan bu diki\u015f izidir.<\/p>\t\t\t\t\t\t\t\t<\/div>\n\t\t\t\t\t<\/div>\n\t\t<\/div>\n\t\t\t\t<div class=\"elementor-column elementor-col-50 elementor-top-column elementor-element elementor-element-486a19c\" data-id=\"486a19c\" data-element_type=\"column\" data-e-type=\"column\">\n\t\t\t<div class=\"elementor-widget-wrap elementor-element-populated\">\n\t\t\t\t\t\t<div class=\"elementor-element elementor-element-7995a13 elementor-widget elementor-widget-image\" data-id=\"7995a13\" data-element_type=\"widget\" data-e-type=\"widget\" data-widget_type=\"image.default\">\n\t\t\t\t\t\t\t\t\t\t\t\t\t\t\t<img loading=\"lazy\" decoding=\"async\" width=\"1024\" height=\"978\" src=\"https:\/\/estenbulhealth.com\/wp-content\/uploads\/2018\/08\/fue-hair-transplant-vs-fut-hair-transplant_thehairtransplanthub_3-e1499615803573-1024x978.jpg\" class=\"attachment-large size-large wp-image-8088\" alt=\"FUT Prosed\u00fcr\" srcset=\"https:\/\/estenbulhealth.com\/wp-content\/uploads\/2018\/08\/fue-hair-transplant-vs-fut-hair-transplant_thehairtransplanthub_3-e1499615803573-1024x978.jpg 1024w, https:\/\/estenbulhealth.com\/wp-content\/uploads\/2018\/08\/fue-hair-transplant-vs-fut-hair-transplant_thehairtransplanthub_3-e1499615803573-300x287.jpg 300w, https:\/\/estenbulhealth.com\/wp-content\/uploads\/2018\/08\/fue-hair-transplant-vs-fut-hair-transplant_thehairtransplanthub_3-e1499615803573-768x733.jpg 768w, https:\/\/estenbulhealth.com\/wp-content\/uploads\/2018\/08\/fue-hair-transplant-vs-fut-hair-transplant_thehairtransplanthub_3-e1499615803573-200x191.jpg 200w, https:\/\/estenbulhealth.com\/wp-content\/uploads\/2018\/08\/fue-hair-transplant-vs-fut-hair-transplant_thehairtransplanthub_3-e1499615803573-400x382.jpg 400w, https:\/\/estenbulhealth.com\/wp-content\/uploads\/2018\/08\/fue-hair-transplant-vs-fut-hair-transplant_thehairtransplanthub_3-e1499615803573-600x573.jpg 600w, https:\/\/estenbulhealth.com\/wp-content\/uploads\/2018\/08\/fue-hair-transplant-vs-fut-hair-transplant_thehairtransplanthub_3-e1499615803573-800x764.jpg 800w, https:\/\/estenbulhealth.com\/wp-content\/uploads\/2018\/08\/fue-hair-transplant-vs-fut-hair-transplant_thehairtransplanthub_3-e1499615803573-1200x1146.jpg 1200w, https:\/\/estenbulhealth.com\/wp-content\/uploads\/2018\/08\/fue-hair-transplant-vs-fut-hair-transplant_thehairtransplanthub_3-e1499615803573.jpg 2000w\" sizes=\"auto, (max-width: 1024px) 100vw, 1024px\" title=\"\">\t\t\t\t\t\t\t\t\t\t\t\t\t\t\t<\/div>\n\t\t\t\t\t<\/div>\n\t\t<\/div>\n\t\t\t\t\t<\/div>\n\t\t<\/section>\n\t\t\t\t<section class=\"wd-negative-gap elementor-section elementor-top-section elementor-element elementor-element-149b46 elementor-section-boxed elementor-section-height-default elementor-section-height-default\" data-id=\"149b46\" data-element_type=\"section\" data-e-type=\"section\">\n\t\t\t\t\t\t<div class=\"elementor-container elementor-column-gap-default\">\n\t\t\t\t\t<div class=\"elementor-column elementor-col-100 elementor-top-column elementor-element elementor-element-ddf2a3f\" data-id=\"ddf2a3f\" data-element_type=\"column\" data-e-type=\"column\">\n\t\t\t<div class=\"elementor-widget-wrap elementor-element-populated\">\n\t\t\t\t\t\t<div class=\"elementor-element elementor-element-60454a2a color-scheme-inherit text-left elementor-widget elementor-widget-text-editor\" data-id=\"60454a2a\" data-element_type=\"widget\" data-e-type=\"widget\" data-widget_type=\"text-editor.default\">\n\t\t\t\t\t\t\t\t\t<h3><span style=\"color: var(--h3_typography-color); font-family: var(--h3_typography-font-family); font-size: var(--h3_typography-font-size); font-style: var(--h3_typography-font-style,normal); font-weight: var(--h3_typography-font-weight); letter-spacing: var(--h3_typography-letter-spacing); background-color: var(--content_bg_color);\">FUT Tekni\u011fi\u2019nin Dezavantajlar\u0131<\/span><\/h3><p>\u00a0<\/p><ul><li>Sa\u00e7 \u00e7\u0131karken \u00e7ok say\u0131da k\u0131l d\u00f6nmesi olur.<\/li><li>FUT Tekni\u011fi\u2019nde sa\u00e7l\u0131 deri par\u00e7as\u0131 enseden \u015feritler halinde al\u0131nd\u0131\u011f\u0131 i\u00e7in al\u0131nan par\u00e7adaki kaliteli ve kalitesiz t\u00fcm k\u0131llar ekilir.<\/li><li>Bu y\u00f6ntemde greftle birlikte deri de al\u0131nd\u0131\u011f\u0131 ve o b\u00f6lgeye diki\u015f at\u0131ld\u0131\u011f\u0131 i\u00e7in al\u0131m yerinde 15-20 cm\u2019lik bir diki\u015f izi kal\u0131r.<\/li><li>Enseden sa\u00e7l\u0131 deri par\u00e7as\u0131 al\u0131n\u0131rken 300-500 ml kanama olur.<\/li><li>FUT Tekni\u011fi\u2019nde yeniden i\u015f ya\u015fam\u0131na d\u00f6n\u00fc\u015f 10-15 g\u00fcn\u00fc bulabilir.<\/li><li>Bu teknikte santimetrekareye en fazla 40-60 k\u00f6k ekilebilir.<\/li><li>Sa\u00e7 dipleri \u00e7ukur g\u00f6r\u00fcn\u00fcr.<\/li><li>Sa\u00e7lar cilde 90 derecelik bir a\u00e7\u0131yla ekilir ve dimdik \u00e7\u0131kar.<\/li><li>Uygulama cilt nakli \u015feklinde yap\u0131ld\u0131\u011f\u0131ndan tepe b\u00f6lgesi 20-30 santimetrekare geni\u015fler.<\/li><li>Sadece sa\u00e7lar\u0131n tamamen d\u00f6k\u00fcld\u00fc\u011f\u00fc b\u00f6lgeye ekim yap\u0131labilir. Uygulama sonras\u0131nda ise ekilen sa\u00e7lar\u0131n tamam\u0131 ge\u00e7ici olarak d\u00f6k\u00fcl\u00fcr.<\/li><li>Ensede 4-8 ay boyunca bir uyu\u015fukluk hissi olur.<\/li><li>Al\u0131nan sa\u00e7lar\u0131n ortalama %80\u2019i ekilebilir; %15-30 kadar\u0131 ay\u0131klama a\u015famas\u0131nda \u00f6l\u00fcr.<\/li><li>G\u00f6zler a\u015f\u0131r\u0131 derecede \u015fi\u015fer.<\/li><li>Bir seansta minimum 700, maksimum 3 bin k\u00f6k ekilebilir daha fazla ekilemez. \u00dcstelik al\u0131nan \u00fccret ayn\u0131d\u0131r.<\/li><li>Uygulaman\u0131n yap\u0131ld\u0131\u011f\u0131 ki\u015fiye ac\u0131 hissetmemesi i\u00e7in y\u00fcksek miktarda anestezik ila\u00e7 verilir.<\/li><li>Ameliyat s\u00fcreci a\u011fr\u0131l\u0131d\u0131r ve iltihap riski y\u00fcksektir..<\/li><li>Ameliyat sonras\u0131nda derinin al\u0131nd\u0131\u011f\u0131 b\u00f6lgeye 10-15 g\u00fcn pansuman yap\u0131lmas\u0131 gerekir.<\/li><\/ul>\t\t\t\t\t\t\t\t<\/div>\n\t\t\t\t<div class=\"elementor-element elementor-element-764c46e2 elementor-widget-divider--view-line_icon elementor-view-default elementor-widget-divider--element-align-center elementor-widget elementor-widget-divider\" data-id=\"764c46e2\" data-element_type=\"widget\" data-e-type=\"widget\" data-widget_type=\"divider.default\">\n\t\t\t\t\t\t\t<div class=\"elementor-divider\">\n\t\t\t<span class=\"elementor-divider-separator\">\n\t\t\t\t\t\t\t<div class=\"elementor-icon elementor-divider__element\">\n\t\t\t\t\t<svg aria-hidden=\"true\" class=\"e-font-icon-svg e-fas-plus-square\" viewBox=\"0 0 448 512\" xmlns=\"http:\/\/www.w3.org\/2000\/svg\"><path d=\"M400 32H48C21.5 32 0 53.5 0 80v352c0 26.5 21.5 48 48 48h352c26.5 0 48-21.5 48-48V80c0-26.5-21.5-48-48-48zm-32 252c0 6.6-5.4 12-12 12h-92v92c0 6.6-5.4 12-12 12h-56c-6.6 0-12-5.4-12-12v-92H92c-6.6 0-12-5.4-12-12v-56c0-6.6 5.4-12 12-12h92v-92c0-6.6 5.4-12 12-12h56c6.6 0 12 5.4 12 12v92h92c6.6 0 12 5.4 12 12v56z\"><\/path><\/svg><\/div>\n\t\t\t\t\t\t<\/span>\n\t\t<\/div>\n\t\t\t\t\t\t<\/div>\n\t\t\t\t\t<\/div>\n\t\t<\/div>\n\t\t\t\t\t<\/div>\n\t\t<\/section>\n\t\t\t\t<section class=\"wd-negative-gap elementor-section elementor-top-section elementor-element elementor-element-3cab4e2 elementor-section-boxed elementor-section-height-default elementor-section-height-default\" data-id=\"3cab4e2\" data-element_type=\"section\" data-e-type=\"section\">\n\t\t\t\t\t\t<div class=\"elementor-container elementor-column-gap-default\">\n\t\t\t\t\t<div class=\"elementor-column elementor-col-33 elementor-top-column elementor-element elementor-element-287b0a3\" data-id=\"287b0a3\" data-element_type=\"column\" data-e-type=\"column\" data-settings=\"{&quot;background_background&quot;:&quot;gradient&quot;}\">\n\t\t\t<div class=\"elementor-widget-wrap elementor-element-populated\">\n\t\t\t\t\t\t\t<\/div>\n\t\t<\/div>\n\t\t\t\t<div class=\"elementor-column elementor-col-66 elementor-top-column elementor-element elementor-element-7c3ae2d\" data-id=\"7c3ae2d\" data-element_type=\"column\" data-e-type=\"column\">\n\t\t\t<div class=\"elementor-widget-wrap elementor-element-populated\">\n\t\t\t\t\t\t<div class=\"elementor-element elementor-element-698cf5a1 elementor-widget elementor-widget-heading\" data-id=\"698cf5a1\" data-element_type=\"widget\" data-e-type=\"widget\" data-widget_type=\"heading.default\">\n\t\t\t\t\t<h2 class=\"elementor-heading-title elementor-size-default\">\u0130leti\u015fim!<\/h2>\t\t\t\t<\/div>\n\t\t\t\t<div class=\"elementor-element elementor-element-34a77e98 color-scheme-inherit text-left elementor-widget elementor-widget-text-editor\" data-id=\"34a77e98\" data-element_type=\"widget\" data-e-type=\"widget\" data-widget_type=\"text-editor.default\">\n\t\t\t\t\t\t\t\t\t<p>Bizimle ileti\u015fim kurabilir veya \u00fccretsiz kons\u00fcltasyon i\u00e7in form doldurabilirsiniz.<\/p><p><strong>Y\u00f6netim Ofisi:<\/strong> Cihannuma Mah. Akdo\u011fan Sok, No: 45\/2 Be\u015fikta\u015f, \u0130stanbul, T\u00fcrkiye<\/p><p><strong>Hastane:<\/strong>\u00a0Levent Mah. Yeni S\u00fcl\u00fcn Sok. No:13, 34353 Be\u015fikta\u015f\/\u0130stanbul<br \/><strong>Telefon:<\/strong> +90 (542) 334 1865<br \/><strong>Whatsapp :<\/strong> +90 (542) 334 1865<br \/><strong>Email:\u00a0<\/strong>info@estenbulhealth.com<\/p>\t\t\t\t\t\t\t\t<\/div>\n\t\t\t\t\t<\/div>\n\t\t<\/div>\n\t\t\t\t\t<\/div>\n\t\t<\/section>\n\t\t\t\t<\/div>\n\t\t","protected":false},"excerpt":{"rendered":"<p>FUT Tekni\u011fi Nedir? FUT (Follicular Unit Transplantation), sa\u00e7 ekimi teknolojisinin geli\u015fmesiyle birlikte uzmanlar taraf\u0131ndan rafa kald\u0131r\u0131lm\u0131\u015f, dezavantajlar\u0131 nedeniyle Estenbul Health<\/p>\n","protected":false},"author":24,"featured_media":0,"parent":0,"menu_order":0,"comment_status":"closed","ping_status":"closed","template":"","meta":{"content-type":"","footnotes":""},"class_list":["post-13397","page","type-page","status-publish","hentry"],"_links":{"self":[{"href":"https:\/\/estenbulhealth.com\/tr\/wp-json\/wp\/v2\/pages\/13397","targetHints":{"allow":["GET"]}}],"collection":[{"href":"https:\/\/estenbulhealth.com\/tr\/wp-json\/wp\/v2\/pages"}],"about":[{"href":"https:\/\/estenbulhealth.com\/tr\/wp-json\/wp\/v2\/types\/page"}],"author":[{"embeddable":true,"href":"https:\/\/estenbulhealth.com\/tr\/wp-json\/wp\/v2\/users\/24"}],"replies":[{"embeddable":true,"href":"https:\/\/estenbulhealth.com\/tr\/wp-json\/wp\/v2\/comments?post=13397"}],"version-history":[{"count":1,"href":"https:\/\/estenbulhealth.com\/tr\/wp-json\/wp\/v2\/pages\/13397\/revisions"}],"predecessor-version":[{"id":42174,"href":"https:\/\/estenbulhealth.com\/tr\/wp-json\/wp\/v2\/pages\/13397\/revisions\/42174"}],"wp:attachment":[{"href":"https:\/\/estenbulhealth.com\/tr\/wp-json\/wp\/v2\/media?parent=13397"}],"curies":[{"name":"wp","href":"https:\/\/api.w.org\/{rel}","templated":true}]}}