{"id":13373,"date":"2025-01-28T21:11:35","date_gmt":"2025-01-28T18:11:35","guid":{"rendered":"https:\/\/estenbulhealth.com\/fue-sac-ekimi\/"},"modified":"2025-01-28T21:18:09","modified_gmt":"2025-01-28T18:18:09","slug":"fue-sac-ekimi","status":"publish","type":"page","link":"https:\/\/estenbulhealth.com\/tr\/fue-sac-ekimi\/","title":{"rendered":"FUE Sa\u00e7 Ekimi"},"content":{"rendered":"\t\t<div data-elementor-type=\"wp-page\" data-elementor-id=\"13373\" class=\"elementor elementor-13373\">\n\t\t\t\t\t\t<section class=\"wd-negative-gap elementor-section elementor-top-section elementor-element elementor-element-6913d8b elementor-section-boxed elementor-section-height-default elementor-section-height-default\" data-id=\"6913d8b\" data-element_type=\"section\" data-e-type=\"section\" data-settings=\"{&quot;background_background&quot;:&quot;classic&quot;}\">\n\t\t\t\t\t\t<div class=\"elementor-container elementor-column-gap-default\">\n\t\t\t\t\t<div class=\"elementor-column elementor-col-50 elementor-top-column elementor-element elementor-element-637c88d\" data-id=\"637c88d\" data-element_type=\"column\" data-e-type=\"column\">\n\t\t\t<div class=\"elementor-widget-wrap elementor-element-populated\">\n\t\t\t\t\t\t<div class=\"elementor-element elementor-element-715aed3 color-scheme-inherit text-left elementor-widget elementor-widget-text-editor\" data-id=\"715aed3\" data-element_type=\"widget\" data-e-type=\"widget\" data-widget_type=\"text-editor.default\">\n\t\t\t\t\t\t\t\t\t<h2>FUE Sa\u00e7 Ekim Tekni\u011fi Nedir?<\/h2><p>FUE (Follicular Unit Extraction) Slit Tekni\u011fi\u2019nde greftlerin (sa\u00e7 k\u00f6klerinin) i\u00e7ine yerle\u015ftirilece\u011fi mikro kanallar metal (\u00e7elik) u\u00e7larla a\u00e7\u0131l\u0131yor. FUE Slit Tekni\u011fi\u2019nde de greftler, di\u011fer ekim tekniklerinde oldu\u011fu gibi FUE Tekni\u011fi kullan\u0131larak al\u0131n\u0131yor.<\/p>\t\t\t\t\t\t\t\t<\/div>\n\t\t\t\t\t<\/div>\n\t\t<\/div>\n\t\t\t\t<div class=\"elementor-column elementor-col-50 elementor-top-column elementor-element elementor-element-8b90730\" data-id=\"8b90730\" data-element_type=\"column\" data-e-type=\"column\">\n\t\t\t<div class=\"elementor-widget-wrap elementor-element-populated\">\n\t\t\t\t\t\t<div class=\"elementor-element elementor-element-c34ca87 elementor-widget elementor-widget-image\" data-id=\"c34ca87\" data-element_type=\"widget\" data-e-type=\"widget\" data-widget_type=\"image.default\">\n\t\t\t\t\t\t\t\t\t\t\t\t\t\t\t<img loading=\"lazy\" decoding=\"async\" width=\"1024\" height=\"683\" src=\"https:\/\/estenbulhealth.com\/wp-content\/uploads\/2021\/08\/hair-transplant-in-turkey-with-estenbul-health-1024x683.jpeg\" class=\"attachment-large size-large wp-image-15471\" alt=\"Hair Transplant in Turkey with Estenbul Health\" srcset=\"https:\/\/estenbulhealth.com\/wp-content\/uploads\/2021\/08\/hair-transplant-in-turkey-with-estenbul-health-1024x683.jpeg 1024w, https:\/\/estenbulhealth.com\/wp-content\/uploads\/2021\/08\/hair-transplant-in-turkey-with-estenbul-health-300x200.jpeg 300w, https:\/\/estenbulhealth.com\/wp-content\/uploads\/2021\/08\/hair-transplant-in-turkey-with-estenbul-health-768x512.jpeg 768w, https:\/\/estenbulhealth.com\/wp-content\/uploads\/2021\/08\/hair-transplant-in-turkey-with-estenbul-health-1536x1024.jpeg 1536w, https:\/\/estenbulhealth.com\/wp-content\/uploads\/2021\/08\/hair-transplant-in-turkey-with-estenbul-health-2048x1365.jpeg 2048w, https:\/\/estenbulhealth.com\/wp-content\/uploads\/2021\/08\/hair-transplant-in-turkey-with-estenbul-health-200x133.jpeg 200w, https:\/\/estenbulhealth.com\/wp-content\/uploads\/2021\/08\/hair-transplant-in-turkey-with-estenbul-health-400x267.jpeg 400w, https:\/\/estenbulhealth.com\/wp-content\/uploads\/2021\/08\/hair-transplant-in-turkey-with-estenbul-health-600x400.jpeg 600w, https:\/\/estenbulhealth.com\/wp-content\/uploads\/2021\/08\/hair-transplant-in-turkey-with-estenbul-health-800x533.jpeg 800w, https:\/\/estenbulhealth.com\/wp-content\/uploads\/2021\/08\/hair-transplant-in-turkey-with-estenbul-health-1200x800.jpeg 1200w\" sizes=\"auto, (max-width: 1024px) 100vw, 1024px\" title=\"\">\t\t\t\t\t\t\t\t\t\t\t\t\t\t\t<\/div>\n\t\t\t\t\t<\/div>\n\t\t<\/div>\n\t\t\t\t\t<\/div>\n\t\t<\/section>\n\t\t\t\t<section class=\"wd-negative-gap elementor-section elementor-top-section elementor-element elementor-element-cfffa36 elementor-section-boxed elementor-section-height-default elementor-section-height-default\" data-id=\"cfffa36\" data-element_type=\"section\" data-e-type=\"section\">\n\t\t\t\t\t\t<div class=\"elementor-container elementor-column-gap-default\">\n\t\t\t\t\t<div class=\"elementor-column elementor-col-100 elementor-top-column elementor-element elementor-element-adc02be\" data-id=\"adc02be\" data-element_type=\"column\" data-e-type=\"column\">\n\t\t\t<div class=\"elementor-widget-wrap elementor-element-populated\">\n\t\t\t\t\t\t<div class=\"elementor-element elementor-element-5172ae6 elementor-widget elementor-widget-heading\" data-id=\"5172ae6\" data-element_type=\"widget\" data-e-type=\"widget\" data-widget_type=\"heading.default\">\n\t\t\t\t\t<h2 class=\"elementor-heading-title elementor-size-default\">FUE Sa\u00e7 Ekim Tekni\u011fi nas\u0131l uygulan\u0131r?<\/h2>\t\t\t\t<\/div>\n\t\t\t\t\t<\/div>\n\t\t<\/div>\n\t\t\t\t\t<\/div>\n\t\t<\/section>\n\t\t\t\t<section class=\"wd-negative-gap elementor-section elementor-top-section elementor-element elementor-element-05b8b0b elementor-section-boxed elementor-section-height-default elementor-section-height-default\" data-id=\"05b8b0b\" data-element_type=\"section\" data-e-type=\"section\">\n\t\t\t\t\t\t<div class=\"elementor-container elementor-column-gap-default\">\n\t\t\t\t\t<div class=\"elementor-column elementor-col-100 elementor-top-column elementor-element elementor-element-89377d0\" data-id=\"89377d0\" data-element_type=\"column\" data-e-type=\"column\">\n\t\t\t<div class=\"elementor-widget-wrap elementor-element-populated\">\n\t\t\t\t\t\t<div class=\"elementor-element elementor-element-90ede83 elementor-widget elementor-widget-toggle\" data-id=\"90ede83\" data-element_type=\"widget\" data-e-type=\"widget\" data-widget_type=\"toggle.default\">\n\t\t\t\t\t\t\t<div class=\"elementor-toggle\">\n\t\t\t\t\t\t\t<div class=\"elementor-toggle-item\">\n\t\t\t\t\t<div id=\"elementor-tab-title-1511\" class=\"elementor-tab-title\" data-tab=\"1\" role=\"button\" aria-controls=\"elementor-tab-content-1511\" aria-expanded=\"false\">\n\t\t\t\t\t\t\t\t\t\t\t\t<span class=\"elementor-toggle-icon elementor-toggle-icon-left\" aria-hidden=\"true\">\n\t\t\t\t\t\t\t\t\t\t\t\t\t\t\t<span class=\"elementor-toggle-icon-closed\"><svg class=\"e-font-icon-svg e-fas-caret-right\" viewBox=\"0 0 192 512\" xmlns=\"http:\/\/www.w3.org\/2000\/svg\"><path d=\"M0 384.662V127.338c0-17.818 21.543-26.741 34.142-14.142l128.662 128.662c7.81 7.81 7.81 20.474 0 28.284L34.142 398.804C21.543 411.404 0 402.48 0 384.662z\"><\/path><\/svg><\/span>\n\t\t\t\t\t\t\t\t<span class=\"elementor-toggle-icon-opened\"><svg class=\"elementor-toggle-icon-opened e-font-icon-svg e-fas-caret-up\" viewBox=\"0 0 320 512\" xmlns=\"http:\/\/www.w3.org\/2000\/svg\"><path d=\"M288.662 352H31.338c-17.818 0-26.741-21.543-14.142-34.142l128.662-128.662c7.81-7.81 20.474-7.81 28.284 0l128.662 128.662c12.6 12.599 3.676 34.142-14.142 34.142z\"><\/path><\/svg><\/span>\n\t\t\t\t\t\t\t\t\t\t\t\t\t<\/span>\n\t\t\t\t\t\t\t\t\t\t\t\t<a class=\"elementor-toggle-title\" tabindex=\"0\">Planlama : <\/a>\n\t\t\t\t\t<\/div>\n\n\t\t\t\t\t<div id=\"elementor-tab-content-1511\" class=\"elementor-tab-content elementor-clearfix\" data-tab=\"1\" role=\"region\" aria-labelledby=\"elementor-tab-title-1511\"><p>Uzmanlar\u0131m\u0131z size en uygun sa\u00e7 \u00e7izgisini, greft say\u0131s\u0131n\u0131 ve uygulama plan\u0131n\u0131 belirliyor.<\/p><p>\u00a0<\/p><p><img loading=\"lazy\" decoding=\"async\" class=\"alignnone size-full wp-image-23986\" src=\"https:\/\/estenbulhealth.com\/wp-content\/uploads\/2022\/08\/fue-sac-ekimi-sureci-300x225-1.jpeg\" alt=\"FUE Sa\u00e7 Ekimi S\u00fcreci Planlama\" width=\"300\" height=\"225\" title=\"\" srcset=\"https:\/\/estenbulhealth.com\/wp-content\/uploads\/2022\/08\/fue-sac-ekimi-sureci-300x225-1.jpeg 300w, https:\/\/estenbulhealth.com\/wp-content\/uploads\/2022\/08\/fue-sac-ekimi-sureci-300x225-1-200x150.jpeg 200w\" sizes=\"auto, (max-width: 300px) 100vw, 300px\" \/><\/p><\/div>\n\t\t\t\t<\/div>\n\t\t\t\t\t\t\t<div class=\"elementor-toggle-item\">\n\t\t\t\t\t<div id=\"elementor-tab-title-1512\" class=\"elementor-tab-title\" data-tab=\"2\" role=\"button\" aria-controls=\"elementor-tab-content-1512\" aria-expanded=\"false\">\n\t\t\t\t\t\t\t\t\t\t\t\t<span class=\"elementor-toggle-icon elementor-toggle-icon-left\" aria-hidden=\"true\">\n\t\t\t\t\t\t\t\t\t\t\t\t\t\t\t<span class=\"elementor-toggle-icon-closed\"><svg class=\"e-font-icon-svg e-fas-caret-right\" viewBox=\"0 0 192 512\" xmlns=\"http:\/\/www.w3.org\/2000\/svg\"><path d=\"M0 384.662V127.338c0-17.818 21.543-26.741 34.142-14.142l128.662 128.662c7.81 7.81 7.81 20.474 0 28.284L34.142 398.804C21.543 411.404 0 402.48 0 384.662z\"><\/path><\/svg><\/span>\n\t\t\t\t\t\t\t\t<span class=\"elementor-toggle-icon-opened\"><svg class=\"elementor-toggle-icon-opened e-font-icon-svg e-fas-caret-up\" viewBox=\"0 0 320 512\" xmlns=\"http:\/\/www.w3.org\/2000\/svg\"><path d=\"M288.662 352H31.338c-17.818 0-26.741-21.543-14.142-34.142l128.662-128.662c7.81-7.81 20.474-7.81 28.284 0l128.662 128.662c12.6 12.599 3.676 34.142-14.142 34.142z\"><\/path><\/svg><\/span>\n\t\t\t\t\t\t\t\t\t\t\t\t\t<\/span>\n\t\t\t\t\t\t\t\t\t\t\t\t<a class=\"elementor-toggle-title\" tabindex=\"0\">Haz\u0131rl\u0131k :<\/a>\n\t\t\t\t\t<\/div>\n\n\t\t\t\t\t<div id=\"elementor-tab-content-1512\" class=\"elementor-tab-content elementor-clearfix\" data-tab=\"2\" role=\"region\" aria-labelledby=\"elementor-tab-title-1512\"><p>\u0130\u015flemin yap\u0131laca\u011f\u0131 b\u00f6lge sterilize ediliyor ve hi\u00e7 ac\u0131 hissetmemeniz i\u00e7in lokal anestezi uygulan\u0131yor. Lokal anestezi, ultra ince u\u00e7lu bir i\u011fneyle etken maddenin ilgili b\u00f6lgelere enjekte edilmesiyle ger\u00e7ekle\u015ftiriliyor. \u0130\u011fneden korkanlar i\u00e7inse olduk\u00e7a kolay ve ac\u0131s\u0131z bir alternatif var. Bas\u0131n\u00e7l\u0131 bir p\u00fcsk\u00fcrtme i\u015flemiyle etken maddenin ac\u0131s\u0131z bir \u015fekilde deriye n\u00fcfuz etmesini sa\u011fl\u0131yor, anestezi i\u00e7in gerekli olan i\u011fneyi o b\u00f6lge uyu\u015ftuktan sonra uyguluyoruz. B\u00f6ylelikle hi\u00e7 ac\u0131 hissetmiyorsunuz.<\/p><p>\u00a0<\/p><p><img loading=\"lazy\" decoding=\"async\" class=\"alignnone size-full wp-image-24047\" src=\"https:\/\/estenbulhealth.com\/wp-content\/uploads\/2022\/08\/fue-sac-ekim-sureci-1-300x169-1.jpeg\" alt=\"Hair Transplant in Turkey with Estenbul Health\" width=\"300\" height=\"169\" title=\"\" srcset=\"https:\/\/estenbulhealth.com\/wp-content\/uploads\/2022\/08\/fue-sac-ekim-sureci-1-300x169-1.jpeg 300w, https:\/\/estenbulhealth.com\/wp-content\/uploads\/2022\/08\/fue-sac-ekim-sureci-1-300x169-1-200x113.jpeg 200w\" sizes=\"auto, (max-width: 300px) 100vw, 300px\" \/><\/p><\/div>\n\t\t\t\t<\/div>\n\t\t\t\t\t\t\t<div class=\"elementor-toggle-item\">\n\t\t\t\t\t<div id=\"elementor-tab-title-1513\" class=\"elementor-tab-title\" data-tab=\"3\" role=\"button\" aria-controls=\"elementor-tab-content-1513\" aria-expanded=\"false\">\n\t\t\t\t\t\t\t\t\t\t\t\t<span class=\"elementor-toggle-icon elementor-toggle-icon-left\" aria-hidden=\"true\">\n\t\t\t\t\t\t\t\t\t\t\t\t\t\t\t<span class=\"elementor-toggle-icon-closed\"><svg class=\"e-font-icon-svg e-fas-caret-right\" viewBox=\"0 0 192 512\" xmlns=\"http:\/\/www.w3.org\/2000\/svg\"><path d=\"M0 384.662V127.338c0-17.818 21.543-26.741 34.142-14.142l128.662 128.662c7.81 7.81 7.81 20.474 0 28.284L34.142 398.804C21.543 411.404 0 402.48 0 384.662z\"><\/path><\/svg><\/span>\n\t\t\t\t\t\t\t\t<span class=\"elementor-toggle-icon-opened\"><svg class=\"elementor-toggle-icon-opened e-font-icon-svg e-fas-caret-up\" viewBox=\"0 0 320 512\" xmlns=\"http:\/\/www.w3.org\/2000\/svg\"><path d=\"M288.662 352H31.338c-17.818 0-26.741-21.543-14.142-34.142l128.662-128.662c7.81-7.81 20.474-7.81 28.284 0l128.662 128.662c12.6 12.599 3.676 34.142-14.142 34.142z\"><\/path><\/svg><\/span>\n\t\t\t\t\t\t\t\t\t\t\t\t\t<\/span>\n\t\t\t\t\t\t\t\t\t\t\t\t<a class=\"elementor-toggle-title\" tabindex=\"0\">Greftlerin Toplanmas\u0131 :<\/a>\n\t\t\t\t\t<\/div>\n\n\t\t\t\t\t<div id=\"elementor-tab-content-1513\" class=\"elementor-tab-content elementor-clearfix\" data-tab=\"3\" role=\"region\" aria-labelledby=\"elementor-tab-title-1513\"><p>Greftleri genelde sa\u00e7lar\u0131n en g\u00fcr ve dayan\u0131kl\u0131 oldu\u011fu noktadan yani ensede, iki kulak aras\u0131ndaki b\u00f6lgeden topluyoruz. Bu b\u00f6lge tamam\u0131yla uyu\u015fmu\u015f oldu\u011fu i\u00e7in hi\u00e7bir \u015fey hissetmiyorsunuz. E\u011fer daha fazla grefte ihtiyac\u0131m\u0131z varsa g\u00f6\u011f\u00fcsten veya \u00e7ene alt\u0131ndan (erkekler i\u00e7in ge\u00e7erli) toplayabiliyoruz. Greftlerin tek tek topland\u0131\u011f\u0131 FUE Tekni\u011fi bize bu imkan\u0131 olduk\u00e7a estetik bir bi\u00e7imde sa\u011fl\u0131yor.<\/p><p><img loading=\"lazy\" decoding=\"async\" class=\"alignnone size-full wp-image-23897\" src=\"https:\/\/estenbulhealth.com\/wp-content\/uploads\/2022\/08\/fue-sac-ekim-sureci-2-300x225-1.jpeg\" alt=\"FUE Sa\u00e7 Ekim S\u00fcreci\" width=\"300\" height=\"225\" title=\"\" srcset=\"https:\/\/estenbulhealth.com\/wp-content\/uploads\/2022\/08\/fue-sac-ekim-sureci-2-300x225-1.jpeg 300w, https:\/\/estenbulhealth.com\/wp-content\/uploads\/2022\/08\/fue-sac-ekim-sureci-2-300x225-1-200x150.jpeg 200w\" sizes=\"auto, (max-width: 300px) 100vw, 300px\" \/><\/p><\/div>\n\t\t\t\t<\/div>\n\t\t\t\t\t\t\t<div class=\"elementor-toggle-item\">\n\t\t\t\t\t<div id=\"elementor-tab-title-1514\" class=\"elementor-tab-title\" data-tab=\"4\" role=\"button\" aria-controls=\"elementor-tab-content-1514\" aria-expanded=\"false\">\n\t\t\t\t\t\t\t\t\t\t\t\t<span class=\"elementor-toggle-icon elementor-toggle-icon-left\" aria-hidden=\"true\">\n\t\t\t\t\t\t\t\t\t\t\t\t\t\t\t<span class=\"elementor-toggle-icon-closed\"><svg class=\"e-font-icon-svg e-fas-caret-right\" viewBox=\"0 0 192 512\" xmlns=\"http:\/\/www.w3.org\/2000\/svg\"><path d=\"M0 384.662V127.338c0-17.818 21.543-26.741 34.142-14.142l128.662 128.662c7.81 7.81 7.81 20.474 0 28.284L34.142 398.804C21.543 411.404 0 402.48 0 384.662z\"><\/path><\/svg><\/span>\n\t\t\t\t\t\t\t\t<span class=\"elementor-toggle-icon-opened\"><svg class=\"elementor-toggle-icon-opened e-font-icon-svg e-fas-caret-up\" viewBox=\"0 0 320 512\" xmlns=\"http:\/\/www.w3.org\/2000\/svg\"><path d=\"M288.662 352H31.338c-17.818 0-26.741-21.543-14.142-34.142l128.662-128.662c7.81-7.81 20.474-7.81 28.284 0l128.662 128.662c12.6 12.599 3.676 34.142-14.142 34.142z\"><\/path><\/svg><\/span>\n\t\t\t\t\t\t\t\t\t\t\t\t\t<\/span>\n\t\t\t\t\t\t\t\t\t\t\t\t<a class=\"elementor-toggle-title\" tabindex=\"0\">Kanallar\u0131n A\u00e7\u0131lmas\u0131 :<\/a>\n\t\t\t\t\t<\/div>\n\n\t\t\t\t\t<div id=\"elementor-tab-content-1514\" class=\"elementor-tab-content elementor-clearfix\" data-tab=\"4\" role=\"region\" aria-labelledby=\"elementor-tab-title-1514\"><p>Bu a\u015famada metal u\u00e7larla greftlerin ekilece\u011fi b\u00f6lgeye do\u011fal sa\u00e7 y\u00f6n\u00fcnde mikro kanallar a\u00e7\u0131yoruz. Lokal anestezi alt\u0131nda oldu\u011funuz i\u00e7in bu i\u015flem yap\u0131l\u0131rken de hi\u00e7bir \u015fey hissetmiyorsunuz.<\/p><p>\u00a0<\/p><p><img loading=\"lazy\" decoding=\"async\" class=\"alignnone size-full wp-image-23795\" src=\"https:\/\/estenbulhealth.com\/wp-content\/uploads\/2022\/08\/fue-safir-sac-ekimi-nedir-300x200-1.jpeg\" alt=\"Hair Transplant in Turkey with Estenbul Health\" width=\"300\" height=\"200\" title=\"\" srcset=\"https:\/\/estenbulhealth.com\/wp-content\/uploads\/2022\/08\/fue-safir-sac-ekimi-nedir-300x200-1.jpeg 300w, https:\/\/estenbulhealth.com\/wp-content\/uploads\/2022\/08\/fue-safir-sac-ekimi-nedir-300x200-1-200x133.jpeg 200w\" sizes=\"auto, (max-width: 300px) 100vw, 300px\" \/><\/p><\/div>\n\t\t\t\t<\/div>\n\t\t\t\t\t\t\t<div class=\"elementor-toggle-item\">\n\t\t\t\t\t<div id=\"elementor-tab-title-1515\" class=\"elementor-tab-title\" data-tab=\"5\" role=\"button\" aria-controls=\"elementor-tab-content-1515\" aria-expanded=\"false\">\n\t\t\t\t\t\t\t\t\t\t\t\t<span class=\"elementor-toggle-icon elementor-toggle-icon-left\" aria-hidden=\"true\">\n\t\t\t\t\t\t\t\t\t\t\t\t\t\t\t<span class=\"elementor-toggle-icon-closed\"><svg class=\"e-font-icon-svg e-fas-caret-right\" viewBox=\"0 0 192 512\" xmlns=\"http:\/\/www.w3.org\/2000\/svg\"><path d=\"M0 384.662V127.338c0-17.818 21.543-26.741 34.142-14.142l128.662 128.662c7.81 7.81 7.81 20.474 0 28.284L34.142 398.804C21.543 411.404 0 402.48 0 384.662z\"><\/path><\/svg><\/span>\n\t\t\t\t\t\t\t\t<span class=\"elementor-toggle-icon-opened\"><svg class=\"elementor-toggle-icon-opened e-font-icon-svg e-fas-caret-up\" viewBox=\"0 0 320 512\" xmlns=\"http:\/\/www.w3.org\/2000\/svg\"><path d=\"M288.662 352H31.338c-17.818 0-26.741-21.543-14.142-34.142l128.662-128.662c7.81-7.81 20.474-7.81 28.284 0l128.662 128.662c12.6 12.599 3.676 34.142-14.142 34.142z\"><\/path><\/svg><\/span>\n\t\t\t\t\t\t\t\t\t\t\t\t\t<\/span>\n\t\t\t\t\t\t\t\t\t\t\t\t<a class=\"elementor-toggle-title\" tabindex=\"0\">Ekimin Ger\u00e7ekle\u015ftirilmesi :<\/a>\n\t\t\t\t\t<\/div>\n\n\t\t\t\t\t<div id=\"elementor-tab-content-1515\" class=\"elementor-tab-content elementor-clearfix\" data-tab=\"5\" role=\"region\" aria-labelledby=\"elementor-tab-title-1515\"><p>Toplad\u0131\u011f\u0131m\u0131z greftleri belirlenen b\u00f6lgelere en uygun s\u0131kl\u0131k ve a\u00e7\u0131yla ekiyoruz.<\/p><p>\u00a0<\/p><\/div>\n\t\t\t\t<\/div>\n\t\t\t\t\t\t\t<div class=\"elementor-toggle-item\">\n\t\t\t\t\t<div id=\"elementor-tab-title-1516\" class=\"elementor-tab-title\" data-tab=\"6\" role=\"button\" aria-controls=\"elementor-tab-content-1516\" aria-expanded=\"false\">\n\t\t\t\t\t\t\t\t\t\t\t\t<span class=\"elementor-toggle-icon elementor-toggle-icon-left\" aria-hidden=\"true\">\n\t\t\t\t\t\t\t\t\t\t\t\t\t\t\t<span class=\"elementor-toggle-icon-closed\"><svg class=\"e-font-icon-svg e-fas-caret-right\" viewBox=\"0 0 192 512\" xmlns=\"http:\/\/www.w3.org\/2000\/svg\"><path d=\"M0 384.662V127.338c0-17.818 21.543-26.741 34.142-14.142l128.662 128.662c7.81 7.81 7.81 20.474 0 28.284L34.142 398.804C21.543 411.404 0 402.48 0 384.662z\"><\/path><\/svg><\/span>\n\t\t\t\t\t\t\t\t<span class=\"elementor-toggle-icon-opened\"><svg class=\"elementor-toggle-icon-opened e-font-icon-svg e-fas-caret-up\" viewBox=\"0 0 320 512\" xmlns=\"http:\/\/www.w3.org\/2000\/svg\"><path d=\"M288.662 352H31.338c-17.818 0-26.741-21.543-14.142-34.142l128.662-128.662c7.81-7.81 20.474-7.81 28.284 0l128.662 128.662c12.6 12.599 3.676 34.142-14.142 34.142z\"><\/path><\/svg><\/span>\n\t\t\t\t\t\t\t\t\t\t\t\t\t<\/span>\n\t\t\t\t\t\t\t\t\t\t\t\t<a class=\"elementor-toggle-title\" tabindex=\"0\">Uygulama Sonras\u0131 S\u00fcre\u00e7 :<\/a>\n\t\t\t\t\t<\/div>\n\n\t\t\t\t\t<div id=\"elementor-tab-content-1516\" class=\"elementor-tab-content elementor-clearfix\" data-tab=\"6\" role=\"region\" aria-labelledby=\"elementor-tab-title-1516\"><p>Uygulaman\u0131n yap\u0131ld\u0131\u011f\u0131 g\u00fcn sa\u00e7 k\u00f6klerine PRP tedavisi uyguluyoruz. Bir ya da 2 g\u00fcn sonra ilk y\u0131kama i\u015flemi klini\u011fimizde, uzman bir ekip taraf\u0131ndan yap\u0131l\u0131yor. Y\u0131kama esnas\u0131nda sizi, sa\u00e7\u0131n\u0131z\u0131 nas\u0131l y\u0131kaman\u0131z gerekti\u011fine dair bilgilendiriyoruz. Uygulamadan 10 g\u00fcn sonra kabuk d\u00f6kme y\u0131kamas\u0131 yap\u0131yoruz. Bu s\u00fcre\u00e7te ihtiya\u00e7 dahilinde PRP tedavisi, vitamin takviyesi ve ozon ya\u011f\u0131 tedavisi yapmay\u0131 \u00f6neriyoruz. Uygulama sonras\u0131nda t\u00fcm misafirlerimizle 12 ila 18 ay boyunca ileti\u015fimde kal\u0131yor; t\u00fcm a\u015famalar\u0131 takip ederek gerekli deste\u011fi veriyoruz.<\/p><p>\u00a0<\/p><p><img loading=\"lazy\" decoding=\"async\" class=\"alignnone size-full wp-image-23914\" src=\"https:\/\/estenbulhealth.com\/wp-content\/uploads\/2022\/08\/sac-ekimi-turkiye-istanbul-300x200-1.jpeg\" alt=\"Sa\u00e7 Ekimi T\u00fcrkiye\" width=\"300\" height=\"200\" title=\"\" srcset=\"https:\/\/estenbulhealth.com\/wp-content\/uploads\/2022\/08\/sac-ekimi-turkiye-istanbul-300x200-1.jpeg 300w, https:\/\/estenbulhealth.com\/wp-content\/uploads\/2022\/08\/sac-ekimi-turkiye-istanbul-300x200-1-200x133.jpeg 200w\" sizes=\"auto, (max-width: 300px) 100vw, 300px\" \/><\/p><\/div>\n\t\t\t\t<\/div>\n\t\t\t\t\t\t\t\t<\/div>\n\t\t\t\t\t\t<\/div>\n\t\t\t\t\t<\/div>\n\t\t<\/div>\n\t\t\t\t\t<\/div>\n\t\t<\/section>\n\t\t\t\t<section class=\"wd-negative-gap elementor-section elementor-top-section elementor-element elementor-element-4bfeebdf elementor-section-boxed elementor-section-height-default elementor-section-height-default\" data-id=\"4bfeebdf\" data-element_type=\"section\" data-e-type=\"section\">\n\t\t\t\t\t\t<div class=\"elementor-container elementor-column-gap-default\">\n\t\t\t\t\t<div class=\"elementor-column elementor-col-100 elementor-top-column elementor-element elementor-element-26d8541d\" data-id=\"26d8541d\" data-element_type=\"column\" data-e-type=\"column\">\n\t\t\t<div class=\"elementor-widget-wrap elementor-element-populated\">\n\t\t\t\t\t\t<div class=\"elementor-element elementor-element-26a85873 elementor-widget-divider--view-line_icon elementor-view-default elementor-widget-divider--element-align-center elementor-widget elementor-widget-divider\" data-id=\"26a85873\" data-element_type=\"widget\" data-e-type=\"widget\" data-widget_type=\"divider.default\">\n\t\t\t\t\t\t\t<div class=\"elementor-divider\">\n\t\t\t<span class=\"elementor-divider-separator\">\n\t\t\t\t\t\t\t<div class=\"elementor-icon elementor-divider__element\">\n\t\t\t\t\t<svg aria-hidden=\"true\" class=\"e-font-icon-svg e-fas-plus-square\" viewBox=\"0 0 448 512\" xmlns=\"http:\/\/www.w3.org\/2000\/svg\"><path d=\"M400 32H48C21.5 32 0 53.5 0 80v352c0 26.5 21.5 48 48 48h352c26.5 0 48-21.5 48-48V80c0-26.5-21.5-48-48-48zm-32 252c0 6.6-5.4 12-12 12h-92v92c0 6.6-5.4 12-12 12h-56c-6.6 0-12-5.4-12-12v-92H92c-6.6 0-12-5.4-12-12v-56c0-6.6 5.4-12 12-12h92v-92c0-6.6 5.4-12 12-12h56c6.6 0 12 5.4 12 12v92h92c6.6 0 12 5.4 12 12v56z\"><\/path><\/svg><\/div>\n\t\t\t\t\t\t<\/span>\n\t\t<\/div>\n\t\t\t\t\t\t<\/div>\n\t\t\t\t\t<\/div>\n\t\t<\/div>\n\t\t\t\t\t<\/div>\n\t\t<\/section>\n\t\t\t\t<section class=\"wd-negative-gap elementor-section elementor-top-section elementor-element elementor-element-36bfb61 elementor-section-boxed elementor-section-height-default elementor-section-height-default\" data-id=\"36bfb61\" data-element_type=\"section\" data-e-type=\"section\">\n\t\t\t\t\t\t<div class=\"elementor-container elementor-column-gap-default\">\n\t\t\t\t\t<div class=\"elementor-column elementor-col-33 elementor-top-column elementor-element elementor-element-33de582\" data-id=\"33de582\" data-element_type=\"column\" data-e-type=\"column\" data-settings=\"{&quot;background_background&quot;:&quot;gradient&quot;}\">\n\t\t\t<div class=\"elementor-widget-wrap elementor-element-populated\">\n\t\t\t\t\t\t\t<\/div>\n\t\t<\/div>\n\t\t\t\t<div class=\"elementor-column elementor-col-66 elementor-top-column elementor-element elementor-element-7d79aaf\" data-id=\"7d79aaf\" data-element_type=\"column\" data-e-type=\"column\">\n\t\t\t<div class=\"elementor-widget-wrap elementor-element-populated\">\n\t\t\t\t\t\t<div class=\"elementor-element elementor-element-39a24d63 elementor-widget elementor-widget-heading\" data-id=\"39a24d63\" data-element_type=\"widget\" data-e-type=\"widget\" data-widget_type=\"heading.default\">\n\t\t\t\t\t<h2 class=\"elementor-heading-title elementor-size-default\">\u0130leti\u015fim!<\/h2>\t\t\t\t<\/div>\n\t\t\t\t<div class=\"elementor-element elementor-element-28055e25 color-scheme-inherit text-left elementor-widget elementor-widget-text-editor\" data-id=\"28055e25\" data-element_type=\"widget\" data-e-type=\"widget\" data-widget_type=\"text-editor.default\">\n\t\t\t\t\t\t\t\t\t<p>Bizimle ileti\u015fim kurabilir veya \u00fccretsiz kons\u00fcltasyon i\u00e7in form doldurabilirsiniz.<\/p><p><strong>Y\u00f6netim Ofisi:<\/strong> Cihannuma Mah. Akdo\u011fan Sok, No: 45\/2 Be\u015fikta\u015f, \u0130stanbul T\u00fcrkiye<\/p><p><strong>Hastene:<\/strong>\u00a0Levent Mah. Yeni S\u00fcl\u00fcn Sok. No:13, 34353 Be\u015fikta\u015f\/\u0130stanbul<br \/><strong>Telefon:<\/strong> +90 (542) 334 1865<br \/><strong>Whatsapp :<\/strong> +90 (542) 334 1865<br \/><strong>Email:\u00a0<\/strong>info@estenbulhealth.com<\/p>\t\t\t\t\t\t\t\t<\/div>\n\t\t\t\t\t<\/div>\n\t\t<\/div>\n\t\t\t\t\t<\/div>\n\t\t<\/section>\n\t\t\t\t<\/div>\n\t\t","protected":false},"excerpt":{"rendered":"<p>FUE Sa\u00e7 Ekim Tekni\u011fi Nedir? FUE (Follicular Unit Extraction) Slit Tekni\u011fi\u2019nde greftlerin (sa\u00e7 k\u00f6klerinin) i\u00e7ine yerle\u015ftirilece\u011fi mikro kanallar metal (\u00e7elik)<\/p>\n","protected":false},"author":24,"featured_media":0,"parent":0,"menu_order":0,"comment_status":"closed","ping_status":"closed","template":"","meta":{"content-type":"","footnotes":""},"class_list":["post-13373","page","type-page","status-publish","hentry"],"_links":{"self":[{"href":"https:\/\/estenbulhealth.com\/tr\/wp-json\/wp\/v2\/pages\/13373","targetHints":{"allow":["GET"]}}],"collection":[{"href":"https:\/\/estenbulhealth.com\/tr\/wp-json\/wp\/v2\/pages"}],"about":[{"href":"https:\/\/estenbulhealth.com\/tr\/wp-json\/wp\/v2\/types\/page"}],"author":[{"embeddable":true,"href":"https:\/\/estenbulhealth.com\/tr\/wp-json\/wp\/v2\/users\/24"}],"replies":[{"embeddable":true,"href":"https:\/\/estenbulhealth.com\/tr\/wp-json\/wp\/v2\/comments?post=13373"}],"version-history":[{"count":1,"href":"https:\/\/estenbulhealth.com\/tr\/wp-json\/wp\/v2\/pages\/13373\/revisions"}],"predecessor-version":[{"id":42171,"href":"https:\/\/estenbulhealth.com\/tr\/wp-json\/wp\/v2\/pages\/13373\/revisions\/42171"}],"wp:attachment":[{"href":"https:\/\/estenbulhealth.com\/tr\/wp-json\/wp\/v2\/media?parent=13373"}],"curies":[{"name":"wp","href":"https:\/\/api.w.org\/{rel}","templated":true}]}}