{"id":13354,"date":"2025-01-28T21:11:34","date_gmt":"2025-01-28T18:11:34","guid":{"rendered":"https:\/\/estenbulhealth.com\/fue-teknigi-follicular-unit-extraction\/"},"modified":"2025-01-28T21:18:13","modified_gmt":"2025-01-28T18:18:13","slug":"fue-teknigi-follicular-unit-extraction","status":"publish","type":"page","link":"https:\/\/estenbulhealth.com\/tr\/fue-teknigi-follicular-unit-extraction\/","title":{"rendered":"FUE Tekni\u011fi (Follicular Unit Extraction)"},"content":{"rendered":"\t\t<div data-elementor-type=\"wp-page\" data-elementor-id=\"13354\" class=\"elementor elementor-13354\">\n\t\t\t\t\t\t<section class=\"wd-negative-gap elementor-section elementor-top-section elementor-element elementor-element-de3c43c elementor-section-boxed elementor-section-height-default elementor-section-height-default\" data-id=\"de3c43c\" data-element_type=\"section\" data-e-type=\"section\">\n\t\t\t\t\t\t<div class=\"elementor-container elementor-column-gap-default\">\n\t\t\t\t\t<div class=\"elementor-column elementor-col-50 elementor-top-column elementor-element elementor-element-f5f9367\" data-id=\"f5f9367\" data-element_type=\"column\" data-e-type=\"column\">\n\t\t\t<div class=\"elementor-widget-wrap elementor-element-populated\">\n\t\t\t\t\t\t<div class=\"elementor-element elementor-element-bce1bfa color-scheme-inherit text-left elementor-widget elementor-widget-text-editor\" data-id=\"bce1bfa\" data-element_type=\"widget\" data-e-type=\"widget\" data-widget_type=\"text-editor.default\">\n\t\t\t\t\t\t\t\t\t<h2>FUE Tekni\u011fi Nedir?<\/h2><p>2005 y\u0131l\u0131ndan bu yana uygulanan ve sa\u00e7 d\u00f6k\u00fclmesine \u00e7\u00f6z\u00fcm arayan binlerce insan\u0131n do\u011fal g\u00f6r\u00fcn\u00fcml\u00fc, g\u00fcr ve sa\u011fl\u0131kl\u0131 sa\u00e7lara kavu\u015fmas\u0131n\u0131 sa\u011flayan FUE (Follicular Unit Extraction), temelde bir greft (sa\u00e7 k\u00f6k\u00fc) al\u0131m y\u00f6ntemidir. FUE tekni\u011finde greftler ensede, sa\u00e7lar\u0131n en g\u00fc\u00e7l\u00fc oldu\u011fu iki kulak aras\u0131nda kalan b\u00f6lgeden (erkeklerde, gerekli durumlarda g\u00f6\u011f\u00fcs ve \u00e7ene alt\u0131ndan) tek tek toplan\u0131r; sonras\u0131nda ise \u201cDHI\u201d, \u201cSafir\u201d ve \u201cSlit\u201d ad\u0131 verilen \u00fc\u00e7 farkl\u0131 ekim tekni\u011finden biri kullan\u0131larak ilgili b\u00f6lgeye ekilir. Yani yayg\u0131n bilinenin aksine FUE bir sa\u00e7 ekim tekni\u011fi de\u011fil, greft al\u0131m y\u00f6ntemidir. Sa\u00e7 ekiminde kullan\u0131lacak teknik hangisi olursa olsun greftler sadece ve sadece FUE tekni\u011fi ile toplan\u0131r.<\/p>\t\t\t\t\t\t\t\t<\/div>\n\t\t\t\t\t<\/div>\n\t\t<\/div>\n\t\t\t\t<div class=\"elementor-column elementor-col-50 elementor-top-column elementor-element elementor-element-6878808\" data-id=\"6878808\" data-element_type=\"column\" data-e-type=\"column\">\n\t\t\t<div class=\"elementor-widget-wrap elementor-element-populated\">\n\t\t\t\t\t\t<div class=\"elementor-element elementor-element-ead560e elementor-widget elementor-widget-image\" data-id=\"ead560e\" data-element_type=\"widget\" data-e-type=\"widget\" data-widget_type=\"image.default\">\n\t\t\t\t\t\t\t\t\t\t\t\t\t\t\t<img loading=\"lazy\" decoding=\"async\" width=\"1000\" height=\"800\" src=\"https:\/\/estenbulhealth.com\/wp-content\/uploads\/2018\/06\/FUE-Hair-Transplant.jpg\" class=\"attachment-large size-large wp-image-8131\" alt=\"FUE Sa\u00e7 Ekim S\u00fcre\u00e7i\" srcset=\"https:\/\/estenbulhealth.com\/wp-content\/uploads\/2018\/06\/FUE-Hair-Transplant.jpg 1000w, https:\/\/estenbulhealth.com\/wp-content\/uploads\/2018\/06\/FUE-Hair-Transplant-300x240.jpg 300w, https:\/\/estenbulhealth.com\/wp-content\/uploads\/2018\/06\/FUE-Hair-Transplant-768x614.jpg 768w, https:\/\/estenbulhealth.com\/wp-content\/uploads\/2018\/06\/FUE-Hair-Transplant-177x142.jpg 177w, https:\/\/estenbulhealth.com\/wp-content\/uploads\/2018\/06\/FUE-Hair-Transplant-200x160.jpg 200w, https:\/\/estenbulhealth.com\/wp-content\/uploads\/2018\/06\/FUE-Hair-Transplant-400x320.jpg 400w, https:\/\/estenbulhealth.com\/wp-content\/uploads\/2018\/06\/FUE-Hair-Transplant-600x480.jpg 600w, https:\/\/estenbulhealth.com\/wp-content\/uploads\/2018\/06\/FUE-Hair-Transplant-800x640.jpg 800w\" sizes=\"auto, (max-width: 1000px) 100vw, 1000px\" title=\"\">\t\t\t\t\t\t\t\t\t\t\t\t\t\t\t<\/div>\n\t\t\t\t\t<\/div>\n\t\t<\/div>\n\t\t\t\t\t<\/div>\n\t\t<\/section>\n\t\t\t\t<section class=\"wd-negative-gap elementor-section elementor-top-section elementor-element elementor-element-59fecdfc elementor-section-boxed elementor-section-height-default elementor-section-height-default\" data-id=\"59fecdfc\" data-element_type=\"section\" data-e-type=\"section\">\n\t\t\t\t\t\t<div class=\"elementor-container elementor-column-gap-default\">\n\t\t\t\t\t<div class=\"elementor-column elementor-col-100 elementor-top-column elementor-element elementor-element-161fac80\" data-id=\"161fac80\" data-element_type=\"column\" data-e-type=\"column\">\n\t\t\t<div class=\"elementor-widget-wrap elementor-element-populated\">\n\t\t\t\t\t\t<div class=\"elementor-element elementor-element-6b2d3880 color-scheme-inherit text-left elementor-widget elementor-widget-text-editor\" data-id=\"6b2d3880\" data-element_type=\"widget\" data-e-type=\"widget\" data-widget_type=\"text-editor.default\">\n\t\t\t\t\t\t\t\t\t<h3>FUE Tekni\u011fi Nas\u0131l Uygulan\u0131r?<\/h3><ol><li>Planlama: Uzmanlar\u0131m\u0131z size en uygun sa\u00e7 \u00e7izgisini, greft say\u0131s\u0131n\u0131 ve uygulama plan\u0131n\u0131 belirliyor.<\/li><li>Haz\u0131rl\u0131k: \u0130\u015flemin yap\u0131laca\u011f\u0131 b\u00f6lge sterilize ediliyor ve hi\u00e7 ac\u0131 hissetmemeniz i\u00e7in lokal anestezi uygulan\u0131yor. Lokal anestezi, ultra ince u\u00e7lu bir i\u011fneyle etken maddenin ilgili b\u00f6lgelere enjekte edilmesiyle ger\u00e7ekle\u015ftiriliyor. \u0130\u011fneden korkanlar i\u00e7inse olduk\u00e7a kolay ve ac\u0131s\u0131z bir alternatif var. Bas\u0131n\u00e7l\u0131 bir p\u00fcsk\u00fcrtme i\u015flemiyle etken maddenin ac\u0131s\u0131z bir \u015fekilde deriye n\u00fcfuz etmesini sa\u011fl\u0131yor, anestezi i\u00e7in gerekli olan i\u011fneyi o b\u00f6lge uyu\u015ftuktan sonra uyguluyoruz. B\u00f6ylelikle hi\u00e7 ac\u0131 hissetmiyorsunuz.<\/li><li>Greftlerin toplanmas\u0131: Greftleri genelde sa\u00e7lar\u0131n en g\u00fcr ve dayan\u0131kl\u0131 oldu\u011fu noktadan yani ensede, iki kulak aras\u0131ndaki b\u00f6lgeden topluyoruz. Bu b\u00f6lge tamam\u0131yla uyu\u015fmu\u015f oldu\u011fu i\u00e7in hi\u00e7bir \u015fey hissetmiyorsunuz. E\u011fer daha fazla grefte ihtiyac\u0131m\u0131z varsa g\u00f6\u011f\u00fcsten veya \u00e7ene alt\u0131ndan (erkekler i\u00e7in ge\u00e7erli) toplayabiliyoruz. Greftlerin tek tek topland\u0131\u011f\u0131 FUE tekni\u011fi bize bu imkan\u0131 olduk\u00e7a estetik bir bi\u00e7imde sa\u011fl\u0131yor.<\/li><\/ol><h3>FUE Tekni\u011fi\u2019nin Avantajlar\u0131<\/h3><ul><li>FUE\u2019den \u00f6nceki tekniklerde (bkz. FUT \u2013 Follicular Unit Transplantation) enseden, \u00fczerinde k\u0131l k\u00f6klerinin bulundu\u011fu bir deri par\u00e7as\u0131 al\u0131n\u0131yor ve d\u00f6k\u00fclme olan b\u00f6lgeye naklediliyordu. Bu da hem ensede hem de sa\u00e7 ekiminin yap\u0131ld\u0131\u011f\u0131 b\u00f6lgede az da olsa bir diki\u015f izi olmas\u0131na sebebiyet veriyordu. FUE\u2019de ise deri nakli yap\u0131lm\u0131yor; greftler (k\u0131l k\u00f6kleri) ensede, iki kulak aras\u0131ndaki b\u00f6lgeden tek tek toplan\u0131yor ve sonras\u0131nda DHI, Safir veya Slit ad\u0131 verilen tekniklerden biri kullan\u0131larak ilgili alana ekiliyor. B\u00f6ylelikle diki\u015f izi problemi ortadan kalk\u0131yor. Sa\u00e7 k\u00f6kleri bir hafta i\u00e7inde iyile\u015fiyor; s\u00fcre\u00e7 sonunda hi\u00e7bir iz kalmamas\u0131 sa\u00e7lar\u0131n olduk\u00e7a do\u011fal g\u00f6r\u00fcnmesini sa\u011fl\u0131yor.<\/li><li>FUE en hafif sa\u00e7 d\u00f6k\u00fclmelerinden tam sa\u00e7 kay\u0131plar\u0131na kadar her a\u015famada uygulanabilecek bir teknik. Sa\u00e7lar\u0131n\u0131z seyrelmi\u015f veya tamam\u0131yla d\u00f6k\u00fclm\u00fc\u015f olabilir; bu teknikle sa\u00e7lar\u0131n\u0131zdaki seyrelmenin \u00f6n\u00fcne ge\u00e7ebildi\u011fimiz gibi s\u0131f\u0131rdan olduk\u00e7a sa\u011fl\u0131kl\u0131 ve do\u011fal sa\u00e7lara kavu\u015fman\u0131z\u0131 da sa\u011flayabiliyoruz.<\/li><li>FUE en hafif sa\u00e7 d\u00f6k\u00fclmelerinden tam sa\u00e7 kay\u0131plar\u0131na kadar her a\u015famada uygulanabilecek bir teknik. Sa\u00e7lar\u0131n\u0131z seyrelmi\u015f veya tamam\u0131yla d\u00f6k\u00fclm\u00fc\u015f olabilir; bu teknikle sa\u00e7lar\u0131n\u0131zdaki seyrelmenin \u00f6n\u00fcne ge\u00e7ebildi\u011fimiz gibi s\u0131f\u0131rdan olduk\u00e7a sa\u011fl\u0131kl\u0131 ve do\u011fal sa\u00e7lara kavu\u015fman\u0131z\u0131 da sa\u011flayabiliyoruz.<\/li><li>Hem sizler hem de sa\u00e7 ekimini ger\u00e7ekle\u015ftiren uzmanlar i\u00e7in di\u011fer tekniklerden \u00e7ok daha konforlu olan FUE sayesinde, sa\u00e7 ekimi i\u015flemi de daha k\u0131sa (6-8 saat) s\u00fcr\u00fcyor.<\/li><li>FUE Tekni\u011fi diki\u015f at\u0131lmas\u0131n\u0131 gerektirmedi\u011fi i\u00e7in \u00fc\u00e7 g\u00fcn sonra i\u015finizin ba\u015f\u0131na d\u00f6nebiliyor; iyile\u015fme s\u00fcrecinde g\u00fcnl\u00fck hayat\u0131n\u0131z\u0131 konforlu bir \u015fekilde s\u00fcrd\u00fcrebiliyorsunuz.<\/li><\/ul>\t\t\t\t\t\t\t\t<\/div>\n\t\t\t\t<div class=\"elementor-element elementor-element-26396492 elementor-widget-divider--view-line_icon elementor-view-default elementor-widget-divider--element-align-center elementor-widget elementor-widget-divider\" data-id=\"26396492\" data-element_type=\"widget\" data-e-type=\"widget\" data-widget_type=\"divider.default\">\n\t\t\t\t\t\t\t<div class=\"elementor-divider\">\n\t\t\t<span class=\"elementor-divider-separator\">\n\t\t\t\t\t\t\t<div class=\"elementor-icon elementor-divider__element\">\n\t\t\t\t\t<svg aria-hidden=\"true\" class=\"e-font-icon-svg e-fas-plus-square\" viewBox=\"0 0 448 512\" xmlns=\"http:\/\/www.w3.org\/2000\/svg\"><path d=\"M400 32H48C21.5 32 0 53.5 0 80v352c0 26.5 21.5 48 48 48h352c26.5 0 48-21.5 48-48V80c0-26.5-21.5-48-48-48zm-32 252c0 6.6-5.4 12-12 12h-92v92c0 6.6-5.4 12-12 12h-56c-6.6 0-12-5.4-12-12v-92H92c-6.6 0-12-5.4-12-12v-56c0-6.6 5.4-12 12-12h92v-92c0-6.6 5.4-12 12-12h56c6.6 0 12 5.4 12 12v92h92c6.6 0 12 5.4 12 12v56z\"><\/path><\/svg><\/div>\n\t\t\t\t\t\t<\/span>\n\t\t<\/div>\n\t\t\t\t\t\t<\/div>\n\t\t\t\t\t<\/div>\n\t\t<\/div>\n\t\t\t\t\t<\/div>\n\t\t<\/section>\n\t\t\t\t<section class=\"wd-negative-gap elementor-section elementor-top-section elementor-element elementor-element-2d767ee elementor-section-boxed elementor-section-height-default elementor-section-height-default\" data-id=\"2d767ee\" data-element_type=\"section\" data-e-type=\"section\">\n\t\t\t\t\t\t<div class=\"elementor-container elementor-column-gap-default\">\n\t\t\t\t\t<div class=\"elementor-column elementor-col-33 elementor-top-column elementor-element elementor-element-1672330\" data-id=\"1672330\" data-element_type=\"column\" data-e-type=\"column\" data-settings=\"{&quot;background_background&quot;:&quot;gradient&quot;}\">\n\t\t\t<div class=\"elementor-widget-wrap elementor-element-populated\">\n\t\t\t\t\t\t\t<\/div>\n\t\t<\/div>\n\t\t\t\t<div class=\"elementor-column elementor-col-66 elementor-top-column elementor-element elementor-element-0af00e6\" data-id=\"0af00e6\" data-element_type=\"column\" data-e-type=\"column\">\n\t\t\t<div class=\"elementor-widget-wrap elementor-element-populated\">\n\t\t\t\t\t\t<div class=\"elementor-element elementor-element-70d06070 elementor-widget elementor-widget-heading\" data-id=\"70d06070\" data-element_type=\"widget\" data-e-type=\"widget\" data-widget_type=\"heading.default\">\n\t\t\t\t\t<h2 class=\"elementor-heading-title elementor-size-default\">\u0130leti\u015fim!<\/h2>\t\t\t\t<\/div>\n\t\t\t\t<div class=\"elementor-element elementor-element-283f8a30 color-scheme-inherit text-left elementor-widget elementor-widget-text-editor\" data-id=\"283f8a30\" data-element_type=\"widget\" data-e-type=\"widget\" data-widget_type=\"text-editor.default\">\n\t\t\t\t\t\t\t\t\t<p>Bizimle ileti\u015fim kurabilir veya \u00fccretsiz kons\u00fcltasyon i\u00e7in form doldurabilirsiniz.<\/p><p><strong>Y\u00f6netim Ofisi:<\/strong> Cihannuma Mah. Akdo\u011fan Sok, No: 45\/2 Be\u015fikta\u015f, \u0130stanbul, T\u00fcrkiye<\/p><p><strong>Hastane:<\/strong>\u00a0Levent Mah. Yeni S\u00fcl\u00fcn Sok. No:13, 34353 Be\u015fikta\u015f\/\u0130stanbul<br \/><strong>Telefon:<\/strong> +90 (542) 334 1865<br \/><strong>Whatsapp :<\/strong> +90 (542) 334 1865<br \/><strong>Email:\u00a0<\/strong>info@estenbulhealth.com<\/p>\t\t\t\t\t\t\t\t<\/div>\n\t\t\t\t\t<\/div>\n\t\t<\/div>\n\t\t\t\t\t<\/div>\n\t\t<\/section>\n\t\t\t\t<\/div>\n\t\t","protected":false},"excerpt":{"rendered":"<p>FUE Tekni\u011fi Nedir? 2005 y\u0131l\u0131ndan bu yana uygulanan ve sa\u00e7 d\u00f6k\u00fclmesine \u00e7\u00f6z\u00fcm arayan binlerce insan\u0131n do\u011fal g\u00f6r\u00fcn\u00fcml\u00fc, g\u00fcr ve sa\u011fl\u0131kl\u0131<\/p>\n","protected":false},"author":24,"featured_media":0,"parent":0,"menu_order":0,"comment_status":"closed","ping_status":"closed","template":"","meta":{"content-type":"","footnotes":""},"class_list":["post-13354","page","type-page","status-publish","hentry"],"_links":{"self":[{"href":"https:\/\/estenbulhealth.com\/tr\/wp-json\/wp\/v2\/pages\/13354","targetHints":{"allow":["GET"]}}],"collection":[{"href":"https:\/\/estenbulhealth.com\/tr\/wp-json\/wp\/v2\/pages"}],"about":[{"href":"https:\/\/estenbulhealth.com\/tr\/wp-json\/wp\/v2\/types\/page"}],"author":[{"embeddable":true,"href":"https:\/\/estenbulhealth.com\/tr\/wp-json\/wp\/v2\/users\/24"}],"replies":[{"embeddable":true,"href":"https:\/\/estenbulhealth.com\/tr\/wp-json\/wp\/v2\/comments?post=13354"}],"version-history":[{"count":1,"href":"https:\/\/estenbulhealth.com\/tr\/wp-json\/wp\/v2\/pages\/13354\/revisions"}],"predecessor-version":[{"id":42173,"href":"https:\/\/estenbulhealth.com\/tr\/wp-json\/wp\/v2\/pages\/13354\/revisions\/42173"}],"wp:attachment":[{"href":"https:\/\/estenbulhealth.com\/tr\/wp-json\/wp\/v2\/media?parent=13354"}],"curies":[{"name":"wp","href":"https:\/\/api.w.org\/{rel}","templated":true}]}}