{"id":13328,"date":"2025-01-28T21:11:33","date_gmt":"2025-01-28T18:11:33","guid":{"rendered":"https:\/\/estenbulhealth.com\/sik-sorulan-sorular\/"},"modified":"2025-01-28T21:18:11","modified_gmt":"2025-01-28T18:18:11","slug":"sik-sorulan-sorular","status":"publish","type":"page","link":"https:\/\/estenbulhealth.com\/tr\/sik-sorulan-sorular\/","title":{"rendered":"FUE Sa\u00e7 Ekimi Hakk\u0131nda En S\u0131k Sorulan Sorular\u200b"},"content":{"rendered":"\t\t<div data-elementor-type=\"wp-page\" data-elementor-id=\"13328\" class=\"elementor elementor-13328\">\n\t\t\t\t\t\t<section class=\"wd-negative-gap elementor-section elementor-top-section elementor-element elementor-element-0ca5413 elementor-section-boxed elementor-section-height-default elementor-section-height-default\" data-id=\"0ca5413\" data-element_type=\"section\" data-e-type=\"section\">\n\t\t\t\t\t\t<div class=\"elementor-container elementor-column-gap-default\">\n\t\t\t\t\t<div class=\"elementor-column elementor-col-100 elementor-top-column elementor-element elementor-element-a1851a4\" data-id=\"a1851a4\" data-element_type=\"column\" data-e-type=\"column\">\n\t\t\t<div class=\"elementor-widget-wrap elementor-element-populated\">\n\t\t\t\t\t\t<div class=\"elementor-element elementor-element-1686f55 elementor-widget elementor-widget-html\" data-id=\"1686f55\" data-element_type=\"widget\" data-e-type=\"widget\" data-widget_type=\"html.default\">\n\t\t\t\t\t<div class=\"wp-block-rank-math-faq-block\"><div class=\"rank-math-faq-item\"><h3 class=\"rank-math-question\">FUE Sa\u00e7 Ekimi Nedir?<\/h3><div class=\"rank-math-answer\">Asl\u0131nda bu konuda bir yanl\u0131\u015f anla\u015f\u0131lma var. FUE bir sa\u00e7 \u00e7\u0131karma tekni\u011fidir. Sapphire, Slit ve DHI gibi sa\u00e7 ekimi teknikleri ile kombine edildi\u011finde genel s\u00fcrece sa\u00e7 transferi ad\u0131 verilir.<\/div><\/div><div class=\"rank-math-faq-item\"><h3 class=\"rank-math-question\">FUE Sa\u00e7 Ekimi A\u011fr\u0131l\u0131 M\u0131d\u0131r?<\/h3><div class=\"rank-math-answer\">Hay\u0131r, ac\u0131 verici de\u011fil. Sa\u00e7 ekimi s\u0131ras\u0131nda hem al\u0131m b\u00f6lgesine hem de ekim b\u00f6lgesine lokal anestezi uygulan\u0131r. Bu nedenle hastalar i\u015flem s\u0131ras\u0131nda hi\u00e7bir \u015fey hissetmezler. \u0130\u015flemden hemen sonra hafif bir rahats\u0131zl\u0131k olabilir. Ancak bu do\u011fald\u0131r ve bu rahats\u0131zl\u0131k birka\u00e7 g\u00fcn i\u00e7inde ge\u00e7ecektir. Doktorlar bu s\u00fcreci kolayla\u015ft\u0131rmak i\u00e7in a\u011fr\u0131 kesiciler re\u00e7ete eder.<\/div><\/div><div class=\"rank-math-faq-item\"><h3 class=\"rank-math-question\">FUE Sa\u00e7 Ekimi Kal\u0131c\u0131 M\u0131d\u0131r?<\/h3><div class=\"rank-math-answer\">Evet, FUE sa\u00e7 ekiminin sonu\u00e7lar\u0131 kal\u0131c\u0131d\u0131r. Yani i\u015flem yap\u0131ld\u0131ktan sonra ve sa\u00e7lar uzad\u0131ktan sonra kal\u0131c\u0131 sa\u00e7lara sahip olacaks\u0131n\u0131z.<\/div><\/div><div class=\"rank-math-faq-item\"><h3 class=\"rank-math-question\">Yeni Sa\u00e7lar\u0131n Uzamas\u0131 Ne Kadar S\u00fcrer?<\/h3><div class=\"rank-math-answer\">Sa\u00e7 ekimi i\u015flemi sonras\u0131 yeni ekilen sa\u00e7lar \u00f6nce d\u00f6k\u00fcl\u00fcr. Bu tamamen normal ve iyile\u015fme s\u00fcrecinin do\u011fal bir par\u00e7as\u0131d\u0131r. Yeni sa\u00e7lar\u0131n\u0131z alt\u0131 ay sonra \u00e7\u0131kmaya ba\u015flayacakt\u0131r. Ancak tam sa\u00e7 uzamas\u0131 i\u00e7in 1-1,5 y\u0131la ihtiyac\u0131n\u0131z olacakt\u0131r. \u0130yile\u015fme s\u00fcrecinizi tamamlad\u0131ktan sonra sa\u00e7lar\u0131n\u0131z kal\u0131n g\u00f6r\u00fcnecek ve sonu\u00e7lar kal\u0131c\u0131 olacakt\u0131r.<\/div><\/div><div class=\"rank-math-faq-item\"><h3 class=\"rank-math-question\">FUE Sa\u00e7 Ekimi Yapt\u0131rabilir Miyim?<\/h3><div class=\"rank-math-answer\">Muhtemelen. Sa\u00e7 ekimine karar vermeden \u00f6nce randevu alman\u0131z gerekmektedir. Doktor sizi muayene edecek ve size en uygun sa\u00e7 ekimi se\u00e7ene\u011fini \u00f6nerecektir.<\/div><\/div><div class=\"rank-math-faq-item\"><h3 class=\"rank-math-question\">FUE Sa\u00e7 Ekiminin Yan Etkileri Var M\u0131?<\/h3><div class=\"rank-math-answer\">Hay\u0131r. \u0130\u015flemden hemen sonra hafif a\u011fr\u0131 hissedebilirsiniz. Doktorun ve sa\u011fl\u0131k ekibinin t\u00fcm talimatlar\u0131na uyarsan\u0131z herhangi bir yan etki ya\u015famazs\u0131n\u0131z.<\/div><\/div><div class=\"rank-math-faq-item\"><h3 class=\"rank-math-question\">\u0130yile\u015fme Ne Kadar S\u00fcrer?<\/h3><div class=\"rank-math-answer\">\u0130\u015flemden 3 g\u00fcn sonra g\u00fcnl\u00fck ya\u015fant\u0131n\u0131za d\u00f6nebilirsiniz. Kabuklanma 7-10 g\u00fcn aras\u0131nda kaybolur. Bu s\u00fcre, her hastan\u0131n \u00f6zelliklerine ba\u011fl\u0131d\u0131r. Genelde 2 hafta s\u00fcrer.<\/div><\/div><div class=\"rank-math-faq-item\"><h3 class=\"rank-math-question\">Kad\u0131nlara FUE Sa\u00e7 Ekimi Yap\u0131labilir Mi?<\/h3><div class=\"rank-math-answer\">Kad\u0131nsan\u0131z ve sa\u00e7 d\u00f6k\u00fclmesi ya\u015f\u0131yorsan\u0131z sa\u00e7 ekimi i\u015flemi yapt\u0131rabilirsiniz. Doktor sizi muayene edecek ve size en uygun y\u00f6ntemi bulacakt\u0131r.<\/div><\/div><\/div>\t\t\t\t<\/div>\n\t\t\t\t\t<\/div>\n\t\t<\/div>\n\t\t\t\t\t<\/div>\n\t\t<\/section>\n\t\t\t\t<\/div>\n\t\t","protected":false},"excerpt":{"rendered":"<p>FUE Sa\u00e7 Ekimi Nedir? Asl\u0131nda bu konuda bir yanl\u0131\u015f anla\u015f\u0131lma var. FUE bir sa\u00e7 \u00e7\u0131karma tekni\u011fidir. Sapphire, Slit ve DHI<\/p>\n","protected":false},"author":24,"featured_media":7133,"parent":0,"menu_order":0,"comment_status":"closed","ping_status":"closed","template":"","meta":{"content-type":"","footnotes":""},"class_list":["post-13328","page","type-page","status-publish","has-post-thumbnail","hentry"],"_links":{"self":[{"href":"https:\/\/estenbulhealth.com\/tr\/wp-json\/wp\/v2\/pages\/13328","targetHints":{"allow":["GET"]}}],"collection":[{"href":"https:\/\/estenbulhealth.com\/tr\/wp-json\/wp\/v2\/pages"}],"about":[{"href":"https:\/\/estenbulhealth.com\/tr\/wp-json\/wp\/v2\/types\/page"}],"author":[{"embeddable":true,"href":"https:\/\/estenbulhealth.com\/tr\/wp-json\/wp\/v2\/users\/24"}],"replies":[{"embeddable":true,"href":"https:\/\/estenbulhealth.com\/tr\/wp-json\/wp\/v2\/comments?post=13328"}],"version-history":[{"count":4,"href":"https:\/\/estenbulhealth.com\/tr\/wp-json\/wp\/v2\/pages\/13328\/revisions"}],"predecessor-version":[{"id":37835,"href":"https:\/\/estenbulhealth.com\/tr\/wp-json\/wp\/v2\/pages\/13328\/revisions\/37835"}],"wp:featuredmedia":[{"embeddable":true,"href":"https:\/\/estenbulhealth.com\/tr\/wp-json\/wp\/v2\/media\/7133"}],"wp:attachment":[{"href":"https:\/\/estenbulhealth.com\/tr\/wp-json\/wp\/v2\/media?parent=13328"}],"curies":[{"name":"wp","href":"https:\/\/api.w.org\/{rel}","templated":true}]}}