{"id":13300,"date":"2021-05-27T15:20:03","date_gmt":"2021-05-27T12:20:03","guid":{"rendered":"https:\/\/estenbulhealth.com\/estenbul-health-hakkinda\/"},"modified":"2025-01-28T21:18:07","modified_gmt":"2025-01-28T18:18:07","slug":"estenbul-health-hakkinda","status":"publish","type":"page","link":"https:\/\/estenbulhealth.com\/tr\/estenbul-health-hakkinda\/","title":{"rendered":"Estenbul Health Hakk\u0131nda"},"content":{"rendered":"\t\t<div data-elementor-type=\"wp-page\" data-elementor-id=\"13300\" class=\"elementor elementor-13300\">\n\t\t\t\t\t\t<section class=\"wd-negative-gap elementor-section elementor-top-section elementor-element elementor-element-8ad71a3 elementor-section-boxed elementor-section-height-default elementor-section-height-default\" data-id=\"8ad71a3\" data-element_type=\"section\" data-e-type=\"section\">\n\t\t\t\t\t\t<div class=\"elementor-container elementor-column-gap-default\">\n\t\t\t\t\t<div class=\"elementor-column elementor-col-50 elementor-top-column elementor-element elementor-element-2e20cba\" data-id=\"2e20cba\" data-element_type=\"column\" data-e-type=\"column\">\n\t\t\t<div class=\"elementor-widget-wrap elementor-element-populated\">\n\t\t\t\t\t\t<div class=\"elementor-element elementor-element-cde310d color-scheme-inherit text-left elementor-widget elementor-widget-text-editor\" data-id=\"cde310d\" data-element_type=\"widget\" data-e-type=\"widget\" data-widget_type=\"text-editor.default\">\n\t\t\t\t\t\t\t\t\t<p>Sa\u011fl\u0131k ve estetik tarih boyunca t\u00fcm insanlar i\u00e7in olduk\u00e7a ciddi ve hassas konular oldu. Hem esteti\u011fi hem de sa\u011fl\u0131\u011f\u0131 i\u00e7eren alanlarda hizmet vermek ise y\u00fcksek bir bilin\u00e7 gerektiriyor. Biz Estenbul Health olarak her misafirimize bu bilin\u00e7le yakla\u015f\u0131yor, etik kurallar \u00e7er\u00e7evesinde en ba\u015far\u0131l\u0131 sonu\u00e7lar\u0131 almak i\u00e7in var g\u00fcc\u00fcm\u00fczle \u00e7al\u0131\u015f\u0131yoruz. D\u00fcnyan\u0131n d\u00f6rt bir yan\u0131ndan bizi tercih ederek T\u00fcrkiye\u2019ye gelen misafirlerimizin memnuniyeti ise ne kadar do\u011fru bir \u00e7izgide ilerledi\u011fimizin en b\u00fcy\u00fck kan\u0131t\u0131. Sa\u00e7 ekimi, estetik cerrahi ve di\u015f esteti\u011fi alanlar\u0131nda \u00f6zenle ger\u00e7ekle\u015ftirdi\u011fimiz uygulamalar; ad\u0131m\u0131z\u0131n kalite ve ba\u015far\u0131 ile birlikte an\u0131lmas\u0131n\u0131, ismimizin bir marka haline gelmesini sa\u011flad\u0131. Bu ba\u015far\u0131 elbette tesad\u00fcf de\u011fil.<\/p>\t\t\t\t\t\t\t\t<\/div>\n\t\t\t\t\t<\/div>\n\t\t<\/div>\n\t\t\t\t<div class=\"elementor-column elementor-col-50 elementor-top-column elementor-element elementor-element-8fb94a5\" data-id=\"8fb94a5\" data-element_type=\"column\" data-e-type=\"column\">\n\t\t\t<div class=\"elementor-widget-wrap elementor-element-populated\">\n\t\t\t\t\t\t<div class=\"elementor-element elementor-element-b84ab5f elementor-widget elementor-widget-video\" data-id=\"b84ab5f\" data-element_type=\"widget\" data-e-type=\"widget\" data-settings=\"{&quot;youtube_url&quot;:&quot;https:\\\/\\\/www.youtube.com\\\/watch?v=ZFIa4Lb5aBA&quot;,&quot;video_type&quot;:&quot;youtube&quot;,&quot;controls&quot;:&quot;yes&quot;}\" data-widget_type=\"video.default\">\n\t\t\t\t\t\t\t<div class=\"elementor-wrapper elementor-open-inline\">\n\t\t\t<div class=\"elementor-video\"><\/div>\t\t<\/div>\n\t\t\t\t\t\t<\/div>\n\t\t\t\t\t<\/div>\n\t\t<\/div>\n\t\t\t\t\t<\/div>\n\t\t<\/section>\n\t\t\t\t<section class=\"wd-negative-gap elementor-section elementor-top-section elementor-element elementor-element-d2dbf34 elementor-section-boxed elementor-section-height-default elementor-section-height-default\" data-id=\"d2dbf34\" data-element_type=\"section\" data-e-type=\"section\">\n\t\t\t\t\t\t<div class=\"elementor-container elementor-column-gap-default\">\n\t\t\t\t\t<div class=\"elementor-column elementor-col-100 elementor-top-column elementor-element elementor-element-1a21dee\" data-id=\"1a21dee\" data-element_type=\"column\" data-e-type=\"column\">\n\t\t\t<div class=\"elementor-widget-wrap elementor-element-populated\">\n\t\t\t\t\t\t<div class=\"elementor-element elementor-element-b89d279 color-scheme-inherit text-left elementor-widget elementor-widget-text-editor\" data-id=\"b89d279\" data-element_type=\"widget\" data-e-type=\"widget\" data-widget_type=\"text-editor.default\">\n\t\t\t\t\t\t\t\t\t<p>Estenbul Health ekibi olarak her daim ara\u015ft\u0131r\u0131yor, d\u00fcnyadaki geli\u015fmeleri yak\u0131ndan takip ediyor, son teknolojiyle donat\u0131lm\u0131\u015f tam kapasite bir hastane ve ameliyat odas\u0131yla hep hayal etti\u011finiz g\u00f6r\u00fcn\u00fcme kavu\u015fman\u0131z i\u00e7in \u00e7al\u0131\u015f\u0131yoruz.<\/p><p>Alan\u0131 ne olursa olsun insana sunulan bir hizmette yaln\u0131zca uzmanl\u0131k ve teknolojinin yeterli gelmeyece\u011finin fark\u0131nday\u0131z. Bu nedenle g\u00fcler y\u00fcz, sayg\u0131, samimiyet ve memnuniyet olmazsa olmazlar\u0131m\u0131z. Gerek uygulama s\u00fcrecinde gerekse sonras\u0131nda her ad\u0131mda sizinle yak\u0131ndan ilgilenerek kusursuz bir hizmet alman\u0131z i\u00e7in elimizden geleni yap\u0131yoruz. Yurt d\u0131\u015f\u0131ndan gelen misafirlerimizi havaliman\u0131nda kar\u015f\u0131l\u0131yor; konaklamadan terc\u00fcman hizmetine ve \u0130stanbul \u015fehir turuna her a\u015famada VIP hizmeti veriyoruz. Estenbul Health ekibi olarak medikal turizm konusunda \u00fclkemizi ba\u015far\u0131yla temsil etmek bizim i\u00e7in ayr\u0131ca b\u00fcy\u00fck bir \u00f6nem ta\u015f\u0131yor.<\/p><p>Estenbul Health olarak \u0130stanbul\u2019un en merkezi noktas\u0131nda, Be\u015fikta\u015f\u2019ta; sa\u00e7 ekiminden estetik cerrahiye ve di\u015f esteti\u011fine uzman doktorlar ve deneyimli ekibimizin ger\u00e7ekle\u015ftirdi\u011fi uygulamalarla siz gurur duyaca\u011f\u0131n\u0131z bir g\u00f6r\u00fcnt\u00fcye, biz ise gururla anlataca\u011f\u0131m\u0131z sonu\u00e7lara sahip oluyoruz.<\/p><p>K\u00fcresel D\u00fcnya\u2019n\u0131n her yerine seyahat ediyoruz, Ar-Ge \u00c7al\u0131\u015fmalar\u0131na \u00f6nem veriyoruz, son teknolojik teknolojik yenilikleri ve son teknikleri yak\u0131ndan okuyor, izliyor ve yak\u0131ndan takip ediyoruz.<\/p><p>Merkezimiz yeni teknolojik cihazlarla donat\u0131lm\u0131\u015f, ekibimiz en geli\u015fmi\u015f teknikleri uyguluyor. \u00dclkemizde ba\u015far\u0131l\u0131 ve g\u00f6z kama\u015ft\u0131r\u0131c\u0131 operasyonlara imza at\u0131yoruz<\/p><p>Estetik ve sa\u011fl\u0131\u011f\u0131n hassas bir konu oldu\u011funu biliyoruz, burada t\u00fcm sorunlar\u0131n\u0131za kesinlikle bir cevap bulabilece\u011finize inan\u0131yoruz.<\/p>\t\t\t\t\t\t\t\t<\/div>\n\t\t\t\t\t<\/div>\n\t\t<\/div>\n\t\t\t\t\t<\/div>\n\t\t<\/section>\n\t\t\t\t<\/div>\n\t\t","protected":false},"excerpt":{"rendered":"<p>Sa\u011fl\u0131k ve estetik tarih boyunca t\u00fcm insanlar i\u00e7in olduk\u00e7a ciddi ve hassas konular oldu. Hem esteti\u011fi hem de sa\u011fl\u0131\u011f\u0131 i\u00e7eren<\/p>\n","protected":false},"author":24,"featured_media":0,"parent":0,"menu_order":0,"comment_status":"closed","ping_status":"closed","template":"","meta":{"content-type":"","footnotes":""},"class_list":["post-13300","page","type-page","status-publish","hentry"],"_links":{"self":[{"href":"https:\/\/estenbulhealth.com\/tr\/wp-json\/wp\/v2\/pages\/13300","targetHints":{"allow":["GET"]}}],"collection":[{"href":"https:\/\/estenbulhealth.com\/tr\/wp-json\/wp\/v2\/pages"}],"about":[{"href":"https:\/\/estenbulhealth.com\/tr\/wp-json\/wp\/v2\/types\/page"}],"author":[{"embeddable":true,"href":"https:\/\/estenbulhealth.com\/tr\/wp-json\/wp\/v2\/users\/24"}],"replies":[{"embeddable":true,"href":"https:\/\/estenbulhealth.com\/tr\/wp-json\/wp\/v2\/comments?post=13300"}],"version-history":[{"count":4,"href":"https:\/\/estenbulhealth.com\/tr\/wp-json\/wp\/v2\/pages\/13300\/revisions"}],"predecessor-version":[{"id":35290,"href":"https:\/\/estenbulhealth.com\/tr\/wp-json\/wp\/v2\/pages\/13300\/revisions\/35290"}],"wp:attachment":[{"href":"https:\/\/estenbulhealth.com\/tr\/wp-json\/wp\/v2\/media?parent=13300"}],"curies":[{"name":"wp","href":"https:\/\/api.w.org\/{rel}","templated":true}]}}