{"id":13286,"date":"2025-01-28T21:11:57","date_gmt":"2025-01-28T18:11:57","guid":{"rendered":"https:\/\/estenbulhealth.com\/turkiyede-dis-hekimligi\/"},"modified":"2025-01-28T21:18:46","modified_gmt":"2025-01-28T18:18:46","slug":"turkiyede-dis-tedavisi","status":"publish","type":"page","link":"https:\/\/estenbulhealth.com\/tr\/servislerimiz\/turkiyede-dis-tedavisi\/","title":{"rendered":"T\u00fcrkiye&#8217;de Di\u015f Tedavisi"},"content":{"rendered":"\t\t<div data-elementor-type=\"wp-page\" data-elementor-id=\"13286\" class=\"elementor elementor-13286\">\n\t\t\t\t\t\t<section class=\"wd-negative-gap elementor-section elementor-top-section elementor-element elementor-element-66576441 elementor-section-boxed elementor-section-height-default elementor-section-height-default\" data-id=\"66576441\" data-element_type=\"section\" data-e-type=\"section\">\n\t\t\t\t\t\t<div class=\"elementor-container elementor-column-gap-default\">\n\t\t\t\t\t<div class=\"elementor-column elementor-col-33 elementor-top-column elementor-element elementor-element-5ba05685\" data-id=\"5ba05685\" data-element_type=\"column\" data-e-type=\"column\">\n\t\t\t<div class=\"elementor-widget-wrap elementor-element-populated\">\n\t\t\t\t\t\t<div class=\"elementor-element elementor-element-4f094d8e elementor-position-top elementor-widget elementor-widget-image-box\" data-id=\"4f094d8e\" data-element_type=\"widget\" data-e-type=\"widget\" data-widget_type=\"image-box.default\">\n\t\t\t\t\t<div class=\"elementor-image-box-wrapper\"><figure class=\"elementor-image-box-img\"><a href=\"https:\/\/estenbulhealth.com\/tr\/implant-tedavisi\/\" tabindex=\"-1\"><img loading=\"lazy\" decoding=\"async\" width=\"250\" height=\"250\" src=\"https:\/\/estenbulhealth.com\/wp-content\/uploads\/2021\/11\/Dental-implants-in-turkey.png\" class=\"attachment-full size-full wp-image-18302\" alt=\"Dental implants in Turkey\" title=\"\" srcset=\"https:\/\/estenbulhealth.com\/wp-content\/uploads\/2021\/11\/Dental-implants-in-turkey.png 250w, https:\/\/estenbulhealth.com\/wp-content\/uploads\/2021\/11\/Dental-implants-in-turkey-150x150.png 150w, https:\/\/estenbulhealth.com\/wp-content\/uploads\/2021\/11\/Dental-implants-in-turkey-66x66.png 66w, https:\/\/estenbulhealth.com\/wp-content\/uploads\/2021\/11\/Dental-implants-in-turkey-200x200.png 200w\" sizes=\"auto, (max-width: 250px) 100vw, 250px\" \/><\/a><\/figure><div class=\"elementor-image-box-content\"><h3 class=\"elementor-image-box-title\"><a href=\"https:\/\/estenbulhealth.com\/tr\/implant-tedavisi\/\">Di\u015f \u0130mplantlar\u0131<\/a><\/h3><p class=\"elementor-image-box-description\">\u0130nsan sa\u011fl\u0131\u011f\u0131na tamamen uygun bir materyal olan titanyumdan \u00fcretilen bu yapay di\u015f k\u00f6k\u00fc \u00f6zellikle tek di\u015f kay\u0131plar\u0131nda kom\u015fu di\u015flere dokunmadan eksik di\u015fin iyi durumda tamamlanmas\u0131na olanak sa\u011flar.<\/p><\/div><\/div>\t\t\t\t<\/div>\n\t\t\t\t<div class=\"elementor-element elementor-element-7b303c31 elementor-align-center elementor-widget elementor-widget-button\" data-id=\"7b303c31\" data-element_type=\"widget\" data-e-type=\"widget\" data-widget_type=\"button.default\">\n\t\t\t\t\t\t\t\t\t\t<a class=\"elementor-button elementor-button-link elementor-size-sm\" href=\"https:\/\/estenbulhealth.com\/tr\/implant-tedavisi\/\">\n\t\t\t\t\t\t<span class=\"elementor-button-content-wrapper\">\n\t\t\t\t\t\t\t\t\t<span class=\"elementor-button-text\">Daha Fazla Oku<\/span>\n\t\t\t\t\t<\/span>\n\t\t\t\t\t<\/a>\n\t\t\t\t\t\t\t\t<\/div>\n\t\t\t\t\t<\/div>\n\t\t<\/div>\n\t\t\t\t<div class=\"elementor-column elementor-col-33 elementor-top-column elementor-element elementor-element-6faace1d\" data-id=\"6faace1d\" data-element_type=\"column\" data-e-type=\"column\">\n\t\t\t<div class=\"elementor-widget-wrap elementor-element-populated\">\n\t\t\t\t\t\t<div class=\"elementor-element elementor-element-11ec48da elementor-position-top elementor-widget elementor-widget-image-box\" data-id=\"11ec48da\" data-element_type=\"widget\" data-e-type=\"widget\" data-widget_type=\"image-box.default\">\n\t\t\t\t\t<div class=\"elementor-image-box-wrapper\"><figure class=\"elementor-image-box-img\"><a href=\"https:\/\/estenbulhealth.com\/tr\/dis-kaplama-tedavisi\/\" tabindex=\"-1\"><img loading=\"lazy\" decoding=\"async\" width=\"250\" height=\"250\" src=\"https:\/\/estenbulhealth.com\/wp-content\/uploads\/2021\/11\/dental-crowns-in-turkey.png\" class=\"attachment-full size-full wp-image-18312\" alt=\"dental crowns in turkey\" title=\"\" srcset=\"https:\/\/estenbulhealth.com\/wp-content\/uploads\/2021\/11\/dental-crowns-in-turkey.png 250w, https:\/\/estenbulhealth.com\/wp-content\/uploads\/2021\/11\/dental-crowns-in-turkey-150x150.png 150w, https:\/\/estenbulhealth.com\/wp-content\/uploads\/2021\/11\/dental-crowns-in-turkey-66x66.png 66w, https:\/\/estenbulhealth.com\/wp-content\/uploads\/2021\/11\/dental-crowns-in-turkey-200x200.png 200w\" sizes=\"auto, (max-width: 250px) 100vw, 250px\" \/><\/a><\/figure><div class=\"elementor-image-box-content\"><h3 class=\"elementor-image-box-title\"><a href=\"https:\/\/estenbulhealth.com\/tr\/dis-kaplama-tedavisi\/\">Dental Crowns<\/a><\/h3><p class=\"elementor-image-box-description\">Di\u015f Kronlar\u0131<\/p><\/div><\/div>\t\t\t\t<\/div>\n\t\t\t\t<div class=\"elementor-element elementor-element-235b6fb4 elementor-align-center elementor-widget elementor-widget-button\" data-id=\"235b6fb4\" data-element_type=\"widget\" data-e-type=\"widget\" data-widget_type=\"button.default\">\n\t\t\t\t\t\t\t\t\t\t<a class=\"elementor-button elementor-button-link elementor-size-sm\" href=\"https:\/\/estenbulhealth.com\/tr\/dis-kaplama-tedavisi\/\">\n\t\t\t\t\t\t<span class=\"elementor-button-content-wrapper\">\n\t\t\t\t\t\t\t\t\t<span class=\"elementor-button-text\">Daha Fazla Oku<\/span>\n\t\t\t\t\t<\/span>\n\t\t\t\t\t<\/a>\n\t\t\t\t\t\t\t\t<\/div>\n\t\t\t\t\t<\/div>\n\t\t<\/div>\n\t\t\t\t<div class=\"elementor-column elementor-col-33 elementor-top-column elementor-element elementor-element-23c9b668\" data-id=\"23c9b668\" data-element_type=\"column\" data-e-type=\"column\">\n\t\t\t<div class=\"elementor-widget-wrap elementor-element-populated\">\n\t\t\t\t\t\t<div class=\"elementor-element elementor-element-624b9e6a elementor-position-top elementor-widget elementor-widget-image-box\" data-id=\"624b9e6a\" data-element_type=\"widget\" data-e-type=\"widget\" data-widget_type=\"image-box.default\">\n\t\t\t\t\t<div class=\"elementor-image-box-wrapper\"><figure class=\"elementor-image-box-img\"><a href=\"https:\/\/estenbulhealth.com\/tr\/dis-beyazlatma\/\" tabindex=\"-1\"><img loading=\"lazy\" decoding=\"async\" width=\"250\" height=\"250\" src=\"https:\/\/estenbulhealth.com\/wp-content\/uploads\/2021\/11\/teeth-whitening-in-turkey.png\" class=\"attachment-full size-full wp-image-18308\" alt=\"teeth whitening in turkey\" title=\"\" srcset=\"https:\/\/estenbulhealth.com\/wp-content\/uploads\/2021\/11\/teeth-whitening-in-turkey.png 250w, https:\/\/estenbulhealth.com\/wp-content\/uploads\/2021\/11\/teeth-whitening-in-turkey-150x150.png 150w, https:\/\/estenbulhealth.com\/wp-content\/uploads\/2021\/11\/teeth-whitening-in-turkey-66x66.png 66w, https:\/\/estenbulhealth.com\/wp-content\/uploads\/2021\/11\/teeth-whitening-in-turkey-200x200.png 200w\" sizes=\"auto, (max-width: 250px) 100vw, 250px\" \/><\/a><\/figure><div class=\"elementor-image-box-content\"><h3 class=\"elementor-image-box-title\"><a href=\"https:\/\/estenbulhealth.com\/tr\/dis-beyazlatma\/\">Di\u015f Beyazlatma<\/a><\/h3><p class=\"elementor-image-box-description\">\u00c7ay-kahve, sigara, antibiyotik, kanal tedavisi veya kaza vb. nedenlerle sar\u0131l\u0131k nedeniyle renklenen, lekelenen veya beyazl\u0131\u011f\u0131n\u0131 kaybeden di\u015flerin peroksit ajanlar kullan\u0131larak lazer y\u00f6ntemiyle do\u011fal beyazl\u0131\u011f\u0131na kavu\u015fturulmas\u0131 i\u015flemidir.<\/p><\/div><\/div>\t\t\t\t<\/div>\n\t\t\t\t<div class=\"elementor-element elementor-element-66da94fe elementor-align-center elementor-widget elementor-widget-button\" data-id=\"66da94fe\" data-element_type=\"widget\" data-e-type=\"widget\" data-widget_type=\"button.default\">\n\t\t\t\t\t\t\t\t\t\t<a class=\"elementor-button elementor-button-link elementor-size-sm\" href=\"https:\/\/estenbulhealth.com\/tr\/dis-beyazlatma\/\">\n\t\t\t\t\t\t<span class=\"elementor-button-content-wrapper\">\n\t\t\t\t\t\t\t\t\t<span class=\"elementor-button-text\">Daha Fazla Oku<\/span>\n\t\t\t\t\t<\/span>\n\t\t\t\t\t<\/a>\n\t\t\t\t\t\t\t\t<\/div>\n\t\t\t\t\t<\/div>\n\t\t<\/div>\n\t\t\t\t\t<\/div>\n\t\t<\/section>\n\t\t\t\t<section class=\"wd-negative-gap elementor-section elementor-top-section elementor-element elementor-element-7a26376e elementor-section-boxed elementor-section-height-default elementor-section-height-default\" data-id=\"7a26376e\" data-element_type=\"section\" data-e-type=\"section\">\n\t\t\t\t\t\t<div class=\"elementor-container elementor-column-gap-default\">\n\t\t\t\t\t<div class=\"elementor-column elementor-col-100 elementor-top-column elementor-element elementor-element-2256ba7f\" data-id=\"2256ba7f\" data-element_type=\"column\" data-e-type=\"column\">\n\t\t\t<div class=\"elementor-widget-wrap elementor-element-populated\">\n\t\t\t\t\t\t<div class=\"elementor-element elementor-element-3d4506b5 elementor-view-default elementor-widget elementor-widget-icon\" data-id=\"3d4506b5\" data-element_type=\"widget\" data-e-type=\"widget\" data-widget_type=\"icon.default\">\n\t\t\t\t\t\t\t<div class=\"elementor-icon-wrapper\">\n\t\t\t<div class=\"elementor-icon\">\n\t\t\t<svg aria-hidden=\"true\" class=\"e-font-icon-svg e-fas-grip-lines\" viewBox=\"0 0 512 512\" xmlns=\"http:\/\/www.w3.org\/2000\/svg\"><path d=\"M496 288H16c-8.8 0-16 7.2-16 16v32c0 8.8 7.2 16 16 16h480c8.8 0 16-7.2 16-16v-32c0-8.8-7.2-16-16-16zm0-128H16c-8.8 0-16 7.2-16 16v32c0 8.8 7.2 16 16 16h480c8.8 0 16-7.2 16-16v-32c0-8.8-7.2-16-16-16z\"><\/path><\/svg>\t\t\t<\/div>\n\t\t<\/div>\n\t\t\t\t\t\t<\/div>\n\t\t\t\t\t<\/div>\n\t\t<\/div>\n\t\t\t\t\t<\/div>\n\t\t<\/section>\n\t\t\t\t<section class=\"wd-negative-gap elementor-section elementor-top-section elementor-element elementor-element-7723d124 elementor-section-boxed elementor-section-height-default elementor-section-height-default\" data-id=\"7723d124\" data-element_type=\"section\" data-e-type=\"section\">\n\t\t\t\t\t\t<div class=\"elementor-container elementor-column-gap-default\">\n\t\t\t\t\t<div class=\"elementor-column elementor-col-33 elementor-top-column elementor-element elementor-element-343e690f\" data-id=\"343e690f\" data-element_type=\"column\" data-e-type=\"column\">\n\t\t\t<div class=\"elementor-widget-wrap elementor-element-populated\">\n\t\t\t\t\t\t<div class=\"elementor-element elementor-element-29d34719 elementor-position-top elementor-widget elementor-widget-image-box\" data-id=\"29d34719\" data-element_type=\"widget\" data-e-type=\"widget\" data-widget_type=\"image-box.default\">\n\t\t\t\t\t<div class=\"elementor-image-box-wrapper\"><figure class=\"elementor-image-box-img\"><a href=\"https:\/\/estenbulhealth.com\/tr\/porselen-kaplama\/\" tabindex=\"-1\"><img loading=\"lazy\" decoding=\"async\" width=\"250\" height=\"250\" src=\"https:\/\/estenbulhealth.com\/wp-content\/uploads\/2021\/11\/Porcelain-Veneer-in-turkey.png\" class=\"attachment-full size-full wp-image-18316\" alt=\"Porcelain Veneer in turkey\" title=\"\" srcset=\"https:\/\/estenbulhealth.com\/wp-content\/uploads\/2021\/11\/Porcelain-Veneer-in-turkey.png 250w, https:\/\/estenbulhealth.com\/wp-content\/uploads\/2021\/11\/Porcelain-Veneer-in-turkey-150x150.png 150w, https:\/\/estenbulhealth.com\/wp-content\/uploads\/2021\/11\/Porcelain-Veneer-in-turkey-66x66.png 66w, https:\/\/estenbulhealth.com\/wp-content\/uploads\/2021\/11\/Porcelain-Veneer-in-turkey-200x200.png 200w\" sizes=\"auto, (max-width: 250px) 100vw, 250px\" \/><\/a><\/figure><div class=\"elementor-image-box-content\"><h3 class=\"elementor-image-box-title\"><a href=\"https:\/\/estenbulhealth.com\/tr\/porselen-kaplama\/\">Porselen Kaplama<\/a><\/h3><p class=\"elementor-image-box-description\">Do\u011fumda \u00e7arp\u0131k veya kusurlu olan veya kaza, yaralanma, sigara, \u00e7ay-kahve gibi nedenlerle sonradan rengini ve \u015feklini kaybetmi\u015f di\u015flerin do\u011fal g\u00f6r\u00fcn\u00fcm\u00fcne ve rengine en yak\u0131n malzeme olan metal destekli porselen ile kaplanmas\u0131 i\u015flemidir. .<\/p><\/div><\/div>\t\t\t\t<\/div>\n\t\t\t\t<div class=\"elementor-element elementor-element-6360d23e elementor-align-center elementor-widget elementor-widget-button\" data-id=\"6360d23e\" data-element_type=\"widget\" data-e-type=\"widget\" data-widget_type=\"button.default\">\n\t\t\t\t\t\t\t\t\t\t<a class=\"elementor-button elementor-button-link elementor-size-sm\" href=\"https:\/\/estenbulhealth.com\/tr\/porselen-kaplama\/\">\n\t\t\t\t\t\t<span class=\"elementor-button-content-wrapper\">\n\t\t\t\t\t\t\t\t\t<span class=\"elementor-button-text\">Daha Fazla Oku<\/span>\n\t\t\t\t\t<\/span>\n\t\t\t\t\t<\/a>\n\t\t\t\t\t\t\t\t<\/div>\n\t\t\t\t\t<\/div>\n\t\t<\/div>\n\t\t\t\t<div class=\"elementor-column elementor-col-33 elementor-top-column elementor-element elementor-element-5c76c50f\" data-id=\"5c76c50f\" data-element_type=\"column\" data-e-type=\"column\">\n\t\t\t<div class=\"elementor-widget-wrap\">\n\t\t\t\t\t\t\t<\/div>\n\t\t<\/div>\n\t\t\t\t<div class=\"elementor-column elementor-col-33 elementor-top-column elementor-element elementor-element-68909a1e\" data-id=\"68909a1e\" data-element_type=\"column\" data-e-type=\"column\">\n\t\t\t<div class=\"elementor-widget-wrap\">\n\t\t\t\t\t\t\t<\/div>\n\t\t<\/div>\n\t\t\t\t\t<\/div>\n\t\t<\/section>\n\t\t\t\t<section class=\"wd-negative-gap elementor-section elementor-top-section elementor-element elementor-element-11b56afc elementor-section-boxed elementor-section-height-default elementor-section-height-default\" data-id=\"11b56afc\" data-element_type=\"section\" data-e-type=\"section\">\n\t\t\t\t\t\t<div class=\"elementor-container elementor-column-gap-default\">\n\t\t\t\t\t<div class=\"elementor-column elementor-col-100 elementor-top-column elementor-element elementor-element-27bfebfb\" data-id=\"27bfebfb\" data-element_type=\"column\" data-e-type=\"column\">\n\t\t\t<div class=\"elementor-widget-wrap elementor-element-populated\">\n\t\t\t\t\t\t<div class=\"elementor-element elementor-element-535118a elementor-widget-divider--view-line_icon elementor-view-default elementor-widget-divider--element-align-center elementor-widget elementor-widget-divider\" data-id=\"535118a\" data-element_type=\"widget\" data-e-type=\"widget\" data-widget_type=\"divider.default\">\n\t\t\t\t\t\t\t<div class=\"elementor-divider\">\n\t\t\t<span class=\"elementor-divider-separator\">\n\t\t\t\t\t\t\t<div class=\"elementor-icon elementor-divider__element\">\n\t\t\t\t\t<svg aria-hidden=\"true\" class=\"e-font-icon-svg e-fas-hand-holding-heart\" viewBox=\"0 0 576 512\" xmlns=\"http:\/\/www.w3.org\/2000\/svg\"><path d=\"M275.3 250.5c7 7.4 18.4 7.4 25.5 0l108.9-114.2c31.6-33.2 29.8-88.2-5.6-118.8-30.8-26.7-76.7-21.9-104.9 7.7L288 36.9l-11.1-11.6C248.7-4.4 202.8-9.2 172 17.5c-35.3 30.6-37.2 85.6-5.6 118.8l108.9 114.2zm290 77.6c-11.8-10.7-30.2-10-42.6 0L430.3 402c-11.3 9.1-25.4 14-40 14H272c-8.8 0-16-7.2-16-16s7.2-16 16-16h78.3c15.9 0 30.7-10.9 33.3-26.6 3.3-20-12.1-37.4-31.6-37.4H192c-27 0-53.1 9.3-74.1 26.3L71.4 384H16c-8.8 0-16 7.2-16 16v96c0 8.8 7.2 16 16 16h356.8c14.5 0 28.6-4.9 40-14L564 377c15.2-12.1 16.4-35.3 1.3-48.9z\"><\/path><\/svg><\/div>\n\t\t\t\t\t\t<\/span>\n\t\t<\/div>\n\t\t\t\t\t\t<\/div>\n\t\t\t\t\t<\/div>\n\t\t<\/div>\n\t\t\t\t\t<\/div>\n\t\t<\/section>\n\t\t\t\t<section class=\"wd-negative-gap elementor-section elementor-top-section elementor-element elementor-element-6482f6c elementor-section-boxed elementor-section-height-default elementor-section-height-default\" data-id=\"6482f6c\" data-element_type=\"section\" data-e-type=\"section\">\n\t\t\t\t\t\t<div class=\"elementor-container elementor-column-gap-default\">\n\t\t\t\t\t<div class=\"elementor-column elementor-col-33 elementor-top-column elementor-element elementor-element-221c43f\" data-id=\"221c43f\" data-element_type=\"column\" data-e-type=\"column\" data-settings=\"{&quot;background_background&quot;:&quot;gradient&quot;}\">\n\t\t\t<div class=\"elementor-widget-wrap elementor-element-populated\">\n\t\t\t\t\t\t\t<\/div>\n\t\t<\/div>\n\t\t\t\t<div class=\"elementor-column elementor-col-66 elementor-top-column elementor-element elementor-element-add25bd\" data-id=\"add25bd\" data-element_type=\"column\" data-e-type=\"column\">\n\t\t\t<div class=\"elementor-widget-wrap elementor-element-populated\">\n\t\t\t\t\t\t<div class=\"elementor-element elementor-element-5a0a9183 elementor-widget elementor-widget-heading\" data-id=\"5a0a9183\" data-element_type=\"widget\" data-e-type=\"widget\" data-widget_type=\"heading.default\">\n\t\t\t\t\t<h2 class=\"elementor-heading-title elementor-size-default\">\u0130leti\u015fim Bilgileri<\/h2>\t\t\t\t<\/div>\n\t\t\t\t<div class=\"elementor-element elementor-element-220c066b color-scheme-inherit text-left elementor-widget elementor-widget-text-editor\" data-id=\"220c066b\" data-element_type=\"widget\" data-e-type=\"widget\" data-widget_type=\"text-editor.default\">\n\t\t\t\t\t\t\t\t\t<p><strong>Y\u00f6netim Ofisi:<\/strong> Cihannuma Mah. Akdo\u011fan Sok, No: 45\/2 Be\u015fikta\u015f, \u0130stanbul, T\u00fcrkiye<\/p><p><strong>Hastane:<\/strong>\u00a0Levent Mah. Yeni S\u00fcl\u00fcn Sok. No:13, 34353 Be\u015fikta\u015f\/\u0130stanbul<\/p><p><strong>Telefon:<\/strong>\u00a0+90 (542) 334 1865<br \/><strong>Whatsapp :<\/strong>\u00a0+90 (541) 304 1865<br \/><strong>Email:\u00a0<\/strong>info@estenbulhealth.com<\/p>\t\t\t\t\t\t\t\t<\/div>\n\t\t\t\t\t<\/div>\n\t\t<\/div>\n\t\t\t\t\t<\/div>\n\t\t<\/section>\n\t\t\t\t<\/div>\n\t\t","protected":false},"excerpt":{"rendered":"<p>Di\u015f \u0130mplantlar\u0131 \u0130nsan sa\u011fl\u0131\u011f\u0131na tamamen uygun bir materyal olan titanyumdan \u00fcretilen bu yapay di\u015f k\u00f6k\u00fc \u00f6zellikle tek di\u015f kay\u0131plar\u0131nda kom\u015fu<\/p>\n","protected":false},"author":24,"featured_media":15493,"parent":13437,"menu_order":0,"comment_status":"closed","ping_status":"closed","template":"","meta":{"content-type":"","footnotes":""},"class_list":["post-13286","page","type-page","status-publish","has-post-thumbnail","hentry"],"_links":{"self":[{"href":"https:\/\/estenbulhealth.com\/tr\/wp-json\/wp\/v2\/pages\/13286","targetHints":{"allow":["GET"]}}],"collection":[{"href":"https:\/\/estenbulhealth.com\/tr\/wp-json\/wp\/v2\/pages"}],"about":[{"href":"https:\/\/estenbulhealth.com\/tr\/wp-json\/wp\/v2\/types\/page"}],"author":[{"embeddable":true,"href":"https:\/\/estenbulhealth.com\/tr\/wp-json\/wp\/v2\/users\/24"}],"replies":[{"embeddable":true,"href":"https:\/\/estenbulhealth.com\/tr\/wp-json\/wp\/v2\/comments?post=13286"}],"version-history":[{"count":1,"href":"https:\/\/estenbulhealth.com\/tr\/wp-json\/wp\/v2\/pages\/13286\/revisions"}],"predecessor-version":[{"id":42190,"href":"https:\/\/estenbulhealth.com\/tr\/wp-json\/wp\/v2\/pages\/13286\/revisions\/42190"}],"up":[{"embeddable":true,"href":"https:\/\/estenbulhealth.com\/tr\/wp-json\/wp\/v2\/pages\/13437"}],"wp:featuredmedia":[{"embeddable":true,"href":"https:\/\/estenbulhealth.com\/tr\/wp-json\/wp\/v2\/media\/15493"}],"wp:attachment":[{"href":"https:\/\/estenbulhealth.com\/tr\/wp-json\/wp\/v2\/media?parent=13286"}],"curies":[{"name":"wp","href":"https:\/\/api.w.org\/{rel}","templated":true}]}}