{"id":13270,"date":"2025-01-28T21:11:00","date_gmt":"2025-01-28T18:11:00","guid":{"rendered":"https:\/\/estenbulhealth.com\/sakal-ve-biyik-ekimi\/"},"modified":"2025-01-28T21:18:41","modified_gmt":"2025-01-28T18:18:41","slug":"sakal-ve-biyik-ekimi","status":"publish","type":"page","link":"https:\/\/estenbulhealth.com\/tr\/sakal-ve-biyik-ekimi\/","title":{"rendered":"Sakal ve B\u0131y\u0131k Ekimi"},"content":{"rendered":"\t\t<div data-elementor-type=\"wp-page\" data-elementor-id=\"13270\" class=\"elementor elementor-13270\">\n\t\t\t\t\t\t<section class=\"wd-negative-gap elementor-section elementor-top-section elementor-element elementor-element-b2bf344 elementor-section-boxed elementor-section-height-default elementor-section-height-default\" data-id=\"b2bf344\" data-element_type=\"section\" data-e-type=\"section\">\n\t\t\t\t\t\t<div class=\"elementor-container elementor-column-gap-default\">\n\t\t\t\t\t<div class=\"elementor-column elementor-col-50 elementor-top-column elementor-element elementor-element-b095959\" data-id=\"b095959\" data-element_type=\"column\" data-e-type=\"column\">\n\t\t\t<div class=\"elementor-widget-wrap elementor-element-populated\">\n\t\t\t\t\t\t<div class=\"elementor-element elementor-element-be58cbc color-scheme-inherit text-left elementor-widget elementor-widget-text-editor\" data-id=\"be58cbc\" data-element_type=\"widget\" data-e-type=\"widget\" data-widget_type=\"text-editor.default\">\n\t\t\t\t\t\t\t\t\t<h3>Sakal ve B\u0131y\u0131k Ekimi Nedir?<\/h3><p>Sakal ve b\u0131y\u0131k ekimi, FUE (Follicular Unit Extraction) tekni\u011fi ile ensede, sa\u00e7lar\u0131n en g\u00fc\u00e7l\u00fc oldu\u011fu iki kulak aras\u0131nda kalan b\u00f6lgeden (erkeklerde, gerekli durumlarda g\u00f6\u011f\u00fcs ve \u00e7ene alt\u0131ndan) toplanan greftlerin, do\u011fal ve ger\u00e7ek\u00e7i bir g\u00f6r\u00fcn\u00fcm elde edilecek \u015fekilde sakal ve b\u0131y\u0131ktaki bo\u015fluklara; \u201cDHI\u201d, \u201cSafir\u201d veya \u201cSlit\u201d tekniklerinden biri kullan\u0131larak ekilmesidir. Sakal-b\u0131y\u0131\u011f\u0131 \u00e7\u0131kmayan ya da \u00e7e\u015fitli nedenlerle t\u00fcm\u00fc veya bir k\u0131sm\u0131 d\u00f6k\u00fclm\u00fc\u015f olan erkeklerin tercih etti\u011fi sakal-b\u0131y\u0131k ekimi, di\u011fer k\u0131l k\u00f6k\u00fc nakillerine oranla olduk\u00e7a dikkat ve \u00f6zen gerektiren bir uygulamad\u0131r.<\/p>\t\t\t\t\t\t\t\t<\/div>\n\t\t\t\t\t<\/div>\n\t\t<\/div>\n\t\t\t\t<div class=\"elementor-column elementor-col-50 elementor-top-column elementor-element elementor-element-ef4bcfd\" data-id=\"ef4bcfd\" data-element_type=\"column\" data-e-type=\"column\">\n\t\t\t<div class=\"elementor-widget-wrap elementor-element-populated\">\n\t\t\t\t\t\t<div class=\"elementor-element elementor-element-fa964b5 elementor-widget elementor-widget-image\" data-id=\"fa964b5\" data-element_type=\"widget\" data-e-type=\"widget\" data-widget_type=\"image.default\">\n\t\t\t\t\t\t\t\t\t\t\t\t\t\t\t<img loading=\"lazy\" decoding=\"async\" width=\"1024\" height=\"1024\" src=\"https:\/\/estenbulhealth.com\/wp-content\/uploads\/2020\/03\/Hair-Transplant-Result-Turkey-5-1024x1024.jpg\" class=\"attachment-large size-large wp-image-8829\" alt=\"Hair Transplant Result Turkey\" srcset=\"https:\/\/estenbulhealth.com\/wp-content\/uploads\/2020\/03\/Hair-Transplant-Result-Turkey-5-1024x1024.jpg 1024w, https:\/\/estenbulhealth.com\/wp-content\/uploads\/2020\/03\/Hair-Transplant-Result-Turkey-5-300x300.jpg 300w, https:\/\/estenbulhealth.com\/wp-content\/uploads\/2020\/03\/Hair-Transplant-Result-Turkey-5-150x150.jpg 150w, https:\/\/estenbulhealth.com\/wp-content\/uploads\/2020\/03\/Hair-Transplant-Result-Turkey-5-768x768.jpg 768w, https:\/\/estenbulhealth.com\/wp-content\/uploads\/2020\/03\/Hair-Transplant-Result-Turkey-5-66x66.jpg 66w, https:\/\/estenbulhealth.com\/wp-content\/uploads\/2020\/03\/Hair-Transplant-Result-Turkey-5-200x200.jpg 200w, https:\/\/estenbulhealth.com\/wp-content\/uploads\/2020\/03\/Hair-Transplant-Result-Turkey-5-400x400.jpg 400w, https:\/\/estenbulhealth.com\/wp-content\/uploads\/2020\/03\/Hair-Transplant-Result-Turkey-5-600x600.jpg 600w, https:\/\/estenbulhealth.com\/wp-content\/uploads\/2020\/03\/Hair-Transplant-Result-Turkey-5-800x800.jpg 800w, https:\/\/estenbulhealth.com\/wp-content\/uploads\/2020\/03\/Hair-Transplant-Result-Turkey-5.jpg 1080w\" sizes=\"auto, (max-width: 1024px) 100vw, 1024px\" title=\"\">\t\t\t\t\t\t\t\t\t\t\t\t\t\t\t<\/div>\n\t\t\t\t\t<\/div>\n\t\t<\/div>\n\t\t\t\t\t<\/div>\n\t\t<\/section>\n\t\t\t\t<section class=\"wd-negative-gap elementor-section elementor-top-section elementor-element elementor-element-2e188046 elementor-section-boxed elementor-section-height-default elementor-section-height-default\" data-id=\"2e188046\" data-element_type=\"section\" data-e-type=\"section\">\n\t\t\t\t\t\t<div class=\"elementor-container elementor-column-gap-default\">\n\t\t\t\t\t<div class=\"elementor-column elementor-col-100 elementor-top-column elementor-element elementor-element-3e8d18da\" data-id=\"3e8d18da\" data-element_type=\"column\" data-e-type=\"column\">\n\t\t\t<div class=\"elementor-widget-wrap elementor-element-populated\">\n\t\t\t\t\t\t<div class=\"elementor-element elementor-element-1e417e86 color-scheme-inherit text-left elementor-widget elementor-widget-text-editor\" data-id=\"1e417e86\" data-element_type=\"widget\" data-e-type=\"widget\" data-widget_type=\"text-editor.default\">\n\t\t\t\t\t\t\t\t\t<h3>Sakal ve B\u0131y\u0131k Ekimi Nas\u0131l Yap\u0131l\u0131r?<\/h3><ol><li><strong>Planlama:\u00a0<\/strong>Uzmanlar\u0131m\u0131z y\u00fcz hatlar\u0131n\u0131za en uygun b\u0131y\u0131k ve sakal \u00e7izgisini, greft say\u0131s\u0131n\u0131 ve uygulama plan\u0131n\u0131 belirliyor.<\/li><li><strong>Haz\u0131rl\u0131k:\u00a0<\/strong>\u0130\u015flemin yap\u0131laca\u011f\u0131 b\u00f6lge sterilize ediliyor ve hi\u00e7 ac\u0131 hissetmemeniz i\u00e7in lokal anestezi uygulan\u0131yor. Lokal anestezi, ultra ince u\u00e7lu bir i\u011fneyle etken maddenin ilgili b\u00f6lgelere enjekte edilmesiyle ger\u00e7ekle\u015ftiriliyor. \u0130\u011fneden korkanlar i\u00e7inse olduk\u00e7a kolay ve ac\u0131s\u0131z bir alternatif var. Bas\u0131n\u00e7l\u0131 bir p\u00fcsk\u00fcrtme i\u015flemiyle etken maddenin ac\u0131s\u0131z bir \u015fekilde deriye n\u00fcfuz etmesini sa\u011fl\u0131yor, anestezi i\u00e7in gerekli olan i\u011fneyi o b\u00f6lge uyu\u015ftuktan sonra uyguluyoruz. B\u00f6ylelikle hi\u00e7 ac\u0131 hissetmiyorsunuz.<\/li><li><strong>Greftlerin toplanmas\u0131:<\/strong>\u00a0Greftleri genelde sa\u00e7lar\u0131n en g\u00fcr ve dayan\u0131kl\u0131 oldu\u011fu noktadan yani ensede, iki kulak aras\u0131ndaki b\u00f6lgeden topluyoruz. Bu b\u00f6lge tamam\u0131yla uyu\u015fmu\u015f oldu\u011fu i\u00e7in hi\u00e7bir \u015fey hissetmiyorsunuz. E\u011fer daha fazla grefte ihtiyac\u0131m\u0131z varsa g\u00f6\u011f\u00fcsten veya \u00e7ene alt\u0131ndan (erkekler i\u00e7in ge\u00e7erli) toplayabiliyoruz. Greftlerin tek tek topland\u0131\u011f\u0131 FUE Tekni\u011fi bize bu imkan\u0131 olduk\u00e7a estetik bir bi\u00e7imde sa\u011fl\u0131yor.<\/li><li><strong>Ekimin ger\u00e7ekle\u015ftirilmesi:\u00a0<\/strong>Toplad\u0131\u011f\u0131m\u0131z greftleri lokal anestezi alt\u0131ndaki sakal-b\u0131y\u0131k b\u00f6lgesine, ki\u015finin y\u00fcz hatlar\u0131na g\u00f6re belirledi\u011fimiz do\u011fal \u00e7izgi ve sakal-b\u0131y\u0131\u011f\u0131n b\u00fcy\u00fcme y\u00f6n\u00fc do\u011frultusunda; \u201cDHI\u201d, \u201cSafir\u201d veya \u201cSlit\u201d tekni\u011fini kullanarak en uygun s\u0131kl\u0131k ve a\u00e7\u0131yla ekiyoruz. Sakal-b\u0131y\u0131k ekiminde en estetik ve sa\u011fl\u0131kl\u0131 sonu\u00e7lar\u0131 FUE Safir Tekni\u011fi\u2019yle ald\u0131\u011f\u0131m\u0131z i\u00e7in misafirlerimize bu tekni\u011fi \u00f6neriyoruz. E\u011fer sakal-b\u0131y\u0131kta k\u0131smi bir d\u00f6k\u00fclme varsa ekim i\u015flemi 2 ila 4 saatte tamamlan\u0131yor.<\/li><li><strong>Uygulama sonras\u0131 s\u00fcre\u00e7:<\/strong> Uygulaman\u0131n yap\u0131ld\u0131\u011f\u0131 g\u00fcn sakal-b\u0131y\u0131k b\u00f6lgesindeki k\u0131l k\u00f6klerine PRP tedavisi uyguluyoruz. Ekilen sakal-b\u0131y\u0131k alt\u0131 ay i\u00e7inde b\u00fcy\u00fcmeye ba\u015fl\u0131yor. Yakla\u015f\u0131k bir y\u0131l i\u00e7inde olduk\u00e7a do\u011fal g\u00f6r\u00fcnen, hayal etti\u011finiz gibi bir sakal-b\u0131y\u0131\u011fa kavu\u015fuyorsunuz.<\/li><\/ol>\t\t\t\t\t\t\t\t<\/div>\n\t\t\t\t\t<\/div>\n\t\t<\/div>\n\t\t\t\t\t<\/div>\n\t\t<\/section>\n\t\t\t\t<\/div>\n\t\t","protected":false},"excerpt":{"rendered":"<p>Sakal ve B\u0131y\u0131k Ekimi Nedir? Sakal ve b\u0131y\u0131k ekimi, FUE (Follicular Unit Extraction) tekni\u011fi ile ensede, sa\u00e7lar\u0131n en g\u00fc\u00e7l\u00fc oldu\u011fu<\/p>\n","protected":false},"author":24,"featured_media":0,"parent":0,"menu_order":0,"comment_status":"closed","ping_status":"closed","template":"","meta":{"content-type":"","footnotes":""},"class_list":["post-13270","page","type-page","status-publish","hentry"],"_links":{"self":[{"href":"https:\/\/estenbulhealth.com\/tr\/wp-json\/wp\/v2\/pages\/13270","targetHints":{"allow":["GET"]}}],"collection":[{"href":"https:\/\/estenbulhealth.com\/tr\/wp-json\/wp\/v2\/pages"}],"about":[{"href":"https:\/\/estenbulhealth.com\/tr\/wp-json\/wp\/v2\/types\/page"}],"author":[{"embeddable":true,"href":"https:\/\/estenbulhealth.com\/tr\/wp-json\/wp\/v2\/users\/24"}],"replies":[{"embeddable":true,"href":"https:\/\/estenbulhealth.com\/tr\/wp-json\/wp\/v2\/comments?post=13270"}],"version-history":[{"count":4,"href":"https:\/\/estenbulhealth.com\/tr\/wp-json\/wp\/v2\/pages\/13270\/revisions"}],"predecessor-version":[{"id":37380,"href":"https:\/\/estenbulhealth.com\/tr\/wp-json\/wp\/v2\/pages\/13270\/revisions\/37380"}],"wp:attachment":[{"href":"https:\/\/estenbulhealth.com\/tr\/wp-json\/wp\/v2\/media?parent=13270"}],"curies":[{"name":"wp","href":"https:\/\/api.w.org\/{rel}","templated":true}]}}