{"id":13264,"date":"2025-01-28T21:11:19","date_gmt":"2025-01-28T18:11:19","guid":{"rendered":"https:\/\/estenbulhealth.com\/dhi-sac-ekimi\/"},"modified":"2025-01-28T21:18:02","modified_gmt":"2025-01-28T18:18:02","slug":"dhi-sac-ekimi","status":"publish","type":"page","link":"https:\/\/estenbulhealth.com\/tr\/dhi-sac-ekimi\/","title":{"rendered":"DHI Sa\u00e7 Ekimi"},"content":{"rendered":"\t\t<div data-elementor-type=\"wp-page\" data-elementor-id=\"13264\" class=\"elementor elementor-13264\">\n\t\t\t\t\t\t<section class=\"wd-negative-gap elementor-section elementor-top-section elementor-element elementor-element-2cacbfe elementor-section-boxed elementor-section-height-default elementor-section-height-default\" data-id=\"2cacbfe\" data-element_type=\"section\" data-e-type=\"section\">\n\t\t\t\t\t\t<div class=\"elementor-container elementor-column-gap-default\">\n\t\t\t\t\t<div class=\"elementor-column elementor-col-50 elementor-top-column elementor-element elementor-element-54b6621\" data-id=\"54b6621\" data-element_type=\"column\" data-e-type=\"column\">\n\t\t\t<div class=\"elementor-widget-wrap elementor-element-populated\">\n\t\t\t\t\t\t<div class=\"elementor-element elementor-element-edbf10d color-scheme-inherit text-left elementor-widget elementor-widget-text-editor\" data-id=\"edbf10d\" data-element_type=\"widget\" data-e-type=\"widget\" data-widget_type=\"text-editor.default\">\n\t\t\t\t\t\t\t\t\t<h2>FUE DHI Sa\u00e7 Ekimi Tekni\u011fi Nedir?<\/h2><p>FUE (Follicular Unit Extraction) DHI (Direct Hair Implantation) Tekni\u011fi\u2019nde greftler (sa\u00e7 k\u00f6kleri), topland\u0131ktan sonra d\u00f6k\u00fclmenin oldu\u011fu alana implanter kalem ile direkt olarak ekiliyor. Greftler; \u00e7ok ince, silindirik ve keskin bir uca sahip \u00f6zel implanter kalemin i\u00e7ine yerle\u015ftiriliyor ve ekim i\u015flemi, kalemin itme \u00f6zelli\u011fi sayesinde tek a\u015famada ger\u00e7ekle\u015ftiriliyor. B\u00f6ylece di\u011fer tekniklerde oldu\u011fu gibi ekimin yap\u0131laca\u011f\u0131 b\u00f6lgeye kanal a\u00e7maya gerek kalm\u0131yor. FUE DHI Tekni\u011fi\u2019nde de greftler, di\u011fer ekim tekniklerinde oldu\u011fu gibi FUE Tekni\u011fi kullan\u0131larak al\u0131n\u0131yor.<\/p>\t\t\t\t\t\t\t\t<\/div>\n\t\t\t\t\t<\/div>\n\t\t<\/div>\n\t\t\t\t<div class=\"elementor-column elementor-col-50 elementor-top-column elementor-element elementor-element-d5ab895\" data-id=\"d5ab895\" data-element_type=\"column\" data-e-type=\"column\">\n\t\t\t<div class=\"elementor-widget-wrap elementor-element-populated\">\n\t\t\t\t\t\t<div class=\"elementor-element elementor-element-405e58f elementor-widget elementor-widget-image\" data-id=\"405e58f\" data-element_type=\"widget\" data-e-type=\"widget\" data-widget_type=\"image.default\">\n\t\t\t\t\t\t\t\t\t\t\t\t\t\t\t<img loading=\"lazy\" decoding=\"async\" width=\"1024\" height=\"683\" src=\"https:\/\/estenbulhealth.com\/wp-content\/uploads\/2022\/08\/dhi-teknigi-nedir-1024x683-1.jpeg\" class=\"attachment-large size-large wp-image-24013\" alt=\"DHI Tekni\u011fi Nedir?\" srcset=\"https:\/\/estenbulhealth.com\/wp-content\/uploads\/2022\/08\/dhi-teknigi-nedir-1024x683-1.jpeg 1024w, https:\/\/estenbulhealth.com\/wp-content\/uploads\/2022\/08\/dhi-teknigi-nedir-1024x683-1-300x200.jpeg 300w, https:\/\/estenbulhealth.com\/wp-content\/uploads\/2022\/08\/dhi-teknigi-nedir-1024x683-1-768x512.jpeg 768w, https:\/\/estenbulhealth.com\/wp-content\/uploads\/2022\/08\/dhi-teknigi-nedir-1024x683-1-200x133.jpeg 200w, https:\/\/estenbulhealth.com\/wp-content\/uploads\/2022\/08\/dhi-teknigi-nedir-1024x683-1-400x267.jpeg 400w, https:\/\/estenbulhealth.com\/wp-content\/uploads\/2022\/08\/dhi-teknigi-nedir-1024x683-1-600x400.jpeg 600w, https:\/\/estenbulhealth.com\/wp-content\/uploads\/2022\/08\/dhi-teknigi-nedir-1024x683-1-800x534.jpeg 800w\" sizes=\"auto, (max-width: 1024px) 100vw, 1024px\" title=\"\">\t\t\t\t\t\t\t\t\t\t\t\t\t\t\t<\/div>\n\t\t\t\t\t<\/div>\n\t\t<\/div>\n\t\t\t\t\t<\/div>\n\t\t<\/section>\n\t\t\t\t<section class=\"wd-negative-gap elementor-section elementor-top-section elementor-element elementor-element-eb27df4 elementor-section-boxed elementor-section-height-default elementor-section-height-default\" data-id=\"eb27df4\" data-element_type=\"section\" data-e-type=\"section\">\n\t\t\t\t\t\t<div class=\"elementor-container elementor-column-gap-default\">\n\t\t\t\t\t<div class=\"elementor-column elementor-col-100 elementor-top-column elementor-element elementor-element-db78315\" data-id=\"db78315\" data-element_type=\"column\" data-e-type=\"column\">\n\t\t\t<div class=\"elementor-widget-wrap elementor-element-populated\">\n\t\t\t\t\t\t<div class=\"elementor-element elementor-element-8e3569f elementor-widget elementor-widget-heading\" data-id=\"8e3569f\" data-element_type=\"widget\" data-e-type=\"widget\" data-widget_type=\"heading.default\">\n\t\t\t\t\t<h2 class=\"elementor-heading-title elementor-size-default\">FUE DHI Sa\u00e7 Ekimi Tekni\u011fi Nas\u0131l Uygulan\u0131r?<\/h2>\t\t\t\t<\/div>\n\t\t\t\t\t<\/div>\n\t\t<\/div>\n\t\t\t\t\t<\/div>\n\t\t<\/section>\n\t\t\t\t<section class=\"wd-negative-gap elementor-section elementor-top-section elementor-element elementor-element-9457f93 elementor-section-boxed elementor-section-height-default elementor-section-height-default\" data-id=\"9457f93\" data-element_type=\"section\" data-e-type=\"section\">\n\t\t\t\t\t\t<div class=\"elementor-container elementor-column-gap-default\">\n\t\t\t\t\t<div class=\"elementor-column elementor-col-100 elementor-top-column elementor-element elementor-element-ed5bd86\" data-id=\"ed5bd86\" data-element_type=\"column\" data-e-type=\"column\">\n\t\t\t<div class=\"elementor-widget-wrap elementor-element-populated\">\n\t\t\t\t\t\t<div class=\"elementor-element elementor-element-21bc2e0 elementor-widget elementor-widget-toggle\" data-id=\"21bc2e0\" data-element_type=\"widget\" data-e-type=\"widget\" data-widget_type=\"toggle.default\">\n\t\t\t\t\t\t\t<div class=\"elementor-toggle\">\n\t\t\t\t\t\t\t<div class=\"elementor-toggle-item\">\n\t\t\t\t\t<div id=\"elementor-tab-title-3531\" class=\"elementor-tab-title\" data-tab=\"1\" role=\"button\" aria-controls=\"elementor-tab-content-3531\" aria-expanded=\"false\">\n\t\t\t\t\t\t\t\t\t\t\t\t<span class=\"elementor-toggle-icon elementor-toggle-icon-left\" aria-hidden=\"true\">\n\t\t\t\t\t\t\t\t\t\t\t\t\t\t\t<span class=\"elementor-toggle-icon-closed\"><svg class=\"e-font-icon-svg e-fas-caret-right\" viewBox=\"0 0 192 512\" xmlns=\"http:\/\/www.w3.org\/2000\/svg\"><path d=\"M0 384.662V127.338c0-17.818 21.543-26.741 34.142-14.142l128.662 128.662c7.81 7.81 7.81 20.474 0 28.284L34.142 398.804C21.543 411.404 0 402.48 0 384.662z\"><\/path><\/svg><\/span>\n\t\t\t\t\t\t\t\t<span class=\"elementor-toggle-icon-opened\"><svg class=\"elementor-toggle-icon-opened e-font-icon-svg e-fas-caret-up\" viewBox=\"0 0 320 512\" xmlns=\"http:\/\/www.w3.org\/2000\/svg\"><path d=\"M288.662 352H31.338c-17.818 0-26.741-21.543-14.142-34.142l128.662-128.662c7.81-7.81 20.474-7.81 28.284 0l128.662 128.662c12.6 12.599 3.676 34.142-14.142 34.142z\"><\/path><\/svg><\/span>\n\t\t\t\t\t\t\t\t\t\t\t\t\t<\/span>\n\t\t\t\t\t\t\t\t\t\t\t\t<a class=\"elementor-toggle-title\" tabindex=\"0\">Planlama :<\/a>\n\t\t\t\t\t<\/div>\n\n\t\t\t\t\t<div id=\"elementor-tab-content-3531\" class=\"elementor-tab-content elementor-clearfix\" data-tab=\"1\" role=\"region\" aria-labelledby=\"elementor-tab-title-3531\"><p>Uzmanlar\u0131m\u0131z size en uygun sa\u00e7 \u00e7izgisini, greft say\u0131s\u0131n\u0131 ve uygulama plan\u0131n\u0131 belirliyor.<\/p><p>\u00a0<\/p><p><img loading=\"lazy\" decoding=\"async\" class=\"alignnone size-full wp-image-23986\" src=\"https:\/\/estenbulhealth.com\/wp-content\/uploads\/2022\/08\/fue-sac-ekimi-sureci-300x225-1.jpeg\" alt=\"FUE Sa\u00e7 Ekimi S\u00fcreci Planlama\" width=\"300\" height=\"225\" title=\"\" srcset=\"https:\/\/estenbulhealth.com\/wp-content\/uploads\/2022\/08\/fue-sac-ekimi-sureci-300x225-1.jpeg 300w, https:\/\/estenbulhealth.com\/wp-content\/uploads\/2022\/08\/fue-sac-ekimi-sureci-300x225-1-200x150.jpeg 200w\" sizes=\"auto, (max-width: 300px) 100vw, 300px\" \/><\/p><\/div>\n\t\t\t\t<\/div>\n\t\t\t\t\t\t\t<div class=\"elementor-toggle-item\">\n\t\t\t\t\t<div id=\"elementor-tab-title-3532\" class=\"elementor-tab-title\" data-tab=\"2\" role=\"button\" aria-controls=\"elementor-tab-content-3532\" aria-expanded=\"false\">\n\t\t\t\t\t\t\t\t\t\t\t\t<span class=\"elementor-toggle-icon elementor-toggle-icon-left\" aria-hidden=\"true\">\n\t\t\t\t\t\t\t\t\t\t\t\t\t\t\t<span class=\"elementor-toggle-icon-closed\"><svg class=\"e-font-icon-svg e-fas-caret-right\" viewBox=\"0 0 192 512\" xmlns=\"http:\/\/www.w3.org\/2000\/svg\"><path d=\"M0 384.662V127.338c0-17.818 21.543-26.741 34.142-14.142l128.662 128.662c7.81 7.81 7.81 20.474 0 28.284L34.142 398.804C21.543 411.404 0 402.48 0 384.662z\"><\/path><\/svg><\/span>\n\t\t\t\t\t\t\t\t<span class=\"elementor-toggle-icon-opened\"><svg class=\"elementor-toggle-icon-opened e-font-icon-svg e-fas-caret-up\" viewBox=\"0 0 320 512\" xmlns=\"http:\/\/www.w3.org\/2000\/svg\"><path d=\"M288.662 352H31.338c-17.818 0-26.741-21.543-14.142-34.142l128.662-128.662c7.81-7.81 20.474-7.81 28.284 0l128.662 128.662c12.6 12.599 3.676 34.142-14.142 34.142z\"><\/path><\/svg><\/span>\n\t\t\t\t\t\t\t\t\t\t\t\t\t<\/span>\n\t\t\t\t\t\t\t\t\t\t\t\t<a class=\"elementor-toggle-title\" tabindex=\"0\">Haz\u0131rl\u0131k :<\/a>\n\t\t\t\t\t<\/div>\n\n\t\t\t\t\t<div id=\"elementor-tab-content-3532\" class=\"elementor-tab-content elementor-clearfix\" data-tab=\"2\" role=\"region\" aria-labelledby=\"elementor-tab-title-3532\"><p>\u0130\u015flemin yap\u0131laca\u011f\u0131 b\u00f6lge sterilize ediliyor ve hi\u00e7 ac\u0131 hissetmemeniz i\u00e7in lokal anestezi uygulan\u0131yor. Lokal anestezi, ultra ince u\u00e7lu bir i\u011fneyle etken maddenin ilgili b\u00f6lgelere enjekte edilmesiyle ger\u00e7ekle\u015ftiriliyor. \u0130\u011fneden korkanlar i\u00e7inse olduk\u00e7a kolay ve ac\u0131s\u0131z bir alternatif var. Bas\u0131n\u00e7l\u0131 bir p\u00fcsk\u00fcrtme i\u015flemiyle etken maddenin ac\u0131s\u0131z bir \u015fekilde deriye n\u00fcfuz etmesini sa\u011fl\u0131yor, anestezi i\u00e7in gerekli olan i\u011fneyi o b\u00f6lge uyu\u015ftuktan sonra uyguluyoruz. B\u00f6ylelikle hi\u00e7 ac\u0131 hissetmiyorsunuz.<\/p><p>\u00a0<\/p><p><img loading=\"lazy\" decoding=\"async\" class=\"alignnone size-full wp-image-24047\" src=\"https:\/\/estenbulhealth.com\/wp-content\/uploads\/2022\/08\/fue-sac-ekim-sureci-1-300x169-1.jpeg\" alt=\"Hair Transplant in Turkey with Estenbul Health\" width=\"300\" height=\"169\" title=\"\" srcset=\"https:\/\/estenbulhealth.com\/wp-content\/uploads\/2022\/08\/fue-sac-ekim-sureci-1-300x169-1.jpeg 300w, https:\/\/estenbulhealth.com\/wp-content\/uploads\/2022\/08\/fue-sac-ekim-sureci-1-300x169-1-200x113.jpeg 200w\" sizes=\"auto, (max-width: 300px) 100vw, 300px\" \/><\/p><\/div>\n\t\t\t\t<\/div>\n\t\t\t\t\t\t\t<div class=\"elementor-toggle-item\">\n\t\t\t\t\t<div id=\"elementor-tab-title-3533\" class=\"elementor-tab-title\" data-tab=\"3\" role=\"button\" aria-controls=\"elementor-tab-content-3533\" aria-expanded=\"false\">\n\t\t\t\t\t\t\t\t\t\t\t\t<span class=\"elementor-toggle-icon elementor-toggle-icon-left\" aria-hidden=\"true\">\n\t\t\t\t\t\t\t\t\t\t\t\t\t\t\t<span class=\"elementor-toggle-icon-closed\"><svg class=\"e-font-icon-svg e-fas-caret-right\" viewBox=\"0 0 192 512\" xmlns=\"http:\/\/www.w3.org\/2000\/svg\"><path d=\"M0 384.662V127.338c0-17.818 21.543-26.741 34.142-14.142l128.662 128.662c7.81 7.81 7.81 20.474 0 28.284L34.142 398.804C21.543 411.404 0 402.48 0 384.662z\"><\/path><\/svg><\/span>\n\t\t\t\t\t\t\t\t<span class=\"elementor-toggle-icon-opened\"><svg class=\"elementor-toggle-icon-opened e-font-icon-svg e-fas-caret-up\" viewBox=\"0 0 320 512\" xmlns=\"http:\/\/www.w3.org\/2000\/svg\"><path d=\"M288.662 352H31.338c-17.818 0-26.741-21.543-14.142-34.142l128.662-128.662c7.81-7.81 20.474-7.81 28.284 0l128.662 128.662c12.6 12.599 3.676 34.142-14.142 34.142z\"><\/path><\/svg><\/span>\n\t\t\t\t\t\t\t\t\t\t\t\t\t<\/span>\n\t\t\t\t\t\t\t\t\t\t\t\t<a class=\"elementor-toggle-title\" tabindex=\"0\">Gerftlerin Toplanmas\u0131 :<\/a>\n\t\t\t\t\t<\/div>\n\n\t\t\t\t\t<div id=\"elementor-tab-content-3533\" class=\"elementor-tab-content elementor-clearfix\" data-tab=\"3\" role=\"region\" aria-labelledby=\"elementor-tab-title-3533\"><p>Greftleri genelde sa\u00e7lar\u0131n en g\u00fcr ve dayan\u0131kl\u0131 oldu\u011fu noktadan yani ensede, iki kulak aras\u0131ndaki b\u00f6lgeden topluyoruz. Bu b\u00f6lge tamam\u0131yla uyu\u015fmu\u015f oldu\u011fu i\u00e7in hi\u00e7bir \u015fey hissetmiyorsunuz. E\u011fer daha fazla grefte ihtiyac\u0131m\u0131z varsa g\u00f6\u011f\u00fcsten veya \u00e7ene alt\u0131ndan (erkekler i\u00e7in ge\u00e7erli) toplayabiliyoruz. Greftlerin tek tek topland\u0131\u011f\u0131 FUE Tekni\u011fi bize bu imkan\u0131 olduk\u00e7a estetik bir bi\u00e7imde sa\u011fl\u0131yor.<\/p><p>\u00a0<\/p><p><img loading=\"lazy\" decoding=\"async\" class=\"alignnone size-full wp-image-23897\" src=\"https:\/\/estenbulhealth.com\/wp-content\/uploads\/2022\/08\/fue-sac-ekim-sureci-2-300x225-1.jpeg\" alt=\"FUE Sa\u00e7 Ekim S\u00fcreci\" width=\"300\" height=\"225\" title=\"\" srcset=\"https:\/\/estenbulhealth.com\/wp-content\/uploads\/2022\/08\/fue-sac-ekim-sureci-2-300x225-1.jpeg 300w, https:\/\/estenbulhealth.com\/wp-content\/uploads\/2022\/08\/fue-sac-ekim-sureci-2-300x225-1-200x150.jpeg 200w\" sizes=\"auto, (max-width: 300px) 100vw, 300px\" \/><\/p><\/div>\n\t\t\t\t<\/div>\n\t\t\t\t\t\t\t<div class=\"elementor-toggle-item\">\n\t\t\t\t\t<div id=\"elementor-tab-title-3534\" class=\"elementor-tab-title\" data-tab=\"4\" role=\"button\" aria-controls=\"elementor-tab-content-3534\" aria-expanded=\"false\">\n\t\t\t\t\t\t\t\t\t\t\t\t<span class=\"elementor-toggle-icon elementor-toggle-icon-left\" aria-hidden=\"true\">\n\t\t\t\t\t\t\t\t\t\t\t\t\t\t\t<span class=\"elementor-toggle-icon-closed\"><svg class=\"e-font-icon-svg e-fas-caret-right\" viewBox=\"0 0 192 512\" xmlns=\"http:\/\/www.w3.org\/2000\/svg\"><path d=\"M0 384.662V127.338c0-17.818 21.543-26.741 34.142-14.142l128.662 128.662c7.81 7.81 7.81 20.474 0 28.284L34.142 398.804C21.543 411.404 0 402.48 0 384.662z\"><\/path><\/svg><\/span>\n\t\t\t\t\t\t\t\t<span class=\"elementor-toggle-icon-opened\"><svg class=\"elementor-toggle-icon-opened e-font-icon-svg e-fas-caret-up\" viewBox=\"0 0 320 512\" xmlns=\"http:\/\/www.w3.org\/2000\/svg\"><path d=\"M288.662 352H31.338c-17.818 0-26.741-21.543-14.142-34.142l128.662-128.662c7.81-7.81 20.474-7.81 28.284 0l128.662 128.662c12.6 12.599 3.676 34.142-14.142 34.142z\"><\/path><\/svg><\/span>\n\t\t\t\t\t\t\t\t\t\t\t\t\t<\/span>\n\t\t\t\t\t\t\t\t\t\t\t\t<a class=\"elementor-toggle-title\" tabindex=\"0\">Ekimin Ger\u00e7ekle\u015ftirilmesi :<\/a>\n\t\t\t\t\t<\/div>\n\n\t\t\t\t\t<div id=\"elementor-tab-content-3534\" class=\"elementor-tab-content elementor-clearfix\" data-tab=\"4\" role=\"region\" aria-labelledby=\"elementor-tab-title-3534\"><p>Greftleri toplad\u0131ktan sonra implanter kalemin i\u00e7ine birer birer yerle\u015ftiriyor ve belirlenen b\u00f6lgelere en uygun s\u0131kl\u0131k ve a\u00e7\u0131yla ekiyoruz. Ekim i\u015flemi; \u00e7ok ince, silindirik ve keskin bir uca sahip implanter kalemin itme \u00f6zelli\u011fi sayesinde kanal a\u00e7maya gerek olmadan ger\u00e7ekle\u015ftirilebiliyor. Lokal anestezi alt\u0131nda oldu\u011funuz i\u00e7in bu i\u015flem yap\u0131l\u0131rken de hi\u00e7bir \u015fey hissetmiyorsunuz.<\/p><\/div>\n\t\t\t\t<\/div>\n\t\t\t\t\t\t\t<div class=\"elementor-toggle-item\">\n\t\t\t\t\t<div id=\"elementor-tab-title-3535\" class=\"elementor-tab-title\" data-tab=\"5\" role=\"button\" aria-controls=\"elementor-tab-content-3535\" aria-expanded=\"false\">\n\t\t\t\t\t\t\t\t\t\t\t\t<span class=\"elementor-toggle-icon elementor-toggle-icon-left\" aria-hidden=\"true\">\n\t\t\t\t\t\t\t\t\t\t\t\t\t\t\t<span class=\"elementor-toggle-icon-closed\"><svg class=\"e-font-icon-svg e-fas-caret-right\" viewBox=\"0 0 192 512\" xmlns=\"http:\/\/www.w3.org\/2000\/svg\"><path d=\"M0 384.662V127.338c0-17.818 21.543-26.741 34.142-14.142l128.662 128.662c7.81 7.81 7.81 20.474 0 28.284L34.142 398.804C21.543 411.404 0 402.48 0 384.662z\"><\/path><\/svg><\/span>\n\t\t\t\t\t\t\t\t<span class=\"elementor-toggle-icon-opened\"><svg class=\"elementor-toggle-icon-opened e-font-icon-svg e-fas-caret-up\" viewBox=\"0 0 320 512\" xmlns=\"http:\/\/www.w3.org\/2000\/svg\"><path d=\"M288.662 352H31.338c-17.818 0-26.741-21.543-14.142-34.142l128.662-128.662c7.81-7.81 20.474-7.81 28.284 0l128.662 128.662c12.6 12.599 3.676 34.142-14.142 34.142z\"><\/path><\/svg><\/span>\n\t\t\t\t\t\t\t\t\t\t\t\t\t<\/span>\n\t\t\t\t\t\t\t\t\t\t\t\t<a class=\"elementor-toggle-title\" tabindex=\"0\">Uygulama Sonras\u0131 S\u00fcre\u00e7 :<\/a>\n\t\t\t\t\t<\/div>\n\n\t\t\t\t\t<div id=\"elementor-tab-content-3535\" class=\"elementor-tab-content elementor-clearfix\" data-tab=\"5\" role=\"region\" aria-labelledby=\"elementor-tab-title-3535\"><p>Uygulaman\u0131n yap\u0131ld\u0131\u011f\u0131 g\u00fcn sa\u00e7 k\u00f6klerine PRP tedavisi uyguluyoruz. Bir ya da 2 g\u00fcn sonra ilk y\u0131kama i\u015flemi klini\u011fimizde, uzman bir ekip taraf\u0131ndan yap\u0131l\u0131yor. Y\u0131kama esnas\u0131nda sizi, sa\u00e7\u0131n\u0131z\u0131 nas\u0131l y\u0131kaman\u0131z gerekti\u011fine dair bilgilendiriyoruz. Uygulamadan 10 g\u00fcn sonra kabuk d\u00f6kme y\u0131kamas\u0131 yap\u0131yoruz. Bu s\u00fcre\u00e7te ihtiya\u00e7 dahilinde PRP tedavisi, vitamin takviyesi ve ozon ya\u011f\u0131 tedavisi yapmay\u0131 \u00f6neriyoruz. Uygulama sonras\u0131nda t\u00fcm misafirlerimizle 12 ila 18 ay boyunca ileti\u015fimde kal\u0131yor; t\u00fcm a\u015famalar\u0131 takip ederek gerekli deste\u011fi veriyoruz.<\/p><p>\u00a0<\/p><p><img loading=\"lazy\" decoding=\"async\" class=\"alignnone size-full wp-image-23914\" src=\"https:\/\/estenbulhealth.com\/wp-content\/uploads\/2022\/08\/sac-ekimi-turkiye-istanbul-300x200-1.jpeg\" alt=\"Sa\u00e7 Ekimi T\u00fcrkiye\" width=\"300\" height=\"200\" title=\"\" srcset=\"https:\/\/estenbulhealth.com\/wp-content\/uploads\/2022\/08\/sac-ekimi-turkiye-istanbul-300x200-1.jpeg 300w, https:\/\/estenbulhealth.com\/wp-content\/uploads\/2022\/08\/sac-ekimi-turkiye-istanbul-300x200-1-200x133.jpeg 200w\" sizes=\"auto, (max-width: 300px) 100vw, 300px\" \/><\/p><\/div>\n\t\t\t\t<\/div>\n\t\t\t\t\t\t\t\t<\/div>\n\t\t\t\t\t\t<\/div>\n\t\t\t\t\t<\/div>\n\t\t<\/div>\n\t\t\t\t\t<\/div>\n\t\t<\/section>\n\t\t\t\t<section class=\"wd-negative-gap elementor-section elementor-top-section elementor-element elementor-element-b67ff00 elementor-section-boxed elementor-section-height-default elementor-section-height-default\" data-id=\"b67ff00\" data-element_type=\"section\" data-e-type=\"section\">\n\t\t\t\t\t\t<div class=\"elementor-container elementor-column-gap-default\">\n\t\t\t\t\t<div class=\"elementor-column elementor-col-100 elementor-top-column elementor-element elementor-element-6b979c6\" data-id=\"6b979c6\" data-element_type=\"column\" data-e-type=\"column\">\n\t\t\t<div class=\"elementor-widget-wrap elementor-element-populated\">\n\t\t\t\t\t\t<div class=\"elementor-element elementor-element-04782a7 elementor-widget elementor-widget-heading\" data-id=\"04782a7\" data-element_type=\"widget\" data-e-type=\"widget\" data-widget_type=\"heading.default\">\n\t\t\t\t\t<h2 class=\"elementor-heading-title elementor-size-default\">FUE DHI Tekni\u011fi\u2019nin Di\u011fer Tekniklere G\u00f6re Avantajlar\u0131<\/h2>\t\t\t\t<\/div>\n\t\t\t\t\t<\/div>\n\t\t<\/div>\n\t\t\t\t\t<\/div>\n\t\t<\/section>\n\t\t\t\t<section class=\"wd-negative-gap elementor-section elementor-top-section elementor-element elementor-element-0718ee8 elementor-section-boxed elementor-section-height-default elementor-section-height-default\" data-id=\"0718ee8\" data-element_type=\"section\" data-e-type=\"section\">\n\t\t\t\t\t\t<div class=\"elementor-container elementor-column-gap-default\">\n\t\t\t\t\t<div class=\"elementor-column elementor-col-50 elementor-top-column elementor-element elementor-element-efddbfd\" data-id=\"efddbfd\" data-element_type=\"column\" data-e-type=\"column\">\n\t\t\t<div class=\"elementor-widget-wrap elementor-element-populated\">\n\t\t\t\t\t\t<div class=\"elementor-element elementor-element-daed270 color-scheme-inherit text-left elementor-widget elementor-widget-text-editor\" data-id=\"daed270\" data-element_type=\"widget\" data-e-type=\"widget\" data-widget_type=\"text-editor.default\">\n\t\t\t\t\t\t\t\t\t<ul><li>FUE DHI; iz kalma riskinin neredeyse hi\u00e7 olmad\u0131\u011f\u0131, greftlerin \u00e7ok s\u0131k ekilebilmesine olanak tan\u0131yan, iyile\u015fme h\u0131z\u0131 en y\u00fcksek sa\u00e7 ekim tekni\u011fi.<\/li><li>Kullan\u0131lan implanter kalemin \u00f6zel yap\u0131s\u0131 sayesinde kanal a\u00e7maya gerek kalm\u0131yor. B\u00f6ylece ekim i\u015flemi tek a\u015famada ger\u00e7ekle\u015ftirilebiliyor.<\/li><li>FUE DHI Tekni\u011fi\u2019nde ekim i\u015flemi t\u0131ra\u015fs\u0131z da uygulanabiliyor. B\u00f6ylelikle g\u00fcnl\u00fck rutininizden ve konforunuzdan \u00f6d\u00fcn vermeden hayat\u0131n\u0131za devam edebiliyorsunuz. Bu da \u00f6zellikle sa\u00e7 ektirmek isteyen kad\u0131nlar\u0131n estetik kayg\u0131lar\u0131n\u0131 ortadan kald\u0131r\u0131yor.<\/li><li>FUE DHI Tekni\u011fi t\u0131ra\u015fs\u0131z da ger\u00e7ekle\u015ftirilebildi\u011finden tam sa\u00e7 kay\u0131plar\u0131ndan ziyade seyrelmenin ya\u015fand\u0131\u011f\u0131 vakalarda kullan\u0131l\u0131yor. Tam sa\u00e7 kay\u0131plar\u0131nda ise \u00e7ok daha sa\u011fl\u0131kl\u0131 sonu\u00e7lar verdi\u011fi i\u00e7in FUE Safir Tekni\u011fi\u2019ni \u00f6neriyoruz.<\/li><\/ul>\t\t\t\t\t\t\t\t<\/div>\n\t\t\t\t\t<\/div>\n\t\t<\/div>\n\t\t\t\t<div class=\"elementor-column elementor-col-50 elementor-top-column elementor-element elementor-element-b4cad8b\" data-id=\"b4cad8b\" data-element_type=\"column\" data-e-type=\"column\">\n\t\t\t<div class=\"elementor-widget-wrap elementor-element-populated\">\n\t\t\t\t\t\t<div class=\"elementor-element elementor-element-bfff9ba elementor-widget elementor-widget-image\" data-id=\"bfff9ba\" data-element_type=\"widget\" data-e-type=\"widget\" data-widget_type=\"image.default\">\n\t\t\t\t\t\t\t\t\t\t\t\t\t\t\t<img loading=\"lazy\" decoding=\"async\" width=\"1024\" height=\"1024\" src=\"https:\/\/estenbulhealth.com\/wp-content\/uploads\/2021\/03\/hair-transplant-result-turkey-35-1024x1024.jpg\" class=\"attachment-large size-large wp-image-10652\" alt=\"hair transplant result turkey\" srcset=\"https:\/\/estenbulhealth.com\/wp-content\/uploads\/2021\/03\/hair-transplant-result-turkey-35-1024x1024.jpg 1024w, https:\/\/estenbulhealth.com\/wp-content\/uploads\/2021\/03\/hair-transplant-result-turkey-35-300x300.jpg 300w, https:\/\/estenbulhealth.com\/wp-content\/uploads\/2021\/03\/hair-transplant-result-turkey-35-150x150.jpg 150w, https:\/\/estenbulhealth.com\/wp-content\/uploads\/2021\/03\/hair-transplant-result-turkey-35-768x768.jpg 768w, https:\/\/estenbulhealth.com\/wp-content\/uploads\/2021\/03\/hair-transplant-result-turkey-35-66x66.jpg 66w, https:\/\/estenbulhealth.com\/wp-content\/uploads\/2021\/03\/hair-transplant-result-turkey-35-200x200.jpg 200w, https:\/\/estenbulhealth.com\/wp-content\/uploads\/2021\/03\/hair-transplant-result-turkey-35-400x400.jpg 400w, https:\/\/estenbulhealth.com\/wp-content\/uploads\/2021\/03\/hair-transplant-result-turkey-35-600x600.jpg 600w, https:\/\/estenbulhealth.com\/wp-content\/uploads\/2021\/03\/hair-transplant-result-turkey-35-800x800.jpg 800w, https:\/\/estenbulhealth.com\/wp-content\/uploads\/2021\/03\/hair-transplant-result-turkey-35.jpg 1080w\" sizes=\"auto, (max-width: 1024px) 100vw, 1024px\" title=\"\">\t\t\t\t\t\t\t\t\t\t\t\t\t\t\t<\/div>\n\t\t\t\t\t<\/div>\n\t\t<\/div>\n\t\t\t\t\t<\/div>\n\t\t<\/section>\n\t\t\t\t<section class=\"wd-negative-gap elementor-section elementor-top-section elementor-element elementor-element-57581e3 elementor-section-boxed elementor-section-height-default elementor-section-height-default\" data-id=\"57581e3\" data-element_type=\"section\" data-e-type=\"section\">\n\t\t\t\t\t\t<div class=\"elementor-container elementor-column-gap-default\">\n\t\t\t\t\t<div class=\"elementor-column elementor-col-100 elementor-top-column elementor-element elementor-element-c44d408\" data-id=\"c44d408\" data-element_type=\"column\" data-e-type=\"column\">\n\t\t\t<div class=\"elementor-widget-wrap elementor-element-populated\">\n\t\t\t\t\t\t<div class=\"elementor-element elementor-element-66f6c8d9 color-scheme-inherit text-left elementor-widget elementor-widget-text-editor\" data-id=\"66f6c8d9\" data-element_type=\"widget\" data-e-type=\"widget\" data-widget_type=\"text-editor.default\">\n\t\t\t\t\t\t\t\t\t<ul><li>\u0130lgili b\u00f6lgede \u00f6nceden kanal a\u00e7mam\u0131za gerek kalmad\u0131\u011f\u0131 i\u00e7in sa\u00e7 derisinde kesi olu\u015fturmadan ekim i\u015flemini ger\u00e7ekle\u015ftirebiliyoruz. Ekimin yap\u0131ld\u0131\u011f\u0131 b\u00f6lge olabildi\u011fince az i\u015flem g\u00f6rd\u00fc\u011f\u00fcnden iyile\u015fme s\u00fcreci k\u0131sal\u0131yor. Sa\u00e7lar h\u0131zl\u0131ca do\u011fal ve estetik bir g\u00f6r\u00fcn\u00fcme kavu\u015fuyor.<\/li><li>Implanter kalemin \u00e7ok ince, silindirik ve keskin ucu greftlerin ilgili b\u00f6lgeye istenilen derinlikte, a\u00e7\u0131da ve olabildi\u011fince s\u0131k ekilmesine imkan veriyor. Bu da do\u011fal g\u00f6r\u00fcn\u00fcml\u00fc g\u00fcr sa\u00e7lara kavu\u015fman\u0131z\u0131 sa\u011fl\u0131yor.<\/li><\/ul>\t\t\t\t\t\t\t\t<\/div>\n\t\t\t\t\t<\/div>\n\t\t<\/div>\n\t\t\t\t\t<\/div>\n\t\t<\/section>\n\t\t\t\t<\/div>\n\t\t","protected":false},"excerpt":{"rendered":"<p>FUE DHI Sa\u00e7 Ekimi Tekni\u011fi Nedir? FUE (Follicular Unit Extraction) DHI (Direct Hair Implantation) Tekni\u011fi\u2019nde greftler (sa\u00e7 k\u00f6kleri), topland\u0131ktan sonra<\/p>\n","protected":false},"author":24,"featured_media":0,"parent":0,"menu_order":0,"comment_status":"closed","ping_status":"closed","template":"","meta":{"content-type":"","footnotes":""},"class_list":["post-13264","page","type-page","status-publish","hentry"],"_links":{"self":[{"href":"https:\/\/estenbulhealth.com\/tr\/wp-json\/wp\/v2\/pages\/13264","targetHints":{"allow":["GET"]}}],"collection":[{"href":"https:\/\/estenbulhealth.com\/tr\/wp-json\/wp\/v2\/pages"}],"about":[{"href":"https:\/\/estenbulhealth.com\/tr\/wp-json\/wp\/v2\/types\/page"}],"author":[{"embeddable":true,"href":"https:\/\/estenbulhealth.com\/tr\/wp-json\/wp\/v2\/users\/24"}],"replies":[{"embeddable":true,"href":"https:\/\/estenbulhealth.com\/tr\/wp-json\/wp\/v2\/comments?post=13264"}],"version-history":[{"count":4,"href":"https:\/\/estenbulhealth.com\/tr\/wp-json\/wp\/v2\/pages\/13264\/revisions"}],"predecessor-version":[{"id":37464,"href":"https:\/\/estenbulhealth.com\/tr\/wp-json\/wp\/v2\/pages\/13264\/revisions\/37464"}],"wp:attachment":[{"href":"https:\/\/estenbulhealth.com\/tr\/wp-json\/wp\/v2\/media?parent=13264"}],"curies":[{"name":"wp","href":"https:\/\/api.w.org\/{rel}","templated":true}]}}