{"id":13485,"date":"2025-01-28T21:11:58","date_gmt":"2025-01-28T18:11:58","guid":{"rendered":"https:\/\/estenbulhealth.com\/nos-services-2\/"},"modified":"2025-01-28T21:13:37","modified_gmt":"2025-01-28T18:13:37","slug":"operation-de-loeil","status":"publish","type":"page","link":"https:\/\/estenbulhealth.com\/fr\/nos-services\/operation-de-loeil\/","title":{"rendered":"Chirurgie des yeux en Turquie"},"content":{"rendered":"\t\t<div data-elementor-type=\"wp-page\" data-elementor-id=\"13485\" class=\"elementor elementor-13485\">\n\t\t\t\t\t\t<section class=\"wd-negative-gap elementor-section elementor-top-section elementor-element elementor-element-539801ae elementor-section-boxed elementor-section-height-default elementor-section-height-default\" data-id=\"539801ae\" data-element_type=\"section\" data-e-type=\"section\">\n\t\t\t\t\t\t<div class=\"elementor-container elementor-column-gap-default\">\n\t\t\t\t\t<div class=\"elementor-column elementor-col-100 elementor-top-column elementor-element elementor-element-1cb826bb\" data-id=\"1cb826bb\" data-element_type=\"column\" data-e-type=\"column\">\n\t\t\t<div class=\"elementor-widget-wrap elementor-element-populated\">\n\t\t\t\t\t\t<div class=\"elementor-element elementor-element-1eaab0d6 elementor-widget elementor-widget-heading\" data-id=\"1eaab0d6\" data-element_type=\"widget\" data-e-type=\"widget\" data-widget_type=\"heading.default\">\n\t\t\t\t\t<h2 class=\"elementor-heading-title elementor-size-large\">Chirurgie des yeux en Turquie<\/h2>\t\t\t\t<\/div>\n\t\t\t\t<div class=\"elementor-element elementor-element-bead2f2 color-scheme-inherit text-left elementor-widget elementor-widget-text-editor\" data-id=\"bead2f2\" data-element_type=\"widget\" data-e-type=\"widget\" data-widget_type=\"text-editor.default\">\n\t\t\t\t\t\t\t\t\t<p>La Turquie, qui est \u00e0 la pointe des services de sant\u00e9, a \u00e9galement men\u00e9 avec succ\u00e8s des op\u00e9rations dans les traitements oculaires. Les traitements oculaires sont le sujet sur lequel les personnes ayant une d\u00e9ficience visuelle font le plus de recherches. Nous utilisons les derni\u00e8res technologies en mati\u00e8re de traitements oculaires et offrons le meilleur service \u00e0 nos patients. Vous avez \u00e9galement une d\u00e9ficience visuelle dans vos yeux, etc. Si tel est le cas, vous pouvez nous contacter imm\u00e9diatement.<\/p>\t\t\t\t\t\t\t\t<\/div>\n\t\t\t\t\t<\/div>\n\t\t<\/div>\n\t\t\t\t\t<\/div>\n\t\t<\/section>\n\t\t\t\t<section class=\"wd-negative-gap elementor-section elementor-top-section elementor-element elementor-element-72e6aee elementor-section-boxed elementor-section-height-default elementor-section-height-default\" data-id=\"72e6aee\" data-element_type=\"section\" data-e-type=\"section\">\n\t\t\t\t\t\t<div class=\"elementor-container elementor-column-gap-default\">\n\t\t\t\t\t<div class=\"elementor-column elementor-col-50 elementor-top-column elementor-element elementor-element-0bca583\" data-id=\"0bca583\" data-element_type=\"column\" data-e-type=\"column\">\n\t\t\t<div class=\"elementor-widget-wrap elementor-element-populated\">\n\t\t\t\t\t\t<div class=\"elementor-element elementor-element-38a171f elementor-position-top elementor-widget elementor-widget-image-box\" data-id=\"38a171f\" data-element_type=\"widget\" data-e-type=\"widget\" data-widget_type=\"image-box.default\">\n\t\t\t\t\t<div class=\"elementor-image-box-wrapper\"><figure class=\"elementor-image-box-img\"><a href=\"https:\/\/estenbulhealth.com\/fr\/chirurgie-des-yeux-au-laser\/\" tabindex=\"-1\"><img loading=\"lazy\" decoding=\"async\" width=\"1024\" height=\"919\" src=\"https:\/\/estenbulhealth.com\/wp-content\/uploads\/2021\/05\/Laser-Eye-Surgery-in-turkey-istanbul.jpg\" class=\"attachment-full size-full wp-image-11776\" alt=\"Laser Eye Surgery in Turkey Istanbul\" title=\"\" srcset=\"https:\/\/estenbulhealth.com\/wp-content\/uploads\/2021\/05\/Laser-Eye-Surgery-in-turkey-istanbul.jpg 1024w, https:\/\/estenbulhealth.com\/wp-content\/uploads\/2021\/05\/Laser-Eye-Surgery-in-turkey-istanbul-300x269.jpg 300w, https:\/\/estenbulhealth.com\/wp-content\/uploads\/2021\/05\/Laser-Eye-Surgery-in-turkey-istanbul-768x689.jpg 768w, https:\/\/estenbulhealth.com\/wp-content\/uploads\/2021\/05\/Laser-Eye-Surgery-in-turkey-istanbul-200x179.jpg 200w, https:\/\/estenbulhealth.com\/wp-content\/uploads\/2021\/05\/Laser-Eye-Surgery-in-turkey-istanbul-400x359.jpg 400w, https:\/\/estenbulhealth.com\/wp-content\/uploads\/2021\/05\/Laser-Eye-Surgery-in-turkey-istanbul-600x538.jpg 600w, https:\/\/estenbulhealth.com\/wp-content\/uploads\/2021\/05\/Laser-Eye-Surgery-in-turkey-istanbul-800x718.jpg 800w\" sizes=\"auto, (max-width: 1024px) 100vw, 1024px\" \/><\/a><\/figure><div class=\"elementor-image-box-content\"><h3 class=\"elementor-image-box-title\"><a href=\"https:\/\/estenbulhealth.com\/fr\/chirurgie-des-yeux-au-laser\/\">Chirurgie des yeux au laser<\/a><\/h3><p class=\"elementor-image-box-description\">La chirurgie oculaire au laser est r\u00e9alis\u00e9e \u00e0 l'aide d'un excim\u00e8re pour traiter les troubles de la vision. La chirurgie oculaire au laser est la technique la plus pr\u00e9f\u00e9r\u00e9e et la plus appliqu\u00e9e dans le monde pour traiter la myopie, l'hyperm\u00e9tropie et l'astigmatisme.<\/p><\/div><\/div>\t\t\t\t<\/div>\n\t\t\t\t<div class=\"elementor-element elementor-element-74dc2710 elementor-align-center elementor-widget elementor-widget-button\" data-id=\"74dc2710\" data-element_type=\"widget\" data-e-type=\"widget\" data-widget_type=\"button.default\">\n\t\t\t\t\t\t\t\t\t\t<a class=\"elementor-button elementor-button-link elementor-size-sm\" href=\"https:\/\/estenbulhealth.com\/fr\/chirurgie-des-yeux-au-laser\/\">\n\t\t\t\t\t\t<span class=\"elementor-button-content-wrapper\">\n\t\t\t\t\t\t\t\t\t<span class=\"elementor-button-text\">Lire la suite<\/span>\n\t\t\t\t\t<\/span>\n\t\t\t\t\t<\/a>\n\t\t\t\t\t\t\t\t<\/div>\n\t\t\t\t\t<\/div>\n\t\t<\/div>\n\t\t\t\t<div class=\"elementor-column elementor-col-50 elementor-top-column elementor-element elementor-element-fab2650\" data-id=\"fab2650\" data-element_type=\"column\" data-e-type=\"column\">\n\t\t\t<div class=\"elementor-widget-wrap elementor-element-populated\">\n\t\t\t\t\t\t<div class=\"elementor-element elementor-element-17639864 elementor-position-top elementor-widget elementor-widget-image-box\" data-id=\"17639864\" data-element_type=\"widget\" data-e-type=\"widget\" data-widget_type=\"image-box.default\">\n\t\t\t\t\t<div class=\"elementor-image-box-wrapper\"><figure class=\"elementor-image-box-img\"><a href=\"https:\/\/estenbulhealth.com\/fr\/operation-de-la-cataracte\/\" tabindex=\"-1\"><img loading=\"lazy\" decoding=\"async\" width=\"1024\" height=\"919\" src=\"https:\/\/estenbulhealth.com\/wp-content\/uploads\/2021\/09\/Cataract-Surgery-in-turkey.jpeg\" class=\"attachment-full size-full wp-image-16513\" alt=\"Cataract Surgery in turkey\" title=\"\" srcset=\"https:\/\/estenbulhealth.com\/wp-content\/uploads\/2021\/09\/Cataract-Surgery-in-turkey.jpeg 1024w, https:\/\/estenbulhealth.com\/wp-content\/uploads\/2021\/09\/Cataract-Surgery-in-turkey-300x269.jpeg 300w, https:\/\/estenbulhealth.com\/wp-content\/uploads\/2021\/09\/Cataract-Surgery-in-turkey-768x689.jpeg 768w, https:\/\/estenbulhealth.com\/wp-content\/uploads\/2021\/09\/Cataract-Surgery-in-turkey-200x179.jpeg 200w, https:\/\/estenbulhealth.com\/wp-content\/uploads\/2021\/09\/Cataract-Surgery-in-turkey-400x359.jpeg 400w, https:\/\/estenbulhealth.com\/wp-content\/uploads\/2021\/09\/Cataract-Surgery-in-turkey-600x538.jpeg 600w, https:\/\/estenbulhealth.com\/wp-content\/uploads\/2021\/09\/Cataract-Surgery-in-turkey-800x718.jpeg 800w\" sizes=\"auto, (max-width: 1024px) 100vw, 1024px\" \/><\/a><\/figure><div class=\"elementor-image-box-content\"><h3 class=\"elementor-image-box-title\"><a href=\"https:\/\/estenbulhealth.com\/fr\/operation-de-la-cataracte\/\">Op\u00e9ration de la cataracte<\/a><\/h3><p class=\"elementor-image-box-description\">La lentille juste derri\u00e8re la partie color\u00e9e de l'\u0153il r\u00e9duit les rayons entrant dans l'\u0153il vers la couche nerveuse et fournit une image claire. Pour que la lumi\u00e8re atteigne la couche nerveuse, le cristallin doit \u00eatre clair.<\/p><\/div><\/div>\t\t\t\t<\/div>\n\t\t\t\t<div class=\"elementor-element elementor-element-707ddc7 elementor-align-center elementor-widget elementor-widget-button\" data-id=\"707ddc7\" data-element_type=\"widget\" data-e-type=\"widget\" data-widget_type=\"button.default\">\n\t\t\t\t\t\t\t\t\t\t<a class=\"elementor-button elementor-button-link elementor-size-sm\" href=\"https:\/\/estenbulhealth.com\/fr\/operation-de-la-cataracte\/\">\n\t\t\t\t\t\t<span class=\"elementor-button-content-wrapper\">\n\t\t\t\t\t\t\t\t\t<span class=\"elementor-button-text\">Lire la suite<\/span>\n\t\t\t\t\t<\/span>\n\t\t\t\t\t<\/a>\n\t\t\t\t\t\t\t\t<\/div>\n\t\t\t\t\t<\/div>\n\t\t<\/div>\n\t\t\t\t\t<\/div>\n\t\t<\/section>\n\t\t\t\t<\/div>\n\t\t","protected":false},"excerpt":{"rendered":"<p>Chirurgie des yeux en Turquie La Turquie, qui est \u00e0 la pointe des services de sant\u00e9, a \u00e9galement men\u00e9 avec<\/p>\n","protected":false},"author":24,"featured_media":0,"parent":13433,"menu_order":0,"comment_status":"closed","ping_status":"closed","template":"","meta":{"content-type":"","footnotes":""},"class_list":["post-13485","page","type-page","status-publish","hentry"],"_links":{"self":[{"href":"https:\/\/estenbulhealth.com\/fr\/wp-json\/wp\/v2\/pages\/13485","targetHints":{"allow":["GET"]}}],"collection":[{"href":"https:\/\/estenbulhealth.com\/fr\/wp-json\/wp\/v2\/pages"}],"about":[{"href":"https:\/\/estenbulhealth.com\/fr\/wp-json\/wp\/v2\/types\/page"}],"author":[{"embeddable":true,"href":"https:\/\/estenbulhealth.com\/fr\/wp-json\/wp\/v2\/users\/24"}],"replies":[{"embeddable":true,"href":"https:\/\/estenbulhealth.com\/fr\/wp-json\/wp\/v2\/comments?post=13485"}],"version-history":[{"count":4,"href":"https:\/\/estenbulhealth.com\/fr\/wp-json\/wp\/v2\/pages\/13485\/revisions"}],"predecessor-version":[{"id":40879,"href":"https:\/\/estenbulhealth.com\/fr\/wp-json\/wp\/v2\/pages\/13485\/revisions\/40879"}],"up":[{"embeddable":true,"href":"https:\/\/estenbulhealth.com\/fr\/wp-json\/wp\/v2\/pages\/13433"}],"wp:attachment":[{"href":"https:\/\/estenbulhealth.com\/fr\/wp-json\/wp\/v2\/media?parent=13485"}],"curies":[{"name":"wp","href":"https:\/\/api.w.org\/{rel}","templated":true}]}}