{"id":13393,"date":"2025-01-28T21:11:37","date_gmt":"2025-01-28T18:11:37","guid":{"rendered":"https:\/\/estenbulhealth.com\/technique-de-greffe-de-cheveux-fut\/"},"modified":"2025-01-28T21:13:57","modified_gmt":"2025-01-28T18:13:57","slug":"technique-de-greffe-de-cheveux-fut","status":"publish","type":"page","link":"https:\/\/estenbulhealth.com\/fr\/technique-de-greffe-de-cheveux-fut\/","title":{"rendered":"Technique de greffe de cheveux FUT"},"content":{"rendered":"\t\t<div data-elementor-type=\"wp-page\" data-elementor-id=\"13393\" class=\"elementor elementor-13393\">\n\t\t\t\t\t\t<section class=\"wd-negative-gap elementor-section elementor-top-section elementor-element elementor-element-7eca3dc elementor-section-boxed elementor-section-height-default elementor-section-height-default\" data-id=\"7eca3dc\" data-element_type=\"section\" data-e-type=\"section\">\n\t\t\t\t\t\t<div class=\"elementor-container elementor-column-gap-default\">\n\t\t\t\t\t<div class=\"elementor-column elementor-col-50 elementor-top-column elementor-element elementor-element-241ec89\" data-id=\"241ec89\" data-element_type=\"column\" data-e-type=\"column\">\n\t\t\t<div class=\"elementor-widget-wrap elementor-element-populated\">\n\t\t\t\t\t\t<div class=\"elementor-element elementor-element-480e068 color-scheme-inherit text-left elementor-widget elementor-widget-text-editor\" data-id=\"480e068\" data-element_type=\"widget\" data-e-type=\"widget\" data-widget_type=\"text-editor.default\">\n\t\t\t\t\t\t\t\t\t<h2>Qu\u2019est-ce que la technique FUT?<\/h2><p>FUT (Follicular Unit Transplantation) est une technique qui a \u00e9t\u00e9 mise de c\u00f4t\u00e9 par les experts lors du d\u00e9veloppement de la technologie de transplantation capillaire, nous ne l\u2019utilisons donc pas comme Estenbul Health en raison de ses inconv\u00e9nients. Dans cette technique, une partie de la peau velue est extraite sous forme de bande en fonction du nombre de greffes n\u00e9cessaires \u00e0 partir de la zone o\u00f9 les cheveux sont les plus abondants et les plus forts, c\u2019est-\u00e0-dire l\u2019arri\u00e8re du cou, entre deux oreilles. Apr\u00e8s cela, les greffes (follicules pileux) sur cette partie de la peau velue sont extraites et pr\u00e9par\u00e9es pour la transplantation. Pendant ce temps, l\u2019espace o\u00f9 la peau a \u00e9t\u00e9 extraite \u00e0 l\u2019arri\u00e8re du cou est recouvert de suture esth\u00e9tique. La technique FUT a une longue p\u00e9riode de r\u00e9cup\u00e9ration puisque la peau est directement coup\u00e9e et sutur\u00e9e.\u00a0<\/p>\t\t\t\t\t\t\t\t<\/div>\n\t\t\t\t\t<\/div>\n\t\t<\/div>\n\t\t\t\t<div class=\"elementor-column elementor-col-50 elementor-top-column elementor-element elementor-element-ddeb270\" data-id=\"ddeb270\" data-element_type=\"column\" data-e-type=\"column\">\n\t\t\t<div class=\"elementor-widget-wrap elementor-element-populated\">\n\t\t\t\t\t\t<div class=\"elementor-element elementor-element-27ebc3b elementor-widget elementor-widget-image\" data-id=\"27ebc3b\" data-element_type=\"widget\" data-e-type=\"widget\" data-widget_type=\"image.default\">\n\t\t\t\t\t\t\t\t\t\t\t\t\t\t\t<img loading=\"lazy\" decoding=\"async\" width=\"1024\" height=\"978\" src=\"https:\/\/estenbulhealth.com\/wp-content\/uploads\/2018\/08\/fue-hair-transplant-vs-fut-hair-transplant_thehairtransplanthub_3-e1499615803573-1024x978.jpg\" class=\"attachment-large size-large wp-image-3471\" alt=\"FUT Prosed\u00fcr\" srcset=\"https:\/\/estenbulhealth.com\/wp-content\/uploads\/2018\/08\/fue-hair-transplant-vs-fut-hair-transplant_thehairtransplanthub_3-e1499615803573-1024x978.jpg 1024w, https:\/\/estenbulhealth.com\/wp-content\/uploads\/2018\/08\/fue-hair-transplant-vs-fut-hair-transplant_thehairtransplanthub_3-e1499615803573-300x287.jpg 300w, https:\/\/estenbulhealth.com\/wp-content\/uploads\/2018\/08\/fue-hair-transplant-vs-fut-hair-transplant_thehairtransplanthub_3-e1499615803573-768x733.jpg 768w, https:\/\/estenbulhealth.com\/wp-content\/uploads\/2018\/08\/fue-hair-transplant-vs-fut-hair-transplant_thehairtransplanthub_3-e1499615803573-200x191.jpg 200w, https:\/\/estenbulhealth.com\/wp-content\/uploads\/2018\/08\/fue-hair-transplant-vs-fut-hair-transplant_thehairtransplanthub_3-e1499615803573-400x382.jpg 400w, https:\/\/estenbulhealth.com\/wp-content\/uploads\/2018\/08\/fue-hair-transplant-vs-fut-hair-transplant_thehairtransplanthub_3-e1499615803573-600x573.jpg 600w, https:\/\/estenbulhealth.com\/wp-content\/uploads\/2018\/08\/fue-hair-transplant-vs-fut-hair-transplant_thehairtransplanthub_3-e1499615803573-800x764.jpg 800w, https:\/\/estenbulhealth.com\/wp-content\/uploads\/2018\/08\/fue-hair-transplant-vs-fut-hair-transplant_thehairtransplanthub_3-e1499615803573-1200x1146.jpg 1200w, https:\/\/estenbulhealth.com\/wp-content\/uploads\/2018\/08\/fue-hair-transplant-vs-fut-hair-transplant_thehairtransplanthub_3-e1499615803573.jpg 2000w\" sizes=\"auto, (max-width: 1024px) 100vw, 1024px\" title=\"\">\t\t\t\t\t\t\t\t\t\t\t\t\t\t\t<\/div>\n\t\t\t\t\t<\/div>\n\t\t<\/div>\n\t\t\t\t\t<\/div>\n\t\t<\/section>\n\t\t\t\t<section class=\"wd-negative-gap elementor-section elementor-top-section elementor-element elementor-element-149b46 elementor-section-boxed elementor-section-height-default elementor-section-height-default\" data-id=\"149b46\" data-element_type=\"section\" data-e-type=\"section\">\n\t\t\t\t\t\t<div class=\"elementor-container elementor-column-gap-default\">\n\t\t\t\t\t<div class=\"elementor-column elementor-col-100 elementor-top-column elementor-element elementor-element-ddf2a3f\" data-id=\"ddf2a3f\" data-element_type=\"column\" data-e-type=\"column\">\n\t\t\t<div class=\"elementor-widget-wrap elementor-element-populated\">\n\t\t\t\t\t\t<div class=\"elementor-element elementor-element-60454a2a color-scheme-inherit text-left elementor-widget elementor-widget-text-editor\" data-id=\"60454a2a\" data-element_type=\"widget\" data-e-type=\"widget\" data-widget_type=\"text-editor.default\">\n\t\t\t\t\t\t\t\t\t<p>Une trace de suture horizontale est laiss\u00e9e sur la zone d\u2019extraction cutan\u00e9e apr\u00e8s l\u2019application. Le plus grand inconv\u00e9nient de la technique FUT est cette trace de suture qui ne peut pas r\u00e9cup\u00e9rer compl\u00e8tement apr\u00e8s l\u2019op\u00e9ration et est clairement visible, en particulier dans les mod\u00e8les de cheveux courts.<\/p><h3>Inconv\u00e9nients de la technique FUE<\/h3><ul><li>Il y aura un grand nombre de poils incarn\u00e9s pendant la croissance des cheveux.<\/li><li>Dans la technique FUT, tous les cheveux de qualit\u00e9 et de non-qualit\u00e9 de la partie de peau extraite sont transplant\u00e9s car ils sont extraits de l\u2019arri\u00e8re du cou en bandes.<\/li><li>Dans cette m\u00e9thode, une trace de suture de 15 \u00e0 20 cm est laiss\u00e9e sur le point d\u2019extraction, car la peau est extraite avec des greffes et la suture est appliqu\u00e9e sur un tel point.<\/li><li>300 \u00e0 500 ml de saignement se produisent lorsqu\u2019une partie de la peau velue est extraite de l\u2019arri\u00e8re du cou.<\/li><li>Dans la technique FUT, le retour au travail peut prendre jusqu\u2019\u00e0 10 \u00e0 15 jours.<\/li><li>Dans cette technique, un maximum de 40 \u00e0 60 follicules par centim\u00e8tre carr\u00e9 peuvent \u00eatre transplant\u00e9s.<\/li><li>Les follicules pileux semblent creux.<\/li><li>Les cheveux sont transplant\u00e9s sur la peau avec un angle de 90 degr\u00e9s et poussent directement.<\/li><li>La zone sup\u00e9rieure s\u2019\u00e9largit de 20 \u00e0 30 centim\u00e8tres carr\u00e9s car l\u2019application est r\u00e9alis\u00e9e en tant que greffe de peau.<\/li><li>Les greffes ne peuvent \u00eatre transplant\u00e9es que dans la zone o\u00f9 la perte de cheveux est compl\u00e8te. Sinon, les cheveux existants tomberont aussi pendant un certain temps<\/li><li>Il y aura un sentiment d\u2019engourdissement \u00e0 l\u2019arri\u00e8re du cou pendant 4 \u00e0 8 mois.<\/li><li>Environ 80% des cheveux extraits peuvent \u00eatre transplant\u00e9s; environ 15 \u00e0 30% meurent pendant la phase de cueillette.<\/li><li>Des quantit\u00e9s \u00e9lev\u00e9es de m\u00e9dicaments anesth\u00e9siques sont administr\u00e9es \u00e0 la personne pour \u00e9viter de ressentir de la douleur.<\/li><li>Le processus d\u2019op\u00e9ration est douloureux et le risque d\u2019inflammation est \u00e9lev\u00e9.<\/li><li>Les plaies sur la zone d\u2019extraction de la peau doivent \u00eatre pans\u00e9es pendant 10 \u00e0 15 jours apr\u00e8s l\u2019op\u00e9ration.<\/li><\/ul>\t\t\t\t\t\t\t\t<\/div>\n\t\t\t\t\t<\/div>\n\t\t<\/div>\n\t\t\t\t\t<\/div>\n\t\t<\/section>\n\t\t\t\t<\/div>\n\t\t","protected":false},"excerpt":{"rendered":"<p>Qu\u2019est-ce que la technique FUT? FUT (Follicular Unit Transplantation) est une technique qui a \u00e9t\u00e9 mise de c\u00f4t\u00e9 par les<\/p>\n","protected":false},"author":24,"featured_media":0,"parent":0,"menu_order":0,"comment_status":"closed","ping_status":"closed","template":"","meta":{"content-type":"","footnotes":""},"class_list":["post-13393","page","type-page","status-publish","hentry"],"_links":{"self":[{"href":"https:\/\/estenbulhealth.com\/fr\/wp-json\/wp\/v2\/pages\/13393","targetHints":{"allow":["GET"]}}],"collection":[{"href":"https:\/\/estenbulhealth.com\/fr\/wp-json\/wp\/v2\/pages"}],"about":[{"href":"https:\/\/estenbulhealth.com\/fr\/wp-json\/wp\/v2\/types\/page"}],"author":[{"embeddable":true,"href":"https:\/\/estenbulhealth.com\/fr\/wp-json\/wp\/v2\/users\/24"}],"replies":[{"embeddable":true,"href":"https:\/\/estenbulhealth.com\/fr\/wp-json\/wp\/v2\/comments?post=13393"}],"version-history":[{"count":1,"href":"https:\/\/estenbulhealth.com\/fr\/wp-json\/wp\/v2\/pages\/13393\/revisions"}],"predecessor-version":[{"id":42152,"href":"https:\/\/estenbulhealth.com\/fr\/wp-json\/wp\/v2\/pages\/13393\/revisions\/42152"}],"wp:attachment":[{"href":"https:\/\/estenbulhealth.com\/fr\/wp-json\/wp\/v2\/media?parent=13393"}],"curies":[{"name":"wp","href":"https:\/\/api.w.org\/{rel}","templated":true}]}}