{"id":13347,"date":"2025-01-28T21:11:34","date_gmt":"2025-01-28T18:11:34","guid":{"rendered":"https:\/\/estenbulhealth.com\/fue-extraction-dunites-folliculaires\/"},"modified":"2025-01-28T21:13:10","modified_gmt":"2025-01-28T18:13:10","slug":"fue-extraction-dunites-folliculaires","status":"publish","type":"page","link":"https:\/\/estenbulhealth.com\/fr\/fue-extraction-dunites-folliculaires\/","title":{"rendered":"FUE (extraction d\u2019unit\u00e9s folliculaires)"},"content":{"rendered":"\t\t<div data-elementor-type=\"wp-page\" data-elementor-id=\"13347\" class=\"elementor elementor-13347\">\n\t\t\t\t\t\t<section class=\"wd-negative-gap elementor-section elementor-top-section elementor-element elementor-element-9837a65 elementor-section-boxed elementor-section-height-default elementor-section-height-default\" data-id=\"9837a65\" data-element_type=\"section\" data-e-type=\"section\">\n\t\t\t\t\t\t<div class=\"elementor-container elementor-column-gap-default\">\n\t\t\t\t\t<div class=\"elementor-column elementor-col-50 elementor-top-column elementor-element elementor-element-17c3e83\" data-id=\"17c3e83\" data-element_type=\"column\" data-e-type=\"column\">\n\t\t\t<div class=\"elementor-widget-wrap elementor-element-populated\">\n\t\t\t\t\t\t<div class=\"elementor-element elementor-element-b01f38b color-scheme-inherit text-left elementor-widget elementor-widget-text-editor\" data-id=\"b01f38b\" data-element_type=\"widget\" data-e-type=\"widget\" data-widget_type=\"text-editor.default\">\n\t\t\t\t\t\t\t\t\t<h2>Qu\u2019est-ce que la FUE (Extraction d\u2019unit\u00e9s folliculaires)<\/h2><p>La FUE (Extraction d\u2019unit\u00e9s folliculaires) est essentiellement une m\u00e9thode d\u2019extraction par greffe (follicule pileux) appliqu\u00e9e depuis 2005, garantissant \u00e0 des milliers de personnes \u00e0 la recherche d\u2019une solution pour la perte de cheveux d\u2019avoir des cheveux naturels, denses et sains. En technique FUE, les greffes sont extraites une par une \u00e0 partir de l\u2019arri\u00e8re du cou situ\u00e9 entre deux oreilles o\u00f9 les cheveux sont les plus forts (le cas \u00e9ch\u00e9ant, de la poitrine et sous le menton pour les hommes); ensuite, ils sont transplant\u00e9s dans la zone concern\u00e9e en utilisant l\u2019une des trois techniques de transplantation diff\u00e9rentes appel\u00e9es \u00abDHI\u00bb, \u00abSapphire\u00bb ou \u00abSlit\u00bb.<\/p>\t\t\t\t\t\t\t\t<\/div>\n\t\t\t\t\t<\/div>\n\t\t<\/div>\n\t\t\t\t<div class=\"elementor-column elementor-col-50 elementor-top-column elementor-element elementor-element-692219c\" data-id=\"692219c\" data-element_type=\"column\" data-e-type=\"column\">\n\t\t\t<div class=\"elementor-widget-wrap elementor-element-populated\">\n\t\t\t\t\t\t<div class=\"elementor-element elementor-element-8c0e8de elementor-widget elementor-widget-image\" data-id=\"8c0e8de\" data-element_type=\"widget\" data-e-type=\"widget\" data-widget_type=\"image.default\">\n\t\t\t\t\t\t\t\t\t\t\t\t\t\t\t<img loading=\"lazy\" decoding=\"async\" width=\"1000\" height=\"800\" src=\"https:\/\/estenbulhealth.com\/wp-content\/uploads\/2018\/06\/FUE-Hair-Transplant-1.jpg\" class=\"attachment-large size-large wp-image-5059\" alt=\"Fue Hair Transplant\" srcset=\"https:\/\/estenbulhealth.com\/wp-content\/uploads\/2018\/06\/FUE-Hair-Transplant-1.jpg 1000w, https:\/\/estenbulhealth.com\/wp-content\/uploads\/2018\/06\/FUE-Hair-Transplant-1-300x240.jpg 300w, https:\/\/estenbulhealth.com\/wp-content\/uploads\/2018\/06\/FUE-Hair-Transplant-1-768x614.jpg 768w, https:\/\/estenbulhealth.com\/wp-content\/uploads\/2018\/06\/FUE-Hair-Transplant-1-177x142.jpg 177w, https:\/\/estenbulhealth.com\/wp-content\/uploads\/2018\/06\/FUE-Hair-Transplant-1-200x160.jpg 200w, https:\/\/estenbulhealth.com\/wp-content\/uploads\/2018\/06\/FUE-Hair-Transplant-1-400x320.jpg 400w, https:\/\/estenbulhealth.com\/wp-content\/uploads\/2018\/06\/FUE-Hair-Transplant-1-600x480.jpg 600w, https:\/\/estenbulhealth.com\/wp-content\/uploads\/2018\/06\/FUE-Hair-Transplant-1-800x640.jpg 800w\" sizes=\"auto, (max-width: 1000px) 100vw, 1000px\" title=\"\">\t\t\t\t\t\t\t\t\t\t\t\t\t\t\t<\/div>\n\t\t\t\t\t<\/div>\n\t\t<\/div>\n\t\t\t\t\t<\/div>\n\t\t<\/section>\n\t\t\t\t<section class=\"wd-negative-gap elementor-section elementor-top-section elementor-element elementor-element-59fecdfc elementor-section-boxed elementor-section-height-default elementor-section-height-default\" data-id=\"59fecdfc\" data-element_type=\"section\" data-e-type=\"section\">\n\t\t\t\t\t\t<div class=\"elementor-container elementor-column-gap-default\">\n\t\t\t\t\t<div class=\"elementor-column elementor-col-100 elementor-top-column elementor-element elementor-element-161fac80\" data-id=\"161fac80\" data-element_type=\"column\" data-e-type=\"column\">\n\t\t\t<div class=\"elementor-widget-wrap elementor-element-populated\">\n\t\t\t\t\t\t<div class=\"elementor-element elementor-element-6b2d3880 color-scheme-inherit text-left elementor-widget elementor-widget-text-editor\" data-id=\"6b2d3880\" data-element_type=\"widget\" data-e-type=\"widget\" data-widget_type=\"text-editor.default\">\n\t\t\t\t\t\t\t\t\t<p>En d\u2019autres termes, contrairement \u00e0 l\u2019opinion populaire, la FUE n\u2019est pas une technique de greffe de cheveux mais une m\u00e9thode d\u2019extraction de greffe. Quelle que soit la technique utilis\u00e9e pour la greffe de cheveux, les greffons ne sont extraits que par la technique FUE.<\/p><h3>Comment la technique FUE Sapphire est-elle appliqu\u00e9e?<\/h3><ol><li>Planification: Nos experts d\u00e9terminent la ligne des cheveux qui vous convient le mieux, le nombre de greffes et le plan d\u2019application.<\/li><li>Pr\u00e9paration: La zone d\u2019application est st\u00e9rilis\u00e9e l\u2019anesth\u00e9sie locale est appliqu\u00e9e pour vous \u00e9viter de ressentir de la douleur. L\u2019anesth\u00e9sie locale est r\u00e9alis\u00e9e en injectant la substance active dans les zones concern\u00e9es par une aiguille \u00e0 pointe ultra-fine. Pour ceux qui ont peur de l\u2019aiguille, il existe un alternative tr\u00e8s facile et indolore. Il garantit que la substance active p\u00e9n\u00e8tre sans douleur dans la peau gr\u00e2ce \u00e0 un processus de pulv\u00e9risation sous pression nous appliquons l\u2019aiguille requise pour l\u2019anesth\u00e9sie apr\u00e8s que cette zone soit engourdie. De cette fa\u00e7on, vous ne ressentez aucune douleur.<\/li><li>Extraction des greffons: Nous extrayons g\u00e9n\u00e9ralement les greffons de la zone o\u00f9 les cheveux sont les plus abondants et les plus forts, c\u2019est-\u00e0-dire l\u2019arri\u00e8re du cou situ\u00e9 entre deux oreilles. Vous ne ressentez rien car cette zone est compl\u00e8tement engourdie. Si nous avons besoin de plus de greffes, nous pouvons extraire des greffes de la poitrine ou du dessous du menton (applicable pour les hommes). La technique FUE o\u00f9 les greffes sont extraites une \u00e0 une nous offre cette possibilit\u00e9 de mani\u00e8re tr\u00e8s esth\u00e9tique.<\/li><li>Ouverture des canaux: \u00c0 ce stade, nous ouvrons des micro-canaux avec des pointes de diamant en direction des cheveux naturels sur la zone o\u00f9 les greffons seront transplant\u00e9s. Puisque vous \u00eates sous anesth\u00e9sie locale, vous ne ressentez rien pendant ce processus.<\/li><li>Application: Nous transplantons les greffes\u00a0 collecter avec la densit\u00e9 et l\u2019angle les plus appropri\u00e9s sur la zone d\u00e9sign\u00e9e.<\/li><li>Post-application :Un ou deux jours apr\u00e8s l\u2019op\u00e9ration, le premier lavage est effectu\u00e9 dans notre clinique par une \u00e9quipe d\u2019experts. Pendant le processus de lavage, nous vous informons sur la fa\u00e7on de laver vos cheveux. Nous effectuons un lavage pendant 10 jours apr\u00e8s l\u2019application. Dans ce processus, nous vous recommandons de prendre des suppl\u00e9ments de vitamines ainsi qu\u2019un traitement \u00e0 l\u2019huile d\u2019ozone. Nous restons en contact avec nos clients pendant 12 \u00e0 18 mois apr\u00e8s l\u2019application et fournissons le support requis en surveillant toutes les \u00e9tapes.<\/li><\/ol><h3>Avantages de la technique FUE<\/h3><ul><li>Dans les techniques avant FUE (voir FUT \u2013 Transplantation d\u2019unit\u00e9s folliculaires), un morceau de peau avec des follicules pileux a \u00e9t\u00e9 retir\u00e9 de l\u2019arri\u00e8re du cou et transf\u00e9r\u00e9 dans la zone de perte de cheveux. Cela a entra\u00een\u00e9 une vague cicatrice \u00e0 l\u2019arri\u00e8re du cou et dans la zone o\u00f9 la greffe de cheveux a \u00e9t\u00e9 effectu\u00e9e. Il n\u2019y a pas de transplantation cutan\u00e9e en FUE; les greffes (follicules pileux) sont extraites une par une \u00e0 partir de l\u2019arri\u00e8re du cou situ\u00e9 entre deux oreilles puis transplant\u00e9es dans la zone correspondante o\u00f9 la greffe sera effectu\u00e9e en utilisant l\u2019une des techniques de transplantation capillaire appel\u00e9es DHI, Sapphire ou Slit. Par cons\u00e9quent, le probl\u00e8me des marques de points est \u00e9limin\u00e9. Les follicules pileux sont gu\u00e9ris en une semaine; cela rend les cheveux tr\u00e8s naturels car il n\u2019y a plus de traces apr\u00e8s le processus.<\/li><li>La FUE est une technique qui peut \u00eatre appliqu\u00e9e \u00e0 tous les stades, des pertes de cheveux les plus l\u00e9g\u00e8res aux pertes de cheveux compl\u00e8tes. Vos cheveux peuvent \u00eatre amincis ou compl\u00e8tement perdus; avec cette technique, nous pouvons emp\u00eacher l\u2019amincissement ainsi que vous assurer d\u2019avoir des cheveux sains et naturels \u00e0 partir de z\u00e9ro.<\/li><li>Dans la technique FUE, les greffes sont extraites non seulement de l\u2019arri\u00e8re du cou qui est la zone o\u00f9 les cheveux sont les plus abondants et les plus forts, mais aussi de la poitrine ou des poils du visage sous le menton (pour les hommes) si n\u00e9cessaire. Le processus d\u2019extraction ne laisse aucune trace et nous permet donc d\u2019extraire des greffons de diff\u00e9rents endroits.<\/li><li>Gr\u00e2ce \u00e0 la FUE qui est beaucoup plus confortable que les autres techniques pour vous et les experts en greffe de cheveux, le processus de greffe de cheveux prend moins de temps (6-8 heures).<\/li><li>La technique FUE ne n\u00e9cessite pas de couture, vous pouvez donc reprendre le travail trois jours plus tard; et vous pouvez continuer votre vie quotidienne confortablement pendant le processus de gu\u00e9rison.<\/li><\/ul>\t\t\t\t\t\t\t\t<\/div>\n\t\t\t\t\t<\/div>\n\t\t<\/div>\n\t\t\t\t\t<\/div>\n\t\t<\/section>\n\t\t\t\t<\/div>\n\t\t","protected":false},"excerpt":{"rendered":"<p>Qu\u2019est-ce que la FUE (Extraction d\u2019unit\u00e9s folliculaires) La FUE (Extraction d\u2019unit\u00e9s folliculaires) est essentiellement une m\u00e9thode d\u2019extraction par greffe (follicule<\/p>\n","protected":false},"author":24,"featured_media":0,"parent":0,"menu_order":0,"comment_status":"closed","ping_status":"closed","template":"","meta":{"content-type":"","footnotes":""},"class_list":["post-13347","page","type-page","status-publish","hentry"],"_links":{"self":[{"href":"https:\/\/estenbulhealth.com\/fr\/wp-json\/wp\/v2\/pages\/13347","targetHints":{"allow":["GET"]}}],"collection":[{"href":"https:\/\/estenbulhealth.com\/fr\/wp-json\/wp\/v2\/pages"}],"about":[{"href":"https:\/\/estenbulhealth.com\/fr\/wp-json\/wp\/v2\/types\/page"}],"author":[{"embeddable":true,"href":"https:\/\/estenbulhealth.com\/fr\/wp-json\/wp\/v2\/users\/24"}],"replies":[{"embeddable":true,"href":"https:\/\/estenbulhealth.com\/fr\/wp-json\/wp\/v2\/comments?post=13347"}],"version-history":[{"count":1,"href":"https:\/\/estenbulhealth.com\/fr\/wp-json\/wp\/v2\/pages\/13347\/revisions"}],"predecessor-version":[{"id":42148,"href":"https:\/\/estenbulhealth.com\/fr\/wp-json\/wp\/v2\/pages\/13347\/revisions\/42148"}],"wp:attachment":[{"href":"https:\/\/estenbulhealth.com\/fr\/wp-json\/wp\/v2\/media?parent=13347"}],"curies":[{"name":"wp","href":"https:\/\/api.w.org\/{rel}","templated":true}]}}