{"id":13272,"date":"2025-01-28T21:11:57","date_gmt":"2025-01-28T18:11:57","guid":{"rendered":"https:\/\/estenbulhealth.com\/dentisterie-en-turquie\/"},"modified":"2025-01-28T21:13:40","modified_gmt":"2025-01-28T18:13:40","slug":"dentisterie-en-turquie","status":"publish","type":"page","link":"https:\/\/estenbulhealth.com\/fr\/nos-services\/dentisterie-en-turquie\/","title":{"rendered":"Dentisterie en Turquie"},"content":{"rendered":"\t\t<div data-elementor-type=\"wp-page\" data-elementor-id=\"13272\" class=\"elementor elementor-13272\">\n\t\t\t\t\t\t<section class=\"wd-negative-gap elementor-section elementor-top-section elementor-element elementor-element-66576441 elementor-section-boxed elementor-section-height-default elementor-section-height-default\" data-id=\"66576441\" data-element_type=\"section\" data-e-type=\"section\">\n\t\t\t\t\t\t<div class=\"elementor-container elementor-column-gap-default\">\n\t\t\t\t\t<div class=\"elementor-column elementor-col-33 elementor-top-column elementor-element elementor-element-5ba05685\" data-id=\"5ba05685\" data-element_type=\"column\" data-e-type=\"column\">\n\t\t\t<div class=\"elementor-widget-wrap elementor-element-populated\">\n\t\t\t\t\t\t<div class=\"elementor-element elementor-element-4f094d8e elementor-position-top elementor-widget elementor-widget-image-box\" data-id=\"4f094d8e\" data-element_type=\"widget\" data-e-type=\"widget\" data-widget_type=\"image-box.default\">\n\t\t\t\t\t<div class=\"elementor-image-box-wrapper\"><figure class=\"elementor-image-box-img\"><a href=\"https:\/\/estenbulhealth.com\/fr\/implants-dentaires\/\" tabindex=\"-1\"><img loading=\"lazy\" decoding=\"async\" width=\"250\" height=\"250\" src=\"https:\/\/estenbulhealth.com\/wp-content\/uploads\/2021\/11\/Dental-implants-in-turkey.png\" class=\"attachment-full size-full wp-image-18302\" alt=\"Dental implants in Turkey\" title=\"\" srcset=\"https:\/\/estenbulhealth.com\/wp-content\/uploads\/2021\/11\/Dental-implants-in-turkey.png 250w, https:\/\/estenbulhealth.com\/wp-content\/uploads\/2021\/11\/Dental-implants-in-turkey-150x150.png 150w, https:\/\/estenbulhealth.com\/wp-content\/uploads\/2021\/11\/Dental-implants-in-turkey-66x66.png 66w, https:\/\/estenbulhealth.com\/wp-content\/uploads\/2021\/11\/Dental-implants-in-turkey-200x200.png 200w\" sizes=\"auto, (max-width: 250px) 100vw, 250px\" \/><\/a><\/figure><div class=\"elementor-image-box-content\"><h3 class=\"elementor-image-box-title\"><a href=\"https:\/\/estenbulhealth.com\/fr\/implants-dentaires\/\">Implants dentaires<\/a><\/h3><p class=\"elementor-image-box-description\">Fabriqu\u00e9e en Titane qui est un mat\u00e9riau tout \u00e0 fait adapt\u00e9 \u00e0 la sant\u00e9 humaine, cette racine dentaire artificielle permet de compl\u00e9ter la dent manquante sans toucher aux dents adjacentes en bon \u00e9tat, notamment en cas de pertes unitaires.<\/p><\/div><\/div>\t\t\t\t<\/div>\n\t\t\t\t<div class=\"elementor-element elementor-element-7b303c31 elementor-align-center elementor-widget elementor-widget-button\" data-id=\"7b303c31\" data-element_type=\"widget\" data-e-type=\"widget\" data-widget_type=\"button.default\">\n\t\t\t\t\t\t\t\t\t\t<a class=\"elementor-button elementor-button-link elementor-size-sm\" href=\"https:\/\/estenbulhealth.com\/fr\/implants-dentaires\/\">\n\t\t\t\t\t\t<span class=\"elementor-button-content-wrapper\">\n\t\t\t\t\t\t\t\t\t<span class=\"elementor-button-text\">Lire la suite<\/span>\n\t\t\t\t\t<\/span>\n\t\t\t\t\t<\/a>\n\t\t\t\t\t\t\t\t<\/div>\n\t\t\t\t\t<\/div>\n\t\t<\/div>\n\t\t\t\t<div class=\"elementor-column elementor-col-33 elementor-top-column elementor-element elementor-element-6faace1d\" data-id=\"6faace1d\" data-element_type=\"column\" data-e-type=\"column\">\n\t\t\t<div class=\"elementor-widget-wrap elementor-element-populated\">\n\t\t\t\t\t\t<div class=\"elementor-element elementor-element-11ec48da elementor-position-top elementor-widget elementor-widget-image-box\" data-id=\"11ec48da\" data-element_type=\"widget\" data-e-type=\"widget\" data-widget_type=\"image-box.default\">\n\t\t\t\t\t<div class=\"elementor-image-box-wrapper\"><figure class=\"elementor-image-box-img\"><a href=\"https:\/\/estenbulhealth.com\/fr\/couronnes-dentaires\/\" tabindex=\"-1\"><img loading=\"lazy\" decoding=\"async\" width=\"250\" height=\"250\" src=\"https:\/\/estenbulhealth.com\/wp-content\/uploads\/2021\/11\/dental-crowns-in-turkey.png\" class=\"attachment-full size-full wp-image-18312\" alt=\"dental crowns in turkey\" title=\"\" srcset=\"https:\/\/estenbulhealth.com\/wp-content\/uploads\/2021\/11\/dental-crowns-in-turkey.png 250w, https:\/\/estenbulhealth.com\/wp-content\/uploads\/2021\/11\/dental-crowns-in-turkey-150x150.png 150w, https:\/\/estenbulhealth.com\/wp-content\/uploads\/2021\/11\/dental-crowns-in-turkey-66x66.png 66w, https:\/\/estenbulhealth.com\/wp-content\/uploads\/2021\/11\/dental-crowns-in-turkey-200x200.png 200w\" sizes=\"auto, (max-width: 250px) 100vw, 250px\" \/><\/a><\/figure><div class=\"elementor-image-box-content\"><h3 class=\"elementor-image-box-title\"><a href=\"https:\/\/estenbulhealth.com\/fr\/couronnes-dentaires\/\">Couronnes dentaires<\/a><\/h3><p class=\"elementor-image-box-description\">Placage dentaire; est le processus de placage des dents qui sont tordues ou d\u00e9fectueuses \u00e0 la naissance ou qui ont ensuite perdu leur couleur et leur forme pour des raisons telles qu'un accident, une blessure, le tabagisme, le th\u00e9-caf\u00e9 avec du zirconium 100% naturel qui convient parfaitement \u00e0 la sant\u00e9 humaine.<\/p><\/div><\/div>\t\t\t\t<\/div>\n\t\t\t\t<div class=\"elementor-element elementor-element-235b6fb4 elementor-align-center elementor-widget elementor-widget-button\" data-id=\"235b6fb4\" data-element_type=\"widget\" data-e-type=\"widget\" data-widget_type=\"button.default\">\n\t\t\t\t\t\t\t\t\t\t<a class=\"elementor-button elementor-button-link elementor-size-sm\" href=\"https:\/\/estenbulhealth.com\/fr\/couronnes-dentaires\/\">\n\t\t\t\t\t\t<span class=\"elementor-button-content-wrapper\">\n\t\t\t\t\t\t\t\t\t<span class=\"elementor-button-text\">Lire la suite<\/span>\n\t\t\t\t\t<\/span>\n\t\t\t\t\t<\/a>\n\t\t\t\t\t\t\t\t<\/div>\n\t\t\t\t\t<\/div>\n\t\t<\/div>\n\t\t\t\t<div class=\"elementor-column elementor-col-33 elementor-top-column elementor-element elementor-element-23c9b668\" data-id=\"23c9b668\" data-element_type=\"column\" data-e-type=\"column\">\n\t\t\t<div class=\"elementor-widget-wrap elementor-element-populated\">\n\t\t\t\t\t\t<div class=\"elementor-element elementor-element-624b9e6a elementor-position-top elementor-widget elementor-widget-image-box\" data-id=\"624b9e6a\" data-element_type=\"widget\" data-e-type=\"widget\" data-widget_type=\"image-box.default\">\n\t\t\t\t\t<div class=\"elementor-image-box-wrapper\"><figure class=\"elementor-image-box-img\"><a href=\"https:\/\/estenbulhealth.com\/fr\/blanchissement-dentaire\/\" tabindex=\"-1\"><img loading=\"lazy\" decoding=\"async\" width=\"250\" height=\"250\" src=\"https:\/\/estenbulhealth.com\/wp-content\/uploads\/2021\/11\/teeth-whitening-in-turkey.png\" class=\"attachment-full size-full wp-image-18308\" alt=\"teeth whitening in turkey\" title=\"\" srcset=\"https:\/\/estenbulhealth.com\/wp-content\/uploads\/2021\/11\/teeth-whitening-in-turkey.png 250w, https:\/\/estenbulhealth.com\/wp-content\/uploads\/2021\/11\/teeth-whitening-in-turkey-150x150.png 150w, https:\/\/estenbulhealth.com\/wp-content\/uploads\/2021\/11\/teeth-whitening-in-turkey-66x66.png 66w, https:\/\/estenbulhealth.com\/wp-content\/uploads\/2021\/11\/teeth-whitening-in-turkey-200x200.png 200w\" sizes=\"auto, (max-width: 250px) 100vw, 250px\" \/><\/a><\/figure><div class=\"elementor-image-box-content\"><h3 class=\"elementor-image-box-title\"><a href=\"https:\/\/estenbulhealth.com\/fr\/blanchissement-dentaire\/\">Blanchissement dentaire<\/a><\/h3><p class=\"elementor-image-box-description\">Le processus de restauration des dents color\u00e9es, tach\u00e9es ou ayant perdu leur blancheur en raison de leur jaunissement \u00e0 la naissance ou pour des raisons telles que th\u00e9-caf\u00e9, tabagisme, antibiotiques, traitement de canal ou accident, etc.<\/p><\/div><\/div>\t\t\t\t<\/div>\n\t\t\t\t<div class=\"elementor-element elementor-element-66da94fe elementor-align-center elementor-widget elementor-widget-button\" data-id=\"66da94fe\" data-element_type=\"widget\" data-e-type=\"widget\" data-widget_type=\"button.default\">\n\t\t\t\t\t\t\t\t\t\t<a class=\"elementor-button elementor-button-link elementor-size-sm\" href=\"https:\/\/estenbulhealth.com\/fr\/blanchissement-dentaire\/\">\n\t\t\t\t\t\t<span class=\"elementor-button-content-wrapper\">\n\t\t\t\t\t\t\t\t\t<span class=\"elementor-button-text\">Lire la suite<\/span>\n\t\t\t\t\t<\/span>\n\t\t\t\t\t<\/a>\n\t\t\t\t\t\t\t\t<\/div>\n\t\t\t\t\t<\/div>\n\t\t<\/div>\n\t\t\t\t\t<\/div>\n\t\t<\/section>\n\t\t\t\t<section class=\"wd-negative-gap elementor-section elementor-top-section elementor-element elementor-element-7a26376e elementor-section-boxed elementor-section-height-default elementor-section-height-default\" data-id=\"7a26376e\" data-element_type=\"section\" data-e-type=\"section\">\n\t\t\t\t\t\t<div class=\"elementor-container elementor-column-gap-default\">\n\t\t\t\t\t<div class=\"elementor-column elementor-col-100 elementor-top-column elementor-element elementor-element-2256ba7f\" data-id=\"2256ba7f\" data-element_type=\"column\" data-e-type=\"column\">\n\t\t\t<div class=\"elementor-widget-wrap elementor-element-populated\">\n\t\t\t\t\t\t<div class=\"elementor-element elementor-element-3d4506b5 elementor-view-default elementor-widget elementor-widget-icon\" data-id=\"3d4506b5\" data-element_type=\"widget\" data-e-type=\"widget\" data-widget_type=\"icon.default\">\n\t\t\t\t\t\t\t<div class=\"elementor-icon-wrapper\">\n\t\t\t<div class=\"elementor-icon\">\n\t\t\t<svg aria-hidden=\"true\" class=\"e-font-icon-svg e-fas-grip-lines\" viewBox=\"0 0 512 512\" xmlns=\"http:\/\/www.w3.org\/2000\/svg\"><path d=\"M496 288H16c-8.8 0-16 7.2-16 16v32c0 8.8 7.2 16 16 16h480c8.8 0 16-7.2 16-16v-32c0-8.8-7.2-16-16-16zm0-128H16c-8.8 0-16 7.2-16 16v32c0 8.8 7.2 16 16 16h480c8.8 0 16-7.2 16-16v-32c0-8.8-7.2-16-16-16z\"><\/path><\/svg>\t\t\t<\/div>\n\t\t<\/div>\n\t\t\t\t\t\t<\/div>\n\t\t\t\t\t<\/div>\n\t\t<\/div>\n\t\t\t\t\t<\/div>\n\t\t<\/section>\n\t\t\t\t<section class=\"wd-negative-gap elementor-section elementor-top-section elementor-element elementor-element-7723d124 elementor-section-boxed elementor-section-height-default elementor-section-height-default\" data-id=\"7723d124\" data-element_type=\"section\" data-e-type=\"section\">\n\t\t\t\t\t\t<div class=\"elementor-container elementor-column-gap-default\">\n\t\t\t\t\t<div class=\"elementor-column elementor-col-33 elementor-top-column elementor-element elementor-element-343e690f\" data-id=\"343e690f\" data-element_type=\"column\" data-e-type=\"column\">\n\t\t\t<div class=\"elementor-widget-wrap elementor-element-populated\">\n\t\t\t\t\t\t<div class=\"elementor-element elementor-element-29d34719 elementor-position-top elementor-widget elementor-widget-image-box\" data-id=\"29d34719\" data-element_type=\"widget\" data-e-type=\"widget\" data-widget_type=\"image-box.default\">\n\t\t\t\t\t<div class=\"elementor-image-box-wrapper\"><figure class=\"elementor-image-box-img\"><a href=\"https:\/\/estenbulhealth.com\/fr\/placages-de-porcelaine\/\" tabindex=\"-1\"><img loading=\"lazy\" decoding=\"async\" width=\"250\" height=\"250\" src=\"https:\/\/estenbulhealth.com\/wp-content\/uploads\/2021\/11\/Porcelain-Veneer-in-turkey.png\" class=\"attachment-full size-full wp-image-18316\" alt=\"Porcelain Veneer in turkey\" title=\"\" srcset=\"https:\/\/estenbulhealth.com\/wp-content\/uploads\/2021\/11\/Porcelain-Veneer-in-turkey.png 250w, https:\/\/estenbulhealth.com\/wp-content\/uploads\/2021\/11\/Porcelain-Veneer-in-turkey-150x150.png 150w, https:\/\/estenbulhealth.com\/wp-content\/uploads\/2021\/11\/Porcelain-Veneer-in-turkey-66x66.png 66w, https:\/\/estenbulhealth.com\/wp-content\/uploads\/2021\/11\/Porcelain-Veneer-in-turkey-200x200.png 200w\" sizes=\"auto, (max-width: 250px) 100vw, 250px\" \/><\/a><\/figure><div class=\"elementor-image-box-content\"><h3 class=\"elementor-image-box-title\"><a href=\"https:\/\/estenbulhealth.com\/fr\/placages-de-porcelaine\/\">Placage de porcelaine<\/a><\/h3><p class=\"elementor-image-box-description\">le processus de placage des dents qui sont tordues ou d\u00e9fectueuses \u00e0 la naissance ou qui ont perdu leur couleur et leur forme par la suite pour des raisons telles qu'un accident, une blessure, le tabagisme, le th\u00e9-caf\u00e9 avec de la porcelaine \u00e0 support m\u00e9tallique qui est le mat\u00e9riau le plus proche de son aspect et de sa couleur naturels .<\/p><\/div><\/div>\t\t\t\t<\/div>\n\t\t\t\t<div class=\"elementor-element elementor-element-6360d23e elementor-align-center elementor-widget elementor-widget-button\" data-id=\"6360d23e\" data-element_type=\"widget\" data-e-type=\"widget\" data-widget_type=\"button.default\">\n\t\t\t\t\t\t\t\t\t\t<a class=\"elementor-button elementor-button-link elementor-size-sm\" href=\"https:\/\/estenbulhealth.com\/fr\/placages-de-porcelaine\/\">\n\t\t\t\t\t\t<span class=\"elementor-button-content-wrapper\">\n\t\t\t\t\t\t\t\t\t<span class=\"elementor-button-text\">Lire la suite<\/span>\n\t\t\t\t\t<\/span>\n\t\t\t\t\t<\/a>\n\t\t\t\t\t\t\t\t<\/div>\n\t\t\t\t\t<\/div>\n\t\t<\/div>\n\t\t\t\t<div class=\"elementor-column elementor-col-33 elementor-top-column elementor-element elementor-element-5c76c50f\" data-id=\"5c76c50f\" data-element_type=\"column\" data-e-type=\"column\">\n\t\t\t<div class=\"elementor-widget-wrap\">\n\t\t\t\t\t\t\t<\/div>\n\t\t<\/div>\n\t\t\t\t<div class=\"elementor-column elementor-col-33 elementor-top-column elementor-element elementor-element-68909a1e\" data-id=\"68909a1e\" data-element_type=\"column\" data-e-type=\"column\">\n\t\t\t<div class=\"elementor-widget-wrap\">\n\t\t\t\t\t\t\t<\/div>\n\t\t<\/div>\n\t\t\t\t\t<\/div>\n\t\t<\/section>\n\t\t\t\t<\/div>\n\t\t","protected":false},"excerpt":{"rendered":"<p>Implants dentaires Fabriqu\u00e9e en Titane qui est un mat\u00e9riau tout \u00e0 fait adapt\u00e9 \u00e0 la sant\u00e9 humaine, cette racine dentaire<\/p>\n","protected":false},"author":24,"featured_media":15491,"parent":13433,"menu_order":0,"comment_status":"closed","ping_status":"closed","template":"","meta":{"content-type":"","footnotes":""},"class_list":["post-13272","page","type-page","status-publish","has-post-thumbnail","hentry"],"_links":{"self":[{"href":"https:\/\/estenbulhealth.com\/fr\/wp-json\/wp\/v2\/pages\/13272","targetHints":{"allow":["GET"]}}],"collection":[{"href":"https:\/\/estenbulhealth.com\/fr\/wp-json\/wp\/v2\/pages"}],"about":[{"href":"https:\/\/estenbulhealth.com\/fr\/wp-json\/wp\/v2\/types\/page"}],"author":[{"embeddable":true,"href":"https:\/\/estenbulhealth.com\/fr\/wp-json\/wp\/v2\/users\/24"}],"replies":[{"embeddable":true,"href":"https:\/\/estenbulhealth.com\/fr\/wp-json\/wp\/v2\/comments?post=13272"}],"version-history":[{"count":1,"href":"https:\/\/estenbulhealth.com\/fr\/wp-json\/wp\/v2\/pages\/13272\/revisions"}],"predecessor-version":[{"id":39534,"href":"https:\/\/estenbulhealth.com\/fr\/wp-json\/wp\/v2\/pages\/13272\/revisions\/39534"}],"up":[{"embeddable":true,"href":"https:\/\/estenbulhealth.com\/fr\/wp-json\/wp\/v2\/pages\/13433"}],"wp:featuredmedia":[{"embeddable":true,"href":"https:\/\/estenbulhealth.com\/fr\/wp-json\/wp\/v2\/media\/15491"}],"wp:attachment":[{"href":"https:\/\/estenbulhealth.com\/fr\/wp-json\/wp\/v2\/media?parent=13272"}],"curies":[{"name":"wp","href":"https:\/\/api.w.org\/{rel}","templated":true}]}}