{"id":20637,"date":"2025-01-28T21:11:09","date_gmt":"2025-01-28T18:11:09","guid":{"rendered":"https:\/\/estenbulhealth.com\/dienstleistungen\/plastische-asthetische-chirurgie-turkei\/breast-uplift\/"},"modified":"2025-01-28T21:16:06","modified_gmt":"2025-01-28T18:16:06","slug":"bruststraffung","status":"publish","type":"page","link":"https:\/\/estenbulhealth.com\/de\/bruststraffung\/","title":{"rendered":"Bruststraffung"},"content":{"rendered":"\t\t<div data-elementor-type=\"wp-page\" data-elementor-id=\"20637\" class=\"elementor elementor-20637\">\n\t\t\t\t\t\t<section class=\"wd-negative-gap elementor-section elementor-top-section elementor-element elementor-element-546da52f elementor-section-boxed elementor-section-height-default elementor-section-height-default\" data-id=\"546da52f\" data-element_type=\"section\" data-e-type=\"section\">\n\t\t\t\t\t\t<div class=\"elementor-container elementor-column-gap-default\">\n\t\t\t\t\t<div class=\"elementor-column elementor-col-100 elementor-top-column elementor-element elementor-element-71d339b3\" data-id=\"71d339b3\" data-element_type=\"column\" data-e-type=\"column\">\n\t\t\t<div class=\"elementor-widget-wrap elementor-element-populated\">\n\t\t\t\t\t\t<div class=\"elementor-element elementor-element-51e44538 color-scheme-inherit text-left elementor-widget elementor-widget-text-editor\" data-id=\"51e44538\" data-element_type=\"widget\" data-e-type=\"widget\" data-widget_type=\"text-editor.default\">\n\t\t\t\t\t\t\t\t\t<h3>Was ist eine Bruststraffung?<\/h3><p>Bei der Bruststraffung wird \u00fcbersch\u00fcssige Haut im Brustbereich entfernt, das Gewebe in den Br\u00fcsten gestrafft und komprimiert und der mit der Zeit deformierte Brust- und Brustwarzenbereich neu geformt, um ein gestrafftes und \u00e4sthetisches Aussehen zu erzielen. Die durch das Stillen verursachte Verformung oder Abnahme des Brustgewebes mit dem Alterungsprozess kann durch eine Bruststraffungsoperation ohne Risiken beseitigt werden. Eine Bruststraffungsoperation liefert recht erfolgreiche, dauerhafte und \u00e4sthetische Ergebnisse.<\/p>\t\t\t\t\t\t\t\t<\/div>\n\t\t\t\t\t<\/div>\n\t\t<\/div>\n\t\t\t\t\t<\/div>\n\t\t<\/section>\n\t\t\t\t<section class=\"wd-negative-gap elementor-section elementor-top-section elementor-element elementor-element-1accdb75 elementor-section-boxed elementor-section-height-default elementor-section-height-default\" data-id=\"1accdb75\" data-element_type=\"section\" data-e-type=\"section\">\n\t\t\t\t\t\t<div class=\"elementor-container elementor-column-gap-default\">\n\t\t\t\t\t<div class=\"elementor-column elementor-col-100 elementor-top-column elementor-element elementor-element-34239af0\" data-id=\"34239af0\" data-element_type=\"column\" data-e-type=\"column\">\n\t\t\t<div class=\"elementor-widget-wrap elementor-element-populated\">\n\t\t\t\t\t\t<div class=\"elementor-element elementor-element-134abf97 elementor-widget elementor-widget-heading\" data-id=\"134abf97\" data-element_type=\"widget\" data-e-type=\"widget\" data-widget_type=\"heading.default\">\n\t\t\t\t\t<h3 class=\"elementor-heading-title elementor-size-default\">Was Sie \u00fcber Bruststraffungsoperationen wissen sollten<\/h3>\t\t\t\t<\/div>\n\t\t\t\t\t<\/div>\n\t\t<\/div>\n\t\t\t\t\t<\/div>\n\t\t<\/section>\n\t\t\t\t<section class=\"wd-negative-gap elementor-section elementor-top-section elementor-element elementor-element-71290218 elementor-section-boxed elementor-section-height-default elementor-section-height-default\" data-id=\"71290218\" data-element_type=\"section\" data-e-type=\"section\">\n\t\t\t\t\t\t<div class=\"elementor-container elementor-column-gap-default\">\n\t\t\t\t\t<div class=\"elementor-column elementor-col-100 elementor-top-column elementor-element elementor-element-72b273e9\" data-id=\"72b273e9\" data-element_type=\"column\" data-e-type=\"column\">\n\t\t\t<div class=\"elementor-widget-wrap elementor-element-populated\">\n\t\t\t\t\t\t<div class=\"elementor-element elementor-element-7b0d7686 color-scheme-inherit text-left elementor-widget elementor-widget-text-editor\" data-id=\"7b0d7686\" data-element_type=\"widget\" data-e-type=\"widget\" data-widget_type=\"text-editor.default\">\n\t\t\t\t\t\t\t\t\t<ul><li>Verzichten Sie mindestens eine Woche vor der Operation auf Rauchen und Alkohol.<\/li><li>Verzichten Sie mindestens eine Woche vor der Operation auf Blutverd\u00fcnner.<\/li><li>\u00dcber Medikamente, die regelm\u00e4\u00dfig eingenommen werden m\u00fcssen, muss der Arzt vorher informiert werden.<\/li><li>Essen Sie einen Tag vor der Operation nicht nach 12 Uhr nachts, stellen Sie sicher, dass Sie hungrig sind, wenn Sie ins Krankenhaus kommen.<\/li><li>Da die Operation unter Vollnarkose durchgef\u00fchrt wird, sind keine Schmerzen zu sp\u00fcren.<\/li><li>Die Person bleibt nach der Operation nur 1 Nacht im Krankenhaus.<\/li><li>Die Person kann ihr soziales Leben 3 Tage nach der Operation fortsetzen und eine Woche sp\u00e4ter arbeiten.<\/li><li>Bandagen an der Brust werden eine Woche sp\u00e4ter vollst\u00e4ndig entfernt.<\/li><li>Die Person kann eine Woche nach der Operation duschen.<\/li><li>Vermeiden Sie im ersten Monat nach der Operation schwere \u00dcbungen.<\/li><li>Die Person muss nach der Operation einen Sport-BH tragen, der ihrem K\u00f6rpertyp entspricht.<\/li><li>Die Person muss nach der Operation 1 Woche lang Antibiotika anwenden, um ein Infektionsrisiko zu vermeiden.<\/li><li>It might take 6 months to 1 year for the breasts to take their final form.<\/li><\/ul>\t\t\t\t\t\t\t\t<\/div>\n\t\t\t\t\t<\/div>\n\t\t<\/div>\n\t\t\t\t\t<\/div>\n\t\t<\/section>\n\t\t\t\t<section class=\"wd-negative-gap elementor-section elementor-top-section elementor-element elementor-element-9e38c8b elementor-section-boxed elementor-section-height-default elementor-section-height-default\" data-id=\"9e38c8b\" data-element_type=\"section\" data-e-type=\"section\">\n\t\t\t\t\t\t<div class=\"elementor-container elementor-column-gap-default\">\n\t\t\t\t\t<div class=\"elementor-column elementor-col-100 elementor-top-column elementor-element elementor-element-4335a88b\" data-id=\"4335a88b\" data-element_type=\"column\" data-e-type=\"column\">\n\t\t\t<div class=\"elementor-widget-wrap elementor-element-populated\">\n\t\t\t\t\t\t<div class=\"elementor-element elementor-element-399948d7 elementor-widget-divider--view-line_icon elementor-view-default elementor-widget-divider--element-align-center elementor-widget elementor-widget-divider\" data-id=\"399948d7\" data-element_type=\"widget\" data-e-type=\"widget\" data-widget_type=\"divider.default\">\n\t\t\t\t\t\t\t<div class=\"elementor-divider\">\n\t\t\t<span class=\"elementor-divider-separator\">\n\t\t\t\t\t\t\t<div class=\"elementor-icon elementor-divider__element\">\n\t\t\t\t\t<svg aria-hidden=\"true\" class=\"e-font-icon-svg e-fas-hand-holding-heart\" viewBox=\"0 0 576 512\" xmlns=\"http:\/\/www.w3.org\/2000\/svg\"><path d=\"M275.3 250.5c7 7.4 18.4 7.4 25.5 0l108.9-114.2c31.6-33.2 29.8-88.2-5.6-118.8-30.8-26.7-76.7-21.9-104.9 7.7L288 36.9l-11.1-11.6C248.7-4.4 202.8-9.2 172 17.5c-35.3 30.6-37.2 85.6-5.6 118.8l108.9 114.2zm290 77.6c-11.8-10.7-30.2-10-42.6 0L430.3 402c-11.3 9.1-25.4 14-40 14H272c-8.8 0-16-7.2-16-16s7.2-16 16-16h78.3c15.9 0 30.7-10.9 33.3-26.6 3.3-20-12.1-37.4-31.6-37.4H192c-27 0-53.1 9.3-74.1 26.3L71.4 384H16c-8.8 0-16 7.2-16 16v96c0 8.8 7.2 16 16 16h356.8c14.5 0 28.6-4.9 40-14L564 377c15.2-12.1 16.4-35.3 1.3-48.9z\"><\/path><\/svg><\/div>\n\t\t\t\t\t\t<\/span>\n\t\t<\/div>\n\t\t\t\t\t\t<\/div>\n\t\t\t\t\t<\/div>\n\t\t<\/div>\n\t\t\t\t\t<\/div>\n\t\t<\/section>\n\t\t\t\t<section class=\"wd-negative-gap elementor-section elementor-top-section elementor-element elementor-element-30808f98 elementor-section-boxed elementor-section-height-default elementor-section-height-default\" data-id=\"30808f98\" data-element_type=\"section\" data-e-type=\"section\">\n\t\t\t\t\t\t<div class=\"elementor-container elementor-column-gap-default\">\n\t\t\t\t\t<div class=\"elementor-column elementor-col-33 elementor-top-column elementor-element elementor-element-2c0444c4\" data-id=\"2c0444c4\" data-element_type=\"column\" data-e-type=\"column\" data-settings=\"{&quot;background_background&quot;:&quot;gradient&quot;}\">\n\t\t\t<div class=\"elementor-widget-wrap elementor-element-populated\">\n\t\t\t\t\t\t\t<\/div>\n\t\t<\/div>\n\t\t\t\t<div class=\"elementor-column elementor-col-66 elementor-top-column elementor-element elementor-element-60bb254e\" data-id=\"60bb254e\" data-element_type=\"column\" data-e-type=\"column\">\n\t\t\t<div class=\"elementor-widget-wrap elementor-element-populated\">\n\t\t\t\t\t\t<div class=\"elementor-element elementor-element-2d789626 elementor-widget elementor-widget-heading\" data-id=\"2d789626\" data-element_type=\"widget\" data-e-type=\"widget\" data-widget_type=\"heading.default\">\n\t\t\t\t\t<h2 class=\"elementor-heading-title elementor-size-default\">Kontaktiere uns!\n<\/h2>\t\t\t\t<\/div>\n\t\t\t\t<div class=\"elementor-element elementor-element-2dc8fec color-scheme-inherit text-left elementor-widget elementor-widget-text-editor\" data-id=\"2dc8fec\" data-element_type=\"widget\" data-e-type=\"widget\" data-widget_type=\"text-editor.default\">\n\t\t\t\t\t\t\t\t\t<p>Sie k\u00f6nnen uns mit den unten stehenden Informationen kontaktieren oder das Formular f\u00fcr eine kostenlose Beratung ausf\u00fcllen.<\/p><p><strong>Hauptb\u00fcro:<\/strong>\u00a0Cihannuma Mah. Akdo\u011fan Sok, No: 45\/2 Be\u015fikta\u015f, Istanbul, Turkey<\/p><p><strong>Krankenhaus:<\/strong>\u00a0Levent Mah. Yeni S\u00fcl\u00fcn Sok. No:13, 34353 Be\u015fikta\u015f\/\u0130stanbul<br \/><strong>Telefon :<\/strong>\u00a0+90 (543) 337 1865<br \/><strong>Whatsapp :<\/strong>\u00a0+90 (543) 337 1865<br \/><strong>Email:\u00a0<\/strong>info@estenbulhealth.com<\/p>\t\t\t\t\t\t\t\t<\/div>\n\t\t\t\t\t<\/div>\n\t\t<\/div>\n\t\t\t\t\t<\/div>\n\t\t<\/section>\n\t\t\t\t<\/div>\n\t\t","protected":false},"excerpt":{"rendered":"<p>Was ist eine Bruststraffung? Bei der Bruststraffung wird \u00fcbersch\u00fcssige Haut im Brustbereich entfernt, das Gewebe in den Br\u00fcsten gestrafft und<\/p>\n","protected":false},"author":24,"featured_media":0,"parent":0,"menu_order":0,"comment_status":"closed","ping_status":"closed","template":"","meta":{"content-type":"","footnotes":""},"class_list":["post-20637","page","type-page","status-publish","hentry"],"_links":{"self":[{"href":"https:\/\/estenbulhealth.com\/de\/wp-json\/wp\/v2\/pages\/20637","targetHints":{"allow":["GET"]}}],"collection":[{"href":"https:\/\/estenbulhealth.com\/de\/wp-json\/wp\/v2\/pages"}],"about":[{"href":"https:\/\/estenbulhealth.com\/de\/wp-json\/wp\/v2\/types\/page"}],"author":[{"embeddable":true,"href":"https:\/\/estenbulhealth.com\/de\/wp-json\/wp\/v2\/users\/24"}],"replies":[{"embeddable":true,"href":"https:\/\/estenbulhealth.com\/de\/wp-json\/wp\/v2\/comments?post=20637"}],"version-history":[{"count":1,"href":"https:\/\/estenbulhealth.com\/de\/wp-json\/wp\/v2\/pages\/20637\/revisions"}],"predecessor-version":[{"id":37203,"href":"https:\/\/estenbulhealth.com\/de\/wp-json\/wp\/v2\/pages\/20637\/revisions\/37203"}],"wp:attachment":[{"href":"https:\/\/estenbulhealth.com\/de\/wp-json\/wp\/v2\/media?parent=20637"}],"curies":[{"name":"wp","href":"https:\/\/api.w.org\/{rel}","templated":true}]}}