{"id":19759,"date":"2025-01-28T21:11:37","date_gmt":"2025-01-28T18:11:37","guid":{"rendered":"https:\/\/estenbulhealth.com\/our-services\/hair-transplantation\/fut-hair-transplant-technique\/"},"modified":"2025-01-28T21:16:27","modified_gmt":"2025-01-28T18:16:27","slug":"fut-haartransplantationstechnik","status":"publish","type":"page","link":"https:\/\/estenbulhealth.com\/de\/fut-haartransplantationstechnik\/","title":{"rendered":"FUT-Haartransplantationstechnik"},"content":{"rendered":"\t\t<div data-elementor-type=\"wp-page\" data-elementor-id=\"19759\" class=\"elementor elementor-19759\">\n\t\t\t\t\t\t<section class=\"wd-negative-gap elementor-section elementor-top-section elementor-element elementor-element-475fd2a elementor-section-boxed elementor-section-height-default elementor-section-height-default\" data-id=\"475fd2a\" data-element_type=\"section\" data-e-type=\"section\">\n\t\t\t\t\t\t<div class=\"elementor-container elementor-column-gap-default\">\n\t\t\t\t\t<div class=\"elementor-column elementor-col-50 elementor-top-column elementor-element elementor-element-acbd922\" data-id=\"acbd922\" data-element_type=\"column\" data-e-type=\"column\">\n\t\t\t<div class=\"elementor-widget-wrap elementor-element-populated\">\n\t\t\t\t\t\t<div class=\"elementor-element elementor-element-6b57013 color-scheme-inherit text-left elementor-widget elementor-widget-text-editor\" data-id=\"6b57013\" data-element_type=\"widget\" data-e-type=\"widget\" data-widget_type=\"text-editor.default\">\n\t\t\t\t\t\t\t\t\t<h2>Was ist FUT-Technik?<\/h2><p>FUT (Follicular Unit Transplantation) ist eine Technik, die von Experten bei der Entwicklung der Haartransplantationstechnologie beiseite gelegt wurde, daher verwenden wir sie aufgrund ihrer Nachteile nicht als Estenbul Health. Bei dieser Technik wird ein Teil der behaarten Haut in Streifenform basierend auf der Anzahl der erforderlichen Transplantate aus dem Bereich entnommen, in dem das Haar am st\u00e4rksten und am st\u00e4rksten ist, dh im Nacken zwischen zwei Ohren. Danach werden die Transplantate (Haarfollikel) auf diesem Teil der behaarten Haut entnommen und f\u00fcr die Transplantation vorbereitet. W\u00e4hrenddessen wird die L\u00fccke, an der die Haut am Nacken entnommen wurde, mit einer \u00e4sthetischen Naht abgedeckt. Die FUT-Technik hat eine lange Erholungsphase, da die Haut direkt geschnitten und gen\u00e4ht wird. Nach der Anwendung verbleibt eine horizontale Nahtspur auf dem Bereich der Hautextraktion. Der gr\u00f6\u00dfte Nachteil der FUT-Technik ist diese Nahtspur, die sich nach der Operation nicht vollst\u00e4ndig erholen kann und besonders bei Kurzhaarmodellen deutlich sichtbar ist.<\/p>\t\t\t\t\t\t\t\t<\/div>\n\t\t\t\t\t<\/div>\n\t\t<\/div>\n\t\t\t\t<div class=\"elementor-column elementor-col-50 elementor-top-column elementor-element elementor-element-5afd816\" data-id=\"5afd816\" data-element_type=\"column\" data-e-type=\"column\">\n\t\t\t<div class=\"elementor-widget-wrap elementor-element-populated\">\n\t\t\t\t\t\t<div class=\"elementor-element elementor-element-2095802 elementor-widget elementor-widget-image\" data-id=\"2095802\" data-element_type=\"widget\" data-e-type=\"widget\" data-widget_type=\"image.default\">\n\t\t\t\t\t\t\t\t\t\t\t\t\t\t\t<img loading=\"lazy\" decoding=\"async\" width=\"1024\" height=\"978\" src=\"https:\/\/estenbulhealth.com\/wp-content\/uploads\/2018\/08\/fue-hair-transplant-vs-fut-hair-transplant_thehairtransplanthub_3-e1499615803573-1024x978.jpg\" class=\"attachment-large size-large wp-image-2509\" alt=\"FUT Procedure\" srcset=\"https:\/\/estenbulhealth.com\/wp-content\/uploads\/2018\/08\/fue-hair-transplant-vs-fut-hair-transplant_thehairtransplanthub_3-e1499615803573-1024x978.jpg 1024w, https:\/\/estenbulhealth.com\/wp-content\/uploads\/2018\/08\/fue-hair-transplant-vs-fut-hair-transplant_thehairtransplanthub_3-e1499615803573-300x287.jpg 300w, https:\/\/estenbulhealth.com\/wp-content\/uploads\/2018\/08\/fue-hair-transplant-vs-fut-hair-transplant_thehairtransplanthub_3-e1499615803573-768x733.jpg 768w, https:\/\/estenbulhealth.com\/wp-content\/uploads\/2018\/08\/fue-hair-transplant-vs-fut-hair-transplant_thehairtransplanthub_3-e1499615803573-200x191.jpg 200w, https:\/\/estenbulhealth.com\/wp-content\/uploads\/2018\/08\/fue-hair-transplant-vs-fut-hair-transplant_thehairtransplanthub_3-e1499615803573-400x382.jpg 400w, https:\/\/estenbulhealth.com\/wp-content\/uploads\/2018\/08\/fue-hair-transplant-vs-fut-hair-transplant_thehairtransplanthub_3-e1499615803573-600x573.jpg 600w, https:\/\/estenbulhealth.com\/wp-content\/uploads\/2018\/08\/fue-hair-transplant-vs-fut-hair-transplant_thehairtransplanthub_3-e1499615803573-800x764.jpg 800w, https:\/\/estenbulhealth.com\/wp-content\/uploads\/2018\/08\/fue-hair-transplant-vs-fut-hair-transplant_thehairtransplanthub_3-e1499615803573-1200x1146.jpg 1200w, https:\/\/estenbulhealth.com\/wp-content\/uploads\/2018\/08\/fue-hair-transplant-vs-fut-hair-transplant_thehairtransplanthub_3-e1499615803573.jpg 2000w\" sizes=\"auto, (max-width: 1024px) 100vw, 1024px\" title=\"\">\t\t\t\t\t\t\t\t\t\t\t\t\t\t\t<\/div>\n\t\t\t\t\t<\/div>\n\t\t<\/div>\n\t\t\t\t\t<\/div>\n\t\t<\/section>\n\t\t\t\t<section class=\"wd-negative-gap elementor-section elementor-top-section elementor-element elementor-element-b91dd23 elementor-section-boxed elementor-section-height-default elementor-section-height-default\" data-id=\"b91dd23\" data-element_type=\"section\" data-e-type=\"section\">\n\t\t\t\t\t\t<div class=\"elementor-container elementor-column-gap-default\">\n\t\t\t\t\t<div class=\"elementor-column elementor-col-100 elementor-top-column elementor-element elementor-element-24b6dcc\" data-id=\"24b6dcc\" data-element_type=\"column\" data-e-type=\"column\">\n\t\t\t<div class=\"elementor-widget-wrap elementor-element-populated\">\n\t\t\t\t\t\t<div class=\"elementor-element elementor-element-1d02050 elementor-widget elementor-widget-heading\" data-id=\"1d02050\" data-element_type=\"widget\" data-e-type=\"widget\" data-widget_type=\"heading.default\">\n\t\t\t\t\t<h2 class=\"elementor-heading-title elementor-size-default\">Nachteile der FUE-Technik<\/h2>\t\t\t\t<\/div>\n\t\t\t\t\t<\/div>\n\t\t<\/div>\n\t\t\t\t\t<\/div>\n\t\t<\/section>\n\t\t\t\t<section class=\"wd-negative-gap elementor-section elementor-top-section elementor-element elementor-element-149b46 elementor-section-boxed elementor-section-height-default elementor-section-height-default\" data-id=\"149b46\" data-element_type=\"section\" data-e-type=\"section\">\n\t\t\t\t\t\t<div class=\"elementor-container elementor-column-gap-default\">\n\t\t\t\t\t<div class=\"elementor-column elementor-col-100 elementor-top-column elementor-element elementor-element-ddf2a3f\" data-id=\"ddf2a3f\" data-element_type=\"column\" data-e-type=\"column\">\n\t\t\t<div class=\"elementor-widget-wrap elementor-element-populated\">\n\t\t\t\t\t\t<div class=\"elementor-element elementor-element-60454a2a color-scheme-inherit text-left elementor-widget elementor-widget-text-editor\" data-id=\"60454a2a\" data-element_type=\"widget\" data-e-type=\"widget\" data-widget_type=\"text-editor.default\">\n\t\t\t\t\t\t\t\t\t<ul><li>W\u00e4hrend des Haarwachstums wird es eine gro\u00dfe Anzahl von eingewachsenen Haaren geben.<\/li><li>Bei der FUT-Technik werden alle hochwertigen und nicht hochwertigen Haare auf dem extrahierten Hautteil transplantiert, da sie in Streifen aus dem Nacken entnommen werden.<\/li><li>Bei diesem Verfahren verbleibt an der Extraktionsstelle eine Nahtspur von 15-20 cm, da die Haut mit Transplantaten extrahiert und eine Naht an dieser Stelle angebracht wird.<\/li><li>300-500 ml Blutung treten auf, wenn behaarte Hautpartien aus dem Nacken entnommen werden.<\/li><li>Bei der FUT-Technik kann die R\u00fcckkehr zur Arbeit bis zu 10\u201315 Tage dauern.<\/li><li>Bei dieser Technik k\u00f6nnen maximal 40-60 Follikel pro Quadratzentimeter transplantiert werden.<\/li><li>Haarfollikel sehen hohl aus.<\/li><li>Haare werden im 90-Grad-Winkel auf die Haut transplantiert und wachsen gerade.<\/li><li>Der obere Bereich verbreitert sich um 20-30 Quadratzentimeter, da die Anwendung als Hauttransplantation erfolgt.<\/li><li>Grafts k\u00f6nnen nur in den Bereich mit vollst\u00e4ndigem Haarausfall transplantiert werden. Sonst fallen auch vorhandene Haare f\u00fcr eine Weile aus<\/li><li>Es wird f\u00fcr 4-8 Monate ein Taubheitsgef\u00fchl im Nacken geben.<\/li><li>Etwa 80 % der entnommenen Haare k\u00f6nnen transplantiert werden; etwa 15-30 % sterben w\u00e4hrend der Pfl\u00fcckphase.<\/li><li>Der Person werden hohe Mengen an An\u00e4sthetika verabreicht, um Schmerzen zu vermeiden.<\/li><li>Der Operationsprozess ist schmerzhaft und das Entz\u00fcndungsrisiko ist hoch.<\/li><li>Wunden im Bereich der Hautentnahme m\u00fcssen 10-15 Tage nach der Operation verbunden werden.<\/li><\/ul>\t\t\t\t\t\t\t\t<\/div>\n\t\t\t\t<div class=\"elementor-element elementor-element-764c46e2 elementor-widget-divider--view-line_icon elementor-view-default elementor-widget-divider--element-align-center elementor-widget elementor-widget-divider\" data-id=\"764c46e2\" data-element_type=\"widget\" data-e-type=\"widget\" data-widget_type=\"divider.default\">\n\t\t\t\t\t\t\t<div class=\"elementor-divider\">\n\t\t\t<span class=\"elementor-divider-separator\">\n\t\t\t\t\t\t\t<div class=\"elementor-icon elementor-divider__element\">\n\t\t\t\t\t<svg aria-hidden=\"true\" class=\"e-font-icon-svg e-fas-plus-square\" viewBox=\"0 0 448 512\" xmlns=\"http:\/\/www.w3.org\/2000\/svg\"><path d=\"M400 32H48C21.5 32 0 53.5 0 80v352c0 26.5 21.5 48 48 48h352c26.5 0 48-21.5 48-48V80c0-26.5-21.5-48-48-48zm-32 252c0 6.6-5.4 12-12 12h-92v92c0 6.6-5.4 12-12 12h-56c-6.6 0-12-5.4-12-12v-92H92c-6.6 0-12-5.4-12-12v-56c0-6.6 5.4-12 12-12h92v-92c0-6.6 5.4-12 12-12h56c6.6 0 12 5.4 12 12v92h92c6.6 0 12 5.4 12 12v56z\"><\/path><\/svg><\/div>\n\t\t\t\t\t\t<\/span>\n\t\t<\/div>\n\t\t\t\t\t\t<\/div>\n\t\t\t\t\t<\/div>\n\t\t<\/div>\n\t\t\t\t\t<\/div>\n\t\t<\/section>\n\t\t\t\t<section class=\"wd-negative-gap elementor-section elementor-top-section elementor-element elementor-element-7c5d467 elementor-section-boxed elementor-section-height-default elementor-section-height-default\" data-id=\"7c5d467\" data-element_type=\"section\" data-e-type=\"section\">\n\t\t\t\t\t\t<div class=\"elementor-container elementor-column-gap-default\">\n\t\t\t\t\t<div class=\"elementor-column elementor-col-33 elementor-top-column elementor-element elementor-element-006010b\" data-id=\"006010b\" data-element_type=\"column\" data-e-type=\"column\" data-settings=\"{&quot;background_background&quot;:&quot;gradient&quot;}\">\n\t\t\t<div class=\"elementor-widget-wrap elementor-element-populated\">\n\t\t\t\t\t\t\t<\/div>\n\t\t<\/div>\n\t\t\t\t<div class=\"elementor-column elementor-col-66 elementor-top-column elementor-element elementor-element-0e4a02e\" data-id=\"0e4a02e\" data-element_type=\"column\" data-e-type=\"column\">\n\t\t\t<div class=\"elementor-widget-wrap elementor-element-populated\">\n\t\t\t\t\t\t<div class=\"elementor-element elementor-element-698cf5a1 elementor-widget elementor-widget-heading\" data-id=\"698cf5a1\" data-element_type=\"widget\" data-e-type=\"widget\" data-widget_type=\"heading.default\">\n\t\t\t\t\t<h2 class=\"elementor-heading-title elementor-size-default\">Kontaktiere uns!\n<\/h2>\t\t\t\t<\/div>\n\t\t\t\t<div class=\"elementor-element elementor-element-34a77e98 color-scheme-inherit text-left elementor-widget elementor-widget-text-editor\" data-id=\"34a77e98\" data-element_type=\"widget\" data-e-type=\"widget\" data-widget_type=\"text-editor.default\">\n\t\t\t\t\t\t\t\t\t<p>Sie k\u00f6nnen uns mit den unten stehenden Informationen kontaktieren oder das Formular f\u00fcr eine kostenlose Beratung ausf\u00fcllen.<\/p><p><strong>Hauptb\u00fcro:<\/strong>\u00a0Cihannuma Mah. Akdo\u011fan Sok, No: 45\/2 Be\u015fikta\u015f, Istanbul, Turkey<\/p><p><strong>Krankenhaus:<\/strong>\u00a0Levent Mah. Yeni S\u00fcl\u00fcn Sok. No:13, 34353 Be\u015fikta\u015f\/\u0130stanbul<br \/><strong>Telefon:<\/strong>\u00a0+90 (543) 337 1865<br \/><strong>Whatsapp :<\/strong>\u00a0+90 (543) 337 1865<br \/><strong>Email:\u00a0<\/strong>info@estenbulhealth.com<\/p>\t\t\t\t\t\t\t\t<\/div>\n\t\t\t\t\t<\/div>\n\t\t<\/div>\n\t\t\t\t\t<\/div>\n\t\t<\/section>\n\t\t\t\t<\/div>\n\t\t","protected":false},"excerpt":{"rendered":"<p>Was ist FUT-Technik? FUT (Follicular Unit Transplantation) ist eine Technik, die von Experten bei der Entwicklung der Haartransplantationstechnologie beiseite gelegt<\/p>\n","protected":false},"author":24,"featured_media":0,"parent":0,"menu_order":0,"comment_status":"closed","ping_status":"closed","template":"","meta":{"content-type":"","footnotes":""},"class_list":["post-19759","page","type-page","status-publish","hentry"],"_links":{"self":[{"href":"https:\/\/estenbulhealth.com\/de\/wp-json\/wp\/v2\/pages\/19759","targetHints":{"allow":["GET"]}}],"collection":[{"href":"https:\/\/estenbulhealth.com\/de\/wp-json\/wp\/v2\/pages"}],"about":[{"href":"https:\/\/estenbulhealth.com\/de\/wp-json\/wp\/v2\/types\/page"}],"author":[{"embeddable":true,"href":"https:\/\/estenbulhealth.com\/de\/wp-json\/wp\/v2\/users\/24"}],"replies":[{"embeddable":true,"href":"https:\/\/estenbulhealth.com\/de\/wp-json\/wp\/v2\/comments?post=19759"}],"version-history":[{"count":1,"href":"https:\/\/estenbulhealth.com\/de\/wp-json\/wp\/v2\/pages\/19759\/revisions"}],"predecessor-version":[{"id":42165,"href":"https:\/\/estenbulhealth.com\/de\/wp-json\/wp\/v2\/pages\/19759\/revisions\/42165"}],"wp:attachment":[{"href":"https:\/\/estenbulhealth.com\/de\/wp-json\/wp\/v2\/media?parent=19759"}],"curies":[{"name":"wp","href":"https:\/\/api.w.org\/{rel}","templated":true}]}}