{"id":19754,"date":"2025-01-28T21:11:34","date_gmt":"2025-01-28T18:11:34","guid":{"rendered":"https:\/\/estenbulhealth.com\/our-services\/hair-transplantation\/fue-follicular-unit-extraction\/"},"modified":"2025-01-28T21:16:23","modified_gmt":"2025-01-28T18:16:23","slug":"fue-follicular-unit-extraktion","status":"publish","type":"page","link":"https:\/\/estenbulhealth.com\/de\/fue-follicular-unit-extraktion\/","title":{"rendered":"FUE (Follicular Unit Extraktion)"},"content":{"rendered":"\t\t<div data-elementor-type=\"wp-page\" data-elementor-id=\"19754\" class=\"elementor elementor-19754\">\n\t\t\t\t\t\t<section class=\"wd-negative-gap elementor-section elementor-top-section elementor-element elementor-element-881ae34 elementor-section-boxed elementor-section-height-default elementor-section-height-default\" data-id=\"881ae34\" data-element_type=\"section\" data-e-type=\"section\">\n\t\t\t\t\t\t<div class=\"elementor-container elementor-column-gap-default\">\n\t\t\t\t\t<div class=\"elementor-column elementor-col-50 elementor-top-column elementor-element elementor-element-1f2f54b\" data-id=\"1f2f54b\" data-element_type=\"column\" data-e-type=\"column\">\n\t\t\t<div class=\"elementor-widget-wrap elementor-element-populated\">\n\t\t\t\t\t\t<div class=\"elementor-element elementor-element-78708b9 color-scheme-inherit text-left elementor-widget elementor-widget-text-editor\" data-id=\"78708b9\" data-element_type=\"widget\" data-e-type=\"widget\" data-widget_type=\"text-editor.default\">\n\t\t\t\t\t\t\t\t\t<h2>Was ist die FUE-Technik?<\/h2><p>FUE (Follicular Unit Extraction) ist im Grunde eine Extraktionsmethode f\u00fcr Transplantate (Haarfollikel), die seit 2005 angewendet wird und Tausenden von Menschen, die nach einer L\u00f6sung f\u00fcr Haarausfall suchen, nat\u00fcrliches, dichtes und gesundes Haar bietet. Bei der FUE-Technik werden die Transplantate einzeln aus dem Nacken zwischen zwei Ohren entnommen, wo das Haar am st\u00e4rksten ist (falls erforderlich, aus der Brust und unter dem Kinn f\u00fcr M\u00e4nner); Anschlie\u00dfend werden sie mit einer von drei verschiedenen Transplantationstechniken namens \u201eDHI\u201c, \u201eSapphire\u201c oder \u201eSlit\u201c in den entsprechenden Bereich transplantiert.<\/p>\t\t\t\t\t\t\t\t<\/div>\n\t\t\t\t\t<\/div>\n\t\t<\/div>\n\t\t\t\t<div class=\"elementor-column elementor-col-50 elementor-top-column elementor-element elementor-element-a89d567\" data-id=\"a89d567\" data-element_type=\"column\" data-e-type=\"column\">\n\t\t\t<div class=\"elementor-widget-wrap elementor-element-populated\">\n\t\t\t\t\t\t<div class=\"elementor-element elementor-element-f0493e4 elementor-widget elementor-widget-image\" data-id=\"f0493e4\" data-element_type=\"widget\" data-e-type=\"widget\" data-widget_type=\"image.default\">\n\t\t\t\t\t\t\t\t\t\t\t\t\t\t\t<img loading=\"lazy\" decoding=\"async\" width=\"1024\" height=\"683\" src=\"https:\/\/estenbulhealth.com\/wp-content\/uploads\/2021\/08\/hair-transplant-in-turkey-with-estenbul-health-1024x683.jpeg\" class=\"attachment-large size-large wp-image-15468\" alt=\"Hair Transplant in Turkey with Estenbul Health\" srcset=\"https:\/\/estenbulhealth.com\/wp-content\/uploads\/2021\/08\/hair-transplant-in-turkey-with-estenbul-health-1024x683.jpeg 1024w, https:\/\/estenbulhealth.com\/wp-content\/uploads\/2021\/08\/hair-transplant-in-turkey-with-estenbul-health-300x200.jpeg 300w, https:\/\/estenbulhealth.com\/wp-content\/uploads\/2021\/08\/hair-transplant-in-turkey-with-estenbul-health-768x512.jpeg 768w, https:\/\/estenbulhealth.com\/wp-content\/uploads\/2021\/08\/hair-transplant-in-turkey-with-estenbul-health-1536x1024.jpeg 1536w, https:\/\/estenbulhealth.com\/wp-content\/uploads\/2021\/08\/hair-transplant-in-turkey-with-estenbul-health-2048x1365.jpeg 2048w, https:\/\/estenbulhealth.com\/wp-content\/uploads\/2021\/08\/hair-transplant-in-turkey-with-estenbul-health-200x133.jpeg 200w, https:\/\/estenbulhealth.com\/wp-content\/uploads\/2021\/08\/hair-transplant-in-turkey-with-estenbul-health-400x267.jpeg 400w, https:\/\/estenbulhealth.com\/wp-content\/uploads\/2021\/08\/hair-transplant-in-turkey-with-estenbul-health-600x400.jpeg 600w, https:\/\/estenbulhealth.com\/wp-content\/uploads\/2021\/08\/hair-transplant-in-turkey-with-estenbul-health-800x533.jpeg 800w, https:\/\/estenbulhealth.com\/wp-content\/uploads\/2021\/08\/hair-transplant-in-turkey-with-estenbul-health-1200x800.jpeg 1200w\" sizes=\"auto, (max-width: 1024px) 100vw, 1024px\" title=\"\">\t\t\t\t\t\t\t\t\t\t\t\t\t\t\t<\/div>\n\t\t\t\t\t<\/div>\n\t\t<\/div>\n\t\t\t\t\t<\/div>\n\t\t<\/section>\n\t\t\t\t<section class=\"wd-negative-gap elementor-section elementor-top-section elementor-element elementor-element-dd03f22 elementor-section-boxed elementor-section-height-default elementor-section-height-default\" data-id=\"dd03f22\" data-element_type=\"section\" data-e-type=\"section\">\n\t\t\t\t\t\t<div class=\"elementor-container elementor-column-gap-default\">\n\t\t\t\t\t<div class=\"elementor-column elementor-col-100 elementor-top-column elementor-element elementor-element-22029ff\" data-id=\"22029ff\" data-element_type=\"column\" data-e-type=\"column\">\n\t\t\t<div class=\"elementor-widget-wrap elementor-element-populated\">\n\t\t\t\t\t\t<div class=\"elementor-element elementor-element-2e930fa color-scheme-inherit text-left elementor-widget elementor-widget-text-editor\" data-id=\"2e930fa\" data-element_type=\"widget\" data-e-type=\"widget\" data-widget_type=\"text-editor.default\">\n\t\t\t\t\t\t\t\t\t<p>Mit anderen Worten, FUE ist entgegen der landl\u00e4ufigen Meinung keine Haartransplantationstechnik, sondern eine Transplantatextraktionsmethode. Unabh\u00e4ngig von der f\u00fcr die Haartransplantation verwendeten Technik werden Transplantate nur mit der FUE-Technik entnommen.<\/p>\t\t\t\t\t\t\t\t<\/div>\n\t\t\t\t\t<\/div>\n\t\t<\/div>\n\t\t\t\t\t<\/div>\n\t\t<\/section>\n\t\t\t\t<section class=\"wd-negative-gap elementor-section elementor-top-section elementor-element elementor-element-585c8e3 elementor-section-boxed elementor-section-height-default elementor-section-height-default\" data-id=\"585c8e3\" data-element_type=\"section\" data-e-type=\"section\">\n\t\t\t\t\t\t<div class=\"elementor-container elementor-column-gap-default\">\n\t\t\t\t\t<div class=\"elementor-column elementor-col-100 elementor-top-column elementor-element elementor-element-ed71ab0\" data-id=\"ed71ab0\" data-element_type=\"column\" data-e-type=\"column\">\n\t\t\t<div class=\"elementor-widget-wrap elementor-element-populated\">\n\t\t\t\t\t\t<div class=\"elementor-element elementor-element-1026df4 elementor-widget elementor-widget-heading\" data-id=\"1026df4\" data-element_type=\"widget\" data-e-type=\"widget\" data-widget_type=\"heading.default\">\n\t\t\t\t\t<h2 class=\"elementor-heading-title elementor-size-default\">Wie wird die FUE-Technik angewendet?<\/h2>\t\t\t\t<\/div>\n\t\t\t\t\t<\/div>\n\t\t<\/div>\n\t\t\t\t\t<\/div>\n\t\t<\/section>\n\t\t\t\t<section class=\"wd-negative-gap elementor-section elementor-top-section elementor-element elementor-element-a2fa7d5 elementor-section-boxed elementor-section-height-default elementor-section-height-default\" data-id=\"a2fa7d5\" data-element_type=\"section\" data-e-type=\"section\">\n\t\t\t\t\t\t<div class=\"elementor-container elementor-column-gap-default\">\n\t\t\t\t\t<div class=\"elementor-column elementor-col-100 elementor-top-column elementor-element elementor-element-0f0ff50\" data-id=\"0f0ff50\" data-element_type=\"column\" data-e-type=\"column\">\n\t\t\t<div class=\"elementor-widget-wrap elementor-element-populated\">\n\t\t\t\t\t\t<div class=\"elementor-element elementor-element-980e226 elementor-widget elementor-widget-toggle\" data-id=\"980e226\" data-element_type=\"widget\" data-e-type=\"widget\" data-widget_type=\"toggle.default\">\n\t\t\t\t\t\t\t<div class=\"elementor-toggle\">\n\t\t\t\t\t\t\t<div class=\"elementor-toggle-item\">\n\t\t\t\t\t<div id=\"elementor-tab-title-1591\" class=\"elementor-tab-title\" data-tab=\"1\" role=\"button\" aria-controls=\"elementor-tab-content-1591\" aria-expanded=\"false\">\n\t\t\t\t\t\t\t\t\t\t\t\t<span class=\"elementor-toggle-icon elementor-toggle-icon-left\" aria-hidden=\"true\">\n\t\t\t\t\t\t\t\t\t\t\t\t\t\t\t<span class=\"elementor-toggle-icon-closed\"><svg class=\"e-font-icon-svg e-fas-caret-right\" viewBox=\"0 0 192 512\" xmlns=\"http:\/\/www.w3.org\/2000\/svg\"><path d=\"M0 384.662V127.338c0-17.818 21.543-26.741 34.142-14.142l128.662 128.662c7.81 7.81 7.81 20.474 0 28.284L34.142 398.804C21.543 411.404 0 402.48 0 384.662z\"><\/path><\/svg><\/span>\n\t\t\t\t\t\t\t\t<span class=\"elementor-toggle-icon-opened\"><svg class=\"elementor-toggle-icon-opened e-font-icon-svg e-fas-caret-up\" viewBox=\"0 0 320 512\" xmlns=\"http:\/\/www.w3.org\/2000\/svg\"><path d=\"M288.662 352H31.338c-17.818 0-26.741-21.543-14.142-34.142l128.662-128.662c7.81-7.81 20.474-7.81 28.284 0l128.662 128.662c12.6 12.599 3.676 34.142-14.142 34.142z\"><\/path><\/svg><\/span>\n\t\t\t\t\t\t\t\t\t\t\t\t\t<\/span>\n\t\t\t\t\t\t\t\t\t\t\t\t<a class=\"elementor-toggle-title\" tabindex=\"0\">Planung :<\/a>\n\t\t\t\t\t<\/div>\n\n\t\t\t\t\t<div id=\"elementor-tab-content-1591\" class=\"elementor-tab-content elementor-clearfix\" data-tab=\"1\" role=\"region\" aria-labelledby=\"elementor-tab-title-1591\"><p>Unsere Experten bestimmen den f\u00fcr Sie am besten geeigneten Haaransatz, die Anzahl der Grafts und den Anwendungsplan.<\/p><\/div>\n\t\t\t\t<\/div>\n\t\t\t\t\t\t\t<div class=\"elementor-toggle-item\">\n\t\t\t\t\t<div id=\"elementor-tab-title-1592\" class=\"elementor-tab-title\" data-tab=\"2\" role=\"button\" aria-controls=\"elementor-tab-content-1592\" aria-expanded=\"false\">\n\t\t\t\t\t\t\t\t\t\t\t\t<span class=\"elementor-toggle-icon elementor-toggle-icon-left\" aria-hidden=\"true\">\n\t\t\t\t\t\t\t\t\t\t\t\t\t\t\t<span class=\"elementor-toggle-icon-closed\"><svg class=\"e-font-icon-svg e-fas-caret-right\" viewBox=\"0 0 192 512\" xmlns=\"http:\/\/www.w3.org\/2000\/svg\"><path d=\"M0 384.662V127.338c0-17.818 21.543-26.741 34.142-14.142l128.662 128.662c7.81 7.81 7.81 20.474 0 28.284L34.142 398.804C21.543 411.404 0 402.48 0 384.662z\"><\/path><\/svg><\/span>\n\t\t\t\t\t\t\t\t<span class=\"elementor-toggle-icon-opened\"><svg class=\"elementor-toggle-icon-opened e-font-icon-svg e-fas-caret-up\" viewBox=\"0 0 320 512\" xmlns=\"http:\/\/www.w3.org\/2000\/svg\"><path d=\"M288.662 352H31.338c-17.818 0-26.741-21.543-14.142-34.142l128.662-128.662c7.81-7.81 20.474-7.81 28.284 0l128.662 128.662c12.6 12.599 3.676 34.142-14.142 34.142z\"><\/path><\/svg><\/span>\n\t\t\t\t\t\t\t\t\t\t\t\t\t<\/span>\n\t\t\t\t\t\t\t\t\t\t\t\t<a class=\"elementor-toggle-title\" tabindex=\"0\">Zubereitung :<\/a>\n\t\t\t\t\t<\/div>\n\n\t\t\t\t\t<div id=\"elementor-tab-content-1592\" class=\"elementor-tab-content elementor-clearfix\" data-tab=\"2\" role=\"region\" aria-labelledby=\"elementor-tab-title-1592\"><p>Der Anwendungsbereich wird sterilisiert und \u00f6rtlich bet\u00e4ubt, damit Sie keine Schmerzen versp\u00fcren. Die Lokalan\u00e4sthesie wird durchgef\u00fchrt, indem der Wirkstoff mit einer ultrafeinen Nadelspitze in die entsprechenden Bereiche injiziert wird. F\u00fcr diejenigen, die Angst vor der Nadel haben, gibt es eine sehr einfache und schmerzlose Alternative. Es sorgt daf\u00fcr, dass der Wirkstoff schmerzfrei in die Haut eindringt. Durch einen Druckspr\u00fchvorgang setzen wir die f\u00fcr die An\u00e4sthesie erforderliche Nadel auf, nachdem diese Stelle taub geworden ist. Auf diese Weise sp\u00fcren Sie keine Schmerzen.<\/p><\/div>\n\t\t\t\t<\/div>\n\t\t\t\t\t\t\t<div class=\"elementor-toggle-item\">\n\t\t\t\t\t<div id=\"elementor-tab-title-1593\" class=\"elementor-tab-title\" data-tab=\"3\" role=\"button\" aria-controls=\"elementor-tab-content-1593\" aria-expanded=\"false\">\n\t\t\t\t\t\t\t\t\t\t\t\t<span class=\"elementor-toggle-icon elementor-toggle-icon-left\" aria-hidden=\"true\">\n\t\t\t\t\t\t\t\t\t\t\t\t\t\t\t<span class=\"elementor-toggle-icon-closed\"><svg class=\"e-font-icon-svg e-fas-caret-right\" viewBox=\"0 0 192 512\" xmlns=\"http:\/\/www.w3.org\/2000\/svg\"><path d=\"M0 384.662V127.338c0-17.818 21.543-26.741 34.142-14.142l128.662 128.662c7.81 7.81 7.81 20.474 0 28.284L34.142 398.804C21.543 411.404 0 402.48 0 384.662z\"><\/path><\/svg><\/span>\n\t\t\t\t\t\t\t\t<span class=\"elementor-toggle-icon-opened\"><svg class=\"elementor-toggle-icon-opened e-font-icon-svg e-fas-caret-up\" viewBox=\"0 0 320 512\" xmlns=\"http:\/\/www.w3.org\/2000\/svg\"><path d=\"M288.662 352H31.338c-17.818 0-26.741-21.543-14.142-34.142l128.662-128.662c7.81-7.81 20.474-7.81 28.284 0l128.662 128.662c12.6 12.599 3.676 34.142-14.142 34.142z\"><\/path><\/svg><\/span>\n\t\t\t\t\t\t\t\t\t\t\t\t\t<\/span>\n\t\t\t\t\t\t\t\t\t\t\t\t<a class=\"elementor-toggle-title\" tabindex=\"0\">Extraktion von Transplantaten :<\/a>\n\t\t\t\t\t<\/div>\n\n\t\t\t\t\t<div id=\"elementor-tab-content-1593\" class=\"elementor-tab-content elementor-clearfix\" data-tab=\"3\" role=\"region\" aria-labelledby=\"elementor-tab-title-1593\"><p>Normalerweise entnehmen wir die Transplantate aus dem Bereich, wo das Haar am reichlichsten und st\u00e4rksten ist, das hei\u00dft im Nacken zwischen zwei Ohren. Sie sp\u00fcren nichts, weil dieser Bereich v\u00f6llig taub ist. Wenn wir mehr Transplantate ben\u00f6tigen, k\u00f6nnen wir Transplantate aus der Brust oder unter dem Kinn entnehmen (gilt f\u00fcr M\u00e4nner). Die FUE-Technik, bei der die Transplantate einzeln entnommen werden, bietet uns diese M\u00f6glichkeit auf hoch\u00e4sthetische Weise.<\/p><\/div>\n\t\t\t\t<\/div>\n\t\t\t\t\t\t\t\t<\/div>\n\t\t\t\t\t\t<\/div>\n\t\t\t\t\t<\/div>\n\t\t<\/div>\n\t\t\t\t\t<\/div>\n\t\t<\/section>\n\t\t\t\t<section class=\"wd-negative-gap elementor-section elementor-top-section elementor-element elementor-element-e146d28 elementor-section-boxed elementor-section-height-default elementor-section-height-default\" data-id=\"e146d28\" data-element_type=\"section\" data-e-type=\"section\">\n\t\t\t\t\t\t<div class=\"elementor-container elementor-column-gap-default\">\n\t\t\t\t\t<div class=\"elementor-column elementor-col-100 elementor-top-column elementor-element elementor-element-fd73f9f\" data-id=\"fd73f9f\" data-element_type=\"column\" data-e-type=\"column\">\n\t\t\t<div class=\"elementor-widget-wrap elementor-element-populated\">\n\t\t\t\t\t\t<div class=\"elementor-element elementor-element-78e206c elementor-widget elementor-widget-heading\" data-id=\"78e206c\" data-element_type=\"widget\" data-e-type=\"widget\" data-widget_type=\"heading.default\">\n\t\t\t\t\t<h2 class=\"elementor-heading-title elementor-size-default\">Vorteile der FUE-Technik<\/h2>\t\t\t\t<\/div>\n\t\t\t\t\t<\/div>\n\t\t<\/div>\n\t\t\t\t\t<\/div>\n\t\t<\/section>\n\t\t\t\t<section class=\"wd-negative-gap elementor-section elementor-top-section elementor-element elementor-element-59fecdfc elementor-section-boxed elementor-section-height-default elementor-section-height-default\" data-id=\"59fecdfc\" data-element_type=\"section\" data-e-type=\"section\">\n\t\t\t\t\t\t<div class=\"elementor-container elementor-column-gap-default\">\n\t\t\t\t\t<div class=\"elementor-column elementor-col-100 elementor-top-column elementor-element elementor-element-161fac80\" data-id=\"161fac80\" data-element_type=\"column\" data-e-type=\"column\">\n\t\t\t<div class=\"elementor-widget-wrap elementor-element-populated\">\n\t\t\t\t\t\t<div class=\"elementor-element elementor-element-6b2d3880 color-scheme-inherit text-left elementor-widget elementor-widget-text-editor\" data-id=\"6b2d3880\" data-element_type=\"widget\" data-e-type=\"widget\" data-widget_type=\"text-editor.default\">\n\t\t\t\t\t\t\t\t\t<ul><li>Bei Techniken vor der FUE (siehe FUT \u2013 Follicular Unit Transplantation) wurde ein St\u00fcck Haut mit darauf befindlichen Haarfollikeln aus dem Nacken entnommen und in den Bereich des Haarausfalls \u00fcbertragen. Dies f\u00fchrte zu einer vagen Narbe im Nacken und in dem Bereich, in dem die Haartransplantation durchgef\u00fchrt wurde. Bei der FUE gibt es keine Hauttransplantation; Grafts (Haarfollikel) werden einzeln aus dem Nacken zwischen zwei Ohren entnommen und dann in den entsprechenden Bereich transplantiert, wo die Transplantation mit einer der Haartransplantationstechniken namens DHI, Sapphire oder Slit durchgef\u00fchrt wird. Daher wird das Problem der Nahtmarkierungen eliminiert. Haarfollikel werden innerhalb einer Woche geheilt; es l\u00e4sst das Haar sehr nat\u00fcrlich aussehen, da nach dem Prozess keine Spuren zur\u00fcckbleiben.<\/li><li>FUE ist eine Technik, die in jedem Stadium angewendet werden kann, vom leichtesten Haarausfall bis zum vollst\u00e4ndigen Haarausfall. Ihr Haar kann d\u00fcnner werden oder vollst\u00e4ndig ausfallen; Mit dieser Technik k\u00f6nnen wir das Ausd\u00fcnnen verhindern und sicherstellen, dass Sie von Grund auf gesundes und nat\u00fcrliches Haar haben.<\/li><li>Bei der FUE-Technik werden Transplantate nicht nur aus dem Nacken entnommen, dem Bereich, in dem das Haar am st\u00e4rksten und st\u00e4rksten ist, sondern bei Bedarf auch aus der Brust oder aus dem Gesichtshaar unter dem Kinn (bei M\u00e4nnern). Der Extraktionsprozess hinterl\u00e4sst keine Spuren und erm\u00f6glicht es uns daher, Transplantate an verschiedenen Stellen zu extrahieren.<\/li><li>Dank FUE, das sowohl f\u00fcr Sie als auch f\u00fcr die Haartransplantationsexperten viel bequemer ist als andere Techniken, dauert der Haartransplantationsprozess weniger Zeit (6-8 Stunden).<\/li><li>Die FUE-Technik erfordert keine N\u00e4hte, daher k\u00f6nnen Sie drei Tage sp\u00e4ter wieder arbeiten; und Sie k\u00f6nnen Ihr t\u00e4gliches Leben w\u00e4hrend des Heilungsprozesses bequem fortsetzen.<\/li><\/ul>\t\t\t\t\t\t\t\t<\/div>\n\t\t\t\t\t<\/div>\n\t\t<\/div>\n\t\t\t\t\t<\/div>\n\t\t<\/section>\n\t\t\t\t<\/div>\n\t\t","protected":false},"excerpt":{"rendered":"<p>Was ist die FUE-Technik? FUE (Follicular Unit Extraction) ist im Grunde eine Extraktionsmethode f\u00fcr Transplantate (Haarfollikel), die seit 2005 angewendet<\/p>\n","protected":false},"author":24,"featured_media":0,"parent":0,"menu_order":0,"comment_status":"closed","ping_status":"closed","template":"","meta":{"content-type":"","footnotes":""},"class_list":["post-19754","page","type-page","status-publish","hentry"],"_links":{"self":[{"href":"https:\/\/estenbulhealth.com\/de\/wp-json\/wp\/v2\/pages\/19754","targetHints":{"allow":["GET"]}}],"collection":[{"href":"https:\/\/estenbulhealth.com\/de\/wp-json\/wp\/v2\/pages"}],"about":[{"href":"https:\/\/estenbulhealth.com\/de\/wp-json\/wp\/v2\/types\/page"}],"author":[{"embeddable":true,"href":"https:\/\/estenbulhealth.com\/de\/wp-json\/wp\/v2\/users\/24"}],"replies":[{"embeddable":true,"href":"https:\/\/estenbulhealth.com\/de\/wp-json\/wp\/v2\/comments?post=19754"}],"version-history":[{"count":4,"href":"https:\/\/estenbulhealth.com\/de\/wp-json\/wp\/v2\/pages\/19754\/revisions"}],"predecessor-version":[{"id":39615,"href":"https:\/\/estenbulhealth.com\/de\/wp-json\/wp\/v2\/pages\/19754\/revisions\/39615"}],"wp:attachment":[{"href":"https:\/\/estenbulhealth.com\/de\/wp-json\/wp\/v2\/media?parent=19754"}],"curies":[{"name":"wp","href":"https:\/\/api.w.org\/{rel}","templated":true}]}}