{"id":19744,"date":"2025-01-28T21:11:50","date_gmt":"2025-01-28T18:11:50","guid":{"rendered":"https:\/\/estenbulhealth.com\/our-services\/eye-surgery\/laser-eye-surgery\/"},"modified":"2025-01-28T21:16:36","modified_gmt":"2025-01-28T18:16:36","slug":"laser-augenchirurgie","status":"publish","type":"page","link":"https:\/\/estenbulhealth.com\/de\/laser-augenchirurgie\/","title":{"rendered":"Laser-Augenchirurgie"},"content":{"rendered":"\t\t<div data-elementor-type=\"wp-page\" data-elementor-id=\"19744\" class=\"elementor elementor-19744\">\n\t\t\t\t\t\t<section class=\"wd-negative-gap elementor-section elementor-top-section elementor-element elementor-element-ad962f5 elementor-section-boxed elementor-section-height-default elementor-section-height-default\" data-id=\"ad962f5\" data-element_type=\"section\" data-e-type=\"section\">\n\t\t\t\t\t\t<div class=\"elementor-container elementor-column-gap-default\">\n\t\t\t\t\t<div class=\"elementor-column elementor-col-50 elementor-top-column elementor-element elementor-element-c145851\" data-id=\"c145851\" data-element_type=\"column\" data-e-type=\"column\">\n\t\t\t<div class=\"elementor-widget-wrap elementor-element-populated\">\n\t\t\t\t\t\t<div class=\"elementor-element elementor-element-c9aa743 color-scheme-inherit text-left elementor-widget elementor-widget-text-editor\" data-id=\"c9aa743\" data-element_type=\"widget\" data-e-type=\"widget\" data-widget_type=\"text-editor.default\">\n\t\t\t\t\t\t\t\t\t<h2>Was ist Augenlasern?<\/h2><p>Augenlasern wird mit einem Excimer zur Behandlung von Sehst\u00f6rungen durchgef\u00fchrt. Die Laser-Augenchirurgie ist die weltweit am meisten bevorzugte und angewandte Technik zur Behandlung von Myopie, Hyperopie und Hornhautverkr\u00fcmmung. Das Lasern der Augen wird zur Behandlung von Kurzsichtigkeit (Myopie), Weitsichtigkeit (Hyperopie) und Hornhautverkr\u00fcmmung (Hornhautverkr\u00fcmmung) eingesetzt.<\/p>\t\t\t\t\t\t\t\t<\/div>\n\t\t\t\t\t<\/div>\n\t\t<\/div>\n\t\t\t\t<div class=\"elementor-column elementor-col-50 elementor-top-column elementor-element elementor-element-15e508f\" data-id=\"15e508f\" data-element_type=\"column\" data-e-type=\"column\">\n\t\t\t<div class=\"elementor-widget-wrap elementor-element-populated\">\n\t\t\t\t\t\t<div class=\"elementor-element elementor-element-2c67f22 elementor-widget elementor-widget-image\" data-id=\"2c67f22\" data-element_type=\"widget\" data-e-type=\"widget\" data-widget_type=\"image.default\">\n\t\t\t\t\t\t\t\t\t\t\t\t\t\t\t<img decoding=\"async\" src=\"https:\/\/estenbulhealth.com\/wp-content\/uploads\/2021\/05\/Laser-Eye-Surgery-in-turkey-istanbul-1-700x441.jpg\" title=\"Laser-Eye-Surgery-in-turkey-istanbul\" alt=\"Laser Eye Surgey in Turkey Istanbul\" loading=\"lazy\" \/>\t\t\t\t\t\t\t\t\t\t\t\t\t\t\t<\/div>\n\t\t\t\t\t<\/div>\n\t\t<\/div>\n\t\t\t\t\t<\/div>\n\t\t<\/section>\n\t\t\t\t<section class=\"wd-negative-gap elementor-section elementor-top-section elementor-element elementor-element-4176918 elementor-section-boxed elementor-section-height-default elementor-section-height-default\" data-id=\"4176918\" data-element_type=\"section\" data-e-type=\"section\">\n\t\t\t\t\t\t<div class=\"elementor-container elementor-column-gap-default\">\n\t\t\t\t\t<div class=\"elementor-column elementor-col-100 elementor-top-column elementor-element elementor-element-fb183e2\" data-id=\"fb183e2\" data-element_type=\"column\" data-e-type=\"column\">\n\t\t\t<div class=\"elementor-widget-wrap elementor-element-populated\">\n\t\t\t\t\t\t<div class=\"elementor-element elementor-element-befeb18 color-scheme-inherit text-left elementor-widget elementor-widget-text-editor\" data-id=\"befeb18\" data-element_type=\"widget\" data-e-type=\"widget\" data-widget_type=\"text-editor.default\">\n\t\t\t\t\t\t\t\t\t<p>Jeder \u00fcber 18 Jahre, der eine Brille und Linsen tragen kann, kann diese Behandlung durchf\u00fchren.<\/p><ul><li>Der Dioptrienwert ist fest eingestellt.<\/li><li>Myopie ist weniger als -10 Dioptrien.<\/li><li>Astigmatismus ist kleiner als -6 Dioptrien.<\/li><li>Hyperopia is less than +4 diopters.<\/li><li>Das Hornhautgewebe ist dick genug.<\/li><li>Es gibt keine chronischen Krankheiten wie Diabetes oder Rheuma.<\/li><li>Keratokonus, Augenhochdruck und so weiter. Es gibt keine anderen Augenkrankheiten.<\/li><\/ul><h3>Wissenswertes \u00fcber Augenlasern<\/h3><p>Beim Augenlasern wird die Hornhaut neu geformt. Zur Durchf\u00fchrung der Operation wird die oberste Schicht der Hornhaut zur Seite geschoben, um die Dioptrienwerte mit einem Excimer-Laser zu korrigieren. Anschlie\u00dfend wird die Deckschicht fachgerecht zur\u00fcckgelegt. Es gibt zwei h\u00e4ufig verwendete Techniken f\u00fcr die Augenlaserchirurgie: LASIK und No Touch.<\/p><h3>Laser-Augenchirurgie<\/h3><p>Die f\u00fcr die Augenlaserbehandlung anzuwendende Technik h\u00e4ngt von der Beschaffenheit Ihrer Augen ab. Estenbul Health bietet Ihnen die beste Technik und den besten Preis f\u00fcr Sie.<\/p><p>Dauer der Augenlaseroperation: Die Augenlaseroperation dauert in der Regel etwa 20-30 Minuten. Die Augenlaseroperation wird in der Regel ambulant und unter \u00f6rtlicher Bet\u00e4ubung durchgef\u00fchrt.<\/p><h3>Anweisungen vor der Inbetriebnahme<\/h3><p>Vor einer Augenlaser-Operation m\u00fcssen Sie Ihre vorherige Augenoperation mit unseren \u00c4rzten teilen. Am Tag Ihrer Augenlaser-OP sollten Sie kein Make-up oder andere Cremes, Lotionen und Piercings im Gesicht auftragen.<\/p><h3>Postoperative Anweisungen<\/h3><ul><li style=\"list-style-type: none;\"><ul><li>Unser spezialisierter Laser-Augenarzt kann Augentropfen empfehlen; Sie m\u00fcssen es sorgf\u00e4ltig verwenden.<\/li><li>Es ist gut f\u00fcr Sie, nach der Operation jemanden bei sich zu haben. Sie sollten Ihre Augen mindestens 2 Wochen lang sehr gut sch\u00fctzen.<\/li><li>Reiben Sie nicht Ihre Augen und Ihre Augen w\u00e4ssern, stauben und so weiter. externe Kontakte wie z<\/li><li>In den ersten 5 Tagen nach einer Augenlaser-OP sollten Sie nicht duschen.<\/li><\/ul><p>Postoperative Anweisungen k\u00f6nnen je nach Patient variieren. Unser Augenarzt ber\u00e4t Sie nach der Operation.<\/p><\/li><\/ul>\t\t\t\t\t\t\t\t<\/div>\n\t\t\t\t\t<\/div>\n\t\t<\/div>\n\t\t\t\t\t<\/div>\n\t\t<\/section>\n\t\t\t\t<section class=\"wd-negative-gap elementor-section elementor-top-section elementor-element elementor-element-72084a74 elementor-section-content-middle wd-section-stretch elementor-section-boxed elementor-section-height-default elementor-section-height-default\" data-id=\"72084a74\" data-element_type=\"section\" data-e-type=\"section\" data-settings=\"{&quot;background_background&quot;:&quot;gradient&quot;,&quot;shape_divider_top&quot;:&quot;wd_curved_line&quot;,&quot;shape_divider_bottom&quot;:&quot;wd_curved_line&quot;}\">\n\t\t\t\t\t<div class=\"elementor-shape elementor-shape-top\" aria-hidden=\"true\" data-negative=\"false\">\n\t\t\t<svg xmlns=\"http:\/\/www.w3.org\/2000\/svg\" class=\"wd-divider\" xmlns:xlink=\"http:\/\/www.w3.org\/1999\/xlink\" x=\"0px\" y=\"0px\"\n\t viewBox=\"0 0 100 100\" width=\"100%\" height=\"50px\" preserveAspectRatio=\"none\">\n<path class=\"elementor-shape-fill\" display=\"none\" d=\"M100,25.8V100H0V52.5c-4.9-6.8-9.5-13.8-15-19.7V101h125V20.9C106.3,22,103,23.7,100,25.8z\"\/>\n<path class=\"elementor-shape-fill\" d=\"M0,0v99c22-20.6,28.7-69.7,61.4-69.7c18.8,0,29.1,16.2,38.6,34V0L0,0z\"\/>\n<\/svg>\n\t\t<\/div>\n\t\t\t\t<div class=\"elementor-shape elementor-shape-bottom\" aria-hidden=\"true\" data-negative=\"false\">\n\t\t\t<svg xmlns=\"http:\/\/www.w3.org\/2000\/svg\" class=\"wd-divider\" xmlns:xlink=\"http:\/\/www.w3.org\/1999\/xlink\" x=\"0px\" y=\"0px\"\n\t viewBox=\"0 0 100 100\" width=\"100%\" height=\"50px\" preserveAspectRatio=\"none\">\n<path class=\"elementor-shape-fill\" display=\"none\" d=\"M100,25.8V100H0V52.5c-4.9-6.8-9.5-13.8-15-19.7V101h125V20.9C106.3,22,103,23.7,100,25.8z\"\/>\n<path class=\"elementor-shape-fill\" d=\"M0,0v99c22-20.6,28.7-69.7,61.4-69.7c18.8,0,29.1,16.2,38.6,34V0L0,0z\"\/>\n<\/svg>\n\t\t<\/div>\n\t\t\t\t\t<div class=\"elementor-container elementor-column-gap-no\">\n\t\t\t\t\t<div class=\"elementor-column elementor-col-100 elementor-top-column elementor-element elementor-element-72bdb442\" data-id=\"72bdb442\" data-element_type=\"column\" data-e-type=\"column\">\n\t\t\t<div class=\"elementor-widget-wrap elementor-element-populated\">\n\t\t\t\t\t\t<div class=\"elementor-element elementor-element-7cb085f6 elementor-widget elementor-widget-wd_image_or_svg\" data-id=\"7cb085f6\" data-element_type=\"widget\" data-e-type=\"widget\" data-widget_type=\"wd_image_or_svg.default\">\n\t\t\t\t<div class=\"elementor-widget-container\">\n\t\t\t\t\t\n\t\t<div class=\"wd-image text-center\">\n\t\t\t\t\t\t\t\t<img loading=\"lazy\" decoding=\"async\" width=\"300\" height=\"300\" src=\"https:\/\/estenbulhealth.com\/wp-content\/uploads\/2024\/07\/eye-treatment-consultation.png\" class=\"attachment-full size-full\" alt=\"Eye Treatment Consultation\" srcset=\"https:\/\/estenbulhealth.com\/wp-content\/uploads\/2024\/07\/eye-treatment-consultation.png 300w, https:\/\/estenbulhealth.com\/wp-content\/uploads\/2024\/07\/eye-treatment-consultation-150x150.png 150w\" sizes=\"auto, (max-width: 300px) 100vw, 300px\" title=\"\">\t\t\t\t\t<\/div>\n\n\t\t\t\t\t\t<\/div>\n\t\t\t\t<\/div>\n\t\t\t\t\t<\/div>\n\t\t<\/div>\n\t\t\t\t<div class=\"elementor-column elementor-col-100 elementor-top-column elementor-element elementor-element-6e102d24\" data-id=\"6e102d24\" data-element_type=\"column\" data-e-type=\"column\">\n\t\t\t<div class=\"elementor-widget-wrap elementor-element-populated\">\n\t\t\t\t\t\t<div class=\"elementor-element elementor-element-3f3167c2 elementor-widget elementor-widget-shortcode\" data-id=\"3f3167c2\" data-element_type=\"widget\" data-e-type=\"widget\" data-widget_type=\"shortcode.default\">\n\t\t\t\t\t\t\t<div class=\"elementor-shortcode\"><\/div>\n\t\t\t\t\t\t<\/div>\n\t\t\t\t\t<\/div>\n\t\t<\/div>\n\t\t\t\t\t<\/div>\n\t\t<\/section>\n\t\t\t\t<\/div>\n\t\t","protected":false},"excerpt":{"rendered":"<p>Was ist Augenlasern? Augenlasern wird mit einem Excimer zur Behandlung von Sehst\u00f6rungen durchgef\u00fchrt. Die Laser-Augenchirurgie ist die weltweit am meisten<\/p>\n","protected":false},"author":24,"featured_media":0,"parent":0,"menu_order":0,"comment_status":"closed","ping_status":"closed","template":"","meta":{"content-type":"","footnotes":""},"class_list":["post-19744","page","type-page","status-publish","hentry"],"_links":{"self":[{"href":"https:\/\/estenbulhealth.com\/de\/wp-json\/wp\/v2\/pages\/19744","targetHints":{"allow":["GET"]}}],"collection":[{"href":"https:\/\/estenbulhealth.com\/de\/wp-json\/wp\/v2\/pages"}],"about":[{"href":"https:\/\/estenbulhealth.com\/de\/wp-json\/wp\/v2\/types\/page"}],"author":[{"embeddable":true,"href":"https:\/\/estenbulhealth.com\/de\/wp-json\/wp\/v2\/users\/24"}],"replies":[{"embeddable":true,"href":"https:\/\/estenbulhealth.com\/de\/wp-json\/wp\/v2\/comments?post=19744"}],"version-history":[{"count":7,"href":"https:\/\/estenbulhealth.com\/de\/wp-json\/wp\/v2\/pages\/19744\/revisions"}],"predecessor-version":[{"id":40601,"href":"https:\/\/estenbulhealth.com\/de\/wp-json\/wp\/v2\/pages\/19744\/revisions\/40601"}],"wp:attachment":[{"href":"https:\/\/estenbulhealth.com\/de\/wp-json\/wp\/v2\/media?parent=19744"}],"curies":[{"name":"wp","href":"https:\/\/api.w.org\/{rel}","templated":true}]}}