{"id":19742,"date":"2025-01-28T21:11:12","date_gmt":"2025-01-28T18:11:12","guid":{"rendered":"https:\/\/estenbulhealth.com\/our-services\/eye-surgery\/cataract-surgery\/"},"modified":"2025-01-28T21:16:34","modified_gmt":"2025-01-28T18:16:34","slug":"kataraktchirurgie","status":"publish","type":"page","link":"https:\/\/estenbulhealth.com\/de\/kataraktchirurgie\/","title":{"rendered":"Kataraktchirurgie"},"content":{"rendered":"\t\t<div data-elementor-type=\"wp-page\" data-elementor-id=\"19742\" class=\"elementor elementor-19742\">\n\t\t\t\t\t\t<section class=\"wd-negative-gap elementor-section elementor-top-section elementor-element elementor-element-9d8ebed elementor-section-boxed elementor-section-height-default elementor-section-height-default\" data-id=\"9d8ebed\" data-element_type=\"section\" data-e-type=\"section\">\n\t\t\t\t\t\t<div class=\"elementor-container elementor-column-gap-default\">\n\t\t\t\t\t<div class=\"elementor-column elementor-col-50 elementor-top-column elementor-element elementor-element-6ddcdd3\" data-id=\"6ddcdd3\" data-element_type=\"column\" data-e-type=\"column\">\n\t\t\t<div class=\"elementor-widget-wrap elementor-element-populated\">\n\t\t\t\t\t\t<div class=\"elementor-element elementor-element-346e0d8 color-scheme-inherit text-left elementor-widget elementor-widget-text-editor\" data-id=\"346e0d8\" data-element_type=\"widget\" data-e-type=\"widget\" data-widget_type=\"text-editor.default\">\n\t\t\t\t\t\t\t\t\t<h2>Was ist Kataraktchirurgie?<\/h2><p>Die Kataraktoperation ist ein chirurgischer Eingriff, der durchgef\u00fchrt wird, um die Katarakterkrankung zu beseitigen, die eine der f\u00fchrenden Augenerkrankungen ist, die sich aufgrund des Alterns entwickelt.<\/p><p>Katarakt ist eine der h\u00e4ufigsten Sorgen in der Gesellschaft. Zus\u00e4tzlich zu Krankheiten wie Bluthochdruck, Diabetes und Cholesterin bei \u00e4lteren Menschen tritt h\u00e4ufig eine Katarakt-Augenerkrankung auf.<\/p><p>Der Kataraktzustand kann bei Personen \u00fcber 40 Jahren beobachtet werden. Es ist ersichtlich, dass diese Krankheit unter der Wirkung von Umweltfaktoren, physikalischen Faktoren und genetischen Faktoren auftritt. Je nach Alter l\u00e4sst die Anpassungsf\u00e4higkeit der Augenlinse an die Umgebung allm\u00e4hlich nach.<\/p>\t\t\t\t\t\t\t\t<\/div>\n\t\t\t\t\t<\/div>\n\t\t<\/div>\n\t\t\t\t<div class=\"elementor-column elementor-col-50 elementor-top-column elementor-element elementor-element-1b3a23d\" data-id=\"1b3a23d\" data-element_type=\"column\" data-e-type=\"column\">\n\t\t\t<div class=\"elementor-widget-wrap elementor-element-populated\">\n\t\t\t\t\t\t<div class=\"elementor-element elementor-element-eea36b3 elementor-widget elementor-widget-image\" data-id=\"eea36b3\" data-element_type=\"widget\" data-e-type=\"widget\" data-widget_type=\"image.default\">\n\t\t\t\t\t\t\t\t\t\t\t\t\t\t\t<img loading=\"lazy\" decoding=\"async\" width=\"1024\" height=\"919\" src=\"https:\/\/estenbulhealth.com\/wp-content\/uploads\/2021\/09\/Cataract-Surgery-in-turkey.jpeg\" class=\"attachment-large size-large wp-image-16512\" alt=\"Cataract Surgery in turkey\" srcset=\"https:\/\/estenbulhealth.com\/wp-content\/uploads\/2021\/09\/Cataract-Surgery-in-turkey.jpeg 1024w, https:\/\/estenbulhealth.com\/wp-content\/uploads\/2021\/09\/Cataract-Surgery-in-turkey-300x269.jpeg 300w, https:\/\/estenbulhealth.com\/wp-content\/uploads\/2021\/09\/Cataract-Surgery-in-turkey-768x689.jpeg 768w, https:\/\/estenbulhealth.com\/wp-content\/uploads\/2021\/09\/Cataract-Surgery-in-turkey-200x179.jpeg 200w, https:\/\/estenbulhealth.com\/wp-content\/uploads\/2021\/09\/Cataract-Surgery-in-turkey-400x359.jpeg 400w, https:\/\/estenbulhealth.com\/wp-content\/uploads\/2021\/09\/Cataract-Surgery-in-turkey-600x538.jpeg 600w, https:\/\/estenbulhealth.com\/wp-content\/uploads\/2021\/09\/Cataract-Surgery-in-turkey-800x718.jpeg 800w\" sizes=\"auto, (max-width: 1024px) 100vw, 1024px\" title=\"\">\t\t\t\t\t\t\t\t\t\t\t\t\t\t\t<\/div>\n\t\t\t\t\t<\/div>\n\t\t<\/div>\n\t\t\t\t\t<\/div>\n\t\t<\/section>\n\t\t\t\t<section class=\"wd-negative-gap elementor-section elementor-top-section elementor-element elementor-element-196796e elementor-section-boxed elementor-section-height-default elementor-section-height-default\" data-id=\"196796e\" data-element_type=\"section\" data-e-type=\"section\">\n\t\t\t\t\t\t<div class=\"elementor-container elementor-column-gap-default\">\n\t\t\t\t\t<div class=\"elementor-column elementor-col-100 elementor-top-column elementor-element elementor-element-06ad50c\" data-id=\"06ad50c\" data-element_type=\"column\" data-e-type=\"column\">\n\t\t\t<div class=\"elementor-widget-wrap elementor-element-populated\">\n\t\t\t\t\t\t<div class=\"elementor-element elementor-element-0f54d62 color-scheme-inherit text-left elementor-widget elementor-widget-text-editor\" data-id=\"0f54d62\" data-element_type=\"widget\" data-e-type=\"widget\" data-widget_type=\"text-editor.default\">\n\t\t\t\t\t\t\t\t\t<p>In sp\u00e4teren Perioden kann es jedoch als Faserbildung um die Augenlinse bei Menschen gesehen werden. Wenn dieser Zustand fortschreitet und zu Sehverlust f\u00fchrt, wird er als Katarakt-Krankheit bezeichnet.<\/p>\t\t\t\t\t\t\t\t<\/div>\n\t\t\t\t\t<\/div>\n\t\t<\/div>\n\t\t\t\t\t<\/div>\n\t\t<\/section>\n\t\t\t\t<section class=\"wd-negative-gap elementor-section elementor-top-section elementor-element elementor-element-f849f3e elementor-section-boxed elementor-section-height-default elementor-section-height-default\" data-id=\"f849f3e\" data-element_type=\"section\" data-e-type=\"section\">\n\t\t\t\t\t\t<div class=\"elementor-container elementor-column-gap-default\">\n\t\t\t\t\t<div class=\"elementor-column elementor-col-100 elementor-top-column elementor-element elementor-element-a45a52a\" data-id=\"a45a52a\" data-element_type=\"column\" data-e-type=\"column\">\n\t\t\t<div class=\"elementor-widget-wrap elementor-element-populated\">\n\t\t\t\t\t\t<div class=\"elementor-element elementor-element-f67ca15 color-scheme-inherit text-left elementor-widget elementor-widget-text-editor\" data-id=\"f67ca15\" data-element_type=\"widget\" data-e-type=\"widget\" data-widget_type=\"text-editor.default\">\n\t\t\t\t\t\t\t\t\t<h3>Was ist Katarakt?<\/h3><p>Die Katarakterkrankung ist eine der h\u00e4ufigsten Augenerkrankungen der Welt. Die Erf\u00fcllung der Grundfunktion des Auges l\u00e4sst mit fortschreitendem Alter nach. Bei \u00e4lteren Menschen nehmen die Dunkel- und Lichtreflexe noch mehr ab, und es k\u00f6nnen Probleme wie Kurzsichtigkeit auftreten.<\/p><p>Die h\u00e4ufigste Ursache f\u00fcr fortschreitende Sehst\u00f6rungen ist auf diese Krankheit zur\u00fcckzuf\u00fchren, die als Katarakt bekannt ist. Um die Linse herum bildet sich eine faserige Plaque, die einen gro\u00dfen Einfluss auf die Sehfunktion des Auges hat. Im weiteren Verlauf der Erkrankung verursacht diese Plaque, die die gesamte Netzhaut bedeckt, Sehst\u00f6rungen.<\/p><p>Ausf\u00fchrlichere Informationen zu diesem Thema k\u00f6nnen durch eine inhaltliche Untersuchung der Artikel zur Kataraktchirurgie gewonnen werden.<\/p>\t\t\t\t\t\t\t\t<\/div>\n\t\t\t\t\t<\/div>\n\t\t<\/div>\n\t\t\t\t\t<\/div>\n\t\t<\/section>\n\t\t\t\t<section class=\"wd-negative-gap elementor-section elementor-top-section elementor-element elementor-element-e57903b elementor-section-boxed elementor-section-height-default elementor-section-height-default\" data-id=\"e57903b\" data-element_type=\"section\" data-e-type=\"section\">\n\t\t\t\t\t\t<div class=\"elementor-container elementor-column-gap-default\">\n\t\t\t\t\t<div class=\"elementor-column elementor-col-50 elementor-top-column elementor-element elementor-element-ea96b32\" data-id=\"ea96b32\" data-element_type=\"column\" data-e-type=\"column\">\n\t\t\t<div class=\"elementor-widget-wrap elementor-element-populated\">\n\t\t\t\t\t\t<div class=\"elementor-element elementor-element-3223d6b color-scheme-inherit text-left elementor-widget elementor-widget-text-editor\" data-id=\"3223d6b\" data-element_type=\"widget\" data-e-type=\"widget\" data-widget_type=\"text-editor.default\">\n\t\t\t\t\t\t\t\t\t<h3>Was sind die Symptome von Katarakt?<\/h3><p>Nach der Bildung von Katarakt treten bei Menschen viele Symptome auf, insbesondere Sehverlust. Das Auftreten einer Katarakterkrankung \u00e4u\u00dfert sich vor allem durch verschwommenes Sehen. Diese Situation zieht die Aufmerksamkeit der Menschen nicht zu sehr auf sich und erzeugt sp\u00e4ter das Gef\u00fchl, durch ein verschwommenes Glas zu schauen.<\/p>\t\t\t\t\t\t\t\t<\/div>\n\t\t\t\t\t<\/div>\n\t\t<\/div>\n\t\t\t\t<div class=\"elementor-column elementor-col-50 elementor-top-column elementor-element elementor-element-bfa46b6\" data-id=\"bfa46b6\" data-element_type=\"column\" data-e-type=\"column\">\n\t\t\t<div class=\"elementor-widget-wrap elementor-element-populated\">\n\t\t\t\t\t\t<div class=\"elementor-element elementor-element-1a3ae6e elementor-widget elementor-widget-image\" data-id=\"1a3ae6e\" data-element_type=\"widget\" data-e-type=\"widget\" data-widget_type=\"image.default\">\n\t\t\t\t\t\t\t\t\t\t\t\t\t\t\t<img loading=\"lazy\" decoding=\"async\" width=\"454\" height=\"301\" src=\"https:\/\/estenbulhealth.com\/wp-content\/uploads\/2021\/09\/cataract-surgery-in-turkey-1.jpg\" class=\"attachment-large size-large wp-image-16908\" alt=\"Cataract Surgery in Turkey\" srcset=\"https:\/\/estenbulhealth.com\/wp-content\/uploads\/2021\/09\/cataract-surgery-in-turkey-1.jpg 454w, https:\/\/estenbulhealth.com\/wp-content\/uploads\/2021\/09\/cataract-surgery-in-turkey-1-300x199.jpg 300w, https:\/\/estenbulhealth.com\/wp-content\/uploads\/2021\/09\/cataract-surgery-in-turkey-1-200x133.jpg 200w, https:\/\/estenbulhealth.com\/wp-content\/uploads\/2021\/09\/cataract-surgery-in-turkey-1-400x265.jpg 400w\" sizes=\"auto, (max-width: 454px) 100vw, 454px\" title=\"\">\t\t\t\t\t\t\t\t\t\t\t\t\t\t\t<\/div>\n\t\t\t\t\t<\/div>\n\t\t<\/div>\n\t\t\t\t\t<\/div>\n\t\t<\/section>\n\t\t\t\t<section class=\"wd-negative-gap elementor-section elementor-top-section elementor-element elementor-element-cfbd5b3 elementor-section-boxed elementor-section-height-default elementor-section-height-default\" data-id=\"cfbd5b3\" data-element_type=\"section\" data-e-type=\"section\">\n\t\t\t\t\t\t<div class=\"elementor-container elementor-column-gap-default\">\n\t\t\t\t\t<div class=\"elementor-column elementor-col-100 elementor-top-column elementor-element elementor-element-a1988d3\" data-id=\"a1988d3\" data-element_type=\"column\" data-e-type=\"column\">\n\t\t\t<div class=\"elementor-widget-wrap elementor-element-populated\">\n\t\t\t\t\t\t<div class=\"elementor-element elementor-element-cd3cffc color-scheme-inherit text-left elementor-widget elementor-widget-text-editor\" data-id=\"cd3cffc\" data-element_type=\"widget\" data-e-type=\"widget\" data-widget_type=\"text-editor.default\">\n\t\t\t\t\t\t\t\t\t<p>Wenn die Katarakterkrankung fortschreitet, werden Lesen, Autofahren und \u00e4hnliche Aktivit\u00e4ten unm\u00f6glich. Wenn der Inhalt des Katarakt-Operationsbuchs untersucht wird, werden die Symptome dieser Krankheit wie folgt gesehen:<\/p><ul><li>Schwierigkeiten beim Lesen<\/li><li>Tag f\u00fcr Tag zunehmende Sehst\u00f6rungen<\/li><li>Lichtempfindlichkeit erkannt<\/li><li>doppeltes Sehen<\/li><li>Vorhandensein von Verblassen und Vergilben von Farben<\/li><li>Verschlechterung der Nachtsicht<\/li><li>H\u00e4ufiger Wechsel der Brillenst\u00e4rke<\/li><\/ul>\t\t\t\t\t\t\t\t<\/div>\n\t\t\t\t\t<\/div>\n\t\t<\/div>\n\t\t\t\t\t<\/div>\n\t\t<\/section>\n\t\t\t\t<section class=\"wd-negative-gap elementor-section elementor-top-section elementor-element elementor-element-e1a422e elementor-section-boxed elementor-section-height-default elementor-section-height-default\" data-id=\"e1a422e\" data-element_type=\"section\" data-e-type=\"section\">\n\t\t\t\t\t\t<div class=\"elementor-container elementor-column-gap-default\">\n\t\t\t\t\t<div class=\"elementor-column elementor-col-100 elementor-top-column elementor-element elementor-element-46fb372\" data-id=\"46fb372\" data-element_type=\"column\" data-e-type=\"column\">\n\t\t\t<div class=\"elementor-widget-wrap elementor-element-populated\">\n\t\t\t\t\t\t<div class=\"elementor-element elementor-element-eeb3669 color-scheme-inherit text-left elementor-widget elementor-widget-text-editor\" data-id=\"eeb3669\" data-element_type=\"widget\" data-e-type=\"widget\" data-widget_type=\"text-editor.default\">\n\t\t\t\t\t\t\t\t\t<h3>Kataraktoperation f\u00fcr wen?<\/h3><p>Wenn es um den ambulanten Eingriff der Kataraktoperation geht, kann gesagt werden, dass dieser chirurgische Eingriff nur bei fortgeschrittenem grauem Star durchgef\u00fchrt wird. Die Operation kann bei jeder der Krankheiten angewendet werden, die zur Lichtempfindlichkeit fortgeschritten sind.<\/p><p>Da die Katarakterkrankung die Person am Sehen hindert, f\u00fchrt sie dazu, dass die Person ihre k\u00f6rperlichen Bed\u00fcrfnisse nicht vollst\u00e4ndig erf\u00fcllen kann. Dies wird ein gro\u00dfes Problem f\u00fcr die Menschen werden. Daher wird das chirurgische Verfahren heute weithin praktiziert.<\/p><p>Da es sich um ein Problem handelt, das das soziale Leben der Menschen beeintr\u00e4chtigen wird, ist es eine Krankheit, die operiert werden muss. Verschiedene Anwendungen k\u00f6nnen gemacht werden, um das Fortschreiten dieser Krankheit zu verhindern. Die einzige Behandlung, die als endg\u00fcltige L\u00f6sung bei fortgeschrittenen Erkrankungen angewendet werden kann, ist jedoch eine Operation.<\/p>\t\t\t\t\t\t\t\t<\/div>\n\t\t\t\t\t<\/div>\n\t\t<\/div>\n\t\t\t\t\t<\/div>\n\t\t<\/section>\n\t\t\t\t<section class=\"wd-negative-gap elementor-section elementor-top-section elementor-element elementor-element-f4e6cab elementor-section-boxed elementor-section-height-default elementor-section-height-default\" data-id=\"f4e6cab\" data-element_type=\"section\" data-e-type=\"section\">\n\t\t\t\t\t\t<div class=\"elementor-container elementor-column-gap-default\">\n\t\t\t\t\t<div class=\"elementor-column elementor-col-100 elementor-top-column elementor-element elementor-element-7c8058c\" data-id=\"7c8058c\" data-element_type=\"column\" data-e-type=\"column\">\n\t\t\t<div class=\"elementor-widget-wrap elementor-element-populated\">\n\t\t\t\t\t\t<div class=\"elementor-element elementor-element-48c2fd8 color-scheme-inherit text-left elementor-widget elementor-widget-text-editor\" data-id=\"48c2fd8\" data-element_type=\"widget\" data-e-type=\"widget\" data-widget_type=\"text-editor.default\">\n\t\t\t\t\t\t\t\t\t<h3>Katarakt-Chirurgie-Prozess<\/h3><p>Der chirurgische Eingriff, der bei der Behandlung der Katarakterkrankung angewendet wird, ist ein kleiner Eingriff. Die Kataraktoperation gilt als einfache Operation, die auch mit Laseranwendung durchgef\u00fchrt werden kann. Sie ist jedoch von gro\u00dfer Bedeutung, da das Organ, in dem die Operation durchgef\u00fchrt wird, das Auge ist. W\u00e4hrend des chirurgischen Eingriffs wird eine Lokalan\u00e4sthesie verwendet. In der Regel reicht f\u00fcr diesen Eingriff ein Tropfen Bet\u00e4ubungsmittel ins Auge.<\/p><p>Es gibt mehrere Bedingungen unter den Ursachen der Kataraktoperation. Viele Krankheiten, insbesondere Diabetes, k\u00f6nnen diese Krankheit verursachen. Bei diesem chirurgischen Eingriff wird zun\u00e4chst die nat\u00fcrliche Linse, die das Sehen verhindert, entfernt.<\/p><p>Anstelle der entfernten nat\u00fcrlichen Linse wird eine transparente und k\u00fcnstliche Linse eingesetzt. Dieses Verfahren wird mit \u00f6rtlicher Bet\u00e4ubung durchgef\u00fchrt und die Patienten m\u00fcssen nach dem Eingriff nicht ins Krankenhaus eingeliefert werden.<\/p>\t\t\t\t\t\t\t\t<\/div>\n\t\t\t\t\t<\/div>\n\t\t<\/div>\n\t\t\t\t\t<\/div>\n\t\t<\/section>\n\t\t\t\t<section class=\"wd-negative-gap elementor-section elementor-top-section elementor-element elementor-element-10a4b43 elementor-section-boxed elementor-section-height-default elementor-section-height-default\" data-id=\"10a4b43\" data-element_type=\"section\" data-e-type=\"section\">\n\t\t\t\t\t\t<div class=\"elementor-container elementor-column-gap-default\">\n\t\t\t\t\t<div class=\"elementor-column elementor-col-50 elementor-top-column elementor-element elementor-element-8a26b2a\" data-id=\"8a26b2a\" data-element_type=\"column\" data-e-type=\"column\">\n\t\t\t<div class=\"elementor-widget-wrap elementor-element-populated\">\n\t\t\t\t\t\t<div class=\"elementor-element elementor-element-18ec8a9 color-scheme-inherit text-left elementor-widget elementor-widget-text-editor\" data-id=\"18ec8a9\" data-element_type=\"widget\" data-e-type=\"widget\" data-widget_type=\"text-editor.default\">\n\t\t\t\t\t\t\t\t\t<h3>\u00dcberlegungen nach einer Kataraktoperation<\/h3><p>Der chirurgische Eingriff bei der Katarakterkrankung ist ein ambulanter Eingriff. Es gibt einige Empfehlungen, um das Auftreten von Komplikationen bei der Kataraktoperation zu verhindern. Die erste davon verhindert, dass der Kopf nach dem chirurgischen Eingriff nach vorne kippt.<\/p>\t\t\t\t\t\t\t\t<\/div>\n\t\t\t\t\t<\/div>\n\t\t<\/div>\n\t\t\t\t<div class=\"elementor-column elementor-col-50 elementor-top-column elementor-element elementor-element-edef62e\" data-id=\"edef62e\" data-element_type=\"column\" data-e-type=\"column\">\n\t\t\t<div class=\"elementor-widget-wrap elementor-element-populated\">\n\t\t\t\t\t\t<div class=\"elementor-element elementor-element-020b56c elementor-widget elementor-widget-image\" data-id=\"020b56c\" data-element_type=\"widget\" data-e-type=\"widget\" data-widget_type=\"image.default\">\n\t\t\t\t\t\t\t\t\t\t\t\t\t\t\t<img loading=\"lazy\" decoding=\"async\" width=\"454\" height=\"301\" src=\"https:\/\/estenbulhealth.com\/wp-content\/uploads\/2021\/09\/cataract-surgery-in-turkey-2.jpg\" class=\"attachment-large size-large wp-image-16912\" alt=\"Cataract Surgery in Turkey\" srcset=\"https:\/\/estenbulhealth.com\/wp-content\/uploads\/2021\/09\/cataract-surgery-in-turkey-2.jpg 454w, https:\/\/estenbulhealth.com\/wp-content\/uploads\/2021\/09\/cataract-surgery-in-turkey-2-300x199.jpg 300w, https:\/\/estenbulhealth.com\/wp-content\/uploads\/2021\/09\/cataract-surgery-in-turkey-2-200x133.jpg 200w, https:\/\/estenbulhealth.com\/wp-content\/uploads\/2021\/09\/cataract-surgery-in-turkey-2-400x265.jpg 400w\" sizes=\"auto, (max-width: 454px) 100vw, 454px\" title=\"\">\t\t\t\t\t\t\t\t\t\t\t\t\t\t\t<\/div>\n\t\t\t\t\t<\/div>\n\t\t<\/div>\n\t\t\t\t\t<\/div>\n\t\t<\/section>\n\t\t\t\t<section class=\"wd-negative-gap elementor-section elementor-top-section elementor-element elementor-element-b69ded0 elementor-section-boxed elementor-section-height-default elementor-section-height-default\" data-id=\"b69ded0\" data-element_type=\"section\" data-e-type=\"section\">\n\t\t\t\t\t\t<div class=\"elementor-container elementor-column-gap-default\">\n\t\t\t\t\t<div class=\"elementor-column elementor-col-100 elementor-top-column elementor-element elementor-element-e05d4a3\" data-id=\"e05d4a3\" data-element_type=\"column\" data-e-type=\"column\">\n\t\t\t<div class=\"elementor-widget-wrap elementor-element-populated\">\n\t\t\t\t\t\t<div class=\"elementor-element elementor-element-d1a47d3 color-scheme-inherit text-left elementor-widget elementor-widget-text-editor\" data-id=\"d1a47d3\" data-element_type=\"widget\" data-e-type=\"widget\" data-widget_type=\"text-editor.default\">\n\t\t\t\t\t\t\t\t\t<p>Nach dem chirurgischen Eingriff ist es notwendig, in 15-Minuten-Intervallen eine K\u00e4lteanwendung auf das behandelte Auge aufzubringen. Anschlie\u00dfend k\u00f6nnen die Patienten mit einer Schutzbrille nach Hause gehen.<\/p><p>Der direkte Kontakt des operierten Auges mit der Hand, Staub und Erde ist unbedingt zu vermeiden. Es k\u00f6nnen schwerwiegende Komplikationen auftreten, da dies zu einer Infektion f\u00fchrt. Gleichzeitig wird empfohlen, dass Patienten Aktivit\u00e4ten vermeiden, die den Augendruck erh\u00f6hen.<\/p><p>Eine der Aktivit\u00e4ten, die den Augendruck erh\u00f6hen, ist das Vorbeugen des Kopfes. Dies ist ein Verfahren, das unbedingt vermieden werden sollte, da es zu Blutungen im Auge kommt. Andererseits ist das Verrichten des Gebets mit einem Hinweis ein Prozess, der bis zur Genesungsphase ber\u00fccksichtigt werden sollte.<\/p>\t\t\t\t\t\t\t\t<\/div>\n\t\t\t\t\t<\/div>\n\t\t<\/div>\n\t\t\t\t\t<\/div>\n\t\t<\/section>\n\t\t\t\t<section class=\"wd-negative-gap elementor-section elementor-top-section elementor-element elementor-element-5aa3314 elementor-section-boxed elementor-section-height-default elementor-section-height-default\" data-id=\"5aa3314\" data-element_type=\"section\" data-e-type=\"section\">\n\t\t\t\t\t\t<div class=\"elementor-container elementor-column-gap-default\">\n\t\t\t\t\t<div class=\"elementor-column elementor-col-100 elementor-top-column elementor-element elementor-element-a2038dc\" data-id=\"a2038dc\" data-element_type=\"column\" data-e-type=\"column\">\n\t\t\t<div class=\"elementor-widget-wrap elementor-element-populated\">\n\t\t\t\t\t\t<div class=\"elementor-element elementor-element-98bcd4c color-scheme-inherit text-left elementor-widget elementor-widget-text-editor\" data-id=\"98bcd4c\" data-element_type=\"widget\" data-e-type=\"widget\" data-widget_type=\"text-editor.default\">\n\t\t\t\t\t\t\t\t\t<h3>Intelligente Linse<\/h3><p>Die Anwendung intelligenter Linsen ist eine der Anwendungen, auf die Kataraktpatienten neugierig sind. Die Kataraktoperation geh\u00f6rt zu den Intraokularlinsen-Eingriffen, die in den letzten Jahren immer h\u00e4ufiger eingesetzt werden. Die Anwendung intelligenter Linsen wird bevorzugt, um die Verwendung von Brillen durch Patienten nach Kataraktoperationen zu eliminieren.<\/p><p>Es sollte bekannt sein, dass Kunstlinsen, die nach Kataraktoperationen ins Auge eingesetzt werden, nur beim Fernsehen gute Dienste leisten k\u00f6nnen. Abgesehen davon m\u00fcssen die Patienten eine Brille verwenden, um aus der N\u00e4he sehen zu k\u00f6nnen. Solche Linsen werden monofokale Unifokallinsen genannt.<\/p><p>Eine andere Art von Linsen, die angeboten werden, sind jedoch Linsen, die sowohl Nah- als auch Fernsicht bieten. Diese Linsen werden bifokale Bifokallinsen genannt. W\u00e4hrend diese Linsen es Menschen erm\u00f6glichen, in die N\u00e4he und in die Ferne zu sehen, liefern sie keine effektiven Ergebnisse f\u00fcr die Entfernung zwischen 40 cm und 2 Metern.<\/p><p>Trifokale Trifokallinsen, die im Volksmund als intelligente Linsen bekannt sind, sind Linsen, die alle Augenprobleme beseitigen k\u00f6nnen. Diese Linsen bieten eine komfortable Sicht auf Ferne, N\u00e4he und Entfernungen zwischen 40 cm und 2 m.<\/p>\t\t\t\t\t\t\t\t<\/div>\n\t\t\t\t\t<\/div>\n\t\t<\/div>\n\t\t\t\t\t<\/div>\n\t\t<\/section>\n\t\t\t\t<section class=\"wd-negative-gap elementor-section elementor-top-section elementor-element elementor-element-6850894c elementor-section-content-middle wd-section-stretch elementor-section-boxed elementor-section-height-default elementor-section-height-default\" data-id=\"6850894c\" data-element_type=\"section\" data-e-type=\"section\" data-settings=\"{&quot;background_background&quot;:&quot;gradient&quot;,&quot;shape_divider_top&quot;:&quot;wd_curved_line&quot;,&quot;shape_divider_bottom&quot;:&quot;wd_curved_line&quot;}\">\n\t\t\t\t\t<div class=\"elementor-shape elementor-shape-top\" aria-hidden=\"true\" data-negative=\"false\">\n\t\t\t<svg xmlns=\"http:\/\/www.w3.org\/2000\/svg\" class=\"wd-divider\" xmlns:xlink=\"http:\/\/www.w3.org\/1999\/xlink\" x=\"0px\" y=\"0px\"\n\t viewBox=\"0 0 100 100\" width=\"100%\" height=\"50px\" preserveAspectRatio=\"none\">\n<path class=\"elementor-shape-fill\" display=\"none\" d=\"M100,25.8V100H0V52.5c-4.9-6.8-9.5-13.8-15-19.7V101h125V20.9C106.3,22,103,23.7,100,25.8z\"\/>\n<path class=\"elementor-shape-fill\" d=\"M0,0v99c22-20.6,28.7-69.7,61.4-69.7c18.8,0,29.1,16.2,38.6,34V0L0,0z\"\/>\n<\/svg>\n\t\t<\/div>\n\t\t\t\t<div class=\"elementor-shape elementor-shape-bottom\" aria-hidden=\"true\" data-negative=\"false\">\n\t\t\t<svg xmlns=\"http:\/\/www.w3.org\/2000\/svg\" class=\"wd-divider\" xmlns:xlink=\"http:\/\/www.w3.org\/1999\/xlink\" x=\"0px\" y=\"0px\"\n\t viewBox=\"0 0 100 100\" width=\"100%\" height=\"50px\" preserveAspectRatio=\"none\">\n<path class=\"elementor-shape-fill\" display=\"none\" d=\"M100,25.8V100H0V52.5c-4.9-6.8-9.5-13.8-15-19.7V101h125V20.9C106.3,22,103,23.7,100,25.8z\"\/>\n<path class=\"elementor-shape-fill\" d=\"M0,0v99c22-20.6,28.7-69.7,61.4-69.7c18.8,0,29.1,16.2,38.6,34V0L0,0z\"\/>\n<\/svg>\n\t\t<\/div>\n\t\t\t\t\t<div class=\"elementor-container elementor-column-gap-no\">\n\t\t\t\t\t<div class=\"elementor-column elementor-col-100 elementor-top-column elementor-element elementor-element-418173c9\" data-id=\"418173c9\" data-element_type=\"column\" data-e-type=\"column\">\n\t\t\t<div class=\"elementor-widget-wrap elementor-element-populated\">\n\t\t\t\t\t\t<div class=\"elementor-element elementor-element-39dfd04b elementor-widget elementor-widget-wd_image_or_svg\" data-id=\"39dfd04b\" data-element_type=\"widget\" data-e-type=\"widget\" data-widget_type=\"wd_image_or_svg.default\">\n\t\t\t\t<div class=\"elementor-widget-container\">\n\t\t\t\t\t\n\t\t<div class=\"wd-image text-center\">\n\t\t\t\t\t\t\t\t<img loading=\"lazy\" decoding=\"async\" width=\"300\" height=\"300\" src=\"https:\/\/estenbulhealth.com\/wp-content\/uploads\/2024\/07\/eye-treatment-consultation.png\" class=\"attachment-full size-full\" alt=\"Eye Treatment Consultation\" srcset=\"https:\/\/estenbulhealth.com\/wp-content\/uploads\/2024\/07\/eye-treatment-consultation.png 300w, https:\/\/estenbulhealth.com\/wp-content\/uploads\/2024\/07\/eye-treatment-consultation-150x150.png 150w\" sizes=\"auto, (max-width: 300px) 100vw, 300px\" title=\"\">\t\t\t\t\t<\/div>\n\n\t\t\t\t\t\t<\/div>\n\t\t\t\t<\/div>\n\t\t\t\t\t<\/div>\n\t\t<\/div>\n\t\t\t\t<div class=\"elementor-column elementor-col-100 elementor-top-column elementor-element elementor-element-126578ae\" data-id=\"126578ae\" data-element_type=\"column\" data-e-type=\"column\">\n\t\t\t<div class=\"elementor-widget-wrap elementor-element-populated\">\n\t\t\t\t\t\t<div class=\"elementor-element elementor-element-1b0e5449 elementor-widget elementor-widget-shortcode\" data-id=\"1b0e5449\" data-element_type=\"widget\" data-e-type=\"widget\" data-widget_type=\"shortcode.default\">\n\t\t\t\t\t\t\t<div class=\"elementor-shortcode\"><\/div>\n\t\t\t\t\t\t<\/div>\n\t\t\t\t\t<\/div>\n\t\t<\/div>\n\t\t\t\t\t<\/div>\n\t\t<\/section>\n\t\t\t\t<\/div>\n\t\t","protected":false},"excerpt":{"rendered":"<p>Was ist Kataraktchirurgie? Die Kataraktoperation ist ein chirurgischer Eingriff, der durchgef\u00fchrt wird, um die Katarakterkrankung zu beseitigen, die eine der<\/p>\n","protected":false},"author":24,"featured_media":0,"parent":0,"menu_order":0,"comment_status":"closed","ping_status":"closed","template":"","meta":{"content-type":"","footnotes":""},"class_list":["post-19742","page","type-page","status-publish","hentry"],"_links":{"self":[{"href":"https:\/\/estenbulhealth.com\/de\/wp-json\/wp\/v2\/pages\/19742","targetHints":{"allow":["GET"]}}],"collection":[{"href":"https:\/\/estenbulhealth.com\/de\/wp-json\/wp\/v2\/pages"}],"about":[{"href":"https:\/\/estenbulhealth.com\/de\/wp-json\/wp\/v2\/types\/page"}],"author":[{"embeddable":true,"href":"https:\/\/estenbulhealth.com\/de\/wp-json\/wp\/v2\/users\/24"}],"replies":[{"embeddable":true,"href":"https:\/\/estenbulhealth.com\/de\/wp-json\/wp\/v2\/comments?post=19742"}],"version-history":[{"count":4,"href":"https:\/\/estenbulhealth.com\/de\/wp-json\/wp\/v2\/pages\/19742\/revisions"}],"predecessor-version":[{"id":40605,"href":"https:\/\/estenbulhealth.com\/de\/wp-json\/wp\/v2\/pages\/19742\/revisions\/40605"}],"wp:attachment":[{"href":"https:\/\/estenbulhealth.com\/de\/wp-json\/wp\/v2\/media?parent=19742"}],"curies":[{"name":"wp","href":"https:\/\/api.w.org\/{rel}","templated":true}]}}