{"id":19738,"date":"2025-01-28T21:12:13","date_gmt":"2025-01-28T18:12:13","guid":{"rendered":"https:\/\/estenbulhealth.com\/our-services\/dentistry-in-turkey\/teeth-whitening\/"},"modified":"2025-01-28T21:16:50","modified_gmt":"2025-01-28T18:16:50","slug":"zahnaufhellung","status":"publish","type":"page","link":"https:\/\/estenbulhealth.com\/de\/zahnaufhellung\/","title":{"rendered":"Zahnaufhellung"},"content":{"rendered":"\t\t<div data-elementor-type=\"wp-page\" data-elementor-id=\"19738\" class=\"elementor elementor-19738\">\n\t\t\t\t\t\t<section class=\"wd-negative-gap elementor-section elementor-top-section elementor-element elementor-element-339441f elementor-section-boxed elementor-section-height-default elementor-section-height-default\" data-id=\"339441f\" data-element_type=\"section\" data-e-type=\"section\">\n\t\t\t\t\t\t<div class=\"elementor-container elementor-column-gap-default\">\n\t\t\t\t\t<div class=\"elementor-column elementor-col-50 elementor-top-column elementor-element elementor-element-03de19b\" data-id=\"03de19b\" data-element_type=\"column\" data-e-type=\"column\">\n\t\t\t<div class=\"elementor-widget-wrap elementor-element-populated\">\n\t\t\t\t\t\t<div class=\"elementor-element elementor-element-d137e66 color-scheme-inherit text-left elementor-widget elementor-widget-text-editor\" data-id=\"d137e66\" data-element_type=\"widget\" data-e-type=\"widget\" data-widget_type=\"text-editor.default\">\n\t\t\t\t\t\t\t\t\t<h2>Was ist Zahnaufhellung?<\/h2><p>Zahnaufhellung; ist das Verfahren zur Wiederherstellung des nat\u00fcrlichen Wei\u00df von Z\u00e4hnen, die aufgrund von Gelb bei der Geburt oder aus Gr\u00fcnden wie Tee-Kaffee, Rauchen, Antibiotika, Wurzelkanalbehandlung oder Unfall usw. verf\u00e4rbt, verf\u00e4rbt oder wei\u00df geworden sind, durch eine Lasermethode unter Verwendung von Peroxidmitteln . Die Erfolgsquote von Zahnaufhellungsmethoden, die von Menschen bevorzugt wird, die mit der Farbe ihrer Z\u00e4hne nicht zufrieden sind und sich ein strahlendes L\u00e4cheln w\u00fcnschen, betr\u00e4gt 96%. Grad und Einwirkzeit des erzielten Wei\u00dfgrades sind von Person zu Person unterschiedlich.<\/p>\t\t\t\t\t\t\t\t<\/div>\n\t\t\t\t\t<\/div>\n\t\t<\/div>\n\t\t\t\t<div class=\"elementor-column elementor-col-50 elementor-top-column elementor-element elementor-element-d4d285c\" data-id=\"d4d285c\" data-element_type=\"column\" data-e-type=\"column\">\n\t\t\t<div class=\"elementor-widget-wrap elementor-element-populated\">\n\t\t\t\t\t\t<div class=\"elementor-element elementor-element-36fd27c elementor-widget elementor-widget-image\" data-id=\"36fd27c\" data-element_type=\"widget\" data-e-type=\"widget\" data-widget_type=\"image.default\">\n\t\t\t\t\t\t\t\t\t\t\t\t\t\t\t<img loading=\"lazy\" decoding=\"async\" width=\"768\" height=\"512\" src=\"https:\/\/estenbulhealth.com\/wp-content\/uploads\/2021\/08\/teeth-whitening-in-turkey-768x512.jpeg\" class=\"attachment-medium_large size-medium_large wp-image-15962\" alt=\"teeth whitening in turkey\" srcset=\"https:\/\/estenbulhealth.com\/wp-content\/uploads\/2021\/08\/teeth-whitening-in-turkey-768x512.jpeg 768w, https:\/\/estenbulhealth.com\/wp-content\/uploads\/2021\/08\/teeth-whitening-in-turkey-300x200.jpeg 300w, https:\/\/estenbulhealth.com\/wp-content\/uploads\/2021\/08\/teeth-whitening-in-turkey-1024x683.jpeg 1024w, https:\/\/estenbulhealth.com\/wp-content\/uploads\/2021\/08\/teeth-whitening-in-turkey-1536x1024.jpeg 1536w, https:\/\/estenbulhealth.com\/wp-content\/uploads\/2021\/08\/teeth-whitening-in-turkey-200x133.jpeg 200w, https:\/\/estenbulhealth.com\/wp-content\/uploads\/2021\/08\/teeth-whitening-in-turkey-400x267.jpeg 400w, https:\/\/estenbulhealth.com\/wp-content\/uploads\/2021\/08\/teeth-whitening-in-turkey-600x400.jpeg 600w, https:\/\/estenbulhealth.com\/wp-content\/uploads\/2021\/08\/teeth-whitening-in-turkey-800x533.jpeg 800w, https:\/\/estenbulhealth.com\/wp-content\/uploads\/2021\/08\/teeth-whitening-in-turkey-1200x800.jpeg 1200w, https:\/\/estenbulhealth.com\/wp-content\/uploads\/2021\/08\/teeth-whitening-in-turkey.jpeg 1800w\" sizes=\"auto, (max-width: 768px) 100vw, 768px\" title=\"\">\t\t\t\t\t\t\t\t\t\t\t\t\t\t\t<\/div>\n\t\t\t\t\t<\/div>\n\t\t<\/div>\n\t\t\t\t\t<\/div>\n\t\t<\/section>\n\t\t\t\t<section class=\"wd-negative-gap elementor-section elementor-top-section elementor-element elementor-element-5dfe197f elementor-section-boxed elementor-section-height-default elementor-section-height-default\" data-id=\"5dfe197f\" data-element_type=\"section\" data-e-type=\"section\">\n\t\t\t\t\t\t<div class=\"elementor-container elementor-column-gap-default\">\n\t\t\t\t\t<div class=\"elementor-column elementor-col-100 elementor-top-column elementor-element elementor-element-17316330\" data-id=\"17316330\" data-element_type=\"column\" data-e-type=\"column\">\n\t\t\t<div class=\"elementor-widget-wrap elementor-element-populated\">\n\t\t\t\t\t\t<div class=\"elementor-element elementor-element-1a0a8ff7 color-scheme-inherit text-left elementor-widget elementor-widget-text-editor\" data-id=\"1a0a8ff7\" data-element_type=\"widget\" data-e-type=\"widget\" data-widget_type=\"text-editor.default\">\n\t\t\t\t\t\t\t\t\t<h3>Wie wird der Zahnaufhellungsprozess angewendet?<\/h3><p>F\u00fcr den Zahnaufhellungsprozess reinigen unsere Experten zuerst Ihre Z\u00e4hne und bestimmen ihre nat\u00fcrliche Farbe. Anschlie\u00dfend wird der Wirkstoff mit Peroxid, der f\u00fcr eine Aufhellung sorgt, auf die Z\u00e4hne aufgetragen und per Laserverfahren f\u00fcr 15 Minuten ausgeh\u00e4rtet. Dieser Vorgang wird dreimal wiederholt. Z\u00e4hne, an denen ein Bleaching-Prozess durchgef\u00fchrt wird, behalten ihre Wei\u00dfe normalerweise 3 Monate bis 4 Jahre, abh\u00e4ngig von den t\u00e4glichen Gewohnheiten der Person (Zigarette, Tee-Kaffee-Sucht usw.). Der Bleaching-Prozess kann je nach Wunsch der Person alle 6 Monate oder einmal im Jahr wiederholt werden. Die Wiederholung des Aufhellungsprozesses innerhalb dieser Zeit, bevor die Z\u00e4hne wieder ihre vorherige Farbe annehmen, stellt sicher, dass das erreichte Wei\u00df l\u00e4nger anh\u00e4lt.<\/p>\t\t\t\t\t\t\t\t<\/div>\n\t\t\t\t\t<\/div>\n\t\t<\/div>\n\t\t\t\t\t<\/div>\n\t\t<\/section>\n\t\t\t\t<section class=\"wd-negative-gap elementor-section elementor-top-section elementor-element elementor-element-65327437 elementor-section-content-middle wd-section-stretch elementor-section-boxed elementor-section-height-default elementor-section-height-default\" data-id=\"65327437\" data-element_type=\"section\" data-e-type=\"section\" data-settings=\"{&quot;background_background&quot;:&quot;gradient&quot;,&quot;shape_divider_top&quot;:&quot;wd_curved_line&quot;,&quot;shape_divider_bottom&quot;:&quot;wd_curved_line&quot;}\">\n\t\t\t\t\t<div class=\"elementor-shape elementor-shape-top\" aria-hidden=\"true\" data-negative=\"false\">\n\t\t\t<svg xmlns=\"http:\/\/www.w3.org\/2000\/svg\" class=\"wd-divider\" xmlns:xlink=\"http:\/\/www.w3.org\/1999\/xlink\" x=\"0px\" y=\"0px\"\n\t viewBox=\"0 0 100 100\" width=\"100%\" height=\"50px\" preserveAspectRatio=\"none\">\n<path class=\"elementor-shape-fill\" display=\"none\" d=\"M100,25.8V100H0V52.5c-4.9-6.8-9.5-13.8-15-19.7V101h125V20.9C106.3,22,103,23.7,100,25.8z\"\/>\n<path class=\"elementor-shape-fill\" d=\"M0,0v99c22-20.6,28.7-69.7,61.4-69.7c18.8,0,29.1,16.2,38.6,34V0L0,0z\"\/>\n<\/svg>\n\t\t<\/div>\n\t\t\t\t<div class=\"elementor-shape elementor-shape-bottom\" aria-hidden=\"true\" data-negative=\"false\">\n\t\t\t<svg xmlns=\"http:\/\/www.w3.org\/2000\/svg\" class=\"wd-divider\" xmlns:xlink=\"http:\/\/www.w3.org\/1999\/xlink\" x=\"0px\" y=\"0px\"\n\t viewBox=\"0 0 100 100\" width=\"100%\" height=\"50px\" preserveAspectRatio=\"none\">\n<path class=\"elementor-shape-fill\" display=\"none\" d=\"M100,25.8V100H0V52.5c-4.9-6.8-9.5-13.8-15-19.7V101h125V20.9C106.3,22,103,23.7,100,25.8z\"\/>\n<path class=\"elementor-shape-fill\" d=\"M0,0v99c22-20.6,28.7-69.7,61.4-69.7c18.8,0,29.1,16.2,38.6,34V0L0,0z\"\/>\n<\/svg>\n\t\t<\/div>\n\t\t\t\t\t<div class=\"elementor-container elementor-column-gap-no\">\n\t\t\t\t\t<div class=\"elementor-column elementor-col-100 elementor-top-column elementor-element elementor-element-311ae8b8\" data-id=\"311ae8b8\" data-element_type=\"column\" data-e-type=\"column\">\n\t\t\t<div class=\"elementor-widget-wrap elementor-element-populated\">\n\t\t\t\t\t\t<div class=\"elementor-element elementor-element-2598c5d1 elementor-widget elementor-widget-wd_image_or_svg\" data-id=\"2598c5d1\" data-element_type=\"widget\" data-e-type=\"widget\" data-widget_type=\"wd_image_or_svg.default\">\n\t\t\t\t<div class=\"elementor-widget-container\">\n\t\t\t\t\t\n\t\t<div class=\"wd-image text-center\">\n\t\t\t\t\t\t\t\t<img loading=\"lazy\" decoding=\"async\" width=\"300\" height=\"300\" src=\"https:\/\/estenbulhealth.com\/wp-content\/uploads\/2024\/07\/dental-treatment-consultation.png\" class=\"attachment-full size-full\" alt=\"Dental Treatment Consultation\" srcset=\"https:\/\/estenbulhealth.com\/wp-content\/uploads\/2024\/07\/dental-treatment-consultation.png 300w, https:\/\/estenbulhealth.com\/wp-content\/uploads\/2024\/07\/dental-treatment-consultation-150x150.png 150w\" sizes=\"auto, (max-width: 300px) 100vw, 300px\" title=\"\">\t\t\t\t\t<\/div>\n\n\t\t\t\t\t\t<\/div>\n\t\t\t\t<\/div>\n\t\t\t\t\t<\/div>\n\t\t<\/div>\n\t\t\t\t<div class=\"elementor-column elementor-col-100 elementor-top-column elementor-element elementor-element-3c1c6c75\" data-id=\"3c1c6c75\" data-element_type=\"column\" data-e-type=\"column\">\n\t\t\t<div class=\"elementor-widget-wrap elementor-element-populated\">\n\t\t\t\t\t\t<div class=\"elementor-element elementor-element-30e9a5fb elementor-widget elementor-widget-shortcode\" data-id=\"30e9a5fb\" data-element_type=\"widget\" data-e-type=\"widget\" data-widget_type=\"shortcode.default\">\n\t\t\t\t\t\t\t<div class=\"elementor-shortcode\"><\/div>\n\t\t\t\t\t\t<\/div>\n\t\t\t\t\t<\/div>\n\t\t<\/div>\n\t\t\t\t\t<\/div>\n\t\t<\/section>\n\t\t\t\t<\/div>\n\t\t","protected":false},"excerpt":{"rendered":"<p>Was ist Zahnaufhellung? Zahnaufhellung; ist das Verfahren zur Wiederherstellung des nat\u00fcrlichen Wei\u00df von Z\u00e4hnen, die aufgrund von Gelb bei der<\/p>\n","protected":false},"author":24,"featured_media":0,"parent":0,"menu_order":0,"comment_status":"closed","ping_status":"closed","template":"","meta":{"content-type":"","footnotes":""},"class_list":["post-19738","page","type-page","status-publish","hentry"],"_links":{"self":[{"href":"https:\/\/estenbulhealth.com\/de\/wp-json\/wp\/v2\/pages\/19738","targetHints":{"allow":["GET"]}}],"collection":[{"href":"https:\/\/estenbulhealth.com\/de\/wp-json\/wp\/v2\/pages"}],"about":[{"href":"https:\/\/estenbulhealth.com\/de\/wp-json\/wp\/v2\/types\/page"}],"author":[{"embeddable":true,"href":"https:\/\/estenbulhealth.com\/de\/wp-json\/wp\/v2\/users\/24"}],"replies":[{"embeddable":true,"href":"https:\/\/estenbulhealth.com\/de\/wp-json\/wp\/v2\/comments?post=19738"}],"version-history":[{"count":4,"href":"https:\/\/estenbulhealth.com\/de\/wp-json\/wp\/v2\/pages\/19738\/revisions"}],"predecessor-version":[{"id":40590,"href":"https:\/\/estenbulhealth.com\/de\/wp-json\/wp\/v2\/pages\/19738\/revisions\/40590"}],"wp:attachment":[{"href":"https:\/\/estenbulhealth.com\/de\/wp-json\/wp\/v2\/media?parent=19738"}],"curies":[{"name":"wp","href":"https:\/\/api.w.org\/{rel}","templated":true}]}}