{"id":19732,"date":"2025-01-28T21:11:17","date_gmt":"2025-01-28T18:11:17","guid":{"rendered":"https:\/\/estenbulhealth.com\/our-services\/dentistry-in-turkey\/dental-implants\/"},"modified":"2025-01-28T21:16:51","modified_gmt":"2025-01-28T18:16:51","slug":"zahnimplantate","status":"publish","type":"page","link":"https:\/\/estenbulhealth.com\/de\/zahnimplantate\/","title":{"rendered":"Zahnimplantate"},"content":{"rendered":"\t\t<div data-elementor-type=\"wp-page\" data-elementor-id=\"19732\" class=\"elementor elementor-19732\">\n\t\t\t\t\t\t<section class=\"wd-negative-gap elementor-section elementor-top-section elementor-element elementor-element-d4abfa3 elementor-section-boxed elementor-section-height-default elementor-section-height-default\" data-id=\"d4abfa3\" data-element_type=\"section\" data-e-type=\"section\">\n\t\t\t\t\t\t<div class=\"elementor-container elementor-column-gap-default\">\n\t\t\t\t\t<div class=\"elementor-column elementor-col-50 elementor-top-column elementor-element elementor-element-41adb65\" data-id=\"41adb65\" data-element_type=\"column\" data-e-type=\"column\">\n\t\t\t<div class=\"elementor-widget-wrap elementor-element-populated\">\n\t\t\t\t\t\t<div class=\"elementor-element elementor-element-0b95bd8 color-scheme-inherit text-left elementor-widget elementor-widget-text-editor\" data-id=\"0b95bd8\" data-element_type=\"widget\" data-e-type=\"widget\" data-widget_type=\"text-editor.default\">\n\t\t\t\t\t\t\t\t\t<h2>Was ist Implantat?<\/h2><p>Das Implantat ist eine k\u00fcnstliche Zahnwurzel, die auf dem Kieferknochen platziert wird, um bei Zahnverlust aus verschiedenen Gr\u00fcnden eine Prothese an der Stelle des fehlenden Zahns aufzubauen. Diese k\u00fcnstliche Zahnwurzel besteht aus Titan, einem f\u00fcr die menschliche Gesundheit absolut geeigneten Material, und bietet die M\u00f6glichkeit, den fehlenden Zahn zu vervollst\u00e4ndigen, ohne die benachbarten Z\u00e4hne in gutem Zustand zu ber\u00fchren, insbesondere bei Verlust eines einzelnen Zahns. Im Falle des Verlusts mehrerer Z\u00e4hne kann dank des Implantats festsitzender Zahnersatz anstelle von herausnehmbarem Zahnersatz verwendet werden, wodurch ein recht komfortables und \u00e4sthetisches Ergebnis gew\u00e4hrleistet wird. Dank der Implantatbehandlung k\u00f6nnen Menschen, die unter Zahnverlust leiden, \u00e4sthetische, nat\u00fcrlich aussehende und vor allem langlebige und starke Z\u00e4hne wie ihre eigenen Z\u00e4hne erhalten.<\/p>\t\t\t\t\t\t\t\t<\/div>\n\t\t\t\t\t<\/div>\n\t\t<\/div>\n\t\t\t\t<div class=\"elementor-column elementor-col-50 elementor-top-column elementor-element elementor-element-7c3fe1d\" data-id=\"7c3fe1d\" data-element_type=\"column\" data-e-type=\"column\">\n\t\t\t<div class=\"elementor-widget-wrap elementor-element-populated\">\n\t\t\t\t\t\t<div class=\"elementor-element elementor-element-5203c4d elementor-widget elementor-widget-image\" data-id=\"5203c4d\" data-element_type=\"widget\" data-e-type=\"widget\" data-widget_type=\"image.default\">\n\t\t\t\t\t\t\t\t\t\t\t\t\t\t\t<img loading=\"lazy\" decoding=\"async\" width=\"1024\" height=\"919\" src=\"https:\/\/estenbulhealth.com\/wp-content\/uploads\/2021\/05\/Dental-implant-in-turkey-istanbul.jpg\" class=\"attachment-large size-large wp-image-11715\" alt=\"Dental Implant in Turkey Istanbul\" srcset=\"https:\/\/estenbulhealth.com\/wp-content\/uploads\/2021\/05\/Dental-implant-in-turkey-istanbul.jpg 1024w, https:\/\/estenbulhealth.com\/wp-content\/uploads\/2021\/05\/Dental-implant-in-turkey-istanbul-300x269.jpg 300w, https:\/\/estenbulhealth.com\/wp-content\/uploads\/2021\/05\/Dental-implant-in-turkey-istanbul-768x689.jpg 768w, https:\/\/estenbulhealth.com\/wp-content\/uploads\/2021\/05\/Dental-implant-in-turkey-istanbul-200x179.jpg 200w, https:\/\/estenbulhealth.com\/wp-content\/uploads\/2021\/05\/Dental-implant-in-turkey-istanbul-400x359.jpg 400w, https:\/\/estenbulhealth.com\/wp-content\/uploads\/2021\/05\/Dental-implant-in-turkey-istanbul-600x538.jpg 600w, https:\/\/estenbulhealth.com\/wp-content\/uploads\/2021\/05\/Dental-implant-in-turkey-istanbul-800x718.jpg 800w\" sizes=\"auto, (max-width: 1024px) 100vw, 1024px\" title=\"\">\t\t\t\t\t\t\t\t\t\t\t\t\t\t\t<\/div>\n\t\t\t\t\t<\/div>\n\t\t<\/div>\n\t\t\t\t\t<\/div>\n\t\t<\/section>\n\t\t\t\t<section class=\"wd-negative-gap elementor-section elementor-top-section elementor-element elementor-element-3c460485 elementor-section-boxed elementor-section-height-default elementor-section-height-default\" data-id=\"3c460485\" data-element_type=\"section\" data-e-type=\"section\">\n\t\t\t\t\t\t<div class=\"elementor-container elementor-column-gap-default\">\n\t\t\t\t\t<div class=\"elementor-column elementor-col-100 elementor-top-column elementor-element elementor-element-771ca4b1\" data-id=\"771ca4b1\" data-element_type=\"column\" data-e-type=\"column\">\n\t\t\t<div class=\"elementor-widget-wrap elementor-element-populated\">\n\t\t\t\t\t\t<div class=\"elementor-element elementor-element-1206e7d color-scheme-inherit text-left elementor-widget elementor-widget-text-editor\" data-id=\"1206e7d\" data-element_type=\"widget\" data-e-type=\"widget\" data-widget_type=\"text-editor.default\">\n\t\t\t\t\t\t\t\t\t<h3>Wie wird das Implantat angewendet?<\/h3><p>Wir f\u00fchren den Implantationsprozess unter \u00f6rtlicher Bet\u00e4ubung durch, indem wir den entsprechenden Bereich vollst\u00e4ndig bet\u00e4uben. Auf diese Weise sp\u00fcren Sie keine Schmerzen. Nach der Anwendung treten leichte Schmerzen und Schwellungen auf. Dank der von unseren \u00c4rzten empfohlenen Schmerzmittel und der K\u00e4ltepackung, die Sie innerhalb von 24 Stunden auftragen, kommen Sie jedoch bequem durch diesen Prozess. Die vollst\u00e4ndige Integration des Implantats kann 2 bis 3 Stunden dauern. Das mag zun\u00e4chst lang klingen. Allerdings erzielen wir mit dieser Methode hoch\u00e4sthetische, nat\u00fcrliche, langanhaltende und ges\u00fcndeste Ergebnisse. Um gesunde Ergebnisse zu erzielen, ist es sehr wichtig, dass Sie die vor der Implantation verschriebenen Medikamente vollst\u00e4ndig einnehmen und danach auf Ihre Mundgesundheit achten, indem Sie antiseptische Mundsp\u00fclungen verwenden. Wir vervollst\u00e4ndigen die Behandlung, indem wir die Z\u00e4hne mit Porzellan-Veneers \u00fcberziehen, nachdem die Implantate in den Kieferknochen integriert sind.<\/p>\t\t\t\t\t\t\t\t<\/div>\n\t\t\t\t\t<\/div>\n\t\t<\/div>\n\t\t\t\t\t<\/div>\n\t\t<\/section>\n\t\t\t\t<section class=\"wd-negative-gap elementor-section elementor-top-section elementor-element elementor-element-1cd1bab elementor-section-content-middle wd-section-stretch elementor-section-boxed elementor-section-height-default elementor-section-height-default\" data-id=\"1cd1bab\" data-element_type=\"section\" data-e-type=\"section\" data-settings=\"{&quot;background_background&quot;:&quot;gradient&quot;,&quot;shape_divider_top&quot;:&quot;wd_curved_line&quot;,&quot;shape_divider_bottom&quot;:&quot;wd_curved_line&quot;}\">\n\t\t\t\t\t<div class=\"elementor-shape elementor-shape-top\" aria-hidden=\"true\" data-negative=\"false\">\n\t\t\t<svg xmlns=\"http:\/\/www.w3.org\/2000\/svg\" class=\"wd-divider\" xmlns:xlink=\"http:\/\/www.w3.org\/1999\/xlink\" x=\"0px\" y=\"0px\"\n\t viewBox=\"0 0 100 100\" width=\"100%\" height=\"50px\" preserveAspectRatio=\"none\">\n<path class=\"elementor-shape-fill\" display=\"none\" d=\"M100,25.8V100H0V52.5c-4.9-6.8-9.5-13.8-15-19.7V101h125V20.9C106.3,22,103,23.7,100,25.8z\"\/>\n<path class=\"elementor-shape-fill\" d=\"M0,0v99c22-20.6,28.7-69.7,61.4-69.7c18.8,0,29.1,16.2,38.6,34V0L0,0z\"\/>\n<\/svg>\n\t\t<\/div>\n\t\t\t\t<div class=\"elementor-shape elementor-shape-bottom\" aria-hidden=\"true\" data-negative=\"false\">\n\t\t\t<svg xmlns=\"http:\/\/www.w3.org\/2000\/svg\" class=\"wd-divider\" xmlns:xlink=\"http:\/\/www.w3.org\/1999\/xlink\" x=\"0px\" y=\"0px\"\n\t viewBox=\"0 0 100 100\" width=\"100%\" height=\"50px\" preserveAspectRatio=\"none\">\n<path class=\"elementor-shape-fill\" display=\"none\" d=\"M100,25.8V100H0V52.5c-4.9-6.8-9.5-13.8-15-19.7V101h125V20.9C106.3,22,103,23.7,100,25.8z\"\/>\n<path class=\"elementor-shape-fill\" d=\"M0,0v99c22-20.6,28.7-69.7,61.4-69.7c18.8,0,29.1,16.2,38.6,34V0L0,0z\"\/>\n<\/svg>\n\t\t<\/div>\n\t\t\t\t\t<div class=\"elementor-container elementor-column-gap-no\">\n\t\t\t\t\t<div class=\"elementor-column elementor-col-100 elementor-top-column elementor-element elementor-element-5b207fde\" data-id=\"5b207fde\" data-element_type=\"column\" data-e-type=\"column\">\n\t\t\t<div class=\"elementor-widget-wrap elementor-element-populated\">\n\t\t\t\t\t\t<div class=\"elementor-element elementor-element-605ae455 elementor-widget elementor-widget-wd_image_or_svg\" data-id=\"605ae455\" data-element_type=\"widget\" data-e-type=\"widget\" data-widget_type=\"wd_image_or_svg.default\">\n\t\t\t\t<div class=\"elementor-widget-container\">\n\t\t\t\t\t\n\t\t<div class=\"wd-image text-center\">\n\t\t\t\t\t\t\t\t<img loading=\"lazy\" decoding=\"async\" width=\"300\" height=\"300\" src=\"https:\/\/estenbulhealth.com\/wp-content\/uploads\/2024\/07\/dental-treatment-consultation.png\" class=\"attachment-full size-full\" alt=\"Dental Treatment Consultation\" srcset=\"https:\/\/estenbulhealth.com\/wp-content\/uploads\/2024\/07\/dental-treatment-consultation.png 300w, https:\/\/estenbulhealth.com\/wp-content\/uploads\/2024\/07\/dental-treatment-consultation-150x150.png 150w\" sizes=\"auto, (max-width: 300px) 100vw, 300px\" title=\"\">\t\t\t\t\t<\/div>\n\n\t\t\t\t\t\t<\/div>\n\t\t\t\t<\/div>\n\t\t\t\t\t<\/div>\n\t\t<\/div>\n\t\t\t\t<div class=\"elementor-column elementor-col-100 elementor-top-column elementor-element elementor-element-4dbe5864\" data-id=\"4dbe5864\" data-element_type=\"column\" data-e-type=\"column\">\n\t\t\t<div class=\"elementor-widget-wrap elementor-element-populated\">\n\t\t\t\t\t\t<div class=\"elementor-element elementor-element-69c384a7 elementor-widget elementor-widget-shortcode\" data-id=\"69c384a7\" data-element_type=\"widget\" data-e-type=\"widget\" data-widget_type=\"shortcode.default\">\n\t\t\t\t\t\t\t<div class=\"elementor-shortcode\"><\/div>\n\t\t\t\t\t\t<\/div>\n\t\t\t\t\t<\/div>\n\t\t<\/div>\n\t\t\t\t\t<\/div>\n\t\t<\/section>\n\t\t\t\t<\/div>\n\t\t","protected":false},"excerpt":{"rendered":"<p>Was ist Implantat? Das Implantat ist eine k\u00fcnstliche Zahnwurzel, die auf dem Kieferknochen platziert wird, um bei Zahnverlust aus verschiedenen<\/p>\n","protected":false},"author":24,"featured_media":0,"parent":0,"menu_order":0,"comment_status":"closed","ping_status":"closed","template":"","meta":{"content-type":"","footnotes":""},"class_list":["post-19732","page","type-page","status-publish","hentry"],"_links":{"self":[{"href":"https:\/\/estenbulhealth.com\/de\/wp-json\/wp\/v2\/pages\/19732","targetHints":{"allow":["GET"]}}],"collection":[{"href":"https:\/\/estenbulhealth.com\/de\/wp-json\/wp\/v2\/pages"}],"about":[{"href":"https:\/\/estenbulhealth.com\/de\/wp-json\/wp\/v2\/types\/page"}],"author":[{"embeddable":true,"href":"https:\/\/estenbulhealth.com\/de\/wp-json\/wp\/v2\/users\/24"}],"replies":[{"embeddable":true,"href":"https:\/\/estenbulhealth.com\/de\/wp-json\/wp\/v2\/comments?post=19732"}],"version-history":[{"count":4,"href":"https:\/\/estenbulhealth.com\/de\/wp-json\/wp\/v2\/pages\/19732\/revisions"}],"predecessor-version":[{"id":40582,"href":"https:\/\/estenbulhealth.com\/de\/wp-json\/wp\/v2\/pages\/19732\/revisions\/40582"}],"wp:attachment":[{"href":"https:\/\/estenbulhealth.com\/de\/wp-json\/wp\/v2\/media?parent=19732"}],"curies":[{"name":"wp","href":"https:\/\/api.w.org\/{rel}","templated":true}]}}