{"id":19730,"date":"2025-01-28T21:11:16","date_gmt":"2025-01-28T18:11:16","guid":{"rendered":"https:\/\/estenbulhealth.com\/our-services\/dentistry-in-turkey\/dental-crowns\/"},"modified":"2025-01-28T21:16:52","modified_gmt":"2025-01-28T18:16:52","slug":"zahnkronen","status":"publish","type":"page","link":"https:\/\/estenbulhealth.com\/de\/zahnkronen\/","title":{"rendered":"Zahnkronen"},"content":{"rendered":"\t\t<div data-elementor-type=\"wp-page\" data-elementor-id=\"19730\" class=\"elementor elementor-19730\">\n\t\t\t\t\t\t<section class=\"wd-negative-gap elementor-section elementor-top-section elementor-element elementor-element-bdca5a2 elementor-section-boxed elementor-section-height-default elementor-section-height-default\" data-id=\"bdca5a2\" data-element_type=\"section\" data-e-type=\"section\">\n\t\t\t\t\t\t<div class=\"elementor-container elementor-column-gap-default\">\n\t\t\t\t\t<div class=\"elementor-column elementor-col-50 elementor-top-column elementor-element elementor-element-2f2ff8f\" data-id=\"2f2ff8f\" data-element_type=\"column\" data-e-type=\"column\">\n\t\t\t<div class=\"elementor-widget-wrap elementor-element-populated\">\n\t\t\t\t\t\t<div class=\"elementor-element elementor-element-1c662d2 color-scheme-inherit text-left elementor-widget elementor-widget-text-editor\" data-id=\"1c662d2\" data-element_type=\"widget\" data-e-type=\"widget\" data-widget_type=\"text-editor.default\">\n\t\t\t\t\t\t\t\t\t<h2>Was ist Zahnveneer?<\/h2><p>Veneers f\u00fcr zahn\u00e4rztliche Zwecke; ist der Prozess der Verblendung von Z\u00e4hnen, die bei der Geburt schief oder defekt sind oder sp\u00e4ter durch Unf\u00e4lle, Verletzungen, Rauchen, Tee-Kaffee ihre Farbe und Form verloren haben, mit 100% nat\u00fcrlichem Zirkoniummaterial, das f\u00fcr die menschliche Gesundheit v\u00f6llig geeignet ist. Diese Methode wird auch zur vollst\u00e4ndigen Implantatbehandlung in F\u00e4llen von vollst\u00e4ndigem Zahnverlust angewendet, um eine gr\u00f6\u00dfere F\u00fcllung in F\u00e4llen wiederherzustellen, in denen keine ausreichende Zahnunterst\u00fctzung vorhanden ist, oder um das Brechen schwacher Z\u00e4hne zu verhindern. Die Veneer-Methode mit Zirkoniumz\u00e4hnen, die von Menschen bevorzugt wird, die sich mit dem Aussehen ihrer Z\u00e4hne nicht wohlf\u00fchlen und perlwei\u00dfe Z\u00e4hne und ein strahlendes L\u00e4cheln w\u00fcnschen, gew\u00e4hrleistet ein recht gesundes, nat\u00fcrlich aussehendes, langlebiges (kann bis zu 10 Jahre beibehalten werden) und \u00e4sthetische Ergebnisse.<\/p>\t\t\t\t\t\t\t\t<\/div>\n\t\t\t\t\t<\/div>\n\t\t<\/div>\n\t\t\t\t<div class=\"elementor-column elementor-col-50 elementor-top-column elementor-element elementor-element-a1148e6\" data-id=\"a1148e6\" data-element_type=\"column\" data-e-type=\"column\">\n\t\t\t<div class=\"elementor-widget-wrap elementor-element-populated\">\n\t\t\t\t\t\t<div class=\"elementor-element elementor-element-f5b21cf elementor-widget elementor-widget-image\" data-id=\"f5b21cf\" data-element_type=\"widget\" data-e-type=\"widget\" data-widget_type=\"image.default\">\n\t\t\t\t\t\t\t\t\t\t\t\t\t\t\t<img loading=\"lazy\" decoding=\"async\" width=\"1024\" height=\"919\" src=\"https:\/\/estenbulhealth.com\/wp-content\/uploads\/2021\/05\/Dental-Crowns-in-turkey-istanbul.jpg\" class=\"attachment-large size-large wp-image-11728\" alt=\"Dental Crowns in turkey istanbul\" srcset=\"https:\/\/estenbulhealth.com\/wp-content\/uploads\/2021\/05\/Dental-Crowns-in-turkey-istanbul.jpg 1024w, https:\/\/estenbulhealth.com\/wp-content\/uploads\/2021\/05\/Dental-Crowns-in-turkey-istanbul-300x269.jpg 300w, https:\/\/estenbulhealth.com\/wp-content\/uploads\/2021\/05\/Dental-Crowns-in-turkey-istanbul-768x689.jpg 768w, https:\/\/estenbulhealth.com\/wp-content\/uploads\/2021\/05\/Dental-Crowns-in-turkey-istanbul-200x179.jpg 200w, https:\/\/estenbulhealth.com\/wp-content\/uploads\/2021\/05\/Dental-Crowns-in-turkey-istanbul-400x359.jpg 400w, https:\/\/estenbulhealth.com\/wp-content\/uploads\/2021\/05\/Dental-Crowns-in-turkey-istanbul-600x538.jpg 600w, https:\/\/estenbulhealth.com\/wp-content\/uploads\/2021\/05\/Dental-Crowns-in-turkey-istanbul-800x718.jpg 800w\" sizes=\"auto, (max-width: 1024px) 100vw, 1024px\" title=\"\">\t\t\t\t\t\t\t\t\t\t\t\t\t\t\t<\/div>\n\t\t\t\t\t<\/div>\n\t\t<\/div>\n\t\t\t\t\t<\/div>\n\t\t<\/section>\n\t\t\t\t<section class=\"wd-negative-gap elementor-section elementor-top-section elementor-element elementor-element-6db123bc elementor-section-boxed elementor-section-height-default elementor-section-height-default\" data-id=\"6db123bc\" data-element_type=\"section\" data-e-type=\"section\">\n\t\t\t\t\t\t<div class=\"elementor-container elementor-column-gap-default\">\n\t\t\t\t\t<div class=\"elementor-column elementor-col-100 elementor-top-column elementor-element elementor-element-76c09f87\" data-id=\"76c09f87\" data-element_type=\"column\" data-e-type=\"column\">\n\t\t\t<div class=\"elementor-widget-wrap elementor-element-populated\">\n\t\t\t\t\t\t<div class=\"elementor-element elementor-element-7f090fa5 color-scheme-inherit text-left elementor-widget elementor-widget-text-editor\" data-id=\"7f090fa5\" data-element_type=\"widget\" data-e-type=\"widget\" data-widget_type=\"text-editor.default\">\n\t\t\t\t\t\t\t\t\t<h2>Wie wird Zahnveneer aufgetragen?<\/h2><p>Dabei d\u00fcnnen wir ca. 1 mm der obersten Schicht der zu verblendenden Z\u00e4hne aus und nehmen anschlie\u00dfend einen Abdruck Ihrer Z\u00e4hne. Bis Ihre permanente Verblendung fertig ist, verblenden wir Ihre Z\u00e4hne mit einem f\u00fcr die menschliche Gesundheit uneingeschr\u00e4nkt geeigneten provisorischen Zahnmaterial. Ihr speziell f\u00fcr Ihre Mund-, Kiefer- und Zahnstruktur angefertigtes Zirkonium-Veneer ist in kurzer Zeit fertig. Anschlie\u00dfend entfernen wir die provisorische Verblendung und setzen das speziell f\u00fcr Sie angefertigte 100% nat\u00fcrliche Zirkonium ein, das vollst\u00e4ndig mit der Mundtextur kompatibel ist. Sie versp\u00fcren keine Schmerzen, da diese Eingriffe unter \u00f6rtlicher Bet\u00e4ubung durchgef\u00fchrt werden. Wir sorgen daf\u00fcr, dass das Veneer keinen Druck aus\u00fcbt, insbesondere nicht auf den Bereich, in dem sich Z\u00e4hne und Zahnfleisch verbinden; und es hat die gleiche Farbe, die auf die nat\u00fcrlichste Weise mit Ihren Z\u00e4hnen kompatibel ist. Alle Prozesse f\u00fcr Zahnfurniere sind innerhalb von drei Tagen abgeschlossen.<\/p>\t\t\t\t\t\t\t\t<\/div>\n\t\t\t\t\t<\/div>\n\t\t<\/div>\n\t\t\t\t\t<\/div>\n\t\t<\/section>\n\t\t\t\t<section class=\"wd-negative-gap elementor-section elementor-top-section elementor-element elementor-element-34c5919 elementor-section-content-middle wd-section-stretch elementor-section-boxed elementor-section-height-default elementor-section-height-default\" data-id=\"34c5919\" data-element_type=\"section\" data-e-type=\"section\" data-settings=\"{&quot;background_background&quot;:&quot;gradient&quot;,&quot;shape_divider_top&quot;:&quot;wd_curved_line&quot;,&quot;shape_divider_bottom&quot;:&quot;wd_curved_line&quot;}\">\n\t\t\t\t\t<div class=\"elementor-shape elementor-shape-top\" aria-hidden=\"true\" data-negative=\"false\">\n\t\t\t<svg xmlns=\"http:\/\/www.w3.org\/2000\/svg\" class=\"wd-divider\" xmlns:xlink=\"http:\/\/www.w3.org\/1999\/xlink\" x=\"0px\" y=\"0px\"\n\t viewBox=\"0 0 100 100\" width=\"100%\" height=\"50px\" preserveAspectRatio=\"none\">\n<path class=\"elementor-shape-fill\" display=\"none\" d=\"M100,25.8V100H0V52.5c-4.9-6.8-9.5-13.8-15-19.7V101h125V20.9C106.3,22,103,23.7,100,25.8z\"\/>\n<path class=\"elementor-shape-fill\" d=\"M0,0v99c22-20.6,28.7-69.7,61.4-69.7c18.8,0,29.1,16.2,38.6,34V0L0,0z\"\/>\n<\/svg>\n\t\t<\/div>\n\t\t\t\t<div class=\"elementor-shape elementor-shape-bottom\" aria-hidden=\"true\" data-negative=\"false\">\n\t\t\t<svg xmlns=\"http:\/\/www.w3.org\/2000\/svg\" class=\"wd-divider\" xmlns:xlink=\"http:\/\/www.w3.org\/1999\/xlink\" x=\"0px\" y=\"0px\"\n\t viewBox=\"0 0 100 100\" width=\"100%\" height=\"50px\" preserveAspectRatio=\"none\">\n<path class=\"elementor-shape-fill\" display=\"none\" d=\"M100,25.8V100H0V52.5c-4.9-6.8-9.5-13.8-15-19.7V101h125V20.9C106.3,22,103,23.7,100,25.8z\"\/>\n<path class=\"elementor-shape-fill\" d=\"M0,0v99c22-20.6,28.7-69.7,61.4-69.7c18.8,0,29.1,16.2,38.6,34V0L0,0z\"\/>\n<\/svg>\n\t\t<\/div>\n\t\t\t\t\t<div class=\"elementor-container elementor-column-gap-no\">\n\t\t\t\t\t<div class=\"elementor-column elementor-col-100 elementor-top-column elementor-element elementor-element-63a71dad\" data-id=\"63a71dad\" data-element_type=\"column\" data-e-type=\"column\">\n\t\t\t<div class=\"elementor-widget-wrap elementor-element-populated\">\n\t\t\t\t\t\t<div class=\"elementor-element elementor-element-6a3525e7 elementor-widget elementor-widget-wd_image_or_svg\" data-id=\"6a3525e7\" data-element_type=\"widget\" data-e-type=\"widget\" data-widget_type=\"wd_image_or_svg.default\">\n\t\t\t\t<div class=\"elementor-widget-container\">\n\t\t\t\t\t\n\t\t<div class=\"wd-image text-center\">\n\t\t\t\t\t\t\t\t<img loading=\"lazy\" decoding=\"async\" width=\"300\" height=\"300\" src=\"https:\/\/estenbulhealth.com\/wp-content\/uploads\/2024\/07\/dental-treatment-consultation.png\" class=\"attachment-full size-full\" alt=\"Dental Treatment Consultation\" srcset=\"https:\/\/estenbulhealth.com\/wp-content\/uploads\/2024\/07\/dental-treatment-consultation.png 300w, https:\/\/estenbulhealth.com\/wp-content\/uploads\/2024\/07\/dental-treatment-consultation-150x150.png 150w\" sizes=\"auto, (max-width: 300px) 100vw, 300px\" title=\"\">\t\t\t\t\t<\/div>\n\n\t\t\t\t\t\t<\/div>\n\t\t\t\t<\/div>\n\t\t\t\t\t<\/div>\n\t\t<\/div>\n\t\t\t\t<div class=\"elementor-column elementor-col-100 elementor-top-column elementor-element elementor-element-617a7c5f\" data-id=\"617a7c5f\" data-element_type=\"column\" data-e-type=\"column\">\n\t\t\t<div class=\"elementor-widget-wrap elementor-element-populated\">\n\t\t\t\t\t\t<div class=\"elementor-element elementor-element-674f835e elementor-widget elementor-widget-shortcode\" data-id=\"674f835e\" data-element_type=\"widget\" data-e-type=\"widget\" data-widget_type=\"shortcode.default\">\n\t\t\t\t\t\t\t<div class=\"elementor-shortcode\"><\/div>\n\t\t\t\t\t\t<\/div>\n\t\t\t\t\t<\/div>\n\t\t<\/div>\n\t\t\t\t\t<\/div>\n\t\t<\/section>\n\t\t\t\t<\/div>\n\t\t","protected":false},"excerpt":{"rendered":"<p>Was ist Zahnveneer? Veneers f\u00fcr zahn\u00e4rztliche Zwecke; ist der Prozess der Verblendung von Z\u00e4hnen, die bei der Geburt schief oder<\/p>\n","protected":false},"author":24,"featured_media":0,"parent":0,"menu_order":0,"comment_status":"closed","ping_status":"closed","template":"","meta":{"content-type":"","footnotes":""},"class_list":["post-19730","page","type-page","status-publish","hentry"],"_links":{"self":[{"href":"https:\/\/estenbulhealth.com\/de\/wp-json\/wp\/v2\/pages\/19730","targetHints":{"allow":["GET"]}}],"collection":[{"href":"https:\/\/estenbulhealth.com\/de\/wp-json\/wp\/v2\/pages"}],"about":[{"href":"https:\/\/estenbulhealth.com\/de\/wp-json\/wp\/v2\/types\/page"}],"author":[{"embeddable":true,"href":"https:\/\/estenbulhealth.com\/de\/wp-json\/wp\/v2\/users\/24"}],"replies":[{"embeddable":true,"href":"https:\/\/estenbulhealth.com\/de\/wp-json\/wp\/v2\/comments?post=19730"}],"version-history":[{"count":4,"href":"https:\/\/estenbulhealth.com\/de\/wp-json\/wp\/v2\/pages\/19730\/revisions"}],"predecessor-version":[{"id":40586,"href":"https:\/\/estenbulhealth.com\/de\/wp-json\/wp\/v2\/pages\/19730\/revisions\/40586"}],"wp:attachment":[{"href":"https:\/\/estenbulhealth.com\/de\/wp-json\/wp\/v2\/media?parent=19730"}],"curies":[{"name":"wp","href":"https:\/\/api.w.org\/{rel}","templated":true}]}}