{"id":19726,"date":"2025-01-28T21:11:57","date_gmt":"2025-01-28T18:11:57","guid":{"rendered":"https:\/\/estenbulhealth.com\/our-services\/dentistry-in-turkey\/"},"modified":"2025-01-28T21:16:18","modified_gmt":"2025-01-28T18:16:18","slug":"zahnmedizin-in-der-turkei","status":"publish","type":"page","link":"https:\/\/estenbulhealth.com\/de\/dienstleistungen\/zahnmedizin-in-der-turkei\/","title":{"rendered":"Zahnmedizin in der T\u00fcrkei"},"content":{"rendered":"\t\t<div data-elementor-type=\"wp-page\" data-elementor-id=\"19726\" class=\"elementor elementor-19726\">\n\t\t\t\t\t\t<section class=\"wd-negative-gap elementor-section elementor-top-section elementor-element elementor-element-73aca60 elementor-section-boxed elementor-section-height-default elementor-section-height-default\" data-id=\"73aca60\" data-element_type=\"section\" data-e-type=\"section\">\n\t\t\t\t\t\t<div class=\"elementor-container elementor-column-gap-default\">\n\t\t\t\t\t<div class=\"elementor-column elementor-col-100 elementor-top-column elementor-element elementor-element-65592d5\" data-id=\"65592d5\" data-element_type=\"column\" data-e-type=\"column\">\n\t\t\t<div class=\"elementor-widget-wrap elementor-element-populated\">\n\t\t\t\t\t\t<div class=\"elementor-element elementor-element-8667d2a elementor-widget elementor-widget-heading\" data-id=\"8667d2a\" data-element_type=\"widget\" data-e-type=\"widget\" data-widget_type=\"heading.default\">\n\t\t\t\t\t<h1 class=\"elementor-heading-title elementor-size-large\">Zahnbehandlungen in der T\u00fcrkei<\/h1>\t\t\t\t<\/div>\n\t\t\t\t\t<\/div>\n\t\t<\/div>\n\t\t\t\t\t<\/div>\n\t\t<\/section>\n\t\t\t\t<section class=\"wd-negative-gap elementor-section elementor-top-section elementor-element elementor-element-66576441 elementor-section-boxed elementor-section-height-default elementor-section-height-default\" data-id=\"66576441\" data-element_type=\"section\" data-e-type=\"section\">\n\t\t\t\t\t\t<div class=\"elementor-container elementor-column-gap-default\">\n\t\t\t\t\t<div class=\"elementor-column elementor-col-33 elementor-top-column elementor-element elementor-element-5ba05685\" data-id=\"5ba05685\" data-element_type=\"column\" data-e-type=\"column\">\n\t\t\t<div class=\"elementor-widget-wrap elementor-element-populated\">\n\t\t\t\t\t\t<div class=\"elementor-element elementor-element-4f094d8e elementor-position-top elementor-widget elementor-widget-image-box\" data-id=\"4f094d8e\" data-element_type=\"widget\" data-e-type=\"widget\" data-widget_type=\"image-box.default\">\n\t\t\t\t\t<div class=\"elementor-image-box-wrapper\"><figure class=\"elementor-image-box-img\"><a href=\"https:\/\/estenbulhealth.com\/de\/zahnimplantate\/\" tabindex=\"-1\"><img loading=\"lazy\" decoding=\"async\" width=\"250\" height=\"250\" src=\"https:\/\/estenbulhealth.com\/wp-content\/uploads\/2021\/11\/Dental-implants-in-turkey.png\" class=\"attachment-full size-full wp-image-18302\" alt=\"Dental implants in Turkey\" title=\"\" srcset=\"https:\/\/estenbulhealth.com\/wp-content\/uploads\/2021\/11\/Dental-implants-in-turkey.png 250w, https:\/\/estenbulhealth.com\/wp-content\/uploads\/2021\/11\/Dental-implants-in-turkey-150x150.png 150w, https:\/\/estenbulhealth.com\/wp-content\/uploads\/2021\/11\/Dental-implants-in-turkey-66x66.png 66w, https:\/\/estenbulhealth.com\/wp-content\/uploads\/2021\/11\/Dental-implants-in-turkey-200x200.png 200w\" sizes=\"auto, (max-width: 250px) 100vw, 250px\" \/><\/a><\/figure><div class=\"elementor-image-box-content\"><h2 class=\"elementor-image-box-title\"><a href=\"https:\/\/estenbulhealth.com\/de\/zahnimplantate\/\">Zahnimplantate<\/a><\/h2><p class=\"elementor-image-box-description\">Diese k\u00fcnstliche Zahnwurzel besteht aus Titan, einem f\u00fcr die menschliche Gesundheit absolut geeigneten Material, und bietet die M\u00f6glichkeit, den fehlenden Zahn zu vervollst\u00e4ndigen, ohne die benachbarten Z\u00e4hne in gutem Zustand zu ber\u00fchren, insbesondere bei Verlust eines einzelnen Zahns.<\/p><\/div><\/div>\t\t\t\t<\/div>\n\t\t\t\t<div class=\"elementor-element elementor-element-7b303c31 elementor-align-center elementor-widget elementor-widget-button\" data-id=\"7b303c31\" data-element_type=\"widget\" data-e-type=\"widget\" data-widget_type=\"button.default\">\n\t\t\t\t\t\t\t\t\t\t<a class=\"elementor-button elementor-button-link elementor-size-sm\" href=\"https:\/\/estenbulhealth.com\/de\/zahnimplantate\/\">\n\t\t\t\t\t\t<span class=\"elementor-button-content-wrapper\">\n\t\t\t\t\t\t\t\t\t<span class=\"elementor-button-text\">Weiterlesen<\/span>\n\t\t\t\t\t<\/span>\n\t\t\t\t\t<\/a>\n\t\t\t\t\t\t\t\t<\/div>\n\t\t\t\t\t<\/div>\n\t\t<\/div>\n\t\t\t\t<div class=\"elementor-column elementor-col-33 elementor-top-column elementor-element elementor-element-6faace1d\" data-id=\"6faace1d\" data-element_type=\"column\" data-e-type=\"column\">\n\t\t\t<div class=\"elementor-widget-wrap elementor-element-populated\">\n\t\t\t\t\t\t<div class=\"elementor-element elementor-element-11ec48da elementor-position-top elementor-widget elementor-widget-image-box\" data-id=\"11ec48da\" data-element_type=\"widget\" data-e-type=\"widget\" data-widget_type=\"image-box.default\">\n\t\t\t\t\t<div class=\"elementor-image-box-wrapper\"><figure class=\"elementor-image-box-img\"><a href=\"https:\/\/estenbulhealth.com\/de\/zahnkronen\/\" tabindex=\"-1\"><img loading=\"lazy\" decoding=\"async\" width=\"250\" height=\"250\" src=\"https:\/\/estenbulhealth.com\/wp-content\/uploads\/2021\/11\/dental-crowns-in-turkey.png\" class=\"attachment-full size-full wp-image-18312\" alt=\"dental crowns in turkey\" title=\"\" srcset=\"https:\/\/estenbulhealth.com\/wp-content\/uploads\/2021\/11\/dental-crowns-in-turkey.png 250w, https:\/\/estenbulhealth.com\/wp-content\/uploads\/2021\/11\/dental-crowns-in-turkey-150x150.png 150w, https:\/\/estenbulhealth.com\/wp-content\/uploads\/2021\/11\/dental-crowns-in-turkey-66x66.png 66w, https:\/\/estenbulhealth.com\/wp-content\/uploads\/2021\/11\/dental-crowns-in-turkey-200x200.png 200w\" sizes=\"auto, (max-width: 250px) 100vw, 250px\" \/><\/a><\/figure><div class=\"elementor-image-box-content\"><h2 class=\"elementor-image-box-title\"><a href=\"https:\/\/estenbulhealth.com\/de\/zahnkronen\/\">Zahnkronen<\/a><\/h2><p class=\"elementor-image-box-description\">Veneers f\u00fcr zahn\u00e4rztliche Zwecke; ist der Prozess der Verblendung von Z\u00e4hnen, die bei der Geburt schief oder defekt sind oder sp\u00e4ter durch Unf\u00e4lle, Verletzungen, Rauchen, Tee-Kaffee ihre Farbe und Form verloren haben, mit 100% nat\u00fcrlichem Zirkoniummaterial, das f\u00fcr die menschliche Gesundheit v\u00f6llig geeignet ist.<\/p><\/div><\/div>\t\t\t\t<\/div>\n\t\t\t\t<div class=\"elementor-element elementor-element-235b6fb4 elementor-align-center elementor-widget elementor-widget-button\" data-id=\"235b6fb4\" data-element_type=\"widget\" data-e-type=\"widget\" data-widget_type=\"button.default\">\n\t\t\t\t\t\t\t\t\t\t<a class=\"elementor-button elementor-button-link elementor-size-sm\" href=\"https:\/\/estenbulhealth.com\/de\/zahnkronen\/\">\n\t\t\t\t\t\t<span class=\"elementor-button-content-wrapper\">\n\t\t\t\t\t\t\t\t\t<span class=\"elementor-button-text\">Weiterlesen<\/span>\n\t\t\t\t\t<\/span>\n\t\t\t\t\t<\/a>\n\t\t\t\t\t\t\t\t<\/div>\n\t\t\t\t\t<\/div>\n\t\t<\/div>\n\t\t\t\t<div class=\"elementor-column elementor-col-33 elementor-top-column elementor-element elementor-element-23c9b668\" data-id=\"23c9b668\" data-element_type=\"column\" data-e-type=\"column\">\n\t\t\t<div class=\"elementor-widget-wrap elementor-element-populated\">\n\t\t\t\t\t\t<div class=\"elementor-element elementor-element-624b9e6a elementor-position-top elementor-widget elementor-widget-image-box\" data-id=\"624b9e6a\" data-element_type=\"widget\" data-e-type=\"widget\" data-widget_type=\"image-box.default\">\n\t\t\t\t\t<div class=\"elementor-image-box-wrapper\"><figure class=\"elementor-image-box-img\"><a href=\"https:\/\/estenbulhealth.com\/de\/zahnaufhellung\/\" tabindex=\"-1\"><img loading=\"lazy\" decoding=\"async\" width=\"250\" height=\"250\" src=\"https:\/\/estenbulhealth.com\/wp-content\/uploads\/2021\/11\/teeth-whitening-in-turkey.png\" class=\"attachment-full size-full wp-image-18308\" alt=\"teeth whitening in turkey\" title=\"\" srcset=\"https:\/\/estenbulhealth.com\/wp-content\/uploads\/2021\/11\/teeth-whitening-in-turkey.png 250w, https:\/\/estenbulhealth.com\/wp-content\/uploads\/2021\/11\/teeth-whitening-in-turkey-150x150.png 150w, https:\/\/estenbulhealth.com\/wp-content\/uploads\/2021\/11\/teeth-whitening-in-turkey-66x66.png 66w, https:\/\/estenbulhealth.com\/wp-content\/uploads\/2021\/11\/teeth-whitening-in-turkey-200x200.png 200w\" sizes=\"auto, (max-width: 250px) 100vw, 250px\" \/><\/a><\/figure><div class=\"elementor-image-box-content\"><h2 class=\"elementor-image-box-title\"><a href=\"https:\/\/estenbulhealth.com\/de\/zahnaufhellung\/\">Zahnaufhellung<\/a><\/h2><p class=\"elementor-image-box-description\">Das Verfahren zur Wiederherstellung des nat\u00fcrlichen Wei\u00df von Z\u00e4hnen, die verf\u00e4rbt, verf\u00e4rbt oder wei\u00df geworden sind, weil sie bei der Geburt gelb sind oder aus Gr\u00fcnden wie Tee-Kaffee, Rauchen, Antibiotika, Wurzelkanalbehandlung oder Unfall usw., durch eine Lasermethode unter Verwendung von Peroxidmitteln.<\/p><\/div><\/div>\t\t\t\t<\/div>\n\t\t\t\t<div class=\"elementor-element elementor-element-66da94fe elementor-align-center elementor-widget elementor-widget-button\" data-id=\"66da94fe\" data-element_type=\"widget\" data-e-type=\"widget\" data-widget_type=\"button.default\">\n\t\t\t\t\t\t\t\t\t\t<a class=\"elementor-button elementor-button-link elementor-size-sm\" href=\"https:\/\/estenbulhealth.com\/de\/zahnaufhellung\/\">\n\t\t\t\t\t\t<span class=\"elementor-button-content-wrapper\">\n\t\t\t\t\t\t\t\t\t<span class=\"elementor-button-text\">Weiterlesen<\/span>\n\t\t\t\t\t<\/span>\n\t\t\t\t\t<\/a>\n\t\t\t\t\t\t\t\t<\/div>\n\t\t\t\t\t<\/div>\n\t\t<\/div>\n\t\t\t\t\t<\/div>\n\t\t<\/section>\n\t\t\t\t<section class=\"wd-negative-gap elementor-section elementor-top-section elementor-element elementor-element-7723d124 elementor-section-boxed elementor-section-height-default elementor-section-height-default\" data-id=\"7723d124\" data-element_type=\"section\" data-e-type=\"section\">\n\t\t\t\t\t\t<div class=\"elementor-container elementor-column-gap-default\">\n\t\t\t\t\t<div class=\"elementor-column elementor-col-33 elementor-top-column elementor-element elementor-element-343e690f\" data-id=\"343e690f\" data-element_type=\"column\" data-e-type=\"column\">\n\t\t\t<div class=\"elementor-widget-wrap elementor-element-populated\">\n\t\t\t\t\t\t<div class=\"elementor-element elementor-element-29d34719 elementor-position-top elementor-widget elementor-widget-image-box\" data-id=\"29d34719\" data-element_type=\"widget\" data-e-type=\"widget\" data-widget_type=\"image-box.default\">\n\t\t\t\t\t<div class=\"elementor-image-box-wrapper\"><figure class=\"elementor-image-box-img\"><a href=\"https:\/\/estenbulhealth.com\/de\/porzellan-furnier\/\" tabindex=\"-1\"><img loading=\"lazy\" decoding=\"async\" width=\"250\" height=\"250\" src=\"https:\/\/estenbulhealth.com\/wp-content\/uploads\/2021\/11\/Porcelain-Veneer-in-turkey.png\" class=\"attachment-full size-full wp-image-18316\" alt=\"Porcelain Veneer in turkey\" title=\"\" srcset=\"https:\/\/estenbulhealth.com\/wp-content\/uploads\/2021\/11\/Porcelain-Veneer-in-turkey.png 250w, https:\/\/estenbulhealth.com\/wp-content\/uploads\/2021\/11\/Porcelain-Veneer-in-turkey-150x150.png 150w, https:\/\/estenbulhealth.com\/wp-content\/uploads\/2021\/11\/Porcelain-Veneer-in-turkey-66x66.png 66w, https:\/\/estenbulhealth.com\/wp-content\/uploads\/2021\/11\/Porcelain-Veneer-in-turkey-200x200.png 200w\" sizes=\"auto, (max-width: 250px) 100vw, 250px\" \/><\/a><\/figure><div class=\"elementor-image-box-content\"><h2 class=\"elementor-image-box-title\"><a href=\"https:\/\/estenbulhealth.com\/de\/porzellan-furnier\/\">Porzellan-Furnier<\/a><\/h2><p class=\"elementor-image-box-description\">Der Prozess der Verblendung von Z\u00e4hnen, die bei der Geburt schief oder defekt sind oder die sp\u00e4ter ihre Farbe und Form aufgrund von Gr\u00fcnden wie Unfall, Verletzung, Rauchen, Tee-Kaffee verloren haben, mit metallgest\u00fctztem Porzellan, das dem Material entspricht, das seinem nat\u00fcrlichen Aussehen und seiner nat\u00fcrlichen Farbe am n\u00e4chsten kommt .<\/p><\/div><\/div>\t\t\t\t<\/div>\n\t\t\t\t<div class=\"elementor-element elementor-element-6360d23e elementor-align-center elementor-widget elementor-widget-button\" data-id=\"6360d23e\" data-element_type=\"widget\" data-e-type=\"widget\" data-widget_type=\"button.default\">\n\t\t\t\t\t\t\t\t\t\t<a class=\"elementor-button elementor-button-link elementor-size-sm\" href=\"https:\/\/estenbulhealth.com\/de\/porzellan-furnier\/\">\n\t\t\t\t\t\t<span class=\"elementor-button-content-wrapper\">\n\t\t\t\t\t\t\t\t\t<span class=\"elementor-button-text\">Weiterlesen<\/span>\n\t\t\t\t\t<\/span>\n\t\t\t\t\t<\/a>\n\t\t\t\t\t\t\t\t<\/div>\n\t\t\t\t\t<\/div>\n\t\t<\/div>\n\t\t\t\t<div class=\"elementor-column elementor-col-33 elementor-top-column elementor-element elementor-element-5c76c50f\" data-id=\"5c76c50f\" data-element_type=\"column\" data-e-type=\"column\">\n\t\t\t<div class=\"elementor-widget-wrap\">\n\t\t\t\t\t\t\t<\/div>\n\t\t<\/div>\n\t\t\t\t<div class=\"elementor-column elementor-col-33 elementor-top-column elementor-element elementor-element-68909a1e\" data-id=\"68909a1e\" data-element_type=\"column\" data-e-type=\"column\">\n\t\t\t<div class=\"elementor-widget-wrap\">\n\t\t\t\t\t\t\t<\/div>\n\t\t<\/div>\n\t\t\t\t\t<\/div>\n\t\t<\/section>\n\t\t\t\t<\/div>\n\t\t","protected":false},"excerpt":{"rendered":"<p>Zahnbehandlungen in der T\u00fcrkei Zahnimplantate Diese k\u00fcnstliche Zahnwurzel besteht aus Titan, einem f\u00fcr die menschliche Gesundheit absolut geeigneten Material, und<\/p>\n","protected":false},"author":24,"featured_media":19523,"parent":19722,"menu_order":0,"comment_status":"closed","ping_status":"closed","template":"","meta":{"content-type":"","footnotes":""},"class_list":["post-19726","page","type-page","status-publish","has-post-thumbnail","hentry"],"_links":{"self":[{"href":"https:\/\/estenbulhealth.com\/de\/wp-json\/wp\/v2\/pages\/19726","targetHints":{"allow":["GET"]}}],"collection":[{"href":"https:\/\/estenbulhealth.com\/de\/wp-json\/wp\/v2\/pages"}],"about":[{"href":"https:\/\/estenbulhealth.com\/de\/wp-json\/wp\/v2\/types\/page"}],"author":[{"embeddable":true,"href":"https:\/\/estenbulhealth.com\/de\/wp-json\/wp\/v2\/users\/24"}],"replies":[{"embeddable":true,"href":"https:\/\/estenbulhealth.com\/de\/wp-json\/wp\/v2\/comments?post=19726"}],"version-history":[{"count":1,"href":"https:\/\/estenbulhealth.com\/de\/wp-json\/wp\/v2\/pages\/19726\/revisions"}],"predecessor-version":[{"id":37208,"href":"https:\/\/estenbulhealth.com\/de\/wp-json\/wp\/v2\/pages\/19726\/revisions\/37208"}],"up":[{"embeddable":true,"href":"https:\/\/estenbulhealth.com\/de\/wp-json\/wp\/v2\/pages\/19722"}],"wp:featuredmedia":[{"embeddable":true,"href":"https:\/\/estenbulhealth.com\/de\/wp-json\/wp\/v2\/media\/19523"}],"wp:attachment":[{"href":"https:\/\/estenbulhealth.com\/de\/wp-json\/wp\/v2\/media?parent=19726"}],"curies":[{"name":"wp","href":"https:\/\/api.w.org\/{rel}","templated":true}]}}